
{"id":18962,"date":"2025-01-15T19:19:53","date_gmt":"2025-01-15T19:19:53","guid":{"rendered":"https:\/\/www.calabrio.com\/?page_id=18962"},"modified":"2025-09-02T06:07:15","modified_gmt":"2025-09-02T06:07:15","slug":"calabrio-endbenutzer-lizenzvertrag-2","status":"publish","type":"page","link":"https:\/\/www.calabrio.com\/de\/calabrio-endbenutzer-lizenzvertrag-2\/","title":{"rendered":"Calabrio Endbenutzer-Lizenzvertrag On-Premise"},"content":{"rendered":"\n<section class=\"home-hero relative\" data-aos=\"fade-up\" data-aos-delay=\"150\" data-aos-duration=\"500\">\n\t\t\t<div class=\"home-hero__container relative  relative z-[1] pt-header pb-[239px] md:pb-[226px] lg:pb-[200px]\">\n\t\t\t<div class=\"home-hero__content relative z-10 flex flex-col pb-c\/xl px-c\/xxl gap-c\/xl text-center md:pb-none md:pt-l\/xl gap-c\/xxl lg:max-w-[996px] lg:py-c\/xl mx-auto\">\n\t\t\t\t<h4>\n\t\t\t\t\t\t\t\t\t<\/h4>\n\n\t\t\t\t<div class=\"home-hero__text flex flex-col gap-c\/xl dark-mode text-text-primary-aaa\">\n\t\t\t\t\t\t\t\t\t\t\t<div class=\"hidden lg:display-large lg:display-medium lg:display-small\"><\/div>\n\t\t\t\t\t\t<h1\t\t\t\t\t\t\tclass=\"home-hero__headline display-small lg:display-gro\u00df\"\n\t\t\t\t\t\t\tdata-aos=\"fade-up\"\n\t\t\t\t\t\t\tdata-aos-easing=\"ease-out-quad\"\n\t\t\t\t\t\t\tdata-aos-delay=\"100\"\n\t\t\t\t\t\t>\n\t\t\t\t\t\t\tCalabrio Endbenutzer-Lizenzvertrag\t\t\t\t\t\t<\/h1>\n\t\t\t\t\t\n\t\t\t\t\t\t\t\t\t<\/div>\n\n\t\t\t\t\t\t\t<\/div>\n\n\t\t\t<div class=\"home-hero__background absolute z-0 inset-0 text-background-inverse overflow-hidden [&amp;_svg]:absolute [&amp;_svg]:size-full\" aria-hidden=\"true\">\n\t\t\t\t<svg xmlns=\"http:\/\/www.w3.org\/2000\/svg\" viewBox=\"0 0 1440 929\" preserveAspectRatio=\"xMidYMid slice\" fill=\"none\"><path fill=\"currentColor\" d=\"M0 0h1440v910s-274.5 19-731 19C294 929 0 910 0 910V0Z\"\/><\/svg>\n\t\t\t\t<div class=\"absolute z-0 inset-0 bottom-[68%] md:bottom-[72%] lg:bottom-[52%]  md:right-[80%]\">\n\t\t\t\t\t<svg width=\"512\" height=\"630\" viewBox=\"0 0 512 630\" fill=\"none\" xmlns=\"http:\/\/www.w3.org\/2000\/svg\">\n<ellipse opacity=\"0.5\" cx=\"-153.5\" cy=\"225.5\" rx=\"665.5\" ry=\"404.5\" fill=\"url(#paint0_radial_1_959)\"\/>\n<defs>\n<radialGradient id=\"paint0_radial_1_959\" cx=\"0\" cy=\"0\" r=\"1\" gradientUnits=\"userSpaceOnUse\" gradientTransform=\"translate(-153.5 225.5) rotate(90) scale(404.5 665.5)\">\n<stop stop-color=\"#355FD4\"\/>\n<stop offset=\"1\" stop-color=\"#355FD4\" stop-opacity=\"0\"\/>\n<\/radialGradient>\n<\/defs>\n<\/svg>\n\t\t\t\t<\/div>\n\t\t\t\t<div class=\"absolute z-0 inset-0 h-[800px] top-[44%] md:top-[72%]\">\n\t\t\t\t\t<svg width=\"744\" height=\"809\" viewBox=\"0 0 744 809\" fill=\"none\" xmlns=\"http:\/\/www.w3.org\/2000\/svg\">\n<ellipse opacity=\"0.5\" cx=\"373.5\" cy=\"404.5\" rx=\"665.5\" ry=\"404.5\" fill=\"url(#paint0_radial_3178_2772)\"\/>\n<defs>\n<radialGradient id=\"paint0_radial_3178_2772\" cx=\"0\" cy=\"0\" r=\"1\" gradientUnits=\"userSpaceOnUse\" gradientTransform=\"translate(373.5 404.5) rotate(90) scale(404.5 665.5)\">\n<stop stop-color=\"#355FD4\"\/>\n<stop offset=\"1\" stop-color=\"#355FD4\" stop-opacity=\"0\"\/>\n<\/radialGradient>\n<\/defs>\n<\/svg>\n\t\t\t\t<\/div>\n\t\t\t<\/div>\n\n\t\t\t<div\n\t\t\t\tclass=\"absolute z-1 bottom-[14%] md:bottom-[13%] lg:bottom-[20%] left-0 js-home-hero-left home-hero__left\"\n\t\t\t>\n\t\t\t\n\t\t\t\t\t<\/div>\n\n\t\t\t<div\n\t\t\t\tclass=\"absolute z-1 -top-[6%] md:top-[10%] lg:top-[35%] right-0 js-home-hero-right home-hero__right\"\n\t\t\t>\n\t\t\t\n\t\t\t\t\t<\/div>\n\t\t<\/div>\n\t\t\t\t\n\t<div class=\"container border-t border-stroke-tertiary overflow-hidden mt-c\/xxl\">\n\t\t\t<\/div>\n<\/section>\n<div class=\"container wysiwyg\" data-aos=\"fade-up\">\n<h6 class=\"wp-block-heading\" id=\"fancy-title-67880411e1e8b\"><\/h6>\n<\/div><div class=\"container wysiwyg\" data-aos=\"fade-up\">\n<p class=\"has-small-font-size\">Dieser Endbenutzer-Lizenzvertrag (der &#8222;Vertrag&#8220;) wird von und zwischen der Person oder dem Unternehmen, die\/der die hierin beschriebene Software verwendet (&#8222;Sie&#8220;, &#8222;Sie&#8220; oder &#8222;Ihr&#8220;) und Calabrio, Inc. (&#8222;Calabrio&#8220;) geschlossen und regelt Ihre Verwendung der Calabrio-Software (einschlie\u00dflich aller Upgrades, modifizierten Versionen, Updates, Erg\u00e4nzungen und Kopien davon) (&#8222;Software&#8220;) und aller zugeh\u00f6rigen erl\u00e4uternden Materialien, Programmdokumentationen, Benutzerhandb\u00fccher, Preislisten, Handb\u00fccher und anderer Materialien, die die Verwendung, das Design, die Installation, den Betrieb und die Wartung der Software beschreiben (&#8222;Dokumentation&#8220;). Durch die Nutzung oder fortgesetzte Nutzung der Software erkl\u00e4ren Sie sich mit den in diesem Vertrag enthaltenen Bedingungen und Konditionen einverstanden. Wenn Sie mit dieser Vereinbarung nicht einverstanden sind, m\u00fcssen Sie die Nutzung der Software einstellen.<\/p>\n<\/div><div class=\"container wysiwyg\" data-aos=\"fade-up\">\n<p class=\"has-medium-font-size\"><strong>LIZENZERTEILUNG<\/strong><\/p>\n<\/div><div class=\"container wysiwyg\" data-aos=\"fade-up\">\n<p class=\"has-small-font-size\">Vorbehaltlich der Bedingungen dieses Vertrages (einschlie\u00dflich der Bedingungen im Abschnitt &#8222;Einschr\u00e4nkungen&#8220; unten) gew\u00e4hrt Ihnen Calabrio hiermit eine eingeschr\u00e4nkte, nicht-exklusive, unbefristete, \u00fcbertragbare und abtretbare Lizenz zur Nutzung der Software im Objektcode oder einem anderen maschinenlesbaren, ausf\u00fchrbaren Format sowie der Dokumentation w\u00e4hrend der Laufzeit. Die Software und die Dokumentation d\u00fcrfen nur in Verbindung mit der in einer separaten schriftlichen Vereinbarung oder Bestellung festgelegten Anzahl verschiedener physischer Ger\u00e4te, f\u00fcr die Sie lizenziert sind, verwendet oder aufgerufen werden, und Sie verpflichten sich, diese Anzahl nicht zu \u00fcberschreiten. Sie sind berechtigt, die Software und die Dokumentation zu Sicherungs- und Archivierungszwecken zu kopieren, vorausgesetzt, dass jede Kopie alle Eigentumsvermerke der Originalsoftware enth\u00e4lt, das Original und jede Kopie in Ihrem Besitz verbleiben und dass Ihre Installation und Nutzung der Software und der Dokumentation nicht \u00fcber die von Ihnen genehmigte Nutzung hinausgeht.<\/p>\n<\/div><div class=\"container wysiwyg\" data-aos=\"fade-up\">\n<p class=\"has-medium-font-size\"><strong>EINSCHR\u00c4NKUNGEN<\/strong><\/p>\n<\/div><div class=\"container wysiwyg\" data-aos=\"fade-up\">\n<p class=\"has-small-font-size\">Die Software und die Dokumentation sind Eigentum von Calabrio, und Calabrio bleibt Eigent\u00fcmer aller Rechte, Titel und Anteile an der Software und der Dokumentation, einschlie\u00dflich, aber nicht beschr\u00e4nkt auf alle geistigen Eigentumsrechte an den vorgenannten.<\/p>\n<\/div><div class=\"container wysiwyg\" data-aos=\"fade-up\">\n<p class=\"has-small-font-size\">Sie werden keinen Dritten dazu erm\u00e4chtigen oder dulden: (i) auf Teile der Software oder der Dokumentation zuzugreifen, sie anzusehen, zu verwenden, zu kopieren, zu modifizieren oder davon abgeleitete Werke zu erstellen, sofern dies nicht ausdr\u00fccklich in diesem Vertrag gestattet ist; (ii) die Software oder die Dokumentation ganz oder teilweise an Dritte weiterzuverkaufen, zu vertreiben, zu vermieten, zu verleasen, zu unterlizenzieren, zu verleihen, zu verschenken, zu vermarkten, zu vermarkten, abzutreten oder anderweitig Rechte oder die Nutzung der Software oder der Dokumentation zu \u00fcbertragen, es sei denn, dies ist in diesem Vertrag ausdr\u00fccklich gestattet; (iii) einen Teil der Software zur\u00fcckzuentwickeln (Reverse Engineering), zu \u00fcbersetzen, zu disassemblieren, zu dekompilieren, Sicherheitsvorkehrungen zu deaktivieren oder die Entdeckung des Quellcodes zu veranlassen oder zuzulassen (es sei denn, eine solche Einschr\u00e4nkung w\u00e4re ein Versto\u00df gegen geltendes Recht) oder dies zu versuchen; (iv) die an der Software oder der Dokumentation angebrachten oder darin enthaltenen Urheberrechts-, Marken- oder sonstigen Eigentumshinweise zu entfernen, unkenntlich zu machen oder zu ver\u00e4ndern; (v) die Software auf einem Server zu speichern, so dass sie \u00fcber ein \u00f6ffentliches Netzwerk wie das Internet zug\u00e4nglich ist; oder (vi) die Software unter Verletzung der geltenden US-Exportgesetze an eine Person oder Einrichtung au\u00dferhalb der Vereinigten Staaten zu exportieren.<\/p>\n<\/div><div class=\"container wysiwyg\" data-aos=\"fade-up\">\n<p class=\"has-small-font-size\">Die Bedingungen dieses Lizenzvertrags gelten sowohl f\u00fcr die erste Kopie der Software als auch f\u00fcr jedes Upgrade oder Update, das Sie sp\u00e4ter erhalten. Sie m\u00fcssen alle fr\u00fcheren Kopien der Software, unabh\u00e4ngig davon, wie sie dupliziert oder archiviert wurden, innerhalb von drei\u00dfig (30) Tagen nach der Installation des Upgrades oder Updates vernichten.<\/p>\n<\/div><div class=\"container wysiwyg\" data-aos=\"fade-up\">\n<p class=\"has-medium-font-size\"><strong>TRANSFERS<\/strong><\/p>\n<\/div><div class=\"container wysiwyg\" data-aos=\"fade-up\">\n<p class=\"has-small-font-size\">Ohne die ausdr\u00fcckliche schriftliche Zustimmung von Calabrio sind Sie nicht berechtigt, diesen Vertrag oder andere darin enthaltene Rechte oder Verpflichtungen abzutreten oder anderweitig zu \u00fcbertragen, mit der Ausnahme, dass Sie diesen Vertrag an eine juristische Person abtreten k\u00f6nnen, die Ihr gesamtes Verm\u00f6gen oder Ihre stimmberechtigten Wertpapiere oder einen wesentlichen Teil davon erwirbt, sofern die erwerbende Partei alle Bedingungen dieses Vertrags in angemessener Weise eingehalten hat und die abtretende Partei Calabrio unverz\u00fcglich schriftlich \u00fcber eine solche Abtretung informiert. Dieser Vertrag ist f\u00fcr jede der Vertragsparteien, ihre Rechtsnachfolger und Abtretungsempf\u00e4nger verbindlich und kommt ihnen zugute.<\/p>\n<\/div><div class=\"container wysiwyg\" data-aos=\"fade-up\">\n<p class=\"has-small-font-size\">Sie sind jedoch berechtigt, die Software auf ein anderes physisches Ger\u00e4t innerhalb Ihres Unternehmens zu \u00fcbertragen, vorausgesetzt, dass Sie diesen Vertrag, die Software (einschlie\u00dflich aller Kopien, Updates und fr\u00fcheren Versionen) und die Dokumentation (einschlie\u00dflich aller Archivierungskopien) auf dieses physische Ger\u00e4t \u00fcbertragen und dass Sie keine Kopien, einschlie\u00dflich der im Computerspeicher gespeicherten Kopien, auf dem zuvor lizenzierten Computer zur\u00fcckbehalten.<\/p>\n<\/div><div class=\"container wysiwyg\" data-aos=\"fade-up\">\n<p class=\"has-medium-font-size\"><strong> <\/strong><strong>BEGRENZTE GARANTIE<\/strong><\/p>\n<\/div><div class=\"container wysiwyg\" data-aos=\"fade-up\">\n<p class=\"has-small-font-size\">Calabrio garantiert f\u00fcr einen Zeitraum von 90 Tagen nach Lieferung dieser Kopie der Software an Sie: (i) die Medien, auf denen Ihnen diese Kopie der Software zur Verf\u00fcgung gestellt wird, bei normaler Nutzung und Wartung frei von Material- und Verarbeitungsfehlern sind; und (ii) die Software im Wesentlichen in \u00dcbereinstimmung mit der Dokumentation funktioniert.<\/p>\n<\/div><div class=\"container wysiwyg\" data-aos=\"fade-up\">\n<p class=\"has-small-font-size\">Um einen Garantieanspruch geltend zu machen, m\u00fcssen Sie Calabrio innerhalb der 90-t\u00e4gigen Garantiezeit schriftlich \u00fcber den Anspruch informieren. Die gesamte Haftung von Calabrio und Ihr ausschlie\u00dflicher Rechtsbehelf f\u00fcr den Fall, dass sich ein solcher Datentr\u00e4ger als fehlerhaft erweist, besteht nach Calabrios Ermessen darin, entweder: (i) den von Ihnen gezahlten Preis zur\u00fcckgeben; oder (ii) die Medien zu reparieren oder zu ersetzen, die nicht der vorgenannten Garantie entsprechen, vorausgesetzt, Sie senden die Medien zur\u00fcck. Wenn der Ausfall eines solchen Mediums oder eines Teils des Mediums auf einen Unfall, Missbrauch oder eine falsche Anwendung der Software oder der Dokumentation zur\u00fcckzuf\u00fchren ist, ist Calabrio nicht verpflichtet, das Medium oder einen solchen Teil des Mediums im Rahmen dieser beschr\u00e4nkten Garantie zu ersetzen.<\/p>\n<\/div><div class=\"container wysiwyg\" data-aos=\"fade-up\">\n<p class=\"has-small-font-size\">SOFERN NICHT AUSDR\u00dcCKLICH IN DIESER VEREINBARUNG VORGESEHEN, WERDEN DIE MEDIEN, DIE SOFTWARE UND DIE DOKUMENTATION OHNE M\u00c4NGELGEW\u00c4HR UND OHNE ZUSICHERUNG ODER GARANTIE JEGLICHER ART BEREITGESTELLT. OHNE DIE ALLGEMEING\u00dcLTIGKEIT DES VORSTEHENDEN EINZUSCHR\u00c4NKEN UND SOWEIT DIES NACH GELTENDEM RECHT ZUL\u00c4SSIG IST, \u00dcBERNEHMEN CALABRIO, SEINE VERBUNDENEN UNTERNEHMEN UND SEINE LIEFERANTEN KEINE GARANTIE, WEDER AUSDR\u00dcCKLICH NOCH STILLSCHWEIGEND, GESETZLICH ODER DURCH HANDELSBRAUCH, EINSCHLIESSLICH DER STILLSCHWEIGENDEN GARANTIE DER MARKTG\u00c4NGIGKEIT, DER EIGNUNG F\u00dcR EINEN BESTIMMTEN ZWECK, DER NICHTVERLETZUNG VON RECHTEN ODER DES EIGENTUMSRECHTS, IN VERBINDUNG MIT DEN MEDIEN, DER SOFTWARE, DER DOKUMENTATION ODER DAMIT VERBUNDENEN PRODUKTEN UND DIENSTLEISTUNGEN, DIE IHNEN IM RAHMEN DIESER VEREINBARUNG ZUR VERF\u00dcGUNG GESTELLT WERDEN, UND ALLE DERARTIGEN GARANTIEN WERDEN HIERMIT ABGELEHNT. DAR\u00dcBER HINAUS \u00dcBERNEHMEN CALABRIO UND SEINE LIEFERANTEN KEINE GARANTIE F\u00dcR DIE LEISTUNG ODER DIE ERGEBNISSE, DIE SIE DURCH DIE VERWENDUNG DER SOFTWARE ODER DER DOKUMENTATION ERZIELEN K\u00d6NNEN, UND K\u00d6NNEN DIES AUCH NICHT TUN. KEIN ANGESTELLTER, VERTRETER, WIEDERVERK\u00c4UFER, H\u00c4NDLER ODER VERTREIBER VON CALABRIO IST BEFUGT, DIESE BESCHR\u00c4NKTE GARANTIE ZU \u00c4NDERN ODER ZUS\u00c4TZLICHE GARANTIEN IN BEZUG AUF DIE MEDIEN, DIE SOFTWARE ODER DIE DOKUMENTATION ZU GEBEN ODER ZUS\u00c4TZLICHE ZUSICHERUNGEN IN BEZUG AUF DIE SOFTWARE ODER DIE DOKUMENTATION ZU MACHEN, DIE NICHT IN DER VON CALABRIO GENEHMIGTEN DOKUMENTATION ENTHALTEN SIND.<\/p>\n<\/div><div class=\"container wysiwyg\" data-aos=\"fade-up\">\n<p class=\"has-medium-font-size\"><strong>ALLGEMEINE BEDINGUNGEN<\/strong><\/p>\n<\/div><div class=\"container wysiwyg\" data-aos=\"fade-up\">\n<p class=\"has-small-font-size\">IN KEINEM FALL IST CALABRIO HAFTBAR F\u00dcR INDIREKTE, ZUF\u00c4LLIGE, BESONDERE, EXEMPLARISCHE ODER FOLGESCH\u00c4DEN (EINSCHLIESSLICH DER BESCHAFFUNG VON ERSATZG\u00dcTERN ODER -DIENSTLEISTUNGEN, NUTZUNGSAUSFALL, DATENVERLUST, ENTGANGENER GEWINN, ENTGANGENE EINSPARUNGEN ODER GESCH\u00c4FTSUNTERBRECHUNG), WIE AUCH IMMER DIESE VERURSACHT WURDEN UND AUF WELCHER HAFTUNGSTHEORIE SIE BERUHEN, UNABH\u00c4NGIG DAVON, OB ES SICH UM EINEN VERTRAG HANDELT, VERSCHULDENSUNABH\u00c4NGIGE HAFTUNG ODER UNERLAUBTE HANDLUNG (EINSCHLIESSLICH FAHRL\u00c4SSIGKEIT ODER SONSTIGES), DIE SICH IN IRGENDEINER WEISE AUS DER VERWENDUNG ODER DER UNF\u00c4HIGKEIT ZUR VERWENDUNG DIESER SOFTWARE ODER DER DOKUMENTATION ERGEBEN, SELBST WENN CALABRIO ODER EIN AUTORISIERTER H\u00c4NDLER ODER VERTRIEBSPARTNER VON DER M\u00d6GLICHKEIT SOLCHER SCH\u00c4DEN UNTERRICHTET WURDE ODER DAVON H\u00c4TTE WISSEN M\u00dcSSEN, UND UNGEACHTET DES ERFOLGS ODER DER WIRKSAMKEIT ANDERER RECHTSMITTEL. SIE ERKENNEN AN, DASS CALABRIO IHNEN DIE SOFTWARE NICHT ZU DEN IN DIESEM VERTRAG FESTGELEGTEN BEDINGUNGEN ZUR VERF\u00dcGUNG STELLEN K\u00d6NNTE, WENN DIE HAFTUNG VON CALABRIO UND DRITTANBIETERN NICHT WIE IN DIESEM VERTRAG FESTGELEGT BESCHR\u00c4NKT W\u00c4RE. DIE VORSTEHENDEN AUSSCHL\u00dcSSE GELTEN NICHT F\u00dcR JEGLICHE HAFTUNG, DIE SICH AUS ODER IM ZUSAMMENHANG MIT EINER HAFTUNG VON CALABRIO ERGIBT, DIE NACH GELTENDEM RECHT NICHT AUSGESCHLOSSEN WERDEN KANN.<\/p>\n<\/div><div class=\"container wysiwyg\" data-aos=\"fade-up\">\n<p class=\"has-small-font-size\">Diese Vereinbarung unterliegt den Gesetzen des Staates Minnesota, ohne Ber\u00fccksichtigung der Bestimmungen des Kollisionsrechts. Das \u00dcbereinkommen der Vereinten Nationen \u00fcber Vertr\u00e4ge \u00fcber den internationalen Warenkauf ist auf diesen Vertrag nicht anwendbar. Diese Vereinbarung kann nur durch eine von Ihnen und Calabrio unterzeichnete schriftliche Vereinbarung ge\u00e4ndert werden. Das Vers\u00e4umnis einer der Vertragsparteien, zu irgendeinem Zeitpunkt die Erf\u00fcllung einer Bestimmung dieses Vertrags zu verlangen oder ein darin vorgesehenes Recht auszu\u00fcben, gilt nicht als Verzicht auf diese Bestimmung oder dieses Recht. Sollte eine Bestimmung dieses Vertrages von einem zust\u00e4ndigen Gericht als rechtswidrig eingestuft werden, wird diese Bestimmung so ge\u00e4ndert und ausgelegt, dass die Ziele der urspr\u00fcnglichen Bestimmung im gr\u00f6\u00dftm\u00f6glichen gesetzlich zul\u00e4ssigen Umfang erreicht werden, und die \u00fcbrigen Bestimmungen dieses Vertrages bleiben in vollem Umfang in Kraft. Wie in diesem Vertrag verwendet, ist das Wort &#8222;oder&#8220; nicht ausschlie\u00dflich und die W\u00f6rter &#8222;einschlie\u00dflich&#8220; oder &#8222;beinhalten&#8220; sind nicht einschr\u00e4nkend. Diese Vereinbarung wurde in englischer Sprache verfasst, und die Parteien sind sich einig, dass die englische Version ma\u00dfgeblich ist.<\/p>\n<\/div>","protected":false},"excerpt":{"rendered":"<p>Dieser Endbenutzer-Lizenzvertrag (der &#8222;Vertrag&#8220;) wird von und zwischen der Person oder dem Unternehmen, die\/der die hierin beschriebene Software verwendet (&#8222;Sie&#8220;, &#8222;Sie&#8220; oder &#8222;Ihr&#8220;) und Calabrio, Inc. (&#8222;Calabrio&#8220;) geschlossen und regelt Ihre Verwendung der Calabrio-Software (einschlie\u00dflich aller Upgrades, modifizierten Versionen, Updates, Erg\u00e4nzungen und Kopien davon) (&#8222;Software&#8220;) und aller zugeh\u00f6rigen erl\u00e4uternden Materialien, Programmdokumentationen, Benutzerhandb\u00fccher, Preislisten, Handb\u00fccher und [&hellip;]<\/p>\n","protected":false},"author":191,"featured_media":0,"parent":0,"menu_order":0,"comment_status":"closed","ping_status":"closed","template":"","meta":{"_acf_changed":false,"om_disable_all_campaigns":false,"footnotes":""},"class_list":["post-18962","page","type-page","status-publish","hentry"],"acf":[],"yoast_head":"<!-- This site is optimized with the Yoast SEO Premium plugin v27.4 (Yoast SEO v27.4) - https:\/\/yoast.com\/product\/yoast-seo-premium-wordpress\/ -->\n<title>Calabrio Endbenutzer-Lizenzvertrag On-Premise | Calabrio<\/title>\n<meta name=\"description\" content=\"Dieser Endbenutzer-Lizenzvertrag (der &quot;Vertrag&quot;) wird von und zwischen der Person oder dem Unternehmen, die\/der die hierin beschriebene Software verwendet\" \/>\n<meta name=\"robots\" content=\"index, follow, max-snippet:-1, max-image-preview:large, max-video-preview:-1\" \/>\n<link rel=\"canonical\" href=\"https:\/\/www.calabrio.com\/de\/calabrio-endbenutzer-lizenzvertrag-2\/\" \/>\n<meta property=\"og:locale\" content=\"de_DE\" \/>\n<meta property=\"og:type\" content=\"article\" \/>\n<meta property=\"og:title\" content=\"Calabrio Endbenutzer-Lizenzvertrag On-Premise\" \/>\n<meta property=\"og:description\" content=\"Dieser Endbenutzer-Lizenzvertrag (der &quot;Vertrag&quot;) wird von und zwischen der Person oder dem Unternehmen, die\/der die hierin beschriebene Software verwendet\" \/>\n<meta property=\"og:url\" content=\"https:\/\/www.calabrio.com\/de\/calabrio-endbenutzer-lizenzvertrag-2\/\" \/>\n<meta property=\"og:site_name\" content=\"Calabrio\" \/>\n<meta property=\"article:publisher\" content=\"https:\/\/www.facebook.com\/pages\/Calabrio\/312159772174664\" \/>\n<meta property=\"article:modified_time\" content=\"2025-09-02T06:07:15+00:00\" \/>\n<meta property=\"og:image\" content=\"https:\/\/www.calabrio.com\/wp-content\/uploads\/2025\/01\/Group-1707478745.png\" \/>\n\t<meta property=\"og:image:width\" content=\"2040\" \/>\n\t<meta property=\"og:image:height\" content=\"1476\" \/>\n\t<meta property=\"og:image:type\" content=\"image\/png\" \/>\n<meta name=\"twitter:card\" content=\"summary_large_image\" \/>\n<meta name=\"twitter:site\" content=\"@calabrio\" \/>\n<meta name=\"twitter:label1\" content=\"Gesch\u00e4tzte Lesezeit\" \/>\n\t<meta name=\"twitter:data1\" content=\"8 Minuten\" \/>\n<script type=\"application\/ld+json\" class=\"yoast-schema-graph\">{\"@context\":\"https:\\\/\\\/schema.org\",\"@graph\":[{\"@type\":\"WebPage\",\"@id\":\"https:\\\/\\\/www.calabrio.com\\\/de\\\/calabrio-endbenutzer-lizenzvertrag-2\\\/\",\"url\":\"https:\\\/\\\/www.calabrio.com\\\/de\\\/calabrio-endbenutzer-lizenzvertrag-2\\\/\",\"name\":\"Calabrio Endbenutzer-Lizenzvertrag On-Premise | Calabrio\",\"isPartOf\":{\"@id\":\"https:\\\/\\\/www.calabrio.com\\\/fr\\\/#website\"},\"datePublished\":\"2025-01-15T19:19:53+00:00\",\"dateModified\":\"2025-09-02T06:07:15+00:00\",\"description\":\"Dieser Endbenutzer-Lizenzvertrag (der \\\"Vertrag\\\") wird von und zwischen der Person oder dem Unternehmen, die\\\/der die hierin beschriebene Software verwendet\",\"breadcrumb\":{\"@id\":\"https:\\\/\\\/www.calabrio.com\\\/de\\\/calabrio-endbenutzer-lizenzvertrag-2\\\/#breadcrumb\"},\"inLanguage\":\"de\",\"potentialAction\":[{\"@type\":\"ReadAction\",\"target\":[\"https:\\\/\\\/www.calabrio.com\\\/de\\\/calabrio-endbenutzer-lizenzvertrag-2\\\/\"]}]},{\"@type\":\"BreadcrumbList\",\"@id\":\"https:\\\/\\\/www.calabrio.com\\\/de\\\/calabrio-endbenutzer-lizenzvertrag-2\\\/#breadcrumb\",\"itemListElement\":[{\"@type\":\"ListItem\",\"position\":1,\"name\":\"Home\",\"item\":\"https:\\\/\\\/www.calabrio.com\\\/de\\\/\"},{\"@type\":\"ListItem\",\"position\":2,\"name\":\"Calabrio Endbenutzer-Lizenzvertrag On-Premise\"}]},{\"@type\":\"WebSite\",\"@id\":\"https:\\\/\\\/www.calabrio.com\\\/fr\\\/#website\",\"url\":\"https:\\\/\\\/www.calabrio.com\\\/fr\\\/\",\"name\":\"Calabrio\",\"description\":\"Workforce Engagement Management Software\",\"publisher\":{\"@id\":\"https:\\\/\\\/www.calabrio.com\\\/fr\\\/#organization\"},\"potentialAction\":[{\"@type\":\"SearchAction\",\"target\":{\"@type\":\"EntryPoint\",\"urlTemplate\":\"https:\\\/\\\/www.calabrio.com\\\/fr\\\/?s={search_term_string}\"},\"query-input\":{\"@type\":\"PropertyValueSpecification\",\"valueRequired\":true,\"valueName\":\"search_term_string\"}}],\"inLanguage\":\"de\"},{\"@type\":\"Organization\",\"@id\":\"https:\\\/\\\/www.calabrio.com\\\/fr\\\/#organization\",\"name\":\"Calabrio\",\"url\":\"https:\\\/\\\/www.calabrio.com\\\/fr\\\/\",\"logo\":{\"@type\":\"ImageObject\",\"inLanguage\":\"de\",\"@id\":\"https:\\\/\\\/www.calabrio.com\\\/fr\\\/#\\\/schema\\\/logo\\\/image\\\/\",\"url\":\"https:\\\/\\\/www.calabrio.com\\\/wp-content\\\/uploads\\\/2025\\\/01\\\/Group-1707478765.png\",\"contentUrl\":\"https:\\\/\\\/www.calabrio.com\\\/wp-content\\\/uploads\\\/2025\\\/01\\\/Group-1707478765.png\",\"width\":1360,\"height\":984,\"caption\":\"Calabrio\"},\"image\":{\"@id\":\"https:\\\/\\\/www.calabrio.com\\\/fr\\\/#\\\/schema\\\/logo\\\/image\\\/\"},\"sameAs\":[\"https:\\\/\\\/www.facebook.com\\\/pages\\\/Calabrio\\\/312159772174664\",\"https:\\\/\\\/x.com\\\/calabrio\",\"https:\\\/\\\/www.linkedin.com\\\/company\\\/calabrio\"]}]}<\/script>\n<!-- \/ Yoast SEO Premium plugin. -->","yoast_head_json":{"title":"Calabrio Endbenutzer-Lizenzvertrag On-Premise | Calabrio","description":"Dieser Endbenutzer-Lizenzvertrag (der \"Vertrag\") wird von und zwischen der Person oder dem Unternehmen, die\/der die hierin beschriebene Software verwendet","robots":{"index":"index","follow":"follow","max-snippet":"max-snippet:-1","max-image-preview":"max-image-preview:large","max-video-preview":"max-video-preview:-1"},"canonical":"https:\/\/www.calabrio.com\/de\/calabrio-endbenutzer-lizenzvertrag-2\/","og_locale":"de_DE","og_type":"article","og_title":"Calabrio Endbenutzer-Lizenzvertrag On-Premise","og_description":"Dieser Endbenutzer-Lizenzvertrag (der \"Vertrag\") wird von und zwischen der Person oder dem Unternehmen, die\/der die hierin beschriebene Software verwendet","og_url":"https:\/\/www.calabrio.com\/de\/calabrio-endbenutzer-lizenzvertrag-2\/","og_site_name":"Calabrio","article_publisher":"https:\/\/www.facebook.com\/pages\/Calabrio\/312159772174664","article_modified_time":"2025-09-02T06:07:15+00:00","og_image":[{"width":2040,"height":1476,"url":"https:\/\/www.calabrio.com\/wp-content\/uploads\/2025\/01\/Group-1707478745.png","type":"image\/png"}],"twitter_card":"summary_large_image","twitter_site":"@calabrio","twitter_misc":{"Gesch\u00e4tzte Lesezeit":"8 Minuten"},"schema":{"@context":"https:\/\/schema.org","@graph":[{"@type":"WebPage","@id":"https:\/\/www.calabrio.com\/de\/calabrio-endbenutzer-lizenzvertrag-2\/","url":"https:\/\/www.calabrio.com\/de\/calabrio-endbenutzer-lizenzvertrag-2\/","name":"Calabrio Endbenutzer-Lizenzvertrag On-Premise | Calabrio","isPartOf":{"@id":"https:\/\/www.calabrio.com\/fr\/#website"},"datePublished":"2025-01-15T19:19:53+00:00","dateModified":"2025-09-02T06:07:15+00:00","description":"Dieser Endbenutzer-Lizenzvertrag (der \"Vertrag\") wird von und zwischen der Person oder dem Unternehmen, die\/der die hierin beschriebene Software verwendet","breadcrumb":{"@id":"https:\/\/www.calabrio.com\/de\/calabrio-endbenutzer-lizenzvertrag-2\/#breadcrumb"},"inLanguage":"de","potentialAction":[{"@type":"ReadAction","target":["https:\/\/www.calabrio.com\/de\/calabrio-endbenutzer-lizenzvertrag-2\/"]}]},{"@type":"BreadcrumbList","@id":"https:\/\/www.calabrio.com\/de\/calabrio-endbenutzer-lizenzvertrag-2\/#breadcrumb","itemListElement":[{"@type":"ListItem","position":1,"name":"Home","item":"https:\/\/www.calabrio.com\/de\/"},{"@type":"ListItem","position":2,"name":"Calabrio Endbenutzer-Lizenzvertrag On-Premise"}]},{"@type":"WebSite","@id":"https:\/\/www.calabrio.com\/fr\/#website","url":"https:\/\/www.calabrio.com\/fr\/","name":"Calabrio","description":"Workforce Engagement Management Software","publisher":{"@id":"https:\/\/www.calabrio.com\/fr\/#organization"},"potentialAction":[{"@type":"SearchAction","target":{"@type":"EntryPoint","urlTemplate":"https:\/\/www.calabrio.com\/fr\/?s={search_term_string}"},"query-input":{"@type":"PropertyValueSpecification","valueRequired":true,"valueName":"search_term_string"}}],"inLanguage":"de"},{"@type":"Organization","@id":"https:\/\/www.calabrio.com\/fr\/#organization","name":"Calabrio","url":"https:\/\/www.calabrio.com\/fr\/","logo":{"@type":"ImageObject","inLanguage":"de","@id":"https:\/\/www.calabrio.com\/fr\/#\/schema\/logo\/image\/","url":"https:\/\/www.calabrio.com\/wp-content\/uploads\/2025\/01\/Group-1707478765.png","contentUrl":"https:\/\/www.calabrio.com\/wp-content\/uploads\/2025\/01\/Group-1707478765.png","width":1360,"height":984,"caption":"Calabrio"},"image":{"@id":"https:\/\/www.calabrio.com\/fr\/#\/schema\/logo\/image\/"},"sameAs":["https:\/\/www.facebook.com\/pages\/Calabrio\/312159772174664","https:\/\/x.com\/calabrio","https:\/\/www.linkedin.com\/company\/calabrio"]}]}},"featured_image_src":null,"featured_image_src_square":null,"_links":{"self":[{"href":"https:\/\/www.calabrio.com\/de\/wp-json\/wp\/v2\/pages\/18962","targetHints":{"allow":["GET"]}}],"collection":[{"href":"https:\/\/www.calabrio.com\/de\/wp-json\/wp\/v2\/pages"}],"about":[{"href":"https:\/\/www.calabrio.com\/de\/wp-json\/wp\/v2\/types\/page"}],"author":[{"embeddable":true,"href":"https:\/\/www.calabrio.com\/de\/wp-json\/wp\/v2\/users\/191"}],"replies":[{"embeddable":true,"href":"https:\/\/www.calabrio.com\/de\/wp-json\/wp\/v2\/comments?post=18962"}],"version-history":[{"count":0,"href":"https:\/\/www.calabrio.com\/de\/wp-json\/wp\/v2\/pages\/18962\/revisions"}],"wp:attachment":[{"href":"https:\/\/www.calabrio.com\/de\/wp-json\/wp\/v2\/media?parent=18962"}],"curies":[{"name":"wp","href":"https:\/\/api.w.org\/{rel}","templated":true}]}}