
{"id":23210,"date":"2025-02-10T21:17:28","date_gmt":"2025-02-10T21:17:28","guid":{"rendered":"https:\/\/www.calabrio.com\/ventana-research-agent-management-value-index\/"},"modified":"2026-02-24T10:21:59","modified_gmt":"2026-02-24T10:21:59","slug":"ventana-research-agent-management-value-index","status":"publish","type":"page","link":"https:\/\/www.calabrio.com\/de\/ventana-research-agent-management-value-index\/","title":{"rendered":"Ventana Research Agent Management Value Index"},"content":{"rendered":"\n<section\n\tid=\"\"\n\tclass=\"flex flex-col lg:flex-row justify-center items-stretch\"\n\tdata-theme-block-id=\"block_2bdd20b6413f9f7365f47b15de521e3f\"\n\tdata-aos=\"fade-up\"\n>\n\t\t<div\n\t\tclass=\"hero-with-form__left w-full lg:w-1\/2\"\n\t\tstyle=\"background-color: #D2F3FA\"\n\t>\n\t\t\t\t\t<div class=\"p-l\/xxl md:px-c\/xxl md:py-0 lg:p-c\/xxl lg:my-l\/m\">\n\t\t\t\t<div class=\"flex flex-col gap-c\/l md:py-l\/m\">\n\t\t\t\t\t\t\t\t\t\t\t<h1 >\n\t\t\t\t\t\t\t\n<p class=\"eyebrow lint-ignore flex items-center justify-center py-c\/s gap-c\/s subhead-small text-text-highlight-aaa\" >\n\t<span class=\"eyebrow__icon icon icon text-icon-highlight [&amp;_svg]:w-[var(--Base-Grid-Grid-24)] [&amp;_svg]:h-[var(--Base-Grid-Grid-24)] flex items-center rounded-full bg-background-secondary\"\n\taria-hidden=\"true\">\n\t<svg xmlns=\"http:\/\/www.w3.org\/2000\/svg\" fill=\"none\" viewBox=\"0 0 23 16\"><path fill=\"currentColor\" d=\"M19.951 7.816c-1.822-.208-4.275-.992-5.883-2.712C12.845 3.8 11.918 1.88 11.688 0h-.377c-.222 1.88-1.157 3.8-2.38 5.104-1.608 1.72-4.061 2.504-5.883 2.712-.902.104-2.215.128-2.215.128v.112s1.321.024 2.215.128c1.822.208 4.275.992 5.883 2.712 1.223 1.304 2.15 3.224 2.38 5.104h.377c.222-1.88 1.157-3.8 2.38-5.104 1.608-1.72 4.061-2.504 5.883-2.712.902-.104 2.215-.128 2.215-.128v-.112s-1.32-.024-2.215-.128Z\"\/><\/svg>\n\t<\/span>\n\n\t<span class=\"eyebrow__content\">Analystenbericht<\/span>\n<\/p>\n\t\t\t\t\t\t<\/h1>\n\t\t\t\t\t\n\t\t\t\t\t\t\t\t\t\t<h2 style=\"color: #080F21\"\n\t\t\t\t\tclass=\"heading-medium text-center\">\n\t\t\t\t\t\tVentana Research Einkaufsf\u00fchrer 2023: Agent Management\t\t\t\t<\/h2>\n\t\t\t\t\n\t\t\t\t\t\t\t\t\t<div style=\"color: #344679\" class=\"wysiwyg text-center\">\n\t\t\t\t\t\t<p>Bewertung der Produkte und der Kundenerfahrung von Anbietern<\/p>\n\t\t\t\t\t<\/div>\n\t\t\t\t\t\t\t<\/div>\n\t\t\t<\/div>\n\t\t\n\t\t\t\t<\/div>\n\t\n\t\t\t<div\n\t\t\tclass=\"w-full lg:w-1\/2 flex items-center hero-with-form__right\"\n\t\t\tstyle=\"\"\n\t\t>\n\t\t\t<!-- <iframe id=\"hero_form\" src=\"https:\/\/info.calabrio.com\/l\/134381\/2021-06-03\/63b3wq\" width=\"100%\" height=\"600px\" frameborder=\"0\"><\/iframe> -->\n\n\n<iframe src=\"https:\/\/marketing.calabrio.com\/l\/1043281\/2025-04-09\/5b78vx\" width=\"100%\" height=\"700\" type=\"text\/html\" frameborder=\"0\" allowtransparency=\"true\" style=\"border: 0\"><\/iframe>\t\t<\/div>\n\t<\/section>\n\n\t<style>\n\t[data-theme-block-id=\"block_2bdd20b6413f9f7365f47b15de521e3f\"] {\n\t\t@media only screen and (max-width: 743px) {\n\t\t\t\t\t\t\t\t}\n\t\t@media only screen and (min-width: 744px) {\n\t\t\t\t\t\t\t\t}\n\t}\n\t<\/style>\n\n\n<section\n\tclass=\"container text-image-with-cards flex flex-col gap-l\/xxl md:gap-0\"\n\tid=\"\"\n\tdata-theme-block-id=\"block_84e95699b398554b0219846dd525992d\"\n\tdata-aos=\"fade-up\"\n>\n\t<div style=\"background-color: #FFFFFF\" class=\"z-[1] flex flex-col-reverse gap-l\/m md:flex-row md:gap-0 py-c\/xxl\">\n\t\t\t\t\t<div class=\"flex items-center md:pt-l\/m md:pr-l\/m md:pb-l\/m w-full md:w-[51%]\">\n\t\t\t\t<div class=\"flex flex-col md:pb-l\/xs gap-c\/m\">\n\t\t\t\t\t\t\t\t\t\t\t\t\t\t\t\t<div style=\"color: #344679\" class=\"text-image-with-cards__description wysiwyg overflow-ellipsis md:line-clamp-none\"><p>&#8222;Optimierte Contact Center-Prozesse zeichnen sich durch Agenten aus, die in der Lage sind, im Namen des Kunden zu handeln, und die durch Technologie unterst\u00fctzt werden, die die produktive Kapazit\u00e4t der Mitarbeiter erg\u00e4nzt, leitet und erweitert.&#8220;<\/p>\n<p>&nbsp;<\/p>\n<p>Der Ventana Research Agent Management Buyers Guide: 2023 Agent Management bewertet und klassifiziert Anbieter, die Produkte anbieten, die die Schl\u00fcsselelemente des Agentenmanagements abdecken. Calabrio ist in der h\u00f6chsten Kategorie als vorbildlicher Anbieter eingestuft und geh\u00f6rt in 6 von 7 Bereichen zum Value Index Leader.<\/p>\n<p>&nbsp;<\/p>\n<p>Der Bericht ist so strukturiert, dass er den RFI\/RFP-Prozess nachbildet, indem er alle Kriterien enth\u00e4lt, die f\u00fcr die Bewertung, Auswahl, Nutzung und Pflege von Technologien und die Pflege von Beziehungen zu Anbietern erforderlich sind.<\/p>\n<p>&nbsp;<\/p>\n<p>Lesen Sie den Bericht, um zu sehen, wie Calabrio abschneidet:<\/p>\n<ul>\n<li>F\u00e4higkeit<\/li>\n<li>Benutzerfreundlichkeit<\/li>\n<li>Verwaltbarkeit<\/li>\n<li>Verl\u00e4sslichkeit<\/li>\n<li>Anpassungsf\u00e4higkeit<\/li>\n<li>Anbieter-Validierung<\/li>\n<\/ul>\n<p>Welche Bereiche sind f\u00fcr Ihr Unternehmen im Moment besonders wichtig? Laden Sie den Bericht herunter, um mehr zu erfahren.<\/p>\n<p>&nbsp;<\/p>\n<p>Ventana Research, Agent Management Value Index: 2022 Anbieter- und Produktbewertung, 17 Dezember, 2021<\/p>\n<p>&nbsp;<\/p>\n<p><a class=\"btn-primary\" href=\"#hero_form\">Jetzt herunterladen<\/a><\/p>\n<\/div>\n\t\t\t\t\t\t\t\t\t<\/div>\n\t\t\t<\/div>\n\t\t\n\t\t\t\t\t<div class=\"relative w-full md:w-[49%] aspect-square\">\n\t\t\t\t<div class=\"js-wrap image lint-ignore\n\tz-[2] w-full h-full image--cover\t\" data-module=\"image\" >\n\t<img decoding=\"async\" class=\"image__img \" src=\"data:image\/gif;base64,R0lGODlhAQABAIAAAAAAAP\/\/\/yH5BAEAAAAALAAAAAABAAEAAAIBRAA7\" data-normal=\"https:\/\/www.calabrio.com\/wp-content\/uploads\/2026\/02\/AdobeStock_239002849-2-scaled.webp\" data-retina=\"https:\/\/www.calabrio.com\/wp-content\/uploads\/2026\/02\/AdobeStock_239002849-2-scaled.webp\" data-srcset=\"https:\/\/www.calabrio.com\/wp-content\/uploads\/2026\/02\/AdobeStock_239002849-2-scaled.webp 2560w, https:\/\/www.calabrio.com\/wp-content\/uploads\/2026\/02\/AdobeStock_239002849-2-300x200.webp 300w, https:\/\/www.calabrio.com\/wp-content\/uploads\/2026\/02\/AdobeStock_239002849-2-1024x683.webp 1024w, https:\/\/www.calabrio.com\/wp-content\/uploads\/2026\/02\/AdobeStock_239002849-2-768x512.webp 768w, https:\/\/www.calabrio.com\/wp-content\/uploads\/2026\/02\/AdobeStock_239002849-2-1536x1025.webp 1536w, https:\/\/www.calabrio.com\/wp-content\/uploads\/2026\/02\/AdobeStock_239002849-2-2048x1366.webp 2048w, https:\/\/www.calabrio.com\/wp-content\/uploads\/2026\/02\/AdobeStock_239002849-2-600x400.webp 600w\" alt=\"\" ><\/div>\n\t\t\t\t<div class=\"z-[3] hidden xl:block absolute w-[calc(100%\/588*257)] aspect-[257\/664] -top-[calc(100%\/49*3)] left-[calc(100%\/49*18)]\" aria-hidden=\"true\">\n\t\t\t\t\t<svg class=\"w-full h-full\" viewBox=\"0 0 257 664\" fill=\"none\" xmlns=\"http:\/\/www.w3.org\/2000\/svg\">\n<rect x=\"193\" y=\"664\" width=\"32\" height=\"168\" rx=\"4.27443\" transform=\"rotate(-180 193 664)\" fill=\"#D2F3FA\"\/>\n<rect x=\"257\" y=\"632\" width=\"32\" height=\"55\" rx=\"4.27443\" transform=\"rotate(-180 257 632)\" fill=\"#3A7683\"\/>\n<rect width=\"32\" height=\"108.669\" rx=\"4.27443\" transform=\"matrix(-1 4.26491e-08 -4.37114e-08 1 32.0001 0)\" fill=\"#6D92FE\"\/>\n<\/svg>\n\t\t\t\t<\/div>\n\t\t\t\t<div class=\"hidden xl:block absolute w-[calc(100%\/588*102)] aspect-[102\/743] -top-[calc(100%\/6)] right-[calc(100%\/294*31)]\" aria-hidden=\"true\">\n\t\t\t\t\t<svg class=\"w-full h-full\" viewBox=\"0 0 103 744\" fill=\"none\" xmlns=\"http:\/\/www.w3.org\/2000\/svg\">\n<rect width=\"32\" height=\"189\" rx=\"4.27443\" transform=\"matrix(-1 4.26491e-08 -4.37114e-08 1 78.5898 554.328)\" fill=\"#B8CAF9\"\/>\n<rect x=\"102.5\" y=\"287.777\" width=\"32\" height=\"287.448\" rx=\"4.27443\" transform=\"rotate(-180 102.5 287.777)\" fill=\"#6D92FE\"\/>\n<rect x=\"32.5\" y=\"234.33\" width=\"32\" height=\"194\" rx=\"4.27443\" transform=\"rotate(-180 32.5 234.33)\" fill=\"#8DDAEB\"\/>\n<\/svg>\n\t\t\t\t<\/div>\n\t\t\t<\/div>\n\t\t\t<\/div>\n\n\t\t\t<div class='z-0 block w-[calc(100vw)] md:py-l\/m lg:w-full -ml-page-margin lg:-ml-0'>\n\t\t\t\n\t<section\n\tclass=\"swiper  swiper--navigation-rounded swiper--lg-hide-navigation swiper--margin-left\"\n\tdata-module=\"carousel-grid\"\n\tdata-swiper-options='{\"slidesPerView\":1.246,\"spaceBetween\":16,\"breakpoints\":{\"744\":{\"slidesPerView\":2,\"spaceBetween\":16},\"1024\":{\"enabled\":false}},\"navigation\":{\"nextEl\":\".swiper-button-next\",\"prevEl\":\".swiper-button-prev\"},\"navCenteredImage\":true}'\n\tdata-aos=\"\"\n\tdata-aos-duration=\"\"\n\t>\n\t<div class=\"swiper-wrapper w-full lg:!grid lg:gap-l\/xs lg:grid-cols-3\">\n\t\n<div\n\tclass=\"card-image flex flex-col gap-c\/m swiper-slide !h-auto border-b-thin border-stroke-secondary lint-ignore\"\n\tstyle=\"background-color: #FFFFFF\"\n\t>\n\t<div class=\"js-wrap image lint-ignore\n\tcard-image__image absolute  aspect-[10\/9] md:aspect-[184\/143] image--cover\t\" data-module=\"image\" loading=lazy >\n\t<img decoding=\"async\" class=\"image__img \" src=\"data:image\/gif;base64,R0lGODlhAQABAIAAAAAAAP\/\/\/yH5BAEAAAAALAAAAAABAAEAAAIBRAA7\" data-normal=\"https:\/\/www.calabrio.com\/wp-content\/uploads\/2025\/01\/Group-1707478765.png\" data-retina=\"https:\/\/www.calabrio.com\/wp-content\/uploads\/2025\/01\/Group-1707478765.png\" data-srcset=\"https:\/\/www.calabrio.com\/wp-content\/uploads\/2025\/01\/Group-1707478765.png 1360w, https:\/\/www.calabrio.com\/wp-content\/uploads\/2025\/01\/Group-1707478765-300x217.png 300w, https:\/\/www.calabrio.com\/wp-content\/uploads\/2025\/01\/Group-1707478765-1024x741.png 1024w, https:\/\/www.calabrio.com\/wp-content\/uploads\/2025\/01\/Group-1707478765-768x556.png 768w\" alt=\"\" ><\/div>\n\n\t<\/div>\n\n<div\n\tclass=\"card-image flex flex-col gap-c\/m swiper-slide !h-auto border-b-thin border-stroke-secondary lint-ignore\"\n\tstyle=\"background-color: #FFFFFF\"\n\t>\n\t<div class=\"js-wrap image lint-ignore\n\tcard-image__image absolute  aspect-[10\/9] md:aspect-[184\/143] image--cover\t\" data-module=\"image\" loading=lazy >\n\t<img decoding=\"async\" class=\"image__img \" src=\"data:image\/gif;base64,R0lGODlhAQABAIAAAAAAAP\/\/\/yH5BAEAAAAALAAAAAABAAEAAAIBRAA7\" data-normal=\"https:\/\/www.calabrio.com\/wp-content\/uploads\/2025\/01\/Group-1707478765.png\" data-retina=\"https:\/\/www.calabrio.com\/wp-content\/uploads\/2025\/01\/Group-1707478765.png\" data-srcset=\"https:\/\/www.calabrio.com\/wp-content\/uploads\/2025\/01\/Group-1707478765.png 1360w, https:\/\/www.calabrio.com\/wp-content\/uploads\/2025\/01\/Group-1707478765-300x217.png 300w, https:\/\/www.calabrio.com\/wp-content\/uploads\/2025\/01\/Group-1707478765-1024x741.png 1024w, https:\/\/www.calabrio.com\/wp-content\/uploads\/2025\/01\/Group-1707478765-768x556.png 768w\" alt=\"\" ><\/div>\n\n\t<\/div>\n\n<div\n\tclass=\"card-image flex flex-col gap-c\/m swiper-slide !h-auto border-b-thin border-stroke-secondary lint-ignore\"\n\tstyle=\"background-color: #FFFFFF\"\n\t>\n\t<div class=\"js-wrap image lint-ignore\n\tcard-image__image absolute  aspect-[10\/9] md:aspect-[184\/143] image--cover\t\" data-module=\"image\" loading=lazy >\n\t<img decoding=\"async\" class=\"image__img \" src=\"data:image\/gif;base64,R0lGODlhAQABAIAAAAAAAP\/\/\/yH5BAEAAAAALAAAAAABAAEAAAIBRAA7\" data-normal=\"https:\/\/www.calabrio.com\/wp-content\/uploads\/2025\/01\/Group-1707478765.png\" data-retina=\"https:\/\/www.calabrio.com\/wp-content\/uploads\/2025\/01\/Group-1707478765.png\" data-srcset=\"https:\/\/www.calabrio.com\/wp-content\/uploads\/2025\/01\/Group-1707478765.png 1360w, https:\/\/www.calabrio.com\/wp-content\/uploads\/2025\/01\/Group-1707478765-300x217.png 300w, https:\/\/www.calabrio.com\/wp-content\/uploads\/2025\/01\/Group-1707478765-1024x741.png 1024w, https:\/\/www.calabrio.com\/wp-content\/uploads\/2025\/01\/Group-1707478765-768x556.png 768w\" alt=\"\" ><\/div>\n\n\t<\/div>\n\t<\/div>\n\t\n\t\t\t\t\t<button\n\t\t\t\tclass=\"swiper-button-prev\"\n\t\t\t\taria-label=\"\"\n\t\t\t>\n\t\t\t\t<span class=\"sr-only\">Zum vorherigen Karussell-Dia wechseln<\/span>\n\t\t\t<\/button>\n\t\t\t<button\n\t\t\t\tclass=\"swiper-button-next\"\n\t\t\t\taria-label=\"\"\n\t\t\t>\n\t\t\t\t<span class=\"sr-only\">Zum n\u00e4chsten Karussell-Dia wechseln<\/span>\n\t\t\t<\/button>\n\t\t\n\t\n\t\t<\/section>\n\t\t<\/div>\n\t<\/section>\n\n\t<style>\n\t[data-theme-block-id=\"block_84e95699b398554b0219846dd525992d\"] {\n\t\t@media only screen and (max-width: 743px) {\n\t\t\t\t\t\t\tpadding-top: benutzerdefiniertepx !important;\n\t\t\t\t\t\t\t\t\t\tpadding-bottom: benutzerdefiniertepx !important;\n\t\t\t\t\t}\n\t\t@media only screen and (min-width: 744px) {\n\t\t\t\t\t\t\tpadding-top: benutzerdefiniertepx !important;\n\t\t\t\t\t\t\t\t\t\tpadding-bottom: 96px !important;\n\t\t\t\t\t}\n\t}\n\t<\/style>\n","protected":false},"excerpt":{"rendered":"","protected":false},"author":231,"featured_media":0,"parent":0,"menu_order":0,"comment_status":"closed","ping_status":"closed","template":"","meta":{"_acf_changed":false,"om_disable_all_campaigns":false,"footnotes":""},"class_list":["post-23210","page","type-page","status-publish","hentry"],"acf":[],"yoast_head":"<!-- This site is optimized with the Yoast SEO Premium plugin v27.4 (Yoast SEO v27.4) - https:\/\/yoast.com\/product\/yoast-seo-premium-wordpress\/ -->\n<title>Ventana Research Agent Management Value Index<\/title>\n<meta name=\"description\" content=\"Calabrio wird als vorbildlicher Anbieter im Agent Management Value Index ausgezeichnet.\" \/>\n<meta name=\"robots\" content=\"index, follow, max-snippet:-1, max-image-preview:large, max-video-preview:-1\" \/>\n<link rel=\"canonical\" href=\"https:\/\/www.calabrio.com\/de\/ventana-research-agent-management-value-index\/\" \/>\n<meta property=\"og:locale\" content=\"de_DE\" \/>\n<meta property=\"og:type\" content=\"article\" \/>\n<meta property=\"og:title\" content=\"Ventana Research Agent Management Value Index\" \/>\n<meta property=\"og:url\" content=\"https:\/\/www.calabrio.com\/de\/ventana-research-agent-management-value-index\/\" \/>\n<meta property=\"og:site_name\" content=\"Calabrio\" \/>\n<meta property=\"article:publisher\" content=\"https:\/\/www.facebook.com\/pages\/Calabrio\/312159772174664\" \/>\n<meta property=\"article:modified_time\" content=\"2026-02-24T10:21:59+00:00\" \/>\n<meta property=\"og:image\" content=\"https:\/\/www.calabrio.com\/wp-content\/uploads\/2025\/01\/Group-1707478745.png\" \/>\n\t<meta property=\"og:image:width\" content=\"2040\" \/>\n\t<meta property=\"og:image:height\" content=\"1476\" \/>\n\t<meta property=\"og:image:type\" content=\"image\/png\" \/>\n<meta name=\"twitter:card\" content=\"summary_large_image\" \/>\n<meta name=\"twitter:site\" content=\"@calabrio\" \/>\n<script type=\"application\/ld+json\" class=\"yoast-schema-graph\">{\"@context\":\"https:\\\/\\\/schema.org\",\"@graph\":[{\"@type\":\"WebPage\",\"@id\":\"https:\\\/\\\/www.calabrio.com\\\/de\\\/ventana-research-agent-management-value-index\\\/\",\"url\":\"https:\\\/\\\/www.calabrio.com\\\/de\\\/ventana-research-agent-management-value-index\\\/\",\"name\":\"Ventana Research Agent Management Value Index\",\"isPartOf\":{\"@id\":\"https:\\\/\\\/www.calabrio.com\\\/fr\\\/#website\"},\"datePublished\":\"2025-02-10T21:17:28+00:00\",\"dateModified\":\"2026-02-24T10:21:59+00:00\",\"description\":\"Calabrio wird als vorbildlicher Anbieter im Agent Management Value Index ausgezeichnet.\",\"breadcrumb\":{\"@id\":\"https:\\\/\\\/www.calabrio.com\\\/de\\\/ventana-research-agent-management-value-index\\\/#breadcrumb\"},\"inLanguage\":\"de\",\"potentialAction\":[{\"@type\":\"ReadAction\",\"target\":[\"https:\\\/\\\/www.calabrio.com\\\/de\\\/ventana-research-agent-management-value-index\\\/\"]}]},{\"@type\":\"BreadcrumbList\",\"@id\":\"https:\\\/\\\/www.calabrio.com\\\/de\\\/ventana-research-agent-management-value-index\\\/#breadcrumb\",\"itemListElement\":[{\"@type\":\"ListItem\",\"position\":1,\"name\":\"Home\",\"item\":\"https:\\\/\\\/www.calabrio.com\\\/de\\\/\"},{\"@type\":\"ListItem\",\"position\":2,\"name\":\"Ventana Research Agent Management Value Index\"}]},{\"@type\":\"WebSite\",\"@id\":\"https:\\\/\\\/www.calabrio.com\\\/fr\\\/#website\",\"url\":\"https:\\\/\\\/www.calabrio.com\\\/fr\\\/\",\"name\":\"Calabrio\",\"description\":\"Workforce Engagement Management Software\",\"publisher\":{\"@id\":\"https:\\\/\\\/www.calabrio.com\\\/fr\\\/#organization\"},\"potentialAction\":[{\"@type\":\"SearchAction\",\"target\":{\"@type\":\"EntryPoint\",\"urlTemplate\":\"https:\\\/\\\/www.calabrio.com\\\/fr\\\/?s={search_term_string}\"},\"query-input\":{\"@type\":\"PropertyValueSpecification\",\"valueRequired\":true,\"valueName\":\"search_term_string\"}}],\"inLanguage\":\"de\"},{\"@type\":\"Organization\",\"@id\":\"https:\\\/\\\/www.calabrio.com\\\/fr\\\/#organization\",\"name\":\"Calabrio\",\"url\":\"https:\\\/\\\/www.calabrio.com\\\/fr\\\/\",\"logo\":{\"@type\":\"ImageObject\",\"inLanguage\":\"de\",\"@id\":\"https:\\\/\\\/www.calabrio.com\\\/fr\\\/#\\\/schema\\\/logo\\\/image\\\/\",\"url\":\"https:\\\/\\\/www.calabrio.com\\\/wp-content\\\/uploads\\\/2025\\\/01\\\/Group-1707478765.png\",\"contentUrl\":\"https:\\\/\\\/www.calabrio.com\\\/wp-content\\\/uploads\\\/2025\\\/01\\\/Group-1707478765.png\",\"width\":1360,\"height\":984,\"caption\":\"Calabrio\"},\"image\":{\"@id\":\"https:\\\/\\\/www.calabrio.com\\\/fr\\\/#\\\/schema\\\/logo\\\/image\\\/\"},\"sameAs\":[\"https:\\\/\\\/www.facebook.com\\\/pages\\\/Calabrio\\\/312159772174664\",\"https:\\\/\\\/x.com\\\/calabrio\",\"https:\\\/\\\/www.linkedin.com\\\/company\\\/calabrio\"]}]}<\/script>\n<!-- \/ Yoast SEO Premium plugin. -->","yoast_head_json":{"title":"Ventana Research Agent Management Value Index","description":"Calabrio wird als vorbildlicher Anbieter im Agent Management Value Index ausgezeichnet.","robots":{"index":"index","follow":"follow","max-snippet":"max-snippet:-1","max-image-preview":"max-image-preview:large","max-video-preview":"max-video-preview:-1"},"canonical":"https:\/\/www.calabrio.com\/de\/ventana-research-agent-management-value-index\/","og_locale":"de_DE","og_type":"article","og_title":"Ventana Research Agent Management Value Index","og_url":"https:\/\/www.calabrio.com\/de\/ventana-research-agent-management-value-index\/","og_site_name":"Calabrio","article_publisher":"https:\/\/www.facebook.com\/pages\/Calabrio\/312159772174664","article_modified_time":"2026-02-24T10:21:59+00:00","og_image":[{"width":2040,"height":1476,"url":"https:\/\/www.calabrio.com\/wp-content\/uploads\/2025\/01\/Group-1707478745.png","type":"image\/png"}],"twitter_card":"summary_large_image","twitter_site":"@calabrio","schema":{"@context":"https:\/\/schema.org","@graph":[{"@type":"WebPage","@id":"https:\/\/www.calabrio.com\/de\/ventana-research-agent-management-value-index\/","url":"https:\/\/www.calabrio.com\/de\/ventana-research-agent-management-value-index\/","name":"Ventana Research Agent Management Value Index","isPartOf":{"@id":"https:\/\/www.calabrio.com\/fr\/#website"},"datePublished":"2025-02-10T21:17:28+00:00","dateModified":"2026-02-24T10:21:59+00:00","description":"Calabrio wird als vorbildlicher Anbieter im Agent Management Value Index ausgezeichnet.","breadcrumb":{"@id":"https:\/\/www.calabrio.com\/de\/ventana-research-agent-management-value-index\/#breadcrumb"},"inLanguage":"de","potentialAction":[{"@type":"ReadAction","target":["https:\/\/www.calabrio.com\/de\/ventana-research-agent-management-value-index\/"]}]},{"@type":"BreadcrumbList","@id":"https:\/\/www.calabrio.com\/de\/ventana-research-agent-management-value-index\/#breadcrumb","itemListElement":[{"@type":"ListItem","position":1,"name":"Home","item":"https:\/\/www.calabrio.com\/de\/"},{"@type":"ListItem","position":2,"name":"Ventana Research Agent Management Value Index"}]},{"@type":"WebSite","@id":"https:\/\/www.calabrio.com\/fr\/#website","url":"https:\/\/www.calabrio.com\/fr\/","name":"Calabrio","description":"Workforce Engagement Management Software","publisher":{"@id":"https:\/\/www.calabrio.com\/fr\/#organization"},"potentialAction":[{"@type":"SearchAction","target":{"@type":"EntryPoint","urlTemplate":"https:\/\/www.calabrio.com\/fr\/?s={search_term_string}"},"query-input":{"@type":"PropertyValueSpecification","valueRequired":true,"valueName":"search_term_string"}}],"inLanguage":"de"},{"@type":"Organization","@id":"https:\/\/www.calabrio.com\/fr\/#organization","name":"Calabrio","url":"https:\/\/www.calabrio.com\/fr\/","logo":{"@type":"ImageObject","inLanguage":"de","@id":"https:\/\/www.calabrio.com\/fr\/#\/schema\/logo\/image\/","url":"https:\/\/www.calabrio.com\/wp-content\/uploads\/2025\/01\/Group-1707478765.png","contentUrl":"https:\/\/www.calabrio.com\/wp-content\/uploads\/2025\/01\/Group-1707478765.png","width":1360,"height":984,"caption":"Calabrio"},"image":{"@id":"https:\/\/www.calabrio.com\/fr\/#\/schema\/logo\/image\/"},"sameAs":["https:\/\/www.facebook.com\/pages\/Calabrio\/312159772174664","https:\/\/x.com\/calabrio","https:\/\/www.linkedin.com\/company\/calabrio"]}]}},"featured_image_src":null,"featured_image_src_square":null,"_links":{"self":[{"href":"https:\/\/www.calabrio.com\/de\/wp-json\/wp\/v2\/pages\/23210","targetHints":{"allow":["GET"]}}],"collection":[{"href":"https:\/\/www.calabrio.com\/de\/wp-json\/wp\/v2\/pages"}],"about":[{"href":"https:\/\/www.calabrio.com\/de\/wp-json\/wp\/v2\/types\/page"}],"author":[{"embeddable":true,"href":"https:\/\/www.calabrio.com\/de\/wp-json\/wp\/v2\/users\/231"}],"replies":[{"embeddable":true,"href":"https:\/\/www.calabrio.com\/de\/wp-json\/wp\/v2\/comments?post=23210"}],"version-history":[{"count":0,"href":"https:\/\/www.calabrio.com\/de\/wp-json\/wp\/v2\/pages\/23210\/revisions"}],"wp:attachment":[{"href":"https:\/\/www.calabrio.com\/de\/wp-json\/wp\/v2\/media?parent=23210"}],"curies":[{"name":"wp","href":"https:\/\/api.w.org\/{rel}","templated":true}]}}