
{"id":23216,"date":"2025-02-10T21:37:48","date_gmt":"2025-02-10T21:37:48","guid":{"rendered":"https:\/\/www.calabrio.com\/bericht-zur-gesundheit-des-contact-centers\/"},"modified":"2025-07-14T05:37:26","modified_gmt":"2025-07-14T05:37:26","slug":"bericht-zur-gesundheit-des-contact-centers","status":"publish","type":"page","link":"https:\/\/www.calabrio.com\/de\/bericht-zur-gesundheit-des-contact-centers\/","title":{"rendered":"Bericht zur Gesundheit des Contact Centers"},"content":{"rendered":"\n<section\n\tid=\"\"\n\tclass=\"flex flex-col lg:flex-row justify-center items-stretch\"\n\tdata-theme-block-id=\"block_c2a123a4654256de59bb76ed49e87f82\"\n\tdata-aos=\"fade-up\"\n>\n\t\t<div\n\t\tclass=\"hero-with-form__left w-full lg:w-1\/2\"\n\t\tstyle=\"background-color: #D2F3FA\"\n\t>\n\t\t\t\t\t<div class=\"p-l\/xxl md:px-c\/xxl md:py-0 lg:p-c\/xxl lg:my-l\/m\">\n\t\t\t\t<div class=\"flex flex-col gap-c\/l md:py-l\/m\">\n\t\t\t\t\t\t\t\t\t\t\t<h1 >\n\t\t\t\t\t\t\t\n<p class=\"eyebrow lint-ignore flex items-center justify-center py-c\/s gap-c\/s subhead-small text-text-highlight-aaa\" >\n\t<span class=\"eyebrow__icon icon icon text-icon-highlight [&amp;_svg]:w-[var(--Base-Grid-Grid-24)] [&amp;_svg]:h-[var(--Base-Grid-Grid-24)] flex items-center rounded-full bg-background-secondary\"\n\taria-hidden=\"true\">\n\t<svg xmlns=\"http:\/\/www.w3.org\/2000\/svg\" fill=\"none\" viewBox=\"0 0 23 16\"><path fill=\"currentColor\" d=\"M19.951 7.816c-1.822-.208-4.275-.992-5.883-2.712C12.845 3.8 11.918 1.88 11.688 0h-.377c-.222 1.88-1.157 3.8-2.38 5.104-1.608 1.72-4.061 2.504-5.883 2.712-.902.104-2.215.128-2.215.128v.112s1.321.024 2.215.128c1.822.208 4.275.992 5.883 2.712 1.223 1.304 2.15 3.224 2.38 5.104h.377c.222-1.88 1.157-3.8 2.38-5.104 1.608-1.72 4.061-2.504 5.883-2.712.902-.104 2.215-.128 2.215-.128v-.112s-1.32-.024-2.215-.128Z\"\/><\/svg>\n\t<\/span>\n\n\t<span class=\"eyebrow__content\">Calabrio Research<\/span>\n<\/p>\n\t\t\t\t\t\t<\/h1>\n\t\t\t\t\t\n\t\t\t\t\t\t\t\t\t\t<h2 style=\"color: #080F21\"\n\t\t\t\t\tclass=\"heading-medium text-center\">\n\t\t\t\t\t\tGesundheit des Contact Centers\t\t\t\t<\/h2>\n\t\t\t\t\n\t\t\t\t\t\t\t\t\t<div style=\"color: #344679\" class=\"wysiwyg text-center\">\n\t\t\t\t\t\t<p>Agent Wellbeing und die gro\u00dfe Resignation<\/p>\n\t\t\t\t\t<\/div>\n\t\t\t\t\t\t\t<\/div>\n\t\t\t<\/div>\n\t\t\n\t\t\t\t<\/div>\n\t\n\t\t\t<div\n\t\t\tclass=\"w-full lg:w-1\/2 flex items-center hero-with-form__right\"\n\t\t\tstyle=\"\"\n\t\t>\n\t\t\t<iframe id=\"hero_form\" src=\"https:\/\/info.calabrio.com\/l\/134381\/2021-06-03\/63b3wq\" width=\"100%\" height=\"600px\" frameborder=\"0\"><\/iframe>\t\t<\/div>\n\t<\/section>\n\n\t<style>\n\t[data-theme-block-id=\"block_c2a123a4654256de59bb76ed49e87f82\"] {\n\t\t@media only screen and (max-width: 743px) {\n\t\t\t\t\t\t\t\t}\n\t\t@media only screen and (min-width: 744px) {\n\t\t\t\t\t\t\t\t}\n\t}\n\t<\/style>\n\n<section\n\tid=\"\"\n\tdata-theme-block-id=\"block_ec4f5ae34ad88099084cfad03eb895db\"\n\tstyle=\"\"\n\t>\n\t\t<div class=\"section-header lint-ignore\" style=\"\">\n\t\t<div class=\"container\">\n\t\t\t<div class=\"w-full xl:px-page-margin py-l\/m md:pt-0 lg:py-l\/m mx-auto text-center flex flex-col gap-c\/l\">\n\t\t\t\t\n\t\t\t\t\t\t<h2\t\t\tstyle=\"color: #080F21\"\n\t\t\tclass=\"Kurs-mittel text-primary\"\n\t\t\tdata-aos=\"fade-up\"\n\t\t\t>\n\t\t\t\t1 von 3 Agenten erw\u00e4gt, Ihr Contact Center zu verlassen. Wissen Sie, was Sie tun m\u00fcssen, um sie zu halten?  \t\t<\/h2 >\n\t\t\n\t\t\t\t\t<div\n\t\t\t\tclass=\"wysiwyg--large text-navy-40\"\n\t\t\t\tstyle=\"color: #344679\"\n\t\t\t\tdata-aos=\"fade-up\"\n\t\t\t>\n\t\t\t\t<p>In den letzten zwei Jahren hat das Contact Center einen rasanten, transformativen Wandel durchgemacht &#8211; mit dem \u00dcbergang zu flexibler Arbeit und Cloud-gest\u00fctztem Betrieb. Aber wie wirken sich all diese Ver\u00e4nderungen auf die Agenten aus?  <\/p>\n\t\t\t<\/div>\n\t\t\n\t\t\t\t<\/div>\n\t\t<\/div>\n\t<\/div>\n\n\t\t<style>\n\t[data-theme-block-id=\"block_ec4f5ae34ad88099084cfad03eb895db\"] {\n\t\t@media only screen and (max-width: 743px) {\n\t\t\t\t\t\t\t\t\t\tpadding-bottom: benutzerdefiniertepx !important;\n\t\t\t\t\t}\n\t\t@media only screen and (min-width: 744px) {\n\t\t\t\t\t\t\tpadding-top: 96px !important;\n\t\t\t\t\t\t\t\t\t\tpadding-bottom: benutzerdefiniertepx !important;\n\t\t\t\t\t}\n\t}\n\t<\/style>\n<\/section>\n\n\t<style>\n\t[data-theme-block-id=\"block_ec4f5ae34ad88099084cfad03eb895db\"] {\n\t\t@media only screen and (max-width: 743px) {\n\t\t\t\t\t\t\t\t\t\tpadding-bottom: benutzerdefiniertepx !important;\n\t\t\t\t\t}\n\t\t@media only screen and (min-width: 744px) {\n\t\t\t\t\t\t\tpadding-top: 96px !important;\n\t\t\t\t\t\t\t\t\t\tpadding-bottom: benutzerdefiniertepx !important;\n\t\t\t\t\t}\n\t}\n\t<\/style>\n\n\n<section\n\tclass=\"container text-image-with-cards flex flex-col gap-l\/xxl md:gap-0\"\n\tid=\"\"\n\tdata-theme-block-id=\"block_84f5bcce008c37dfdaa81beee1c377c4\"\n\tdata-aos=\"fade-up\"\n>\n\t<div style=\"background-color: #FFFFFF\" class=\"z-[1] flex flex-col-reverse gap-l\/m md:flex-row md:gap-0 py-c\/xxl\">\n\t\t\t\t\t<div class=\"flex items-center md:pt-l\/m md:pr-l\/m md:pb-l\/m w-full md:w-[51%]\">\n\t\t\t\t<div class=\"flex flex-col md:pb-l\/xs gap-c\/m\">\n\t\t\t\t\t\t\t\t\t\t\t\t\t\t\t\t<div style=\"color: #344679\" class=\"text-image-with-cards__description wysiwyg overflow-ellipsis md:line-clamp-none\"><p>Um das herauszufinden, befragte Calabrio Agenten zu Ver\u00e4nderungen in ihrer Einstellung zu ihrer Arbeit und ihren Arbeitgebern. Unser Forschungsbericht, Health of the Contact Center: Agent Wellbeing and the Great Resignation, zeigt klare Trends auf, wie es den Agenten geht und was sie dazu bringt, sich der Great Resignation anzuschlie\u00dfen.<\/p>\n<p>&nbsp;<\/p>\n<p>Lesen Sie es, um zu lernen:<\/p>\n<ul>\n<li>Was tr\u00e4gt zum Anstieg des Stressniveaus der Agenten bei?<\/li>\n<li>Welche Technologien den Agenten wirklich helfen &#8211; und wo die Technik noch versagt<\/li>\n<li>Was die langfristige Zufriedenheit und die Bindung der Agenten an das Unternehmen f\u00f6rdert<\/li>\n<\/ul>\n<p>Laden Sie den Bericht jetzt herunter, um zu erfahren, was Agenten \u00fcber den Zustand ihrer Contact Center sagen, und um herauszufinden, wie Sie diese Daten nutzen k\u00f6nnen, um die Kundenbindung in Ihrem Unternehmen zu erh\u00f6hen.<\/p>\n<p>&nbsp;<\/p>\n<p><a class=\"btn-primary\" href=\"#hero_form\">Laden Sie den Bericht herunter<\/a><\/p>\n<\/div>\n\t\t\t\t\t\t\t\t\t<\/div>\n\t\t\t<\/div>\n\t\t\n\t\t\t\t\t<div class=\"relative w-full md:w-[49%] aspect-square\">\n\t\t\t\t<div class=\"js-wrap image lint-ignore\n\tz-[2] w-full h-full image--cover\t\" data-module=\"image\" >\n\t<img decoding=\"async\" class=\"image__img \" src=\"data:image\/gif;base64,R0lGODlhAQABAIAAAAAAAP\/\/\/yH5BAEAAAAALAAAAAABAAEAAAIBRAA7\" data-normal=\"https:\/\/www.calabrio.com\/wp-content\/uploads\/2025\/01\/AdobeStock_600690322-scaled-e1735861175179.jpeg\" data-retina=\"https:\/\/www.calabrio.com\/wp-content\/uploads\/2025\/01\/AdobeStock_600690322-scaled-e1735861175179.jpeg\" data-srcset=\"https:\/\/www.calabrio.com\/wp-content\/uploads\/2025\/01\/AdobeStock_600690322-scaled-e1735861175179.jpeg\" alt=\"\" ><\/div>\n\t\t\t\t<div class=\"z-[3] hidden xl:block absolute w-[calc(100%\/588*257)] aspect-[257\/664] -top-[calc(100%\/49*3)] left-[calc(100%\/49*18)]\" aria-hidden=\"true\">\n\t\t\t\t\t<svg class=\"w-full h-full\" viewBox=\"0 0 257 664\" fill=\"none\" xmlns=\"http:\/\/www.w3.org\/2000\/svg\">\n<rect x=\"193\" y=\"664\" width=\"32\" height=\"168\" rx=\"4.27443\" transform=\"rotate(-180 193 664)\" fill=\"#D2F3FA\"\/>\n<rect x=\"257\" y=\"632\" width=\"32\" height=\"55\" rx=\"4.27443\" transform=\"rotate(-180 257 632)\" fill=\"#3A7683\"\/>\n<rect width=\"32\" height=\"108.669\" rx=\"4.27443\" transform=\"matrix(-1 4.26491e-08 -4.37114e-08 1 32.0001 0)\" fill=\"#6D92FE\"\/>\n<\/svg>\n\t\t\t\t<\/div>\n\t\t\t\t<div class=\"hidden xl:block absolute w-[calc(100%\/588*102)] aspect-[102\/743] -top-[calc(100%\/6)] right-[calc(100%\/294*31)]\" aria-hidden=\"true\">\n\t\t\t\t\t<svg class=\"w-full h-full\" viewBox=\"0 0 103 744\" fill=\"none\" xmlns=\"http:\/\/www.w3.org\/2000\/svg\">\n<rect width=\"32\" height=\"189\" rx=\"4.27443\" transform=\"matrix(-1 4.26491e-08 -4.37114e-08 1 78.5898 554.328)\" fill=\"#B8CAF9\"\/>\n<rect x=\"102.5\" y=\"287.777\" width=\"32\" height=\"287.448\" rx=\"4.27443\" transform=\"rotate(-180 102.5 287.777)\" fill=\"#6D92FE\"\/>\n<rect x=\"32.5\" y=\"234.33\" width=\"32\" height=\"194\" rx=\"4.27443\" transform=\"rotate(-180 32.5 234.33)\" fill=\"#8DDAEB\"\/>\n<\/svg>\n\t\t\t\t<\/div>\n\t\t\t<\/div>\n\t\t\t<\/div>\n\n\t\t\t<div class='z-0 block w-[calc(100vw)] md:py-l\/m lg:w-full -ml-page-margin lg:-ml-0'>\n\t\t\t\n\t<section\n\tclass=\"swiper  swiper--navigation-rounded swiper--lg-hide-navigation swiper--margin-left\"\n\tdata-module=\"carousel-grid\"\n\tdata-swiper-options='{\"slidesPerView\":1.246,\"spaceBetween\":16,\"breakpoints\":{\"744\":{\"slidesPerView\":2,\"spaceBetween\":16},\"1024\":{\"enabled\":false}},\"navigation\":{\"nextEl\":\".swiper-button-next\",\"prevEl\":\".swiper-button-prev\"},\"navCenteredImage\":true}'\n\tdata-aos=\"\"\n\tdata-aos-duration=\"\"\n\t>\n\t<div class=\"swiper-wrapper w-full lg:!grid lg:gap-l\/xs lg:grid-cols-3\">\n\t\n<div\n\tclass=\"card-image flex flex-col gap-c\/m swiper-slide !h-auto border-b-thin border-stroke-secondary lint-ignore\"\n\tstyle=\"background-color: #FFFFFF\"\n\t>\n\t<div class=\"js-wrap image lint-ignore\n\tcard-image__image absolute  aspect-[10\/9] md:aspect-[184\/143] image--cover\t\" data-module=\"image\" loading=lazy >\n\t<img decoding=\"async\" class=\"image__img \" src=\"data:image\/gif;base64,R0lGODlhAQABAIAAAAAAAP\/\/\/yH5BAEAAAAALAAAAAABAAEAAAIBRAA7\" data-normal=\"https:\/\/www.calabrio.com\/wp-content\/uploads\/2025\/01\/Group-1707478765.png\" data-retina=\"https:\/\/www.calabrio.com\/wp-content\/uploads\/2025\/01\/Group-1707478765.png\" data-srcset=\"https:\/\/www.calabrio.com\/wp-content\/uploads\/2025\/01\/Group-1707478765.png 1360w, https:\/\/www.calabrio.com\/wp-content\/uploads\/2025\/01\/Group-1707478765-300x217.png 300w, https:\/\/www.calabrio.com\/wp-content\/uploads\/2025\/01\/Group-1707478765-1024x741.png 1024w, https:\/\/www.calabrio.com\/wp-content\/uploads\/2025\/01\/Group-1707478765-768x556.png 768w\" alt=\"\" ><\/div>\n\n\t<\/div>\n\n<div\n\tclass=\"card-image flex flex-col gap-c\/m swiper-slide !h-auto border-b-thin border-stroke-secondary lint-ignore\"\n\tstyle=\"background-color: #FFFFFF\"\n\t>\n\t<div class=\"js-wrap image lint-ignore\n\tcard-image__image absolute  aspect-[10\/9] md:aspect-[184\/143] image--cover\t\" data-module=\"image\" loading=lazy >\n\t<img decoding=\"async\" class=\"image__img \" src=\"data:image\/gif;base64,R0lGODlhAQABAIAAAAAAAP\/\/\/yH5BAEAAAAALAAAAAABAAEAAAIBRAA7\" data-normal=\"https:\/\/www.calabrio.com\/wp-content\/uploads\/2025\/01\/Group-1707478765.png\" data-retina=\"https:\/\/www.calabrio.com\/wp-content\/uploads\/2025\/01\/Group-1707478765.png\" data-srcset=\"https:\/\/www.calabrio.com\/wp-content\/uploads\/2025\/01\/Group-1707478765.png 1360w, https:\/\/www.calabrio.com\/wp-content\/uploads\/2025\/01\/Group-1707478765-300x217.png 300w, https:\/\/www.calabrio.com\/wp-content\/uploads\/2025\/01\/Group-1707478765-1024x741.png 1024w, https:\/\/www.calabrio.com\/wp-content\/uploads\/2025\/01\/Group-1707478765-768x556.png 768w\" alt=\"\" ><\/div>\n\n\t<\/div>\n\n<div\n\tclass=\"card-image flex flex-col gap-c\/m swiper-slide !h-auto border-b-thin border-stroke-secondary lint-ignore\"\n\tstyle=\"background-color: #FFFFFF\"\n\t>\n\t<div class=\"js-wrap image lint-ignore\n\tcard-image__image absolute  aspect-[10\/9] md:aspect-[184\/143] image--cover\t\" data-module=\"image\" loading=lazy >\n\t<img decoding=\"async\" class=\"image__img \" src=\"data:image\/gif;base64,R0lGODlhAQABAIAAAAAAAP\/\/\/yH5BAEAAAAALAAAAAABAAEAAAIBRAA7\" data-normal=\"https:\/\/www.calabrio.com\/wp-content\/uploads\/2025\/01\/Group-1707478765.png\" data-retina=\"https:\/\/www.calabrio.com\/wp-content\/uploads\/2025\/01\/Group-1707478765.png\" data-srcset=\"https:\/\/www.calabrio.com\/wp-content\/uploads\/2025\/01\/Group-1707478765.png 1360w, https:\/\/www.calabrio.com\/wp-content\/uploads\/2025\/01\/Group-1707478765-300x217.png 300w, https:\/\/www.calabrio.com\/wp-content\/uploads\/2025\/01\/Group-1707478765-1024x741.png 1024w, https:\/\/www.calabrio.com\/wp-content\/uploads\/2025\/01\/Group-1707478765-768x556.png 768w\" alt=\"\" ><\/div>\n\n\t<\/div>\n\t<\/div>\n\t\n\t\t\t\t\t<button\n\t\t\t\tclass=\"swiper-button-prev\"\n\t\t\t\taria-label=\"\"\n\t\t\t>\n\t\t\t\t<span class=\"sr-only\">Zum vorherigen Karussell-Dia wechseln<\/span>\n\t\t\t<\/button>\n\t\t\t<button\n\t\t\t\tclass=\"swiper-button-next\"\n\t\t\t\taria-label=\"\"\n\t\t\t>\n\t\t\t\t<span class=\"sr-only\">Zum n\u00e4chsten Karussell-Dia wechseln<\/span>\n\t\t\t<\/button>\n\t\t\n\t\n\t\t<\/section>\n\t\t<\/div>\n\t<\/section>\n\n\t<style>\n\t[data-theme-block-id=\"block_84f5bcce008c37dfdaa81beee1c377c4\"] {\n\t\t@media only screen and (max-width: 743px) {\n\t\t\t\t\t\t\tpadding-top: benutzerdefiniertepx !important;\n\t\t\t\t\t\t\t\t\t\tpadding-bottom: 80px !important;\n\t\t\t\t\t}\n\t\t@media only screen and (min-width: 744px) {\n\t\t\t\t\t\t\tpadding-top: benutzerdefiniertepx !important;\n\t\t\t\t\t\t\t\t\t\tpadding-bottom: 96px !important;\n\t\t\t\t\t}\n\t}\n\t<\/style>\n","protected":false},"excerpt":{"rendered":"","protected":false},"author":231,"featured_media":0,"parent":0,"menu_order":0,"comment_status":"closed","ping_status":"closed","template":"","meta":{"_acf_changed":false,"om_disable_all_campaigns":false,"footnotes":""},"class_list":["post-23216","page","type-page","status-publish","hentry"],"acf":[],"yoast_head":"<!-- This site is optimized with the Yoast SEO Premium plugin v27.4 (Yoast SEO v27.4) - https:\/\/yoast.com\/product\/yoast-seo-premium-wordpress\/ -->\n<title>Bericht zur Gesundheit des Contact Centers<\/title>\n<meta name=\"robots\" content=\"index, follow, max-snippet:-1, max-image-preview:large, max-video-preview:-1\" \/>\n<link rel=\"canonical\" href=\"https:\/\/www.calabrio.com\/agent-wellbeing-survey\/\" \/>\n<meta property=\"og:locale\" content=\"de_DE\" \/>\n<meta property=\"og:type\" content=\"article\" \/>\n<meta property=\"og:title\" content=\"Bericht zur Gesundheit des Contact Centers\" \/>\n<meta property=\"og:url\" content=\"https:\/\/www.calabrio.com\/agent-wellbeing-survey\/\" \/>\n<meta property=\"og:site_name\" content=\"Calabrio\" \/>\n<meta property=\"article:publisher\" content=\"https:\/\/www.facebook.com\/pages\/Calabrio\/312159772174664\" \/>\n<meta property=\"article:modified_time\" content=\"2025-07-14T05:37:26+00:00\" \/>\n<meta property=\"og:image\" content=\"https:\/\/www.calabrio.com\/wp-content\/uploads\/2025\/01\/Group-1707478745.png\" \/>\n\t<meta property=\"og:image:width\" content=\"2040\" \/>\n\t<meta property=\"og:image:height\" content=\"1476\" \/>\n\t<meta property=\"og:image:type\" content=\"image\/png\" \/>\n<meta name=\"twitter:card\" content=\"summary_large_image\" \/>\n<meta name=\"twitter:site\" content=\"@calabrio\" \/>\n<script type=\"application\/ld+json\" class=\"yoast-schema-graph\">{\"@context\":\"https:\\\/\\\/schema.org\",\"@graph\":[{\"@type\":\"WebPage\",\"@id\":\"https:\\\/\\\/www.calabrio.com\\\/agent-wellbeing-survey\\\/\",\"url\":\"https:\\\/\\\/www.calabrio.com\\\/agent-wellbeing-survey\\\/\",\"name\":\"Bericht zur Gesundheit des Contact Centers\",\"isPartOf\":{\"@id\":\"https:\\\/\\\/www.calabrio.com\\\/fr\\\/#website\"},\"datePublished\":\"2025-02-10T21:37:48+00:00\",\"dateModified\":\"2025-07-14T05:37:26+00:00\",\"breadcrumb\":{\"@id\":\"https:\\\/\\\/www.calabrio.com\\\/agent-wellbeing-survey\\\/#breadcrumb\"},\"inLanguage\":\"de\",\"potentialAction\":[{\"@type\":\"ReadAction\",\"target\":[\"https:\\\/\\\/www.calabrio.com\\\/agent-wellbeing-survey\\\/\"]}]},{\"@type\":\"BreadcrumbList\",\"@id\":\"https:\\\/\\\/www.calabrio.com\\\/agent-wellbeing-survey\\\/#breadcrumb\",\"itemListElement\":[{\"@type\":\"ListItem\",\"position\":1,\"name\":\"Home\",\"item\":\"https:\\\/\\\/www.calabrio.com\\\/de\\\/\"},{\"@type\":\"ListItem\",\"position\":2,\"name\":\"Bericht zur Gesundheit des Contact Centers\"}]},{\"@type\":\"WebSite\",\"@id\":\"https:\\\/\\\/www.calabrio.com\\\/fr\\\/#website\",\"url\":\"https:\\\/\\\/www.calabrio.com\\\/fr\\\/\",\"name\":\"Calabrio\",\"description\":\"Workforce Engagement Management Software\",\"publisher\":{\"@id\":\"https:\\\/\\\/www.calabrio.com\\\/fr\\\/#organization\"},\"potentialAction\":[{\"@type\":\"SearchAction\",\"target\":{\"@type\":\"EntryPoint\",\"urlTemplate\":\"https:\\\/\\\/www.calabrio.com\\\/fr\\\/?s={search_term_string}\"},\"query-input\":{\"@type\":\"PropertyValueSpecification\",\"valueRequired\":true,\"valueName\":\"search_term_string\"}}],\"inLanguage\":\"de\"},{\"@type\":\"Organization\",\"@id\":\"https:\\\/\\\/www.calabrio.com\\\/fr\\\/#organization\",\"name\":\"Calabrio\",\"url\":\"https:\\\/\\\/www.calabrio.com\\\/fr\\\/\",\"logo\":{\"@type\":\"ImageObject\",\"inLanguage\":\"de\",\"@id\":\"https:\\\/\\\/www.calabrio.com\\\/fr\\\/#\\\/schema\\\/logo\\\/image\\\/\",\"url\":\"https:\\\/\\\/www.calabrio.com\\\/wp-content\\\/uploads\\\/2025\\\/01\\\/Group-1707478765.png\",\"contentUrl\":\"https:\\\/\\\/www.calabrio.com\\\/wp-content\\\/uploads\\\/2025\\\/01\\\/Group-1707478765.png\",\"width\":1360,\"height\":984,\"caption\":\"Calabrio\"},\"image\":{\"@id\":\"https:\\\/\\\/www.calabrio.com\\\/fr\\\/#\\\/schema\\\/logo\\\/image\\\/\"},\"sameAs\":[\"https:\\\/\\\/www.facebook.com\\\/pages\\\/Calabrio\\\/312159772174664\",\"https:\\\/\\\/x.com\\\/calabrio\",\"https:\\\/\\\/www.linkedin.com\\\/company\\\/calabrio\"]}]}<\/script>\n<!-- \/ Yoast SEO Premium plugin. -->","yoast_head_json":{"title":"Bericht zur Gesundheit des Contact Centers","robots":{"index":"index","follow":"follow","max-snippet":"max-snippet:-1","max-image-preview":"max-image-preview:large","max-video-preview":"max-video-preview:-1"},"canonical":"https:\/\/www.calabrio.com\/agent-wellbeing-survey\/","og_locale":"de_DE","og_type":"article","og_title":"Bericht zur Gesundheit des Contact Centers","og_url":"https:\/\/www.calabrio.com\/agent-wellbeing-survey\/","og_site_name":"Calabrio","article_publisher":"https:\/\/www.facebook.com\/pages\/Calabrio\/312159772174664","article_modified_time":"2025-07-14T05:37:26+00:00","og_image":[{"width":2040,"height":1476,"url":"https:\/\/www.calabrio.com\/wp-content\/uploads\/2025\/01\/Group-1707478745.png","type":"image\/png"}],"twitter_card":"summary_large_image","twitter_site":"@calabrio","schema":{"@context":"https:\/\/schema.org","@graph":[{"@type":"WebPage","@id":"https:\/\/www.calabrio.com\/agent-wellbeing-survey\/","url":"https:\/\/www.calabrio.com\/agent-wellbeing-survey\/","name":"Bericht zur Gesundheit des Contact Centers","isPartOf":{"@id":"https:\/\/www.calabrio.com\/fr\/#website"},"datePublished":"2025-02-10T21:37:48+00:00","dateModified":"2025-07-14T05:37:26+00:00","breadcrumb":{"@id":"https:\/\/www.calabrio.com\/agent-wellbeing-survey\/#breadcrumb"},"inLanguage":"de","potentialAction":[{"@type":"ReadAction","target":["https:\/\/www.calabrio.com\/agent-wellbeing-survey\/"]}]},{"@type":"BreadcrumbList","@id":"https:\/\/www.calabrio.com\/agent-wellbeing-survey\/#breadcrumb","itemListElement":[{"@type":"ListItem","position":1,"name":"Home","item":"https:\/\/www.calabrio.com\/de\/"},{"@type":"ListItem","position":2,"name":"Bericht zur Gesundheit des Contact Centers"}]},{"@type":"WebSite","@id":"https:\/\/www.calabrio.com\/fr\/#website","url":"https:\/\/www.calabrio.com\/fr\/","name":"Calabrio","description":"Workforce Engagement Management Software","publisher":{"@id":"https:\/\/www.calabrio.com\/fr\/#organization"},"potentialAction":[{"@type":"SearchAction","target":{"@type":"EntryPoint","urlTemplate":"https:\/\/www.calabrio.com\/fr\/?s={search_term_string}"},"query-input":{"@type":"PropertyValueSpecification","valueRequired":true,"valueName":"search_term_string"}}],"inLanguage":"de"},{"@type":"Organization","@id":"https:\/\/www.calabrio.com\/fr\/#organization","name":"Calabrio","url":"https:\/\/www.calabrio.com\/fr\/","logo":{"@type":"ImageObject","inLanguage":"de","@id":"https:\/\/www.calabrio.com\/fr\/#\/schema\/logo\/image\/","url":"https:\/\/www.calabrio.com\/wp-content\/uploads\/2025\/01\/Group-1707478765.png","contentUrl":"https:\/\/www.calabrio.com\/wp-content\/uploads\/2025\/01\/Group-1707478765.png","width":1360,"height":984,"caption":"Calabrio"},"image":{"@id":"https:\/\/www.calabrio.com\/fr\/#\/schema\/logo\/image\/"},"sameAs":["https:\/\/www.facebook.com\/pages\/Calabrio\/312159772174664","https:\/\/x.com\/calabrio","https:\/\/www.linkedin.com\/company\/calabrio"]}]}},"featured_image_src":null,"featured_image_src_square":null,"_links":{"self":[{"href":"https:\/\/www.calabrio.com\/de\/wp-json\/wp\/v2\/pages\/23216","targetHints":{"allow":["GET"]}}],"collection":[{"href":"https:\/\/www.calabrio.com\/de\/wp-json\/wp\/v2\/pages"}],"about":[{"href":"https:\/\/www.calabrio.com\/de\/wp-json\/wp\/v2\/types\/page"}],"author":[{"embeddable":true,"href":"https:\/\/www.calabrio.com\/de\/wp-json\/wp\/v2\/users\/231"}],"replies":[{"embeddable":true,"href":"https:\/\/www.calabrio.com\/de\/wp-json\/wp\/v2\/comments?post=23216"}],"version-history":[{"count":0,"href":"https:\/\/www.calabrio.com\/de\/wp-json\/wp\/v2\/pages\/23216\/revisions"}],"wp:attachment":[{"href":"https:\/\/www.calabrio.com\/de\/wp-json\/wp\/v2\/media?parent=23216"}],"curies":[{"name":"wp","href":"https:\/\/api.w.org\/{rel}","templated":true}]}}