
{"id":23219,"date":"2025-02-10T21:48:15","date_gmt":"2025-02-10T21:48:15","guid":{"rendered":"https:\/\/www.calabrio.com\/toolkit-zur-wertrealisierung\/"},"modified":"2025-07-14T05:37:41","modified_gmt":"2025-07-14T05:37:41","slug":"toolkit-zur-wertrealisierung","status":"publish","type":"page","link":"https:\/\/www.calabrio.com\/de\/toolkit-zur-wertrealisierung\/","title":{"rendered":"Toolkit zur Wertrealisierung"},"content":{"rendered":"\n<section\n\tid=\"\"\n\tclass=\"flex flex-col lg:flex-row justify-center items-stretch\"\n\tdata-theme-block-id=\"block_a1a82fc9538708c6d7d37e03e3d115f8\"\n\tdata-aos=\"fade-up\"\n>\n\t\t<div\n\t\tclass=\"hero-with-form__left w-full lg:w-1\/2\"\n\t\tstyle=\"background-color: #D2F3FA\"\n\t>\n\t\t\t\t\t<div class=\"p-l\/xxl md:px-c\/xxl md:py-0 lg:p-c\/xxl lg:my-l\/m\">\n\t\t\t\t<div class=\"flex flex-col gap-c\/l md:py-l\/m\">\n\t\t\t\t\t\t\t\t\t\t\t<h1 >\n\t\t\t\t\t\t\t\n<p class=\"eyebrow lint-ignore flex items-center justify-center py-c\/s gap-c\/s subhead-small text-text-highlight-aaa\" >\n\t<span class=\"eyebrow__icon icon icon text-icon-highlight [&amp;_svg]:w-[var(--Base-Grid-Grid-24)] [&amp;_svg]:h-[var(--Base-Grid-Grid-24)] flex items-center rounded-full bg-background-secondary\"\n\taria-hidden=\"true\">\n\t<svg xmlns=\"http:\/\/www.w3.org\/2000\/svg\" fill=\"none\" viewBox=\"0 0 23 16\"><path fill=\"currentColor\" d=\"M19.951 7.816c-1.822-.208-4.275-.992-5.883-2.712C12.845 3.8 11.918 1.88 11.688 0h-.377c-.222 1.88-1.157 3.8-2.38 5.104-1.608 1.72-4.061 2.504-5.883 2.712-.902.104-2.215.128-2.215.128v.112s1.321.024 2.215.128c1.822.208 4.275.992 5.883 2.712 1.223 1.304 2.15 3.224 2.38 5.104h.377c.222-1.88 1.157-3.8 2.38-5.104 1.608-1.72 4.061-2.504 5.883-2.712.902-.104 2.215-.128 2.215-.128v-.112s-1.32-.024-2.215-.128Z\"\/><\/svg>\n\t<\/span>\n\n\t<span class=\"eyebrow__content\">Toolkit<\/span>\n<\/p>\n\t\t\t\t\t\t<\/h1>\n\t\t\t\t\t\n\t\t\t\t\t\t\t\t\t\t<h2 style=\"color: #080F21\"\n\t\t\t\t\tclass=\"heading-medium text-center\">\n\t\t\t\t\t\tToolkit zur Wertrealisierung\t\t\t\t<\/h2>\n\t\t\t\t\n\t\t\t\t\t\t\t\t\t<div style=\"color: #344679\" class=\"wysiwyg text-center\">\n\t\t\t\t\t\t<p>Unverzichtbare Ressourcen, die Ihnen helfen, mit den richtigen Contact Center-Technologien mehr zu erreichen und weniger zu bereuen.<\/p>\n\t\t\t\t\t<\/div>\n\t\t\t\t\t\t\t<\/div>\n\t\t\t<\/div>\n\t\t\n\t\t\t\t<\/div>\n\t\n\t\t\t<div\n\t\t\tclass=\"w-full lg:w-1\/2 flex items-center hero-with-form__right\"\n\t\t\tstyle=\"\"\n\t\t>\n\t\t\t<iframe id=\"hero_form\" src=\"https:\/\/info.calabrio.com\/l\/134381\/2018-08-02\/42gdw4\" width=\"100%\" height=\"600px\" frameborder=\"0\"><\/iframe>\t\t<\/div>\n\t<\/section>\n\n\t<style>\n\t[data-theme-block-id=\"block_a1a82fc9538708c6d7d37e03e3d115f8\"] {\n\t\t@media only screen and (max-width: 743px) {\n\t\t\t\t\t\t\t\t}\n\t\t@media only screen and (min-width: 744px) {\n\t\t\t\t\t\t\t\t}\n\t}\n\t<\/style>\n\n\n<section\n\tclass=\"container text-image-with-cards flex flex-col gap-l\/xxl md:gap-0\"\n\tid=\"\"\n\tdata-theme-block-id=\"block_260b22c3c76d15027b00acfc45b67ef1\"\n\tdata-aos=\"fade-up\"\n>\n\t<div style=\"background-color: #FFFFFF\" class=\"z-[1] flex flex-col-reverse gap-l\/m md:flex-row md:gap-0 py-c\/xxl\">\n\t\t\t\t\t<div class=\"flex items-center md:pt-l\/m md:pr-l\/m md:pb-l\/m w-full md:w-[51%]\">\n\t\t\t\t<div class=\"flex flex-col md:pb-l\/xs gap-c\/m\">\n\t\t\t\t\t\t\t\t\t\t\t\t\t\t\t\t<div style=\"color: #344679\" class=\"text-image-with-cards__description wysiwyg overflow-ellipsis md:line-clamp-none\"><p>Contact Center m\u00fcssen die technologische Transformation beschleunigen, um Kunden (und Mitarbeitern) die n\u00e4chste Generation von Erlebnissen zu erm\u00f6glichen, die betriebliche Effizienz zu steigern und die wichtigen Kundeninformationen zu liefern, nach denen sich der Rest des Unternehmens sehnt.<\/p>\n<p>Aber jetzt m\u00fcssen Sie mehr denn je sicherstellen, dass Sie intelligente, gesch\u00fctzte technische Investitionen t\u00e4tigen. Sie brauchen eine Technologie, die das tut, was Sie brauchen, die mit minimaler Unterbrechung des Alltagsbetriebs eingesetzt werden kann und die innerhalb eines realistischen Zeitrahmens eine reale Rendite bringt.<\/p>\n<p>Dieses Value Realization Toolkit bietet Ihnen sofortigen Zugriff auf hilfreiche Ressourcen, die Ihnen die Bewertung und den Kauf erleichtern:<\/p>\n<ol type=\"1\">\n<li>1. Infografik KPI Auswirkungen<\/li>\n<li>2. Leitfaden f\u00fcr Analysten und Peer-Reviews<\/li>\n<li>3. ROI-Rechner<\/li>\n<li>4. Checkliste f\u00fcr Kundenreferenzanrufe<\/li>\n<li>5. Erstellen Sie Ihren Business Case: Ein Leitfaden<\/li>\n<li>6. &#8222;Sie gehen live! Was kommt als N\u00e4chstes?&#8220; eBook<\/li>\n<\/ol>\n<p>Laden Sie das Toolkit noch heute herunter und erhalten Sie wichtige Ressourcen, die Ihnen helfen, mehr zu erreichen und weniger zu bereuen.<\/p>\n<p><a class=\"btn-primary\" href=\"#hero_form\">Download des Toolkits<\/a><\/p>\n<\/div>\n\t\t\t\t\t\t\t\t\t<\/div>\n\t\t\t<\/div>\n\t\t\n\t\t\t\t\t<div class=\"relative w-full md:w-[49%] aspect-square\">\n\t\t\t\t<div class=\"js-wrap image lint-ignore\n\tz-[2] w-full h-full image--cover\t\" data-module=\"image\" >\n\t<img decoding=\"async\" class=\"image__img \" src=\"data:image\/gif;base64,R0lGODlhAQABAIAAAAAAAP\/\/\/yH5BAEAAAAALAAAAAABAAEAAAIBRAA7\" data-normal=\"https:\/\/www.calabrio.com\/wp-content\/uploads\/2025\/01\/3.svg\" data-retina=\"https:\/\/www.calabrio.com\/wp-content\/uploads\/2025\/01\/3.svg\" data-srcset=\"https:\/\/www.calabrio.com\/wp-content\/uploads\/2025\/01\/3.svg\" alt=\"\" ><\/div>\n\t\t\t\t<div class=\"z-[3] hidden xl:block absolute w-[calc(100%\/588*257)] aspect-[257\/664] -top-[calc(100%\/49*3)] left-[calc(100%\/49*18)]\" aria-hidden=\"true\">\n\t\t\t\t\t<svg class=\"w-full h-full\" viewBox=\"0 0 257 664\" fill=\"none\" xmlns=\"http:\/\/www.w3.org\/2000\/svg\">\n<rect x=\"193\" y=\"664\" width=\"32\" height=\"168\" rx=\"4.27443\" transform=\"rotate(-180 193 664)\" fill=\"#D2F3FA\"\/>\n<rect x=\"257\" y=\"632\" width=\"32\" height=\"55\" rx=\"4.27443\" transform=\"rotate(-180 257 632)\" fill=\"#3A7683\"\/>\n<rect width=\"32\" height=\"108.669\" rx=\"4.27443\" transform=\"matrix(-1 4.26491e-08 -4.37114e-08 1 32.0001 0)\" fill=\"#6D92FE\"\/>\n<\/svg>\n\t\t\t\t<\/div>\n\t\t\t\t<div class=\"hidden xl:block absolute w-[calc(100%\/588*102)] aspect-[102\/743] -top-[calc(100%\/6)] right-[calc(100%\/294*31)]\" aria-hidden=\"true\">\n\t\t\t\t\t<svg class=\"w-full h-full\" viewBox=\"0 0 103 744\" fill=\"none\" xmlns=\"http:\/\/www.w3.org\/2000\/svg\">\n<rect width=\"32\" height=\"189\" rx=\"4.27443\" transform=\"matrix(-1 4.26491e-08 -4.37114e-08 1 78.5898 554.328)\" fill=\"#B8CAF9\"\/>\n<rect x=\"102.5\" y=\"287.777\" width=\"32\" height=\"287.448\" rx=\"4.27443\" transform=\"rotate(-180 102.5 287.777)\" fill=\"#6D92FE\"\/>\n<rect x=\"32.5\" y=\"234.33\" width=\"32\" height=\"194\" rx=\"4.27443\" transform=\"rotate(-180 32.5 234.33)\" fill=\"#8DDAEB\"\/>\n<\/svg>\n\t\t\t\t<\/div>\n\t\t\t<\/div>\n\t\t\t<\/div>\n\n\t<\/section>\n\n\t<style>\n\t[data-theme-block-id=\"block_260b22c3c76d15027b00acfc45b67ef1\"] {\n\t\t@media only screen and (max-width: 743px) {\n\t\t\t\t\t\t\tpadding-top: benutzerdefiniertepx !important;\n\t\t\t\t\t\t\t\t\t\tpadding-bottom: 80px !important;\n\t\t\t\t\t}\n\t\t@media only screen and (min-width: 744px) {\n\t\t\t\t\t\t\tpadding-top: benutzerdefiniertepx !important;\n\t\t\t\t\t\t\t\t\t\tpadding-bottom: 96px !important;\n\t\t\t\t\t}\n\t}\n\t<\/style>\n","protected":false},"excerpt":{"rendered":"","protected":false},"author":231,"featured_media":0,"parent":0,"menu_order":0,"comment_status":"closed","ping_status":"closed","template":"","meta":{"_acf_changed":false,"om_disable_all_campaigns":false,"footnotes":""},"class_list":["post-23219","page","type-page","status-publish","hentry"],"acf":[],"yoast_head":"<!-- This site is optimized with the Yoast SEO Premium plugin v27.4 (Yoast SEO v27.4) - https:\/\/yoast.com\/product\/yoast-seo-premium-wordpress\/ -->\n<title>Toolkit zur Wertrealisierung<\/title>\n<meta name=\"robots\" content=\"index, follow, max-snippet:-1, max-image-preview:large, max-video-preview:-1\" \/>\n<link rel=\"canonical\" href=\"https:\/\/www.calabrio.com\/value-realization-toolkit\/\" \/>\n<meta property=\"og:locale\" content=\"de_DE\" \/>\n<meta property=\"og:type\" content=\"article\" \/>\n<meta property=\"og:title\" content=\"Toolkit zur Wertrealisierung\" \/>\n<meta property=\"og:url\" content=\"https:\/\/www.calabrio.com\/value-realization-toolkit\/\" \/>\n<meta property=\"og:site_name\" content=\"Calabrio\" \/>\n<meta property=\"article:publisher\" content=\"https:\/\/www.facebook.com\/pages\/Calabrio\/312159772174664\" \/>\n<meta property=\"article:modified_time\" content=\"2025-07-14T05:37:41+00:00\" \/>\n<meta property=\"og:image\" content=\"https:\/\/www.calabrio.com\/wp-content\/uploads\/2025\/01\/Group-1707478745.png\" \/>\n\t<meta property=\"og:image:width\" content=\"2040\" \/>\n\t<meta property=\"og:image:height\" content=\"1476\" \/>\n\t<meta property=\"og:image:type\" content=\"image\/png\" \/>\n<meta name=\"twitter:card\" content=\"summary_large_image\" \/>\n<meta name=\"twitter:site\" content=\"@calabrio\" \/>\n<script type=\"application\/ld+json\" class=\"yoast-schema-graph\">{\"@context\":\"https:\\\/\\\/schema.org\",\"@graph\":[{\"@type\":\"WebPage\",\"@id\":\"https:\\\/\\\/www.calabrio.com\\\/value-realization-toolkit\\\/\",\"url\":\"https:\\\/\\\/www.calabrio.com\\\/value-realization-toolkit\\\/\",\"name\":\"Toolkit zur Wertrealisierung\",\"isPartOf\":{\"@id\":\"https:\\\/\\\/www.calabrio.com\\\/fr\\\/#website\"},\"datePublished\":\"2025-02-10T21:48:15+00:00\",\"dateModified\":\"2025-07-14T05:37:41+00:00\",\"breadcrumb\":{\"@id\":\"https:\\\/\\\/www.calabrio.com\\\/value-realization-toolkit\\\/#breadcrumb\"},\"inLanguage\":\"de\",\"potentialAction\":[{\"@type\":\"ReadAction\",\"target\":[\"https:\\\/\\\/www.calabrio.com\\\/value-realization-toolkit\\\/\"]}]},{\"@type\":\"BreadcrumbList\",\"@id\":\"https:\\\/\\\/www.calabrio.com\\\/value-realization-toolkit\\\/#breadcrumb\",\"itemListElement\":[{\"@type\":\"ListItem\",\"position\":1,\"name\":\"Home\",\"item\":\"https:\\\/\\\/www.calabrio.com\\\/de\\\/\"},{\"@type\":\"ListItem\",\"position\":2,\"name\":\"Toolkit zur Wertrealisierung\"}]},{\"@type\":\"WebSite\",\"@id\":\"https:\\\/\\\/www.calabrio.com\\\/fr\\\/#website\",\"url\":\"https:\\\/\\\/www.calabrio.com\\\/fr\\\/\",\"name\":\"Calabrio\",\"description\":\"Workforce Engagement Management Software\",\"publisher\":{\"@id\":\"https:\\\/\\\/www.calabrio.com\\\/fr\\\/#organization\"},\"potentialAction\":[{\"@type\":\"SearchAction\",\"target\":{\"@type\":\"EntryPoint\",\"urlTemplate\":\"https:\\\/\\\/www.calabrio.com\\\/fr\\\/?s={search_term_string}\"},\"query-input\":{\"@type\":\"PropertyValueSpecification\",\"valueRequired\":true,\"valueName\":\"search_term_string\"}}],\"inLanguage\":\"de\"},{\"@type\":\"Organization\",\"@id\":\"https:\\\/\\\/www.calabrio.com\\\/fr\\\/#organization\",\"name\":\"Calabrio\",\"url\":\"https:\\\/\\\/www.calabrio.com\\\/fr\\\/\",\"logo\":{\"@type\":\"ImageObject\",\"inLanguage\":\"de\",\"@id\":\"https:\\\/\\\/www.calabrio.com\\\/fr\\\/#\\\/schema\\\/logo\\\/image\\\/\",\"url\":\"https:\\\/\\\/www.calabrio.com\\\/wp-content\\\/uploads\\\/2025\\\/01\\\/Group-1707478765.png\",\"contentUrl\":\"https:\\\/\\\/www.calabrio.com\\\/wp-content\\\/uploads\\\/2025\\\/01\\\/Group-1707478765.png\",\"width\":1360,\"height\":984,\"caption\":\"Calabrio\"},\"image\":{\"@id\":\"https:\\\/\\\/www.calabrio.com\\\/fr\\\/#\\\/schema\\\/logo\\\/image\\\/\"},\"sameAs\":[\"https:\\\/\\\/www.facebook.com\\\/pages\\\/Calabrio\\\/312159772174664\",\"https:\\\/\\\/x.com\\\/calabrio\",\"https:\\\/\\\/www.linkedin.com\\\/company\\\/calabrio\"]}]}<\/script>\n<!-- \/ Yoast SEO Premium plugin. -->","yoast_head_json":{"title":"Toolkit zur Wertrealisierung","robots":{"index":"index","follow":"follow","max-snippet":"max-snippet:-1","max-image-preview":"max-image-preview:large","max-video-preview":"max-video-preview:-1"},"canonical":"https:\/\/www.calabrio.com\/value-realization-toolkit\/","og_locale":"de_DE","og_type":"article","og_title":"Toolkit zur Wertrealisierung","og_url":"https:\/\/www.calabrio.com\/value-realization-toolkit\/","og_site_name":"Calabrio","article_publisher":"https:\/\/www.facebook.com\/pages\/Calabrio\/312159772174664","article_modified_time":"2025-07-14T05:37:41+00:00","og_image":[{"width":2040,"height":1476,"url":"https:\/\/www.calabrio.com\/wp-content\/uploads\/2025\/01\/Group-1707478745.png","type":"image\/png"}],"twitter_card":"summary_large_image","twitter_site":"@calabrio","schema":{"@context":"https:\/\/schema.org","@graph":[{"@type":"WebPage","@id":"https:\/\/www.calabrio.com\/value-realization-toolkit\/","url":"https:\/\/www.calabrio.com\/value-realization-toolkit\/","name":"Toolkit zur Wertrealisierung","isPartOf":{"@id":"https:\/\/www.calabrio.com\/fr\/#website"},"datePublished":"2025-02-10T21:48:15+00:00","dateModified":"2025-07-14T05:37:41+00:00","breadcrumb":{"@id":"https:\/\/www.calabrio.com\/value-realization-toolkit\/#breadcrumb"},"inLanguage":"de","potentialAction":[{"@type":"ReadAction","target":["https:\/\/www.calabrio.com\/value-realization-toolkit\/"]}]},{"@type":"BreadcrumbList","@id":"https:\/\/www.calabrio.com\/value-realization-toolkit\/#breadcrumb","itemListElement":[{"@type":"ListItem","position":1,"name":"Home","item":"https:\/\/www.calabrio.com\/de\/"},{"@type":"ListItem","position":2,"name":"Toolkit zur Wertrealisierung"}]},{"@type":"WebSite","@id":"https:\/\/www.calabrio.com\/fr\/#website","url":"https:\/\/www.calabrio.com\/fr\/","name":"Calabrio","description":"Workforce Engagement Management Software","publisher":{"@id":"https:\/\/www.calabrio.com\/fr\/#organization"},"potentialAction":[{"@type":"SearchAction","target":{"@type":"EntryPoint","urlTemplate":"https:\/\/www.calabrio.com\/fr\/?s={search_term_string}"},"query-input":{"@type":"PropertyValueSpecification","valueRequired":true,"valueName":"search_term_string"}}],"inLanguage":"de"},{"@type":"Organization","@id":"https:\/\/www.calabrio.com\/fr\/#organization","name":"Calabrio","url":"https:\/\/www.calabrio.com\/fr\/","logo":{"@type":"ImageObject","inLanguage":"de","@id":"https:\/\/www.calabrio.com\/fr\/#\/schema\/logo\/image\/","url":"https:\/\/www.calabrio.com\/wp-content\/uploads\/2025\/01\/Group-1707478765.png","contentUrl":"https:\/\/www.calabrio.com\/wp-content\/uploads\/2025\/01\/Group-1707478765.png","width":1360,"height":984,"caption":"Calabrio"},"image":{"@id":"https:\/\/www.calabrio.com\/fr\/#\/schema\/logo\/image\/"},"sameAs":["https:\/\/www.facebook.com\/pages\/Calabrio\/312159772174664","https:\/\/x.com\/calabrio","https:\/\/www.linkedin.com\/company\/calabrio"]}]}},"featured_image_src":null,"featured_image_src_square":null,"_links":{"self":[{"href":"https:\/\/www.calabrio.com\/de\/wp-json\/wp\/v2\/pages\/23219","targetHints":{"allow":["GET"]}}],"collection":[{"href":"https:\/\/www.calabrio.com\/de\/wp-json\/wp\/v2\/pages"}],"about":[{"href":"https:\/\/www.calabrio.com\/de\/wp-json\/wp\/v2\/types\/page"}],"author":[{"embeddable":true,"href":"https:\/\/www.calabrio.com\/de\/wp-json\/wp\/v2\/users\/231"}],"replies":[{"embeddable":true,"href":"https:\/\/www.calabrio.com\/de\/wp-json\/wp\/v2\/comments?post=23219"}],"version-history":[{"count":0,"href":"https:\/\/www.calabrio.com\/de\/wp-json\/wp\/v2\/pages\/23219\/revisions"}],"wp:attachment":[{"href":"https:\/\/www.calabrio.com\/de\/wp-json\/wp\/v2\/media?parent=23219"}],"curies":[{"name":"wp","href":"https:\/\/api.w.org\/{rel}","templated":true}]}}