
{"id":33438,"date":"2025-06-26T13:54:12","date_gmt":"2025-06-26T13:54:12","guid":{"rendered":"https:\/\/www.calabrio.com\/erklaerung-zur-modernen-sklaverei\/"},"modified":"2025-11-10T10:45:52","modified_gmt":"2025-11-10T10:45:52","slug":"erklaerung-zur-modernen-sklaverei","status":"publish","type":"page","link":"https:\/\/www.calabrio.com\/de\/erklaerung-zur-modernen-sklaverei\/","title":{"rendered":"Erkl\u00e4rung zur modernen Sklaverei"},"content":{"rendered":"\n<section\n\tid=\"\"\n\tdata-theme-block-id=\"block_89e69b02be3733fa600a4181d24e1797\"\n\tstyle=\"\"\n\t>\n\t<\/section>\n\n\t<style>\n\t[data-theme-block-id=\"block_89e69b02be3733fa600a4181d24e1797\"] {\n\t\t@media only screen and (max-width: 743px) {\n\t\t\t\t\t\t\t\t}\n\t\t@media only screen and (min-width: 744px) {\n\t\t\t\t\t\t\t\t}\n\t}\n\t<\/style>\n\n<section\n\tid=\"\"\n\tdata-theme-block-id=\"block_435d23f890f5d7a1210e260a1af3c6b0\"\n\tstyle=\"background-color: #080f21\"\n\t>\n\t\t<div class=\"section-header lint-ignore\" style=\"background-color: #080f21\">\n\t\t<div class=\"container\">\n\t\t\t<div class=\"w-full xl:px-page-margin py-l\/m md:pt-0 lg:py-l\/m mx-auto text-center flex flex-col gap-c\/l\">\n\t\t\t\t\n\t\t\t\t\t\t<h1\t\t\tstyle=\"color: #ffffff\"\n\t\t\tclass=\"\u00dcberschrift-XL text-primary\"\n\t\t\tdata-aos=\"fade-up\"\n\t\t\t>\n\t\t\t\tErkl\u00e4rung zur modernen Sklaverei\t\t<\/h1 >\n\t\t\n\t\t\n\t\t\t\t<\/div>\n\t\t<\/div>\n\t<\/div>\n\n\t\t<style>\n\t[data-theme-block-id=\"block_435d23f890f5d7a1210e260a1af3c6b0\"] {\n\t\t@media only screen and (max-width: 743px) {\n\t\t\t\t\t\t\t\t}\n\t\t@media only screen and (min-width: 744px) {\n\t\t\t\t\t\t\tpadding-top: 96px !important;\n\t\t\t\t\t\t\t\t\t\tpadding-bottom: 96px !important;\n\t\t\t\t\t}\n\t}\n\t<\/style>\n<\/section>\n\n\t<style>\n\t[data-theme-block-id=\"block_435d23f890f5d7a1210e260a1af3c6b0\"] {\n\t\t@media only screen and (max-width: 743px) {\n\t\t\t\t\t\t\t\t}\n\t\t@media only screen and (min-width: 744px) {\n\t\t\t\t\t\t\tpadding-top: 96px !important;\n\t\t\t\t\t\t\t\t\t\tpadding-bottom: 96px !important;\n\t\t\t\t\t}\n\t}\n\t<\/style>\n\n<div class=\"container group page-layout flex flex-col flex-wrap lg:flex-row gap-l\/xxl lg:gap-gutter py-l\/xxl lg:py-l\/xs blg_inner_container\" data-module=\"page-layout\">\n\t\t\t\n\t\t\t<div class=\"flex flex-col flex-1 lg:basis-0 lg:py-c\/m  js-page-content overflow-hidden\">\n\t\t\t<div\n\tstyle=\"background-color: #FFFFFF\"\n\tclass=\" wysiwyg wysiwyg--inline flex flex-col py-c\/l gap-c\/m\"\n\tid=\"\"\n\tdata-aos=\"fade-up\"\n>\n\t\t\t\n\t\t\t\t\t<span style=\"color: #080F21\"><p>Diese Erkl\u00e4rung wird von Calabrio, Inc. (&#8222;<strong>Calabrio<\/strong>&#8222;) gem\u00e4\u00df Abschnitt 54(1) des Modern Slavery Act 2015 des Vereinigten K\u00f6nigreichs und Abschnitt 13 des Modern Slavery Act 2018 von Australien (die &#8222;<strong>Modern Slavery Acts<\/strong>&#8222;) abgegeben und legt die Ma\u00dfnahmen dar, die Calabrio und seine konsolidierten Tochtergesellschaften (die &#8222;<strong>Calabrio Gruppe<\/strong>&#8222;) w\u00e4hrend des am 31. Dezember 2024 endenden Gesch\u00e4ftsjahres ergriffen haben, um moderne Sklaverei und Menschenhandel in unseren Betrieben und unserer Lieferkette zu verhindern. Obwohl nicht alle Unternehmen der Calabrio Gruppe den Modern Slavery Acts unterliegen, hat Calabrio einen konzernweiten Ansatz zur Bew\u00e4ltigung der Risiken der modernen Sklaverei verfolgt, da die Unternehmen der Calabrio Gruppe in der gleichen Branche t\u00e4tig sind, viele gemeinsame Lieferanten haben und die gleichen Richtlinien und Prozesse anwenden, die in dieser Erkl\u00e4rung beschrieben werden. Diese Erkl\u00e4rung ist eine gemeinsame Erkl\u00e4rung von Calabrio im eigenen Namen und im Namen aller Unternehmen der Calabrio Gruppe.<\/p>\n<\/span>\n\t\t\t<\/div>\n\t<section\n\t\tclass=\"container py-l\/m overflow-hidden\"\n\t\tdata-theme-block-id=\"block_ff04f7d0b422cb5ce03979034b96a97c\"\n\t\tid=\"\"\n\t\tdata-aos=\"fade-up\"\n\t>\n\t\t<div class=\"block w-[calc(100vw)] lg:w-full -ml-page-margin lg:-ml-0\">\n\t\t\t\n\t<section\n\tclass=\"swiper  swiper--navigation-rounded swiper--margin-two-sides swiper--md-hide-navigation\"\n\tdata-module=\"carousel-grid\"\n\tdata-swiper-options='{\"slidesPerView\":1.11,\"spaceBetween\":16,\"breakpoints\":{\"680\":{\"slidesPerView\":2.24},\"744\":{\"enabled\":false},\"1024\":{\"enabled\":false}},\"navigation\":{\"nextEl\":\".swiper-button-next\",\"prevEl\":\".swiper-button-prev\"},\"navCenteredImage\":true}'\n\tdata-aos=\"\"\n\tdata-aos-duration=\"\"\n\t>\n\t<div class=\"swiper-wrapper md:flex-col md:gap-0 md:pl-0 lg:flex-col lg:pl-0\">\n\t\n<div class=\"w-full h-full relative py-c\/xxl  swiper-slide !h-auto\">\n\t<div\n\t\tclass=\"w-full h-full flex flex-col-reverse justify-end md:flex-row md:justify-between md:items-center gap-l\/m md:gap-0 \">\n\t\t<div class=\"w-full h-full md:w-[50%] lg:w-[65%] xl:w-[51%] md:gap-l\/xxl md:px-page-margin lg:px-l\/m lg:p-l\/mxl:p-l\/m flex items-center\">\n\t\t\t<div class=\"flex flex-col flex-grow gap-c\/s md:gap-0 lg:gap-c\/xxl h-full justify-between\">\n\t\t\t\t<div class=\"w-full mx-auto flex flex-col gap-c\/m md:gap-c\/m\">\n\t\t\t\t\t\n\t\t\t\t\t\t\t\t<h3\t\t\t\tstyle=\"color: #080F21\"\n\t\t\t\tclass=\"heading-small\"\n\t\t\t\tdata-aos=\"fade-up\">\n\t\t\t\t\tOrganisationsstruktur, Gesch\u00e4ft und Lieferkette\t\t\t<\/h3>\n\t\t\t\n\t\t\t\t\t\t\t<div\n\t\t\t\t\tclass=\"wysiwyg text-navy-40 pb-l\/xs\"\n\t\t\t\t\tdata-aos=\"fade-up\"\n\t\t\t\t\tstyle=\"color: #080f21\">\n\t\t\t\t\t<p>Calabrio hat seinen Hauptsitz in Minnesota, USA, und bietet Software f\u00fcr das Management der Mitarbeiterbindung und damit verbundene Dienstleistungen f\u00fcr Kontaktzentren an. Die Calabrio Group besch\u00e4ftigt weltweit mehr als 700 Mitarbeiter und ist in Nord- und S\u00fcdamerika, EMEA und APAC t\u00e4tig, um Kunden in einer Vielzahl von Sektoren und M\u00e4rkten auf der ganzen Welt zu bedienen. Unsere Hauptlieferanten sind in der Software- und Technologiebranche t\u00e4tig. Obwohl Calabrio und unsere Hauptlieferanten in einem Sektor t\u00e4tig sind, in dem das Risiko moderner Sklaverei und des Menschenhandels relativ gering ist, verpflichten wir uns, mit Integrit\u00e4t zu handeln und daran zu arbeiten, diese Praktiken in unserer gesamten Organisation und in unserer Lieferkette zu verhindern.<\/p>\n\t\t\t\t<\/div>\n\t\t\t\t\t<\/div>\n\n\t\t\t<\/div>\n<\/div>\n<div class=\"relative w-full md:w-[50%] lg:w-[49%]\">\n\t\t\t<div class=\"js-wrap image lint-ignore\n\t aspect-[280\/313] md:aspect-[372\/588] lg:aspect-square max-w-[588px] image--cover\t\" data-module=\"image\" data-aos=fade-up data-aos-delay=100>\n\t<img decoding=\"async\" class=\"image__img \" src=\"data:image\/gif;base64,R0lGODlhAQABAIAAAAAAAP\/\/\/yH5BAEAAAAALAAAAAABAAEAAAIBRAA7\" data-normal=\"https:\/\/www.calabrio.com\/wp-content\/uploads\/2025\/06\/12-1.webp\" data-retina=\"https:\/\/www.calabrio.com\/wp-content\/uploads\/2025\/06\/12-1.webp\" data-srcset=\"https:\/\/www.calabrio.com\/wp-content\/uploads\/2025\/06\/12-1.webp 588w, https:\/\/www.calabrio.com\/wp-content\/uploads\/2025\/06\/12-1-300x300.webp 300w, https:\/\/www.calabrio.com\/wp-content\/uploads\/2025\/06\/12-1-150x150.webp 150w\" alt=\"\" ><\/div>\n\t\n\t<\/div>\n<\/div>\n<\/div>\n\n<div class=\"w-full h-full relative py-c\/xxl  swiper-slide !h-auto\">\n\t<div\n\t\tclass=\"w-full h-full flex flex-col-reverse justify-end md:flex-row md:justify-between md:items-center gap-l\/m md:gap-0 md:flex-row-reverse\">\n\t\t<div class=\"w-full h-full md:w-[50%] lg:w-[65%] xl:w-[51%] md:gap-l\/xxl md:px-page-margin lg:px-l\/m lg:p-l\/mxl:py-l\/m xl:pr-l\/m flex items-center\">\n\t\t\t<div class=\"flex flex-col flex-grow gap-c\/s md:gap-0 lg:gap-c\/xxl h-full justify-between\">\n\t\t\t\t<div class=\"w-full mx-auto flex flex-col gap-c\/m md:gap-c\/m\">\n\t\t\t\t\t\n\t\t\t\t\t\t\t\t<h3\t\t\t\tstyle=\"color: #080F21\"\n\t\t\t\tclass=\"heading-small\"\n\t\t\t\tdata-aos=\"fade-up\">\n\t\t\t\t\tPolitiken\t\t\t<\/h3>\n\t\t\t\n\t\t\t\t\t\t\t<div\n\t\t\t\t\tclass=\"wysiwyg text-navy-40 pb-l\/xs\"\n\t\t\t\t\tdata-aos=\"fade-up\"\n\t\t\t\t\tstyle=\"color: #080f21\">\n\t\t\t\t\t<p>Calabrio erwartet von seinen Mitarbeitern, Partnern und Lieferanten, dass sie ethisch handeln und die einschl\u00e4gigen Gesetze einhalten, einschlie\u00dflich der Arbeitsgesetze, der Antikorruptionsgesetze und aller anderen Gesetze, die die Arbeitsweise der Menschen regeln. Wir haben Richtlinien, Prozesse und vertragliche Anforderungen eingef\u00fchrt, die unser Engagement zur Verhinderung von moderner Sklaverei und Menschenhandel in unserem Unternehmen und unserer Lieferkette untermauern. Entsprechende Bestimmungen sind beispielsweise in unserem Global Employment Guide (der unseren Verhaltenskodex und unsere Whistleblower-Richtlinie enth\u00e4lt) und in unseren Lieferantenvertr\u00e4gen enthalten.<\/p>\n\t\t\t\t<\/div>\n\t\t\t\t\t<\/div>\n\n\t\t\t<\/div>\n<\/div>\n<div class=\"relative w-full md:w-[50%] lg:w-[49%]\">\n\t\t\t<div class=\"js-wrap image lint-ignore\n\t aspect-[280\/313] md:aspect-[372\/588] lg:aspect-square max-w-[588px] image--cover\t\" data-module=\"image\" data-aos=fade-up data-aos-delay=100>\n\t<img decoding=\"async\" class=\"image__img \" src=\"data:image\/gif;base64,R0lGODlhAQABAIAAAAAAAP\/\/\/yH5BAEAAAAALAAAAAABAAEAAAIBRAA7\" data-normal=\"https:\/\/www.calabrio.com\/wp-content\/uploads\/2025\/06\/33.webp\" data-retina=\"https:\/\/www.calabrio.com\/wp-content\/uploads\/2025\/06\/33.webp\" data-srcset=\"https:\/\/www.calabrio.com\/wp-content\/uploads\/2025\/06\/33.webp 588w, https:\/\/www.calabrio.com\/wp-content\/uploads\/2025\/06\/33-300x300.webp 300w, https:\/\/www.calabrio.com\/wp-content\/uploads\/2025\/06\/33-150x150.webp 150w\" alt=\"\" ><\/div>\n\t\n\t<\/div>\n<\/div>\n<\/div>\n\n<div class=\"w-full h-full relative py-c\/xxl  swiper-slide !h-auto\">\n\t<div\n\t\tclass=\"w-full h-full flex flex-col-reverse justify-end md:flex-row md:justify-between md:items-center gap-l\/m md:gap-0 \">\n\t\t<div class=\"w-full h-full md:w-[50%] lg:w-[65%] xl:w-[51%] md:gap-l\/xxl md:px-page-margin lg:px-l\/m lg:p-l\/mxl:p-l\/m flex items-center\">\n\t\t\t<div class=\"flex flex-col flex-grow gap-c\/s md:gap-0 lg:gap-c\/xxl h-full justify-between\">\n\t\t\t\t<div class=\"w-full mx-auto flex flex-col gap-c\/m md:gap-c\/m\">\n\t\t\t\t\t\n\t\t\t\t\t\t\t\t<h3\t\t\t\tstyle=\"color: #080F21\"\n\t\t\t\tclass=\"heading-small\"\n\t\t\t\tdata-aos=\"fade-up\">\n\t\t\t\t\tSorgfaltspflicht\t\t\t<\/h3>\n\t\t\t\n\t\t\t\t\t\t\t<div\n\t\t\t\t\tclass=\"wysiwyg text-navy-40 pb-l\/xs\"\n\t\t\t\t\tdata-aos=\"fade-up\"\n\t\t\t\t\tstyle=\"color: #080f21\">\n\t\t\t\t\t<p>Calabrio besch\u00e4ftigt technisch qualifizierte, professionelle Arbeitskr\u00e4fte, die gr\u00f6\u00dftenteils ohne Arbeitsvermittler oder andere Dritte beschafft werden. Um den Betrieb in bestimmten Regionen zu unterst\u00fctzen, arbeitet Calabrio mit einer vertrauensw\u00fcrdigen und seri\u00f6sen Drittpartei zusammen, um technisch qualifizierte, professionelle Arbeitskr\u00e4fte zu erhalten. Diese Drittpartei wurde vor der Beauftragung durch Calabrio sorgf\u00e4ltig gepr\u00fcft und wird weiterhin kontinuierlich \u00fcberpr\u00fcft.<br \/>\n<br \/>Calabrio verkauft Software und Dienstleistungen, und unsere Lieferkette umfasst nicht die Beschaffung gro\u00dfer Mengen physischer Waren. Dementsprechend verringert die Art unseres Gesch\u00e4fts die Wahrscheinlichkeit, dass moderne Sklaverei oder Menschenhandel in unseren Betrieben oder unserer Lieferkette vorkommen. Trotz unseres geringeren Risikoprofils \u00fcberwachen wir die Risiken der modernen Sklaverei und des Menschenhandels, u.a. durch Systeme zum Schutz von Hinweisgebern und durch die Durchf\u00fchrung eines Due-Diligence-Verfahrens f\u00fcr potenzielle Lieferanten.<\/p>\n\t\t\t\t<\/div>\n\t\t\t\t\t<\/div>\n\n\t\t\t<\/div>\n<\/div>\n<div class=\"relative w-full md:w-[50%] lg:w-[49%]\">\n\t\t\t<div class=\"js-wrap image lint-ignore\n\t aspect-[280\/313] md:aspect-[372\/588] lg:aspect-square max-w-[588px] image--cover\t\" data-module=\"image\" data-aos=fade-up data-aos-delay=100>\n\t<img decoding=\"async\" class=\"image__img \" src=\"data:image\/gif;base64,R0lGODlhAQABAIAAAAAAAP\/\/\/yH5BAEAAAAALAAAAAABAAEAAAIBRAA7\" data-normal=\"https:\/\/www.calabrio.com\/wp-content\/uploads\/2025\/06\/22.webp\" data-retina=\"https:\/\/www.calabrio.com\/wp-content\/uploads\/2025\/06\/22.webp\" data-srcset=\"https:\/\/www.calabrio.com\/wp-content\/uploads\/2025\/06\/22.webp 588w, https:\/\/www.calabrio.com\/wp-content\/uploads\/2025\/06\/22-300x300.webp 300w, https:\/\/www.calabrio.com\/wp-content\/uploads\/2025\/06\/22-150x150.webp 150w\" alt=\"\" ><\/div>\n\t\n\t<\/div>\n<\/div>\n<\/div>\n\t<\/div>\n\t\n\t\t\t\t\t<button\n\t\t\t\tclass=\"swiper-button-prev\"\n\t\t\t\taria-label=\"\"\n\t\t\t>\n\t\t\t\t<span class=\"sr-only\">Zum vorherigen Karussell-Dia wechseln<\/span>\n\t\t\t<\/button>\n\t\t\t<button\n\t\t\t\tclass=\"swiper-button-next\"\n\t\t\t\taria-label=\"\"\n\t\t\t>\n\t\t\t\t<span class=\"sr-only\">Zum n\u00e4chsten Karussell-Dia wechseln<\/span>\n\t\t\t<\/button>\n\t\t\n\t\n\t\t<\/section>\n\t\t<\/div>\n\t<\/section>\n\t<style>\n\t[data-theme-block-id=\"block_ff04f7d0b422cb5ce03979034b96a97c\"] {\n\t\t@media only screen and (max-width: 743px) {\n\t\t\t\t\t\t\t\t}\n\t\t@media only screen and (min-width: 744px) {\n\t\t\t\t\t\t\tpadding-top: benutzerdefiniertepx !important;\n\t\t\t\t\t\t\t\t\t\tpadding-bottom: benutzerdefiniertepx !important;\n\t\t\t\t\t}\n\t}\n\t<\/style>\n<div class=\"container wysiwyg\" data-aos=\"fade-up\">\n<p>Wir \u00fcberpr\u00fcfen den Ruf und den Hintergrund eines potenziellen Lieferanten und f\u00fchren eine risikobasierte Bewertung sowohl des Standorts des Lieferanten als auch des vorgeschlagenen Arbeitsumfangs durch. Wir verlangen auch von unseren Partnern und Lieferanten, dass sie sich zur Einhaltung der geltenden Gesetze und Vorschriften verpflichten. Lieferanten, die potenziell h\u00f6here Risiken darstellen, werden detaillierteren Risikobewertungen unterzogen und gegebenenfalls zus\u00e4tzlich beaufsichtigt, um die Einhaltung unserer internen Kontrollen und des geltenden Rechts zu gew\u00e4hrleisten.<\/p>\n<\/div><div class=\"container wysiwyg\" data-aos=\"fade-up\">\n<div style=\"height:27px\" aria-hidden=\"true\" class=\"wp-block-spacer\"><\/div>\n<\/div><div class=\"container wysiwyg\" data-aos=\"fade-up\">\n<p>Calabrio \u00fcberpr\u00fcft und bewertet weiterhin die Wirksamkeit unserer Due-Diligence-Prozesse.<\/p>\n<\/div><div\n\tstyle=\"background-color: #FFFFFF\"\n\tclass=\" wysiwyg wysiwyg--inline flex flex-col py-c\/l gap-c\/m\"\n\tid=\"\"\n\tdata-aos=\"fade-up\"\n>\n\t\t\t\n\t\t\t\t\t<span style=\"color: #080F21\"><h2>Ausbildung<\/h2>\n<p>Um sicherzustellen, dass unsere Mitarbeiter die Risiken der modernen Sklaverei und des Menschenhandels in unserem Unternehmen und unserer Lieferkette verstehen, schulen wir unsere Mitarbeiter in Online-Kursen. Alle Mitarbeiter m\u00fcssen im Rahmen ihrer Einarbeitung und danach j\u00e4hrlich eine Schulung zu unserem Verhaltenskodex absolvieren.<\/p>\n<h2>Genehmigung<\/h2>\n<p>Der Inhalt dieser Erkl\u00e4rung wurde von der Gesch\u00e4ftsleitung der Unternehmen der Calabrio-Gruppe in Absprache mit Calabrio \u00fcberpr\u00fcft.<\/p>\n<p>Diese Erkl\u00e4rung wurde vom Verwaltungsrat von Calabrio am 21. Mai 2025 genehmigt.<br \/>\n<img loading=\"lazy\" decoding=\"async\" class=\"alignnone\" src=\"https:\/\/www.calabrio.com\/wp-content\/uploads\/2025\/06\/Screenshot_7.webp\" alt=\"Calabrio Erkl\u00e4rung zur modernen Sklaverei Screenshot des Dokuments\" width=\"350\" height=\"213\"><br \/>\nJoshua Geller<br \/>\nDirektor, Sekret\u00e4r und Leiter der Rechtsabteilung<br \/>\n<strong>Calabrio, Inc.<\/strong><\/p>\n<p>28 Mai 2025<\/p>\n<\/span>\n\t\t\t<\/div>\n\t\t<\/div>\n\t\n\n\n\t<\/div> ","protected":false},"excerpt":{"rendered":"","protected":false},"author":231,"featured_media":0,"parent":0,"menu_order":0,"comment_status":"closed","ping_status":"closed","template":"","meta":{"_acf_changed":false,"om_disable_all_campaigns":false,"footnotes":""},"class_list":["post-33438","page","type-page","status-publish","hentry"],"acf":[],"yoast_head":"<!-- This site is optimized with the Yoast SEO Premium plugin v27.5 (Yoast SEO v27.5) - https:\/\/yoast.com\/product\/yoast-seo-premium-wordpress\/ -->\n<title>Erkl\u00e4rung zur modernen Sklaverei | Calabrio<\/title>\n<meta name=\"description\" content=\"Lesen Sie die Erkl\u00e4rung von Calabrio zur modernen Sklaverei, in der wir unsere Ma\u00dfnahmen zur Bek\u00e4mpfung der modernen Sklaverei und des Menschenhandels in unseren Betrieben und unserer Lieferkette in \u00dcbereinstimmung mit der britischen und australischen Gesetzgebung darlegen.\" \/>\n<meta name=\"robots\" content=\"index, follow, max-snippet:-1, max-image-preview:large, max-video-preview:-1\" \/>\n<link rel=\"canonical\" href=\"https:\/\/www.calabrio.com\/de\/erklaerung-zur-modernen-sklaverei\/\" \/>\n<meta property=\"og:locale\" content=\"de_DE\" \/>\n<meta property=\"og:type\" content=\"article\" \/>\n<meta property=\"og:title\" content=\"Erkl\u00e4rung zur modernen Sklaverei\" \/>\n<meta property=\"og:description\" content=\"Wir \u00fcberpr\u00fcfen den Ruf und den Hintergrund eines potenziellen Lieferanten und f\u00fchren eine risikobasierte Bewertung sowohl des Standorts des Lieferanten\" \/>\n<meta property=\"og:url\" content=\"https:\/\/www.calabrio.com\/de\/erklaerung-zur-modernen-sklaverei\/\" \/>\n<meta property=\"og:site_name\" content=\"Calabrio\" \/>\n<meta property=\"article:publisher\" content=\"https:\/\/www.facebook.com\/pages\/Calabrio\/312159772174664\" \/>\n<meta property=\"article:modified_time\" content=\"2025-11-10T10:45:52+00:00\" \/>\n<meta property=\"og:image\" content=\"https:\/\/www.calabrio.com\/wp-content\/uploads\/2025\/01\/Group-1707478745.png\" \/>\n\t<meta property=\"og:image:width\" content=\"2040\" \/>\n\t<meta property=\"og:image:height\" content=\"1476\" \/>\n\t<meta property=\"og:image:type\" content=\"image\/png\" \/>\n<meta name=\"twitter:card\" content=\"summary_large_image\" \/>\n<meta name=\"twitter:site\" content=\"@calabrio\" \/>\n<script type=\"application\/ld+json\" class=\"yoast-schema-graph\">{\"@context\":\"https:\\\/\\\/schema.org\",\"@graph\":[{\"@type\":\"WebPage\",\"@id\":\"https:\\\/\\\/www.calabrio.com\\\/de\\\/erklaerung-zur-modernen-sklaverei\\\/\",\"url\":\"https:\\\/\\\/www.calabrio.com\\\/de\\\/erklaerung-zur-modernen-sklaverei\\\/\",\"name\":\"Erkl\u00e4rung zur modernen Sklaverei | Calabrio\",\"isPartOf\":{\"@id\":\"https:\\\/\\\/www.calabrio.com\\\/fr\\\/#website\"},\"datePublished\":\"2025-06-26T13:54:12+00:00\",\"dateModified\":\"2025-11-10T10:45:52+00:00\",\"description\":\"Lesen Sie die Erkl\u00e4rung von Calabrio zur modernen Sklaverei, in der wir unsere Ma\u00dfnahmen zur Bek\u00e4mpfung der modernen Sklaverei und des Menschenhandels in unseren Betrieben und unserer Lieferkette in \u00dcbereinstimmung mit der britischen und australischen Gesetzgebung darlegen.\",\"breadcrumb\":{\"@id\":\"https:\\\/\\\/www.calabrio.com\\\/de\\\/erklaerung-zur-modernen-sklaverei\\\/#breadcrumb\"},\"inLanguage\":\"de\",\"potentialAction\":[{\"@type\":\"ReadAction\",\"target\":[\"https:\\\/\\\/www.calabrio.com\\\/de\\\/erklaerung-zur-modernen-sklaverei\\\/\"]}]},{\"@type\":\"BreadcrumbList\",\"@id\":\"https:\\\/\\\/www.calabrio.com\\\/de\\\/erklaerung-zur-modernen-sklaverei\\\/#breadcrumb\",\"itemListElement\":[{\"@type\":\"ListItem\",\"position\":1,\"name\":\"Home\",\"item\":\"https:\\\/\\\/www.calabrio.com\\\/de\\\/\"},{\"@type\":\"ListItem\",\"position\":2,\"name\":\"Erkl\u00e4rung zur modernen Sklaverei\"}]},{\"@type\":\"WebSite\",\"@id\":\"https:\\\/\\\/www.calabrio.com\\\/fr\\\/#website\",\"url\":\"https:\\\/\\\/www.calabrio.com\\\/fr\\\/\",\"name\":\"Calabrio\",\"description\":\"Workforce Engagement Management Software\",\"publisher\":{\"@id\":\"https:\\\/\\\/www.calabrio.com\\\/fr\\\/#organization\"},\"potentialAction\":[{\"@type\":\"SearchAction\",\"target\":{\"@type\":\"EntryPoint\",\"urlTemplate\":\"https:\\\/\\\/www.calabrio.com\\\/fr\\\/?s={search_term_string}\"},\"query-input\":{\"@type\":\"PropertyValueSpecification\",\"valueRequired\":true,\"valueName\":\"search_term_string\"}}],\"inLanguage\":\"de\"},{\"@type\":\"Organization\",\"@id\":\"https:\\\/\\\/www.calabrio.com\\\/fr\\\/#organization\",\"name\":\"Calabrio\",\"url\":\"https:\\\/\\\/www.calabrio.com\\\/fr\\\/\",\"logo\":{\"@type\":\"ImageObject\",\"inLanguage\":\"de\",\"@id\":\"https:\\\/\\\/www.calabrio.com\\\/fr\\\/#\\\/schema\\\/logo\\\/image\\\/\",\"url\":\"https:\\\/\\\/www.calabrio.com\\\/wp-content\\\/uploads\\\/2025\\\/01\\\/Group-1707478765.png\",\"contentUrl\":\"https:\\\/\\\/www.calabrio.com\\\/wp-content\\\/uploads\\\/2025\\\/01\\\/Group-1707478765.png\",\"width\":1360,\"height\":984,\"caption\":\"Calabrio\"},\"image\":{\"@id\":\"https:\\\/\\\/www.calabrio.com\\\/fr\\\/#\\\/schema\\\/logo\\\/image\\\/\"},\"sameAs\":[\"https:\\\/\\\/www.facebook.com\\\/pages\\\/Calabrio\\\/312159772174664\",\"https:\\\/\\\/x.com\\\/calabrio\",\"https:\\\/\\\/www.linkedin.com\\\/company\\\/calabrio\"]}]}<\/script>\n<!-- \/ Yoast SEO Premium plugin. -->","yoast_head_json":{"title":"Erkl\u00e4rung zur modernen Sklaverei | Calabrio","description":"Lesen Sie die Erkl\u00e4rung von Calabrio zur modernen Sklaverei, in der wir unsere Ma\u00dfnahmen zur Bek\u00e4mpfung der modernen Sklaverei und des Menschenhandels in unseren Betrieben und unserer Lieferkette in \u00dcbereinstimmung mit der britischen und australischen Gesetzgebung darlegen.","robots":{"index":"index","follow":"follow","max-snippet":"max-snippet:-1","max-image-preview":"max-image-preview:large","max-video-preview":"max-video-preview:-1"},"canonical":"https:\/\/www.calabrio.com\/de\/erklaerung-zur-modernen-sklaverei\/","og_locale":"de_DE","og_type":"article","og_title":"Erkl\u00e4rung zur modernen Sklaverei","og_description":"Wir \u00fcberpr\u00fcfen den Ruf und den Hintergrund eines potenziellen Lieferanten und f\u00fchren eine risikobasierte Bewertung sowohl des Standorts des Lieferanten","og_url":"https:\/\/www.calabrio.com\/de\/erklaerung-zur-modernen-sklaverei\/","og_site_name":"Calabrio","article_publisher":"https:\/\/www.facebook.com\/pages\/Calabrio\/312159772174664","article_modified_time":"2025-11-10T10:45:52+00:00","og_image":[{"width":2040,"height":1476,"url":"https:\/\/www.calabrio.com\/wp-content\/uploads\/2025\/01\/Group-1707478745.png","type":"image\/png"}],"twitter_card":"summary_large_image","twitter_site":"@calabrio","schema":{"@context":"https:\/\/schema.org","@graph":[{"@type":"WebPage","@id":"https:\/\/www.calabrio.com\/de\/erklaerung-zur-modernen-sklaverei\/","url":"https:\/\/www.calabrio.com\/de\/erklaerung-zur-modernen-sklaverei\/","name":"Erkl\u00e4rung zur modernen Sklaverei | Calabrio","isPartOf":{"@id":"https:\/\/www.calabrio.com\/fr\/#website"},"datePublished":"2025-06-26T13:54:12+00:00","dateModified":"2025-11-10T10:45:52+00:00","description":"Lesen Sie die Erkl\u00e4rung von Calabrio zur modernen Sklaverei, in der wir unsere Ma\u00dfnahmen zur Bek\u00e4mpfung der modernen Sklaverei und des Menschenhandels in unseren Betrieben und unserer Lieferkette in \u00dcbereinstimmung mit der britischen und australischen Gesetzgebung darlegen.","breadcrumb":{"@id":"https:\/\/www.calabrio.com\/de\/erklaerung-zur-modernen-sklaverei\/#breadcrumb"},"inLanguage":"de","potentialAction":[{"@type":"ReadAction","target":["https:\/\/www.calabrio.com\/de\/erklaerung-zur-modernen-sklaverei\/"]}]},{"@type":"BreadcrumbList","@id":"https:\/\/www.calabrio.com\/de\/erklaerung-zur-modernen-sklaverei\/#breadcrumb","itemListElement":[{"@type":"ListItem","position":1,"name":"Home","item":"https:\/\/www.calabrio.com\/de\/"},{"@type":"ListItem","position":2,"name":"Erkl\u00e4rung zur modernen Sklaverei"}]},{"@type":"WebSite","@id":"https:\/\/www.calabrio.com\/fr\/#website","url":"https:\/\/www.calabrio.com\/fr\/","name":"Calabrio","description":"Workforce Engagement Management Software","publisher":{"@id":"https:\/\/www.calabrio.com\/fr\/#organization"},"potentialAction":[{"@type":"SearchAction","target":{"@type":"EntryPoint","urlTemplate":"https:\/\/www.calabrio.com\/fr\/?s={search_term_string}"},"query-input":{"@type":"PropertyValueSpecification","valueRequired":true,"valueName":"search_term_string"}}],"inLanguage":"de"},{"@type":"Organization","@id":"https:\/\/www.calabrio.com\/fr\/#organization","name":"Calabrio","url":"https:\/\/www.calabrio.com\/fr\/","logo":{"@type":"ImageObject","inLanguage":"de","@id":"https:\/\/www.calabrio.com\/fr\/#\/schema\/logo\/image\/","url":"https:\/\/www.calabrio.com\/wp-content\/uploads\/2025\/01\/Group-1707478765.png","contentUrl":"https:\/\/www.calabrio.com\/wp-content\/uploads\/2025\/01\/Group-1707478765.png","width":1360,"height":984,"caption":"Calabrio"},"image":{"@id":"https:\/\/www.calabrio.com\/fr\/#\/schema\/logo\/image\/"},"sameAs":["https:\/\/www.facebook.com\/pages\/Calabrio\/312159772174664","https:\/\/x.com\/calabrio","https:\/\/www.linkedin.com\/company\/calabrio"]}]}},"featured_image_src":null,"featured_image_src_square":null,"_links":{"self":[{"href":"https:\/\/www.calabrio.com\/de\/wp-json\/wp\/v2\/pages\/33438","targetHints":{"allow":["GET"]}}],"collection":[{"href":"https:\/\/www.calabrio.com\/de\/wp-json\/wp\/v2\/pages"}],"about":[{"href":"https:\/\/www.calabrio.com\/de\/wp-json\/wp\/v2\/types\/page"}],"author":[{"embeddable":true,"href":"https:\/\/www.calabrio.com\/de\/wp-json\/wp\/v2\/users\/231"}],"replies":[{"embeddable":true,"href":"https:\/\/www.calabrio.com\/de\/wp-json\/wp\/v2\/comments?post=33438"}],"version-history":[{"count":0,"href":"https:\/\/www.calabrio.com\/de\/wp-json\/wp\/v2\/pages\/33438\/revisions"}],"wp:attachment":[{"href":"https:\/\/www.calabrio.com\/de\/wp-json\/wp\/v2\/media?parent=33438"}],"curies":[{"name":"wp","href":"https:\/\/api.w.org\/{rel}","templated":true}]}}