
{"id":33837,"date":"2025-07-04T06:49:16","date_gmt":"2025-07-04T06:49:16","guid":{"rendered":"https:\/\/www.calabrio.com\/calabrio-verhaltenskodex-fuer-lieferanten-und-partner\/"},"modified":"2025-07-04T06:57:57","modified_gmt":"2025-07-04T06:57:57","slug":"calabrio-verhaltenskodex-fuer-lieferanten-und-partner","status":"publish","type":"page","link":"https:\/\/www.calabrio.com\/de\/calabrio-verhaltenskodex-fuer-lieferanten-und-partner\/","title":{"rendered":"Calabrio Verhaltenskodex f\u00fcr Lieferanten und Partner"},"content":{"rendered":"\n<div style=\"color:#ddd\" class=\"wp-block-genesis-blocks-gb-spacer gb-block-spacer gb-divider-solid gb-divider-size-1\"><hr style=\"height:60px\"><\/div>\n<div class=\"container wysiwyg\" data-aos=\"fade-up\">\n<h1 class=\"wp-block-heading has-text-align-center\"><strong>CALABRIO LIEFERANT UND PARTNER<br\/>VERHALTENSKODEX<\/strong><\/h1>\n<\/div>\n<div style=\"color:#ddd\" class=\"wp-block-genesis-blocks-gb-spacer gb-block-spacer gb-divider-solid gb-divider-size-1\"><hr style=\"height:40px\"><\/div>\n<div class=\"container wysiwyg\" data-aos=\"fade-up\">\n<h2 class=\"wp-block-heading\">Einhaltung rechtlicher und regulatorischer Vorschriften<\/h2>\n<\/div><div class=\"container wysiwyg\" data-aos=\"fade-up\">\n<p>Der Erfolg und der Ruf von Calabrio beruhen auf Fairness und ethischem Verhalten. Wir sind auf das Vertrauen unserer Kunden und unserer Gesch\u00e4ftswelt angewiesen. Daher m\u00fcssen alle Lieferanten, Verk\u00e4ufer und Gesch\u00e4ftspartner, die mit Calabrio zusammenarbeiten (zusammenfassend als &#8222;Partner&#8220; bezeichnet), in einer Weise handeln, die ihr Engagement f\u00fcr ethische und gesetzeskonforme Gesch\u00e4ftspraktiken zeigt. Wir erwarten, dass alle Partner einen verbindlichen Verhaltenskodex einhalten, der jeden der unten beschriebenen Grunds\u00e4tze beinhaltet.<\/p>\n<\/div><div class=\"container wysiwyg\" data-aos=\"fade-up\">\n<h2 class=\"wp-block-heading\">Einhaltung von Gesetzen, Vorschriften und Vereinbarungen<\/h2>\n<\/div><div class=\"container wysiwyg\" data-aos=\"fade-up\">\n<p>Alle Partner m\u00fcssen in voller \u00dcbereinstimmung mit den geltenden Gesetzen, regulatorischen Rahmenbedingungen und vertraglichen Verpflichtungen handeln. Dazu geh\u00f6rt auch die Erf\u00fcllung aller erforderlichen Lizenzen und Registrierungen, die f\u00fcr ihren operativen Zust\u00e4ndigkeitsbereich relevant sind.<\/p>\n<\/div><div class=\"container wysiwyg\" data-aos=\"fade-up\">\n<h2 class=\"wp-block-heading\">Einhaltung der Handelsbestimmungen<\/h2>\n<\/div><div class=\"container wysiwyg\" data-aos=\"fade-up\">\n<p>Der gesamte internationale Austausch von Produkten, Dienstleistungen und Daten muss mit den globalen Handelsgesetzen in Einklang stehen. Von den Partnern wird erwartet, dass sie alle Export- und Handelssanktionen einhalten, einschlie\u00dflich derer, die von US-Regulierungsbeh\u00f6rden wie dem Au\u00dfen-, Handels-, Finanz-, Verteidigungs- und Energieministerium erlassen wurden.<\/p>\n<\/div><div class=\"container wysiwyg\" data-aos=\"fade-up\">\n<h2 class=\"wp-block-heading\">Anti-Bestechung und Anti-Korruption<\/h2>\n<\/div><div class=\"container wysiwyg\" data-aos=\"fade-up\">\n<p>Calabrio verpflichtet sich, alle Gesch\u00e4fte mit Integrit\u00e4t und in voller \u00dcbereinstimmung mit den Anti-Korruptionsgesetzen zu f\u00fchren, einschlie\u00dflich des U.S. Foreign Corrupt Practices Act (FCPA) und des UK Bribery Act 2010. Wir verbieten strikt jede Form von Bestechung oder Korruption und erwarten von unseren Partnern, dass sie dasselbe tun. Die Partner m\u00fcssen im Rahmen unseres \u00dcberpr\u00fcfungsprozesses m\u00f6glicherweise eine Due-Diligence-Pr\u00fcfung durchf\u00fchren. Es d\u00fcrfen keine Geschenke an Mitarbeiter von Calabrio gegeben oder von ihnen erbeten werden, es sei denn, dies geschieht in \u00dcbereinstimmung mit dem Kodex f\u00fcr Gesch\u00e4ftsethik und -verhalten von Calabrio.<\/p>\n<\/div><div class=\"container wysiwyg\" data-aos=\"fade-up\">\n<h2 class=\"wp-block-heading\">Informationsschutz und Datenschutz<\/h2>\n<\/div><div class=\"container wysiwyg\" data-aos=\"fade-up\">\n<h4 class=\"wp-block-heading\">Vertraulichkeit und geistiges Eigentum<\/h4>\n<\/div><div class=\"container wysiwyg\" data-aos=\"fade-up\">\n<p>Partner m\u00fcssen alle vertraulichen und urheberrechtlich gesch\u00fctzten Informationen, die sie durch ihre Beziehung zu Calabrio erhalten haben, in \u00dcbereinstimmung mit den geltenden Vereinbarungen sch\u00fctzen. Die Achtung der Rechte an geistigem Eigentum ist von wesentlicher Bedeutung und muss mit den Vertragsbedingungen \u00fcbereinstimmen.<\/p>\n<\/div><div class=\"container wysiwyg\" data-aos=\"fade-up\">\n<h4 class=\"wp-block-heading\">Datensicherheit<\/h4>\n<\/div><div class=\"container wysiwyg\" data-aos=\"fade-up\">\n<p class=\"underline\">Die Partner m\u00fcssen angemessene Datensicherheitskontrollen in \u00dcbereinstimmung mit Industriestandards und Best Practices durchf\u00fchren und sicherstellen, dass alle Informationen sicher sind. Partner k\u00f6nnen aufgefordert werden, auf j\u00e4hrliche Sicherheitsbewertungen zu antworten. Von den Partnern wird erwartet, dass sie Calabrio unverz\u00fcglich \u00fcber jede bekannte oder vermutete Sicherheitsverletzung im Zusammenhang mit Calabrio-Daten informieren.<\/p>\n<\/div><div class=\"container wysiwyg\" data-aos=\"fade-up\">\n<h4 class=\"wp-block-heading\">Datenschutz<\/h4>\n<\/div><div class=\"container wysiwyg\" data-aos=\"fade-up\">\n<p>In F\u00e4llen, in denen auf personenbezogene Daten von Kunden oder Mitarbeitern von Calabrio zugegriffen wird, m\u00fcssen diese in strikter \u00dcbereinstimmung mit den Datenschutzgesetzen behandelt werden. Die Partner m\u00fcssen best\u00e4tigen, dass die pers\u00f6nlichen Daten nur f\u00fcr die vertraglich vereinbarten Zwecke verwendet und nicht verkauft oder missbraucht werden.<\/p>\n<\/div><div class=\"container wysiwyg\" data-aos=\"fade-up\">\n<h2 class=\"wp-block-heading\">Gesch\u00e4ftliche Integrit\u00e4t<\/h2>\n<\/div><div class=\"container wysiwyg\" data-aos=\"fade-up\">\n<h4 class=\"wp-block-heading\">Interessenkonflikt<\/h4>\n<\/div><div class=\"container wysiwyg\" data-aos=\"fade-up\">\n<p>Von Partnern wird erwartet, dass sie Situationen vermeiden, die zu tats\u00e4chlichen oder vermeintlichen Interessenkonflikten in Bezug auf die Verpflichtungen zwischen dem Partner und Calabrio f\u00fchren k\u00f6nnten. Solche potenziellen Probleme sollten umgehend dem zust\u00e4ndigen Calabrio-Ansprechpartner mitgeteilt werden.<\/p>\n<\/div><div class=\"container wysiwyg\" data-aos=\"fade-up\">\n<h4 class=\"wp-block-heading\">Finanzielle Korrektheit<\/h4>\n<\/div><div class=\"container wysiwyg\" data-aos=\"fade-up\">\n<p>Alle Finanzunterlagen m\u00fcssen unter Einhaltung der gesetzlichen und beh\u00f6rdlichen Vorschriften und der allgemein anerkannten Rechnungslegungsgrunds\u00e4tze genau gef\u00fchrt werden. Diese Unterlagen m\u00fcssen gem\u00e4\u00df den geltenden Gesetzen aufbewahrt werden.<\/p>\n<\/div><div class=\"container wysiwyg\" data-aos=\"fade-up\">\n<h2 class=\"wp-block-heading\">Faire und sichere Arbeitspl\u00e4tze<\/h2>\n<\/div><div class=\"container wysiwyg\" data-aos=\"fade-up\">\n<h4 class=\"wp-block-heading\">Standards am Arbeitsplatz<\/h4>\n<\/div><div class=\"container wysiwyg\" data-aos=\"fade-up\">\n<p>Von den Partnern wird erwartet, dass sie sich an alle Arbeitsplatzgesetze halten, die Vielfalt unterst\u00fctzen und ein professionelles Umfeld ohne Bel\u00e4stigung und Diskriminierung gew\u00e4hrleisten. Mitarbeiter m\u00fcssen in Bezug auf L\u00f6hne, Arbeitszeiten und Arbeitsplatzbedingungen fair behandelt werden.<\/p>\n<\/div><div class=\"container wysiwyg\" data-aos=\"fade-up\">\n<h4 class=\"wp-block-heading\">Menschenrechte, Bek\u00e4mpfung von Menschenhandel und moderner Sklaverei<\/h4>\n<\/div><div class=\"container wysiwyg\" data-aos=\"fade-up\">\n<p>Calabrio duldet keine Zwangsarbeit, Kinderarbeit oder Menschenhandel. Alle Partner m\u00fcssen die grundlegenden Menschenrechte wahren und sich an die Arbeitsgesetze halten. Wir werden nicht wissentlich mit einer Organisation zusammenarbeiten, die diese Standards nicht erf\u00fcllt.<\/p>\n<\/div><div class=\"container wysiwyg\" data-aos=\"fade-up\">\n<div style=\"height:15px\" aria-hidden=\"true\" class=\"wp-block-spacer\"><\/div>\n<\/div><div class=\"container wysiwyg\" data-aos=\"fade-up\">\n<p>Dar\u00fcber hinaus erwartet Calabrio von allen Partnern, dass sie die geltenden Gesetze zur Bek\u00e4mpfung von Sklaverei und Menschenhandel einhalten, insbesondere den Modern Slavery Act 2025 des Vereinigten K\u00f6nigreichs, und dass sie ihre eigenen Richtlinien zur modernen Sklaverei einhalten, die die oben beschriebenen Grunds\u00e4tze beinhalten.<\/p>\n<\/div><div class=\"container wysiwyg\" data-aos=\"fade-up\">\n<h4 class=\"wp-block-heading\">Gesundheit, Sicherheit, Umwelt und Qualit\u00e4t<\/h4>\n<\/div><div class=\"container wysiwyg\" data-aos=\"fade-up\">\n<p>Die Partner sind f\u00fcr die Aufrechterhaltung von sicheren, gesunden und umweltbewussten Arbeitspl\u00e4tzen verantwortlich. Die Einhaltung aller geltenden Gesetze und vertraglichen Sicherheits- und Umweltverpflichtungen ist obligatorisch. Alle Dienstleistungen und Waren m\u00fcssen das erwartete Qualit\u00e4tsniveau erf\u00fcllen oder \u00fcbertreffen.<\/p>\n<\/div><div class=\"container wysiwyg\" data-aos=\"fade-up\">\n<h2 class=\"wp-block-heading\">Fragen, Bedenken und Meldung von Fehlverhalten<\/h2>\n<\/div><div class=\"container wysiwyg\" data-aos=\"fade-up\">\n<p>Partner werden ermutigt, alle ethischen oder integrit\u00e4tsbezogenen Bedenken, die Calabrio betreffen, zu melden. Soweit es die \u00f6rtlichen Gesetze zulassen, m\u00fcssen sie bei allen Ermittlungen mit Calabrio zusammenarbeiten. Vergeltungsma\u00dfnahmen gegen Whistleblower werden nicht toleriert.<\/p>\n<\/div><div class=\"container wysiwyg\" data-aos=\"fade-up\">\n<div style=\"height:15px\" aria-hidden=\"true\" class=\"wp-block-spacer\"><\/div>\n<\/div><div class=\"container wysiwyg\" data-aos=\"fade-up\">\n<p>Um einen Bericht einzureichen, verwenden Sie eine der folgenden Optionen:<\/p>\n<\/div><div class=\"container wysiwyg\" data-aos=\"fade-up\">\n<ul class=\"wp-block-list\"><div class=\"container wysiwyg\" data-aos=\"fade-up\">\n<li>Wenden Sie sich an Ihren Calabrio Ansprechpartner<\/li>\n<\/div>\n\n<div class=\"container wysiwyg\" data-aos=\"fade-up\">\n<li>E-Mail <a href=\"mailto:legal@calabrio.com\">legal@calabrio.com<\/a><\/li>\n<\/div>\n\n<div class=\"container wysiwyg\" data-aos=\"fade-up\">\n<li>Anonym \u00fcber den <a href=\"https:\/\/secure.ethicspoint.com\/domain\/media\/en\/gui\/55875\/index.html\" target=\"_blank\" rel=\"noreferrer noopener\">NAVEX EthicsPoint<\/a> von Calabrio einreichen<\/li>\n<\/div><\/ul>\n<\/div><div class=\"container wysiwyg\" data-aos=\"fade-up\">\n<h2 class=\"wp-block-heading\">Informationen zum Dokument<\/h2>\n<\/div><div class=\"container wysiwyg\" data-aos=\"fade-up\">\n<ul class=\"wp-block-list\"><div class=\"container wysiwyg\" data-aos=\"fade-up\">\n<li><strong>Version:<\/strong> 1.0<\/li>\n<\/div>\n\n<div class=\"container wysiwyg\" data-aos=\"fade-up\">\n<li><strong>Ver\u00f6ffentlicht:<\/strong> Juni 18, 2025<\/li>\n<\/div>\n\n<div class=\"container wysiwyg\" data-aos=\"fade-up\">\n<li><strong>Klassifizierung:<\/strong> \u00d6ffentlich<\/li>\n<\/div>\n\n<div class=\"container wysiwyg\" data-aos=\"fade-up\">\n<li><strong>Eigent\u00fcmer des Dokuments:<\/strong> Calabrio Legal<\/li>\n<\/div><\/ul>\n<\/div>\n<div style=\"color:#ddd\" class=\"wp-block-genesis-blocks-gb-spacer gb-block-spacer gb-divider-solid gb-divider-size-1\"><hr style=\"height:60px\"><\/div>\n","protected":false},"excerpt":{"rendered":"<p>CALABRIO LIEFERANT UND PARTNERVERHALTENSKODEX Einhaltung rechtlicher und regulatorischer Vorschriften Der Erfolg und der Ruf von Calabrio beruhen auf Fairness und ethischem Verhalten. Wir sind auf das Vertrauen unserer Kunden und unserer Gesch\u00e4ftswelt angewiesen. Daher m\u00fcssen alle Lieferanten, Verk\u00e4ufer und Gesch\u00e4ftspartner, die mit Calabrio zusammenarbeiten (zusammenfassend als &#8222;Partner&#8220; bezeichnet), in einer Weise handeln, die ihr Engagement [&hellip;]<\/p>\n","protected":false},"author":231,"featured_media":0,"parent":0,"menu_order":0,"comment_status":"closed","ping_status":"closed","template":"","meta":{"_acf_changed":false,"om_disable_all_campaigns":false,"footnotes":""},"class_list":["post-33837","page","type-page","status-publish","hentry"],"acf":[],"yoast_head":"<!-- This site is optimized with the Yoast SEO Premium plugin v27.4 (Yoast SEO v27.4) - https:\/\/yoast.com\/product\/yoast-seo-premium-wordpress\/ -->\n<title>Calabrio Verhaltenskodex f\u00fcr Lieferanten und Partner | Ethik, Compliance und Integrit\u00e4t<\/title>\n<meta name=\"description\" content=\"Entdecken Sie den Verhaltenskodex f\u00fcr Lieferanten und Partner von Calabrio, der die Standards f\u00fcr die Einhaltung von Gesetzen, die Korruptionsbek\u00e4mpfung, den Datenschutz, die Menschenrechte und ethische Gesch\u00e4ftspraktiken umrei\u00dft.\" \/>\n<meta name=\"robots\" content=\"index, follow, max-snippet:-1, max-image-preview:large, max-video-preview:-1\" \/>\n<link rel=\"canonical\" href=\"https:\/\/www.calabrio.com\/de\/calabrio-verhaltenskodex-fuer-lieferanten-und-partner\/\" \/>\n<meta property=\"og:locale\" content=\"de_DE\" \/>\n<meta property=\"og:type\" content=\"article\" \/>\n<meta property=\"og:title\" content=\"Calabrio Verhaltenskodex f\u00fcr Lieferanten und Partner\" \/>\n<meta property=\"og:description\" content=\"CALABRIO LIEFERANT UND PARTNERVERHALTENSKODEX Einhaltung rechtlicher und regulatorischer Vorschriften Der Erfolg und der Ruf von Calabrio beruhen auf\" \/>\n<meta property=\"og:url\" content=\"https:\/\/www.calabrio.com\/de\/calabrio-verhaltenskodex-fuer-lieferanten-und-partner\/\" \/>\n<meta property=\"og:site_name\" content=\"Calabrio\" \/>\n<meta property=\"article:publisher\" content=\"https:\/\/www.facebook.com\/pages\/Calabrio\/312159772174664\" \/>\n<meta property=\"article:modified_time\" content=\"2025-07-04T06:57:57+00:00\" \/>\n<meta property=\"og:image\" content=\"https:\/\/www.calabrio.com\/wp-content\/uploads\/2025\/01\/Group-1707478745.png\" \/>\n\t<meta property=\"og:image:width\" content=\"2040\" \/>\n\t<meta property=\"og:image:height\" content=\"1476\" \/>\n\t<meta property=\"og:image:type\" content=\"image\/png\" \/>\n<meta name=\"twitter:card\" content=\"summary_large_image\" \/>\n<meta name=\"twitter:site\" content=\"@calabrio\" \/>\n<meta name=\"twitter:label1\" content=\"Gesch\u00e4tzte Lesezeit\" \/>\n\t<meta name=\"twitter:data1\" content=\"4 Minuten\" \/>\n<script type=\"application\/ld+json\" class=\"yoast-schema-graph\">{\"@context\":\"https:\\\/\\\/schema.org\",\"@graph\":[{\"@type\":\"WebPage\",\"@id\":\"https:\\\/\\\/www.calabrio.com\\\/de\\\/calabrio-verhaltenskodex-fuer-lieferanten-und-partner\\\/\",\"url\":\"https:\\\/\\\/www.calabrio.com\\\/de\\\/calabrio-verhaltenskodex-fuer-lieferanten-und-partner\\\/\",\"name\":\"Calabrio Verhaltenskodex f\u00fcr Lieferanten und Partner | Ethik, Compliance und Integrit\u00e4t\",\"isPartOf\":{\"@id\":\"https:\\\/\\\/www.calabrio.com\\\/fr\\\/#website\"},\"datePublished\":\"2025-07-04T06:49:16+00:00\",\"dateModified\":\"2025-07-04T06:57:57+00:00\",\"description\":\"Entdecken Sie den Verhaltenskodex f\u00fcr Lieferanten und Partner von Calabrio, der die Standards f\u00fcr die Einhaltung von Gesetzen, die Korruptionsbek\u00e4mpfung, den Datenschutz, die Menschenrechte und ethische Gesch\u00e4ftspraktiken umrei\u00dft.\",\"breadcrumb\":{\"@id\":\"https:\\\/\\\/www.calabrio.com\\\/de\\\/calabrio-verhaltenskodex-fuer-lieferanten-und-partner\\\/#breadcrumb\"},\"inLanguage\":\"de\",\"potentialAction\":[{\"@type\":\"ReadAction\",\"target\":[\"https:\\\/\\\/www.calabrio.com\\\/de\\\/calabrio-verhaltenskodex-fuer-lieferanten-und-partner\\\/\"]}]},{\"@type\":\"BreadcrumbList\",\"@id\":\"https:\\\/\\\/www.calabrio.com\\\/de\\\/calabrio-verhaltenskodex-fuer-lieferanten-und-partner\\\/#breadcrumb\",\"itemListElement\":[{\"@type\":\"ListItem\",\"position\":1,\"name\":\"Home\",\"item\":\"https:\\\/\\\/www.calabrio.com\\\/de\\\/\"},{\"@type\":\"ListItem\",\"position\":2,\"name\":\"Calabrio Verhaltenskodex f\u00fcr Lieferanten und Partner\"}]},{\"@type\":\"WebSite\",\"@id\":\"https:\\\/\\\/www.calabrio.com\\\/fr\\\/#website\",\"url\":\"https:\\\/\\\/www.calabrio.com\\\/fr\\\/\",\"name\":\"Calabrio\",\"description\":\"Workforce Engagement Management Software\",\"publisher\":{\"@id\":\"https:\\\/\\\/www.calabrio.com\\\/fr\\\/#organization\"},\"potentialAction\":[{\"@type\":\"SearchAction\",\"target\":{\"@type\":\"EntryPoint\",\"urlTemplate\":\"https:\\\/\\\/www.calabrio.com\\\/fr\\\/?s={search_term_string}\"},\"query-input\":{\"@type\":\"PropertyValueSpecification\",\"valueRequired\":true,\"valueName\":\"search_term_string\"}}],\"inLanguage\":\"de\"},{\"@type\":\"Organization\",\"@id\":\"https:\\\/\\\/www.calabrio.com\\\/fr\\\/#organization\",\"name\":\"Calabrio\",\"url\":\"https:\\\/\\\/www.calabrio.com\\\/fr\\\/\",\"logo\":{\"@type\":\"ImageObject\",\"inLanguage\":\"de\",\"@id\":\"https:\\\/\\\/www.calabrio.com\\\/fr\\\/#\\\/schema\\\/logo\\\/image\\\/\",\"url\":\"https:\\\/\\\/www.calabrio.com\\\/wp-content\\\/uploads\\\/2025\\\/01\\\/Group-1707478765.png\",\"contentUrl\":\"https:\\\/\\\/www.calabrio.com\\\/wp-content\\\/uploads\\\/2025\\\/01\\\/Group-1707478765.png\",\"width\":1360,\"height\":984,\"caption\":\"Calabrio\"},\"image\":{\"@id\":\"https:\\\/\\\/www.calabrio.com\\\/fr\\\/#\\\/schema\\\/logo\\\/image\\\/\"},\"sameAs\":[\"https:\\\/\\\/www.facebook.com\\\/pages\\\/Calabrio\\\/312159772174664\",\"https:\\\/\\\/x.com\\\/calabrio\",\"https:\\\/\\\/www.linkedin.com\\\/company\\\/calabrio\"]}]}<\/script>\n<!-- \/ Yoast SEO Premium plugin. -->","yoast_head_json":{"title":"Calabrio Verhaltenskodex f\u00fcr Lieferanten und Partner | Ethik, Compliance und Integrit\u00e4t","description":"Entdecken Sie den Verhaltenskodex f\u00fcr Lieferanten und Partner von Calabrio, der die Standards f\u00fcr die Einhaltung von Gesetzen, die Korruptionsbek\u00e4mpfung, den Datenschutz, die Menschenrechte und ethische Gesch\u00e4ftspraktiken umrei\u00dft.","robots":{"index":"index","follow":"follow","max-snippet":"max-snippet:-1","max-image-preview":"max-image-preview:large","max-video-preview":"max-video-preview:-1"},"canonical":"https:\/\/www.calabrio.com\/de\/calabrio-verhaltenskodex-fuer-lieferanten-und-partner\/","og_locale":"de_DE","og_type":"article","og_title":"Calabrio Verhaltenskodex f\u00fcr Lieferanten und Partner","og_description":"CALABRIO LIEFERANT UND PARTNERVERHALTENSKODEX Einhaltung rechtlicher und regulatorischer Vorschriften Der Erfolg und der Ruf von Calabrio beruhen auf","og_url":"https:\/\/www.calabrio.com\/de\/calabrio-verhaltenskodex-fuer-lieferanten-und-partner\/","og_site_name":"Calabrio","article_publisher":"https:\/\/www.facebook.com\/pages\/Calabrio\/312159772174664","article_modified_time":"2025-07-04T06:57:57+00:00","og_image":[{"width":2040,"height":1476,"url":"https:\/\/www.calabrio.com\/wp-content\/uploads\/2025\/01\/Group-1707478745.png","type":"image\/png"}],"twitter_card":"summary_large_image","twitter_site":"@calabrio","twitter_misc":{"Gesch\u00e4tzte Lesezeit":"4 Minuten"},"schema":{"@context":"https:\/\/schema.org","@graph":[{"@type":"WebPage","@id":"https:\/\/www.calabrio.com\/de\/calabrio-verhaltenskodex-fuer-lieferanten-und-partner\/","url":"https:\/\/www.calabrio.com\/de\/calabrio-verhaltenskodex-fuer-lieferanten-und-partner\/","name":"Calabrio Verhaltenskodex f\u00fcr Lieferanten und Partner | Ethik, Compliance und Integrit\u00e4t","isPartOf":{"@id":"https:\/\/www.calabrio.com\/fr\/#website"},"datePublished":"2025-07-04T06:49:16+00:00","dateModified":"2025-07-04T06:57:57+00:00","description":"Entdecken Sie den Verhaltenskodex f\u00fcr Lieferanten und Partner von Calabrio, der die Standards f\u00fcr die Einhaltung von Gesetzen, die Korruptionsbek\u00e4mpfung, den Datenschutz, die Menschenrechte und ethische Gesch\u00e4ftspraktiken umrei\u00dft.","breadcrumb":{"@id":"https:\/\/www.calabrio.com\/de\/calabrio-verhaltenskodex-fuer-lieferanten-und-partner\/#breadcrumb"},"inLanguage":"de","potentialAction":[{"@type":"ReadAction","target":["https:\/\/www.calabrio.com\/de\/calabrio-verhaltenskodex-fuer-lieferanten-und-partner\/"]}]},{"@type":"BreadcrumbList","@id":"https:\/\/www.calabrio.com\/de\/calabrio-verhaltenskodex-fuer-lieferanten-und-partner\/#breadcrumb","itemListElement":[{"@type":"ListItem","position":1,"name":"Home","item":"https:\/\/www.calabrio.com\/de\/"},{"@type":"ListItem","position":2,"name":"Calabrio Verhaltenskodex f\u00fcr Lieferanten und Partner"}]},{"@type":"WebSite","@id":"https:\/\/www.calabrio.com\/fr\/#website","url":"https:\/\/www.calabrio.com\/fr\/","name":"Calabrio","description":"Workforce Engagement Management Software","publisher":{"@id":"https:\/\/www.calabrio.com\/fr\/#organization"},"potentialAction":[{"@type":"SearchAction","target":{"@type":"EntryPoint","urlTemplate":"https:\/\/www.calabrio.com\/fr\/?s={search_term_string}"},"query-input":{"@type":"PropertyValueSpecification","valueRequired":true,"valueName":"search_term_string"}}],"inLanguage":"de"},{"@type":"Organization","@id":"https:\/\/www.calabrio.com\/fr\/#organization","name":"Calabrio","url":"https:\/\/www.calabrio.com\/fr\/","logo":{"@type":"ImageObject","inLanguage":"de","@id":"https:\/\/www.calabrio.com\/fr\/#\/schema\/logo\/image\/","url":"https:\/\/www.calabrio.com\/wp-content\/uploads\/2025\/01\/Group-1707478765.png","contentUrl":"https:\/\/www.calabrio.com\/wp-content\/uploads\/2025\/01\/Group-1707478765.png","width":1360,"height":984,"caption":"Calabrio"},"image":{"@id":"https:\/\/www.calabrio.com\/fr\/#\/schema\/logo\/image\/"},"sameAs":["https:\/\/www.facebook.com\/pages\/Calabrio\/312159772174664","https:\/\/x.com\/calabrio","https:\/\/www.linkedin.com\/company\/calabrio"]}]}},"featured_image_src":null,"featured_image_src_square":null,"_links":{"self":[{"href":"https:\/\/www.calabrio.com\/de\/wp-json\/wp\/v2\/pages\/33837","targetHints":{"allow":["GET"]}}],"collection":[{"href":"https:\/\/www.calabrio.com\/de\/wp-json\/wp\/v2\/pages"}],"about":[{"href":"https:\/\/www.calabrio.com\/de\/wp-json\/wp\/v2\/types\/page"}],"author":[{"embeddable":true,"href":"https:\/\/www.calabrio.com\/de\/wp-json\/wp\/v2\/users\/231"}],"replies":[{"embeddable":true,"href":"https:\/\/www.calabrio.com\/de\/wp-json\/wp\/v2\/comments?post=33837"}],"version-history":[{"count":0,"href":"https:\/\/www.calabrio.com\/de\/wp-json\/wp\/v2\/pages\/33837\/revisions"}],"wp:attachment":[{"href":"https:\/\/www.calabrio.com\/de\/wp-json\/wp\/v2\/media?parent=33837"}],"curies":[{"name":"wp","href":"https:\/\/api.w.org\/{rel}","templated":true}]}}