
{"id":34900,"date":"2025-07-23T23:01:22","date_gmt":"2025-07-23T23:01:22","guid":{"rendered":"https:\/\/www.calabrio.com\/contact-center-glossar\/"},"modified":"2025-11-13T12:21:37","modified_gmt":"2025-11-13T12:21:37","slug":"contact-center-glossar","status":"publish","type":"page","link":"https:\/\/www.calabrio.com\/de\/contact-center-glossar\/","title":{"rendered":"Contact Center Glossar"},"content":{"rendered":"<div class=\"container wysiwyg\" data-aos=\"fade-up\">\n<p><\/p>\n<\/div><div class=\"container wysiwyg\" data-aos=\"fade-up\">\n<p><\/p>\n<\/div><div class=\"container wysiwyg\" data-aos=\"fade-up\">\n<p>Contact Center arbeiten in einer komplexen Umgebung, die von Fachterminologie, Kennzahlen und branchenspezifischen Ausdr\u00fccken gepr\u00e4gt ist. Ganz gleich, ob Sie neu auf dem Gebiet sind oder Ihr Wissen als erfahrener Fachmann erweitern, das Verst\u00e4ndnis dieses Vokabulars ist f\u00fcr eine effektive Kommunikation und den operativen Erfolg unerl\u00e4sslich.<\/p>\n<\/div><div class=\"container wysiwyg\" data-aos=\"fade-up\">\n<p><\/p>\n<\/div><div class=\"container wysiwyg\" data-aos=\"fade-up\">\n<p><\/p>\n<\/div><div class=\"container wysiwyg\" data-aos=\"fade-up\">\n<p>Unser umfassendes Contact Center-Glossar fasst die wichtigsten Begriffe aus den Bereichen Workforce Management, Qualit\u00e4tsmanagement, Analytik und Customer Experience zusammen. Jede Definition geht \u00fcber einfache Erkl\u00e4rungen hinaus und stellt den Kontext dar, in dem diese Konzepte f\u00fcr den modernen Contact Center-Betrieb gelten.<\/p>\n<\/div><div class=\"container wysiwyg\" data-aos=\"fade-up\">\n<p><\/p>\n<\/div><div class=\"container wysiwyg\" data-aos=\"fade-up\">\n<p><\/p>\n<\/div><div class=\"container wysiwyg\" data-aos=\"fade-up\">\n<p><strong>Was Sie in diesem Leitfaden finden werden:<\/strong><\/p>\n<\/div><div class=\"container wysiwyg\" data-aos=\"fade-up\">\n<p><\/p>\n<\/div><div class=\"container wysiwyg\" data-aos=\"fade-up\">\n<p><\/p>\n<\/div><div class=\"container wysiwyg\" data-aos=\"fade-up\">\n<ul class=\"wp-block-list\"><div class=\"container wysiwyg\" data-aos=\"fade-up\">\n<li><strong>Begriffe aus dem Workforce Management (WFM):<\/strong> Terminologie f\u00fcr Prognosen, Planung, Einhaltung und Agentenoptimierung<\/li>\n<\/div>\n\n<div class=\"container wysiwyg\" data-aos=\"fade-up\">\n<li><strong>Qualit\u00e4tsmanagement (QM) Vokabular:<\/strong> Bewertungskriterien, Coaching-Rahmen und Leistungsmetriken<\/li>\n<\/div>\n\n<div class=\"container wysiwyg\" data-aos=\"fade-up\">\n<li><strong>Analytics &amp; Insights Definitionen: <\/strong>Begriffe der Datenanalyse, Berichtsmetriken und Business Intelligence-Konzepte<\/li>\n<\/div>\n\n<div class=\"container wysiwyg\" data-aos=\"fade-up\">\n<li><strong>Sprache der Kundenerfahrung (CX):<\/strong> Journey Mapping, Stimmungsanalyse und Zufriedenheitsmessungen<\/li>\n<\/div>\n\n<div class=\"container wysiwyg\" data-aos=\"fade-up\">\n<li><strong>Begriffe zu Technologie und Integration:<\/strong> Cloud-Infrastruktur, API-Verbindungen und Plattformfunktionen<\/li>\n<\/div><\/ul>\n<\/div><div class=\"container wysiwyg\" data-aos=\"fade-up\">\n<p><\/p>\n<\/div><div class=\"container wysiwyg\" data-aos=\"fade-up\">\n<p><\/p>\n<\/div><div class=\"container wysiwyg\" data-aos=\"fade-up\">\n<p>Dieses Glossar dient Ihnen als Nachschlagewerk f\u00fcr Gespr\u00e4che mit Kollegen, f\u00fcr das Verst\u00e4ndnis der Herstellerdokumentation und f\u00fcr die Implementierung von Best Practices in Ihrem Contact Center.<\/p>\n<\/div><div class=\"container wysiwyg\" data-aos=\"fade-up\">\n<p><\/p>\n<\/div>","protected":false},"excerpt":{"rendered":"<p>Contact Center arbeiten in einer komplexen Umgebung, die von Fachterminologie, Kennzahlen und branchenspezifischen Ausdr\u00fccken gepr\u00e4gt ist. Ganz gleich, ob Sie neu auf dem Gebiet sind oder Ihr Wissen als erfahrener Fachmann erweitern, das Verst\u00e4ndnis dieses Vokabulars ist f\u00fcr eine effektive Kommunikation und den operativen Erfolg unerl\u00e4sslich. Unser umfassendes Contact Center-Glossar fasst die wichtigsten Begriffe aus [&hellip;]<\/p>\n","protected":false},"author":366,"featured_media":0,"parent":0,"menu_order":0,"comment_status":"closed","ping_status":"closed","template":"","meta":{"_acf_changed":false,"om_disable_all_campaigns":false,"footnotes":""},"class_list":["post-34900","page","type-page","status-publish","hentry"],"acf":[],"yoast_head":"<!-- This site is optimized with the Yoast SEO Premium plugin v27.4 (Yoast SEO v27.4) - https:\/\/yoast.com\/product\/yoast-seo-premium-wordpress\/ -->\n<title>Contact Center Glossar |<\/title>\n<meta name=\"description\" content=\"Contact Center arbeiten in einer komplexen Umgebung, die von Fachterminologie, Kennzahlen und branchenspezifischen Ausdr\u00fccken gepr\u00e4gt ist. Ganz gleich, ob\" \/>\n<meta name=\"robots\" content=\"index, follow, max-snippet:-1, max-image-preview:large, max-video-preview:-1\" \/>\n<link rel=\"canonical\" href=\"https:\/\/www.calabrio.com\/de\/contact-center-glossar\/\" \/>\n<meta property=\"og:locale\" content=\"de_DE\" \/>\n<meta property=\"og:type\" content=\"article\" \/>\n<meta property=\"og:title\" content=\"Contact Center Glossar\" \/>\n<meta property=\"og:description\" content=\"Contact Center arbeiten in einer komplexen Umgebung, die von Fachterminologie, Kennzahlen und branchenspezifischen Ausdr\u00fccken gepr\u00e4gt ist. Ganz gleich, ob\" \/>\n<meta property=\"og:url\" content=\"https:\/\/www.calabrio.com\/de\/contact-center-glossar\/\" \/>\n<meta property=\"og:site_name\" content=\"Calabrio\" \/>\n<meta property=\"article:publisher\" content=\"https:\/\/www.facebook.com\/pages\/Calabrio\/312159772174664\" \/>\n<meta property=\"article:modified_time\" content=\"2025-11-13T12:21:37+00:00\" \/>\n<meta property=\"og:image\" content=\"https:\/\/www.calabrio.com\/wp-content\/uploads\/2025\/01\/Group-1707478745.png\" \/>\n\t<meta property=\"og:image:width\" content=\"2040\" \/>\n\t<meta property=\"og:image:height\" content=\"1476\" \/>\n\t<meta property=\"og:image:type\" content=\"image\/png\" \/>\n<meta name=\"twitter:card\" content=\"summary_large_image\" \/>\n<meta name=\"twitter:site\" content=\"@calabrio\" \/>\n<meta name=\"twitter:label1\" content=\"Gesch\u00e4tzte Lesezeit\" \/>\n\t<meta name=\"twitter:data1\" content=\"1 Minute\" \/>\n<script type=\"application\/ld+json\" class=\"yoast-schema-graph\">{\"@context\":\"https:\\\/\\\/schema.org\",\"@graph\":[{\"@type\":\"WebPage\",\"@id\":\"https:\\\/\\\/www.calabrio.com\\\/de\\\/contact-center-glossar\\\/\",\"url\":\"https:\\\/\\\/www.calabrio.com\\\/de\\\/contact-center-glossar\\\/\",\"name\":\"Contact Center Glossar |\",\"isPartOf\":{\"@id\":\"https:\\\/\\\/www.calabrio.com\\\/fr\\\/#website\"},\"datePublished\":\"2025-07-23T23:01:22+00:00\",\"dateModified\":\"2025-11-13T12:21:37+00:00\",\"description\":\"Contact Center arbeiten in einer komplexen Umgebung, die von Fachterminologie, Kennzahlen und branchenspezifischen Ausdr\u00fccken gepr\u00e4gt ist. Ganz gleich, ob\",\"breadcrumb\":{\"@id\":\"https:\\\/\\\/www.calabrio.com\\\/de\\\/contact-center-glossar\\\/#breadcrumb\"},\"inLanguage\":\"de\",\"potentialAction\":[{\"@type\":\"ReadAction\",\"target\":[\"https:\\\/\\\/www.calabrio.com\\\/de\\\/contact-center-glossar\\\/\"]}]},{\"@type\":\"BreadcrumbList\",\"@id\":\"https:\\\/\\\/www.calabrio.com\\\/de\\\/contact-center-glossar\\\/#breadcrumb\",\"itemListElement\":[{\"@type\":\"ListItem\",\"position\":1,\"name\":\"Home\",\"item\":\"https:\\\/\\\/www.calabrio.com\\\/de\\\/\"},{\"@type\":\"ListItem\",\"position\":2,\"name\":\"Contact Center Glossar\"}]},{\"@type\":\"WebSite\",\"@id\":\"https:\\\/\\\/www.calabrio.com\\\/fr\\\/#website\",\"url\":\"https:\\\/\\\/www.calabrio.com\\\/fr\\\/\",\"name\":\"Calabrio\",\"description\":\"Workforce Engagement Management Software\",\"publisher\":{\"@id\":\"https:\\\/\\\/www.calabrio.com\\\/fr\\\/#organization\"},\"potentialAction\":[{\"@type\":\"SearchAction\",\"target\":{\"@type\":\"EntryPoint\",\"urlTemplate\":\"https:\\\/\\\/www.calabrio.com\\\/fr\\\/?s={search_term_string}\"},\"query-input\":{\"@type\":\"PropertyValueSpecification\",\"valueRequired\":true,\"valueName\":\"search_term_string\"}}],\"inLanguage\":\"de\"},{\"@type\":\"Organization\",\"@id\":\"https:\\\/\\\/www.calabrio.com\\\/fr\\\/#organization\",\"name\":\"Calabrio\",\"url\":\"https:\\\/\\\/www.calabrio.com\\\/fr\\\/\",\"logo\":{\"@type\":\"ImageObject\",\"inLanguage\":\"de\",\"@id\":\"https:\\\/\\\/www.calabrio.com\\\/fr\\\/#\\\/schema\\\/logo\\\/image\\\/\",\"url\":\"https:\\\/\\\/www.calabrio.com\\\/wp-content\\\/uploads\\\/2025\\\/01\\\/Group-1707478765.png\",\"contentUrl\":\"https:\\\/\\\/www.calabrio.com\\\/wp-content\\\/uploads\\\/2025\\\/01\\\/Group-1707478765.png\",\"width\":1360,\"height\":984,\"caption\":\"Calabrio\"},\"image\":{\"@id\":\"https:\\\/\\\/www.calabrio.com\\\/fr\\\/#\\\/schema\\\/logo\\\/image\\\/\"},\"sameAs\":[\"https:\\\/\\\/www.facebook.com\\\/pages\\\/Calabrio\\\/312159772174664\",\"https:\\\/\\\/x.com\\\/calabrio\",\"https:\\\/\\\/www.linkedin.com\\\/company\\\/calabrio\"]}]}<\/script>\n<!-- \/ Yoast SEO Premium plugin. -->","yoast_head_json":{"title":"Contact Center Glossar |","description":"Contact Center arbeiten in einer komplexen Umgebung, die von Fachterminologie, Kennzahlen und branchenspezifischen Ausdr\u00fccken gepr\u00e4gt ist. Ganz gleich, ob","robots":{"index":"index","follow":"follow","max-snippet":"max-snippet:-1","max-image-preview":"max-image-preview:large","max-video-preview":"max-video-preview:-1"},"canonical":"https:\/\/www.calabrio.com\/de\/contact-center-glossar\/","og_locale":"de_DE","og_type":"article","og_title":"Contact Center Glossar","og_description":"Contact Center arbeiten in einer komplexen Umgebung, die von Fachterminologie, Kennzahlen und branchenspezifischen Ausdr\u00fccken gepr\u00e4gt ist. Ganz gleich, ob","og_url":"https:\/\/www.calabrio.com\/de\/contact-center-glossar\/","og_site_name":"Calabrio","article_publisher":"https:\/\/www.facebook.com\/pages\/Calabrio\/312159772174664","article_modified_time":"2025-11-13T12:21:37+00:00","og_image":[{"width":2040,"height":1476,"url":"https:\/\/www.calabrio.com\/wp-content\/uploads\/2025\/01\/Group-1707478745.png","type":"image\/png"}],"twitter_card":"summary_large_image","twitter_site":"@calabrio","twitter_misc":{"Gesch\u00e4tzte Lesezeit":"1 Minute"},"schema":{"@context":"https:\/\/schema.org","@graph":[{"@type":"WebPage","@id":"https:\/\/www.calabrio.com\/de\/contact-center-glossar\/","url":"https:\/\/www.calabrio.com\/de\/contact-center-glossar\/","name":"Contact Center Glossar |","isPartOf":{"@id":"https:\/\/www.calabrio.com\/fr\/#website"},"datePublished":"2025-07-23T23:01:22+00:00","dateModified":"2025-11-13T12:21:37+00:00","description":"Contact Center arbeiten in einer komplexen Umgebung, die von Fachterminologie, Kennzahlen und branchenspezifischen Ausdr\u00fccken gepr\u00e4gt ist. Ganz gleich, ob","breadcrumb":{"@id":"https:\/\/www.calabrio.com\/de\/contact-center-glossar\/#breadcrumb"},"inLanguage":"de","potentialAction":[{"@type":"ReadAction","target":["https:\/\/www.calabrio.com\/de\/contact-center-glossar\/"]}]},{"@type":"BreadcrumbList","@id":"https:\/\/www.calabrio.com\/de\/contact-center-glossar\/#breadcrumb","itemListElement":[{"@type":"ListItem","position":1,"name":"Home","item":"https:\/\/www.calabrio.com\/de\/"},{"@type":"ListItem","position":2,"name":"Contact Center Glossar"}]},{"@type":"WebSite","@id":"https:\/\/www.calabrio.com\/fr\/#website","url":"https:\/\/www.calabrio.com\/fr\/","name":"Calabrio","description":"Workforce Engagement Management Software","publisher":{"@id":"https:\/\/www.calabrio.com\/fr\/#organization"},"potentialAction":[{"@type":"SearchAction","target":{"@type":"EntryPoint","urlTemplate":"https:\/\/www.calabrio.com\/fr\/?s={search_term_string}"},"query-input":{"@type":"PropertyValueSpecification","valueRequired":true,"valueName":"search_term_string"}}],"inLanguage":"de"},{"@type":"Organization","@id":"https:\/\/www.calabrio.com\/fr\/#organization","name":"Calabrio","url":"https:\/\/www.calabrio.com\/fr\/","logo":{"@type":"ImageObject","inLanguage":"de","@id":"https:\/\/www.calabrio.com\/fr\/#\/schema\/logo\/image\/","url":"https:\/\/www.calabrio.com\/wp-content\/uploads\/2025\/01\/Group-1707478765.png","contentUrl":"https:\/\/www.calabrio.com\/wp-content\/uploads\/2025\/01\/Group-1707478765.png","width":1360,"height":984,"caption":"Calabrio"},"image":{"@id":"https:\/\/www.calabrio.com\/fr\/#\/schema\/logo\/image\/"},"sameAs":["https:\/\/www.facebook.com\/pages\/Calabrio\/312159772174664","https:\/\/x.com\/calabrio","https:\/\/www.linkedin.com\/company\/calabrio"]}]}},"featured_image_src":null,"featured_image_src_square":null,"_links":{"self":[{"href":"https:\/\/www.calabrio.com\/de\/wp-json\/wp\/v2\/pages\/34900","targetHints":{"allow":["GET"]}}],"collection":[{"href":"https:\/\/www.calabrio.com\/de\/wp-json\/wp\/v2\/pages"}],"about":[{"href":"https:\/\/www.calabrio.com\/de\/wp-json\/wp\/v2\/types\/page"}],"author":[{"embeddable":true,"href":"https:\/\/www.calabrio.com\/de\/wp-json\/wp\/v2\/users\/366"}],"replies":[{"embeddable":true,"href":"https:\/\/www.calabrio.com\/de\/wp-json\/wp\/v2\/comments?post=34900"}],"version-history":[{"count":0,"href":"https:\/\/www.calabrio.com\/de\/wp-json\/wp\/v2\/pages\/34900\/revisions"}],"wp:attachment":[{"href":"https:\/\/www.calabrio.com\/de\/wp-json\/wp\/v2\/media?parent=34900"}],"curies":[{"name":"wp","href":"https:\/\/api.w.org\/{rel}","templated":true}]}}