
{"id":39284,"date":"2025-12-18T11:14:36","date_gmt":"2025-12-18T11:14:36","guid":{"rendered":"https:\/\/www.calabrio.com\/die-hybride-belegschaft-im-jahr-2026-verwaltung-von-menschlichen-ki-agenten\/"},"modified":"2025-12-22T06:59:50","modified_gmt":"2025-12-22T06:59:50","slug":"die-hybride-belegschaft-im-jahr-2026-verwaltung-von-menschlichen-ki-agenten","status":"publish","type":"page","link":"https:\/\/www.calabrio.com\/de\/die-hybride-belegschaft-im-jahr-2026-verwaltung-von-menschlichen-ki-agenten\/","title":{"rendered":"Die hybride Belegschaft im Jahr 2026: Verwaltung von menschlichen + KI-Agenten"},"content":{"rendered":"<div class=\"container wysiwyg\" data-aos=\"fade-up\">\n<div class=\"wp-block-columns hero_sec is-layout-flex wp-container-core-columns-is-layout-9d6595d7 wp-block-columns-is-layout-flex\"><div class=\"container wysiwyg\" data-aos=\"fade-up\">\n<div class=\"wp-block-column is-layout-flow wp-block-column-is-layout-flow\">\n<div style=\"color:#ddd\" class=\"wp-block-genesis-blocks-gb-spacer gb-block-spacer gb-divider-solid gb-divider-size-1\"><hr style=\"height:30px\"\/><\/div>\n\n\n<div class=\"container wysiwyg\" data-aos=\"fade-up\">\n<h1 class=\"wp-block-heading\" id=\"h-the-hybrid-workforce-ebook-human-ai-agents-in-2026\">The Hybrid Workforce eBook \u2013 Human + AI Agents in 2026<\/h1>\n<\/div>\n\n<div class=\"container wysiwyg\" data-aos=\"fade-up\">\n<div style=\"height:16px\" aria-hidden=\"true\" class=\"wp-block-spacer\"><\/div>\n<\/div>\n\n<div class=\"container wysiwyg\" data-aos=\"fade-up\">\n<p><\/p>\n<\/div>\n\n<div class=\"container wysiwyg\" data-aos=\"fade-up\">\n<div class=\"wp-block-buttons two_button_container is-layout-flex wp-block-buttons-is-layout-flex\"><div class=\"container wysiwyg\" data-aos=\"fade-up\">\n<div class=\"wp-block-button has-custom-width wp-block-button__width-25 btn-primary is-style-fill\"><a class=\"wp-block-button__link has-background wp-element-button\" href=\"#GetTheReport\" style=\"border-radius:30px;background-color:#e3120a\">DOWNLOAD THE REPORT<\/a><\/div>\n<\/div><\/div>\n<\/div><\/div>\n<\/div>\n\n<div class=\"container wysiwyg\" data-aos=\"fade-up\">\n<div class=\"wp-block-column is-layout-flow wp-block-column-is-layout-flow\"><div class=\"container wysiwyg\" data-aos=\"fade-up\">\n<figure class=\"wp-block-image size-large\"><img decoding=\"async\" src=\"https:\/\/calsandbox.wpengine.com\/wp-content\/uploads\/2025\/12\/Hybrid-workfroce-cover--731x1024.webp\" alt=\"\" class=\"wp-image-38961\" style=\"aspect-ratio:4\/3;object-fit:contain\"\/><\/figure>\n<\/div><\/div>\n<\/div><\/div>\n<\/div><div class=\"container wysiwyg\" data-aos=\"fade-up\">\n<div class=\"wp-block-columns py80 webninar icon_bx_sec is-layout-flex wp-container-core-columns-is-layout-9d6595d7 wp-block-columns-is-layout-flex\" id=\"webninar\"><div class=\"container wysiwyg\" data-aos=\"fade-up\">\n<div class=\"wp-block-column left_slide is-layout-flow wp-block-column-is-layout-flow\" style=\"flex-basis:66.66%\"><div class=\"container wysiwyg\" data-aos=\"fade-up\">\n<p><strong>Warum Unternehmen jetzt Omni-Agent Intelligence ben\u00f6tigen<\/strong><\/p>\n<\/div>\n\n<div class=\"container wysiwyg\" data-aos=\"fade-up\">\n<p>KI und menschliche Agenten arbeiten jetzt Seite an Seite im Contact Center, und bis 2027 werden sie untrennbar miteinander verbunden sein. Tats\u00e4chlich nutzen 98% der Contact Center bereits KI, und in 85,6% arbeiten Menschen und KI zusammen, um Kunden zu bedienen.<\/p>\n<\/div>\n\n<div class=\"container wysiwyg\" data-aos=\"fade-up\">\n<p>Doch w\u00e4hrend der Einsatz von KI sprunghaft angestiegen ist, hat das Leistungsmanagement nicht Schritt gehalten.<\/p>\n<\/div>\n\n<div class=\"container wysiwyg\" data-aos=\"fade-up\">\n<p>Menschliche Agenten werden an jeder Interaktion, jeder Minute und den Kosten gemessen. KI-Agenten bew\u00e4ltigen unterdessen wachsende Mengen an Kundeninteraktionen mit begrenzter Sichtbarkeit und inkonsistenter Bewertung. Dieses Ungleichgewicht schafft eine Kluft zwischen Fairness und Vertrauen.<\/p>\n<\/div>\n\n<div class=\"container wysiwyg\" data-aos=\"fade-up\">\n<p>Agenten wehren sich nicht gegen KI, sie navigieren durch die Unsicherheit. Nur 35% k\u00f6nnen erkennen, welche Tools KI verwenden und 55% machen sich Sorgen \u00fcber deren Auswirkungen. Das Problem ist nicht die Technologie. Es ist der Mangel an Transparenz, Aufkl\u00e4rung und Kontrolle.<\/p>\n<\/div>\n\n<div class=\"container wysiwyg\" data-aos=\"fade-up\">\n<div style=\"height:10px\" aria-hidden=\"true\" class=\"wp-block-spacer\"><\/div>\n<\/div>\n\n<div class=\"container wysiwyg\" data-aos=\"fade-up\">\n<p><strong>Was Sie in diesem eBook lernen werden<\/strong><\/p>\n<\/div>\n\n<div class=\"container wysiwyg\" data-aos=\"fade-up\">\n<ul class=\"wp-block-list\"><div class=\"container wysiwyg\" data-aos=\"fade-up\">\n<li>Warum ungleiche Leistungsmessung das Vertrauen untergr\u00e4bt.<\/li>\n<\/div>\n\n<div class=\"container wysiwyg\" data-aos=\"fade-up\">\n<li>Wie man sowohl menschliche als auch KI-Agenten fair bewertet.<\/li>\n<\/div>\n\n<div class=\"container wysiwyg\" data-aos=\"fade-up\">\n<li>Wie operative Fairness in einer hybriden Belegschaft aussieht.<\/li>\n<\/div>\n\n<div class=\"container wysiwyg\" data-aos=\"fade-up\">\n<li>Wie Unified Intelligence die Transparenzl\u00fccke schlie\u00dft.<\/li>\n<\/div><\/ul>\n<\/div>\n\n<div class=\"container wysiwyg\" data-aos=\"fade-up\">\n<p>Au\u00dferdem stellen wir Ihnen Calabrio Omni-Agent Intelligence vor &#8211; eine herstellerunabh\u00e4ngige Qualit\u00e4ts- und Beobachtungsschicht, die die Leistung von Menschen und KI unabh\u00e4ngig von der Plattform miteinander verbindet.<\/p>\n<\/div>\n\n<div class=\"container wysiwyg\" data-aos=\"fade-up\">\n<p>Denn wenn fast jede Interaktion mit der Automatisierung beginnt und mit einem Menschen endet, ist ein faires, einheitliches Leistungsmanagement nicht optional, sondern unerl\u00e4sslich.<\/p>\n<\/div>\n\n<div class=\"container wysiwyg\" data-aos=\"fade-up\">\n<div style=\"height:10px\" aria-hidden=\"true\" class=\"wp-block-spacer\"><\/div>\n<\/div><\/div>\n<\/div>\n\n<div class=\"container wysiwyg\" data-aos=\"fade-up\">\n<div class=\"wp-block-column form_side is-layout-flow wp-block-column-is-layout-flow\" style=\"flex-basis:33.33%\" id=\"GetTheReport\"><div class=\"container wysiwyg\" data-aos=\"fade-up\">\n<!-- <iframe\n  src=\"https:\/\/marketing.calabrio.com\/l\/1043281\/2025-12-19\/5bksdc\"\n  width=\"100%\"\n  height=\"750\"\n  class=\"book_frm\"\n  type=\"text\/html\"\n  frameborder=\"0\"\n  allowTransparency=\"true\"\n  style=\"border: 0\"\n><\/iframe> -->\n\n<!-- <script\n  src=\"https:\/\/js.chilipiper.com\/marketing.js\"\n  type=\"text\/javascript\"\n  async\n><\/script> -->\n\n<script>\n  var leadObj = {};\n\n  \/\/Below is the event listener that will listen for the Pardot Events\n\n  window.addEventListener(\"message\", receiveMessage, false);\n\n  function receiveMessage(event) {\n    \/\/ Form data ready, update leadObj\n\n    if (\n      event.data &&\n      event.data.message === \"PARDOT_DATA_READY\" &&\n      event.data.data\n    ) {\n      leadObj = event.data.data; \/\/ Update leadObj\n    }\n\n    \/\/ Form was submitted and validated, call ChiliPiper\n\n    \/\/ if (event.data && event.data.message === \"PARDOT_FORM_SUCCESS\") {\n    \/\/   \/\/ Account domain and router name are from Step #1 - no need to change it here\n\n    \/\/   ChiliPiper.submit(leadObj[\"CPTenantDomain\"], leadObj[\"CPTenantRouter\"], {\n    \/\/     map: true,\n\n    \/\/     lead: leadObj,\n    \/\/   });\n    \/\/ }\n  }\n<\/script>\n\n\n\n<!-- New Iframe  -->\n<iframe src=\"https:\/\/marketing.calabrio.com\/l\/1043281\/2025-11-04\/5bhpl6\" width=\"100%\" height=\"600\" id=\"DownloadTheReport\" type=\"text\/html\" frameborder=\"0\" allowtransparency=\"true\" style=\"border: 0\"><\/iframe>\n<\/div><\/div>\n<\/div><\/div>\n<\/div>","protected":false},"excerpt":{"rendered":"<p>KI und Omnichannel-Trends definieren die Zukunft des Workforce Managements neu. Der neu ver\u00f6ffentlichte Gartner Market Guide for Contact Center Workforce Management Solutions zeigt, wie f\u00fchrende Unternehmen ihre WFM-Strategien weiterentwickeln, um die Erwartungen moderner Kunden und Mitarbeiter zu erf\u00fcllen.<\/p>\n","protected":false},"author":231,"featured_media":39489,"parent":0,"menu_order":0,"comment_status":"closed","ping_status":"closed","template":"","meta":{"_acf_changed":false,"om_disable_all_campaigns":false,"footnotes":""},"class_list":["post-39284","page","type-page","status-publish","has-post-thumbnail","hentry"],"acf":[],"yoast_head":"<!-- This site is optimized with the Yoast SEO Premium plugin v27.3 (Yoast SEO v27.3) - https:\/\/yoast.com\/product\/yoast-seo-premium-wordpress\/ -->\n<title>Die hybride Belegschaft im Jahr 2026: Verwaltung von menschlichen + KI-Agenten | Calabrio<\/title>\n<meta name=\"description\" content=\"KI und Menschen arbeiten jetzt Seite an Seite im Contact Center. Erfahren Sie mehr \u00fcber die neuen Herausforderungen im hybriden Personalmanagement und \u00fcber neue Technologien, die dabei helfen k\u00f6nnen.\" \/>\n<meta name=\"robots\" content=\"index, follow, max-snippet:-1, max-image-preview:large, max-video-preview:-1\" \/>\n<link rel=\"canonical\" href=\"https:\/\/www.calabrio.com\/de\/die-hybride-belegschaft-im-jahr-2026-verwaltung-von-menschlichen-ki-agenten\/\" \/>\n<meta property=\"og:locale\" content=\"de_DE\" \/>\n<meta property=\"og:type\" content=\"article\" \/>\n<meta property=\"og:title\" content=\"Gartner Marktf\u00fchrer f\u00fcr Contact Center Workforce Management L\u00f6sungen | Calabrio\" \/>\n<meta property=\"og:description\" content=\"Laden Sie den Gartner Market Guide 2025 f\u00fcr Contact Center Workforce Management-L\u00f6sungen herunter und entdecken Sie die wichtigsten Trends, die die Zukunft von WFM bestimmen.\" \/>\n<meta property=\"og:url\" content=\"https:\/\/www.calabrio.com\/de\/die-hybride-belegschaft-im-jahr-2026-verwaltung-von-menschlichen-ki-agenten\/\" \/>\n<meta property=\"og:site_name\" content=\"Calabrio\" \/>\n<meta property=\"article:publisher\" content=\"https:\/\/www.facebook.com\/pages\/Calabrio\/312159772174664\" \/>\n<meta property=\"article:modified_time\" content=\"2025-12-22T06:59:50+00:00\" \/>\n<meta property=\"og:image\" content=\"https:\/\/www.calabrio.com\/wp-content\/uploads\/2025\/12\/Hybrid-workfroce-cover-.webp\" \/>\n\t<meta property=\"og:image:width\" content=\"1746\" \/>\n\t<meta property=\"og:image:height\" content=\"2445\" \/>\n\t<meta property=\"og:image:type\" content=\"image\/webp\" \/>\n<meta name=\"twitter:card\" content=\"summary_large_image\" \/>\n<meta name=\"twitter:title\" content=\"Die hybride Belegschaft im Jahr 2026: Verwaltung von menschlichen + KI-Agenten\" \/>\n<meta name=\"twitter:description\" content=\"KI und Omnichannel-Trends definieren die Zukunft des Workforce Managements neu. Der neu ver\u00f6ffentlichte Gartner Market Guide for Contact Center Workforce Management Solutions zeigt, wie f\u00fchrende Unternehmen ihre WFM-Strategien weiterentwickeln, um die Erwartungen moderner Kunden und Mitarbeiter zu erf\u00fcllen.\" \/>\n<meta name=\"twitter:site\" content=\"@calabrio\" \/>\n<meta name=\"twitter:label1\" content=\"Gesch\u00e4tzte Lesezeit\" \/>\n\t<meta name=\"twitter:data1\" content=\"1 Minute\" \/>\n<script type=\"application\/ld+json\" class=\"yoast-schema-graph\">{\"@context\":\"https:\\\/\\\/schema.org\",\"@graph\":[{\"@type\":\"WebPage\",\"@id\":\"https:\\\/\\\/www.calabrio.com\\\/de\\\/die-hybride-belegschaft-im-jahr-2026-verwaltung-von-menschlichen-ki-agenten\\\/\",\"url\":\"https:\\\/\\\/www.calabrio.com\\\/de\\\/die-hybride-belegschaft-im-jahr-2026-verwaltung-von-menschlichen-ki-agenten\\\/\",\"name\":\"Die hybride Belegschaft im Jahr 2026: Verwaltung von menschlichen + KI-Agenten | Calabrio\",\"isPartOf\":{\"@id\":\"https:\\\/\\\/www.calabrio.com\\\/fr\\\/#website\"},\"primaryImageOfPage\":{\"@id\":\"https:\\\/\\\/www.calabrio.com\\\/de\\\/die-hybride-belegschaft-im-jahr-2026-verwaltung-von-menschlichen-ki-agenten\\\/#primaryimage\"},\"image\":{\"@id\":\"https:\\\/\\\/www.calabrio.com\\\/de\\\/die-hybride-belegschaft-im-jahr-2026-verwaltung-von-menschlichen-ki-agenten\\\/#primaryimage\"},\"thumbnailUrl\":\"https:\\\/\\\/www.calabrio.com\\\/wp-content\\\/uploads\\\/2026\\\/01\\\/omni_agent_ebook_cover-1.webp\",\"datePublished\":\"2025-12-18T11:14:36+00:00\",\"dateModified\":\"2025-12-22T06:59:50+00:00\",\"description\":\"KI und Menschen arbeiten jetzt Seite an Seite im Contact Center. Erfahren Sie mehr \u00fcber die neuen Herausforderungen im hybriden Personalmanagement und \u00fcber neue Technologien, die dabei helfen k\u00f6nnen.\",\"breadcrumb\":{\"@id\":\"https:\\\/\\\/www.calabrio.com\\\/de\\\/die-hybride-belegschaft-im-jahr-2026-verwaltung-von-menschlichen-ki-agenten\\\/#breadcrumb\"},\"inLanguage\":\"de\",\"potentialAction\":[{\"@type\":\"ReadAction\",\"target\":[\"https:\\\/\\\/www.calabrio.com\\\/de\\\/die-hybride-belegschaft-im-jahr-2026-verwaltung-von-menschlichen-ki-agenten\\\/\"]}]},{\"@type\":\"ImageObject\",\"inLanguage\":\"de\",\"@id\":\"https:\\\/\\\/www.calabrio.com\\\/de\\\/die-hybride-belegschaft-im-jahr-2026-verwaltung-von-menschlichen-ki-agenten\\\/#primaryimage\",\"url\":\"https:\\\/\\\/www.calabrio.com\\\/wp-content\\\/uploads\\\/2026\\\/01\\\/omni_agent_ebook_cover-1.webp\",\"contentUrl\":\"https:\\\/\\\/www.calabrio.com\\\/wp-content\\\/uploads\\\/2026\\\/01\\\/omni_agent_ebook_cover-1.webp\",\"width\":1707,\"height\":2419},{\"@type\":\"BreadcrumbList\",\"@id\":\"https:\\\/\\\/www.calabrio.com\\\/de\\\/die-hybride-belegschaft-im-jahr-2026-verwaltung-von-menschlichen-ki-agenten\\\/#breadcrumb\",\"itemListElement\":[{\"@type\":\"ListItem\",\"position\":1,\"name\":\"Home\",\"item\":\"https:\\\/\\\/www.calabrio.com\\\/de\\\/\"},{\"@type\":\"ListItem\",\"position\":2,\"name\":\"Die hybride Belegschaft im Jahr 2026: Verwaltung von menschlichen + KI-Agenten\"}]},{\"@type\":\"WebSite\",\"@id\":\"https:\\\/\\\/www.calabrio.com\\\/fr\\\/#website\",\"url\":\"https:\\\/\\\/www.calabrio.com\\\/fr\\\/\",\"name\":\"Calabrio\",\"description\":\"Workforce Engagement Management Software\",\"publisher\":{\"@id\":\"https:\\\/\\\/www.calabrio.com\\\/fr\\\/#organization\"},\"potentialAction\":[{\"@type\":\"SearchAction\",\"target\":{\"@type\":\"EntryPoint\",\"urlTemplate\":\"https:\\\/\\\/www.calabrio.com\\\/fr\\\/?s={search_term_string}\"},\"query-input\":{\"@type\":\"PropertyValueSpecification\",\"valueRequired\":true,\"valueName\":\"search_term_string\"}}],\"inLanguage\":\"de\"},{\"@type\":\"Organization\",\"@id\":\"https:\\\/\\\/www.calabrio.com\\\/fr\\\/#organization\",\"name\":\"Calabrio\",\"url\":\"https:\\\/\\\/www.calabrio.com\\\/fr\\\/\",\"logo\":{\"@type\":\"ImageObject\",\"inLanguage\":\"de\",\"@id\":\"https:\\\/\\\/www.calabrio.com\\\/fr\\\/#\\\/schema\\\/logo\\\/image\\\/\",\"url\":\"https:\\\/\\\/www.calabrio.com\\\/wp-content\\\/uploads\\\/2025\\\/01\\\/Group-1707478765.png\",\"contentUrl\":\"https:\\\/\\\/www.calabrio.com\\\/wp-content\\\/uploads\\\/2025\\\/01\\\/Group-1707478765.png\",\"width\":1360,\"height\":984,\"caption\":\"Calabrio\"},\"image\":{\"@id\":\"https:\\\/\\\/www.calabrio.com\\\/fr\\\/#\\\/schema\\\/logo\\\/image\\\/\"},\"sameAs\":[\"https:\\\/\\\/www.facebook.com\\\/pages\\\/Calabrio\\\/312159772174664\",\"https:\\\/\\\/x.com\\\/calabrio\",\"https:\\\/\\\/www.linkedin.com\\\/company\\\/calabrio\"]}]}<\/script>\n<!-- \/ Yoast SEO Premium plugin. -->","yoast_head_json":{"title":"Die hybride Belegschaft im Jahr 2026: Verwaltung von menschlichen + KI-Agenten | Calabrio","description":"KI und Menschen arbeiten jetzt Seite an Seite im Contact Center. Erfahren Sie mehr \u00fcber die neuen Herausforderungen im hybriden Personalmanagement und \u00fcber neue Technologien, die dabei helfen k\u00f6nnen.","robots":{"index":"index","follow":"follow","max-snippet":"max-snippet:-1","max-image-preview":"max-image-preview:large","max-video-preview":"max-video-preview:-1"},"canonical":"https:\/\/www.calabrio.com\/de\/die-hybride-belegschaft-im-jahr-2026-verwaltung-von-menschlichen-ki-agenten\/","og_locale":"de_DE","og_type":"article","og_title":"Gartner Marktf\u00fchrer f\u00fcr Contact Center Workforce Management L\u00f6sungen | Calabrio","og_description":"Laden Sie den Gartner Market Guide 2025 f\u00fcr Contact Center Workforce Management-L\u00f6sungen herunter und entdecken Sie die wichtigsten Trends, die die Zukunft von WFM bestimmen.","og_url":"https:\/\/www.calabrio.com\/de\/die-hybride-belegschaft-im-jahr-2026-verwaltung-von-menschlichen-ki-agenten\/","og_site_name":"Calabrio","article_publisher":"https:\/\/www.facebook.com\/pages\/Calabrio\/312159772174664","article_modified_time":"2025-12-22T06:59:50+00:00","og_image":[{"width":1746,"height":2445,"url":"https:\/\/www.calabrio.com\/wp-content\/uploads\/2025\/12\/Hybrid-workfroce-cover-.webp","type":"image\/webp"}],"twitter_card":"summary_large_image","twitter_title":"Die hybride Belegschaft im Jahr 2026: Verwaltung von menschlichen + KI-Agenten","twitter_description":"KI und Omnichannel-Trends definieren die Zukunft des Workforce Managements neu. Der neu ver\u00f6ffentlichte Gartner Market Guide for Contact Center Workforce Management Solutions zeigt, wie f\u00fchrende Unternehmen ihre WFM-Strategien weiterentwickeln, um die Erwartungen moderner Kunden und Mitarbeiter zu erf\u00fcllen.","twitter_site":"@calabrio","twitter_misc":{"Gesch\u00e4tzte Lesezeit":"1 Minute"},"schema":{"@context":"https:\/\/schema.org","@graph":[{"@type":"WebPage","@id":"https:\/\/www.calabrio.com\/de\/die-hybride-belegschaft-im-jahr-2026-verwaltung-von-menschlichen-ki-agenten\/","url":"https:\/\/www.calabrio.com\/de\/die-hybride-belegschaft-im-jahr-2026-verwaltung-von-menschlichen-ki-agenten\/","name":"Die hybride Belegschaft im Jahr 2026: Verwaltung von menschlichen + KI-Agenten | Calabrio","isPartOf":{"@id":"https:\/\/www.calabrio.com\/fr\/#website"},"primaryImageOfPage":{"@id":"https:\/\/www.calabrio.com\/de\/die-hybride-belegschaft-im-jahr-2026-verwaltung-von-menschlichen-ki-agenten\/#primaryimage"},"image":{"@id":"https:\/\/www.calabrio.com\/de\/die-hybride-belegschaft-im-jahr-2026-verwaltung-von-menschlichen-ki-agenten\/#primaryimage"},"thumbnailUrl":"https:\/\/www.calabrio.com\/wp-content\/uploads\/2026\/01\/omni_agent_ebook_cover-1.webp","datePublished":"2025-12-18T11:14:36+00:00","dateModified":"2025-12-22T06:59:50+00:00","description":"KI und Menschen arbeiten jetzt Seite an Seite im Contact Center. Erfahren Sie mehr \u00fcber die neuen Herausforderungen im hybriden Personalmanagement und \u00fcber neue Technologien, die dabei helfen k\u00f6nnen.","breadcrumb":{"@id":"https:\/\/www.calabrio.com\/de\/die-hybride-belegschaft-im-jahr-2026-verwaltung-von-menschlichen-ki-agenten\/#breadcrumb"},"inLanguage":"de","potentialAction":[{"@type":"ReadAction","target":["https:\/\/www.calabrio.com\/de\/die-hybride-belegschaft-im-jahr-2026-verwaltung-von-menschlichen-ki-agenten\/"]}]},{"@type":"ImageObject","inLanguage":"de","@id":"https:\/\/www.calabrio.com\/de\/die-hybride-belegschaft-im-jahr-2026-verwaltung-von-menschlichen-ki-agenten\/#primaryimage","url":"https:\/\/www.calabrio.com\/wp-content\/uploads\/2026\/01\/omni_agent_ebook_cover-1.webp","contentUrl":"https:\/\/www.calabrio.com\/wp-content\/uploads\/2026\/01\/omni_agent_ebook_cover-1.webp","width":1707,"height":2419},{"@type":"BreadcrumbList","@id":"https:\/\/www.calabrio.com\/de\/die-hybride-belegschaft-im-jahr-2026-verwaltung-von-menschlichen-ki-agenten\/#breadcrumb","itemListElement":[{"@type":"ListItem","position":1,"name":"Home","item":"https:\/\/www.calabrio.com\/de\/"},{"@type":"ListItem","position":2,"name":"Die hybride Belegschaft im Jahr 2026: Verwaltung von menschlichen + KI-Agenten"}]},{"@type":"WebSite","@id":"https:\/\/www.calabrio.com\/fr\/#website","url":"https:\/\/www.calabrio.com\/fr\/","name":"Calabrio","description":"Workforce Engagement Management Software","publisher":{"@id":"https:\/\/www.calabrio.com\/fr\/#organization"},"potentialAction":[{"@type":"SearchAction","target":{"@type":"EntryPoint","urlTemplate":"https:\/\/www.calabrio.com\/fr\/?s={search_term_string}"},"query-input":{"@type":"PropertyValueSpecification","valueRequired":true,"valueName":"search_term_string"}}],"inLanguage":"de"},{"@type":"Organization","@id":"https:\/\/www.calabrio.com\/fr\/#organization","name":"Calabrio","url":"https:\/\/www.calabrio.com\/fr\/","logo":{"@type":"ImageObject","inLanguage":"de","@id":"https:\/\/www.calabrio.com\/fr\/#\/schema\/logo\/image\/","url":"https:\/\/www.calabrio.com\/wp-content\/uploads\/2025\/01\/Group-1707478765.png","contentUrl":"https:\/\/www.calabrio.com\/wp-content\/uploads\/2025\/01\/Group-1707478765.png","width":1360,"height":984,"caption":"Calabrio"},"image":{"@id":"https:\/\/www.calabrio.com\/fr\/#\/schema\/logo\/image\/"},"sameAs":["https:\/\/www.facebook.com\/pages\/Calabrio\/312159772174664","https:\/\/x.com\/calabrio","https:\/\/www.linkedin.com\/company\/calabrio"]}]}},"featured_image_src":"https:\/\/www.calabrio.com\/wp-content\/uploads\/2026\/01\/omni_agent_ebook_cover-1-600x400.webp","featured_image_src_square":"https:\/\/www.calabrio.com\/wp-content\/uploads\/2026\/01\/omni_agent_ebook_cover-1-600x600.webp","_links":{"self":[{"href":"https:\/\/www.calabrio.com\/de\/wp-json\/wp\/v2\/pages\/39284","targetHints":{"allow":["GET"]}}],"collection":[{"href":"https:\/\/www.calabrio.com\/de\/wp-json\/wp\/v2\/pages"}],"about":[{"href":"https:\/\/www.calabrio.com\/de\/wp-json\/wp\/v2\/types\/page"}],"author":[{"embeddable":true,"href":"https:\/\/www.calabrio.com\/de\/wp-json\/wp\/v2\/users\/231"}],"replies":[{"embeddable":true,"href":"https:\/\/www.calabrio.com\/de\/wp-json\/wp\/v2\/comments?post=39284"}],"version-history":[{"count":0,"href":"https:\/\/www.calabrio.com\/de\/wp-json\/wp\/v2\/pages\/39284\/revisions"}],"wp:featuredmedia":[{"embeddable":true,"href":"https:\/\/www.calabrio.com\/de\/wp-json\/wp\/v2\/media\/39489"}],"wp:attachment":[{"href":"https:\/\/www.calabrio.com\/de\/wp-json\/wp\/v2\/media?parent=39284"}],"curies":[{"name":"wp","href":"https:\/\/api.w.org\/{rel}","templated":true}]}}