
{"id":40559,"date":"2026-02-03T16:04:01","date_gmt":"2026-02-03T16:04:01","guid":{"rendered":"https:\/\/www.calabrio.com\/der-2026-u-s-inner-circle-leitfaden-fuer-omnichannel-wfo-calabrio\/"},"modified":"2026-02-04T09:12:35","modified_gmt":"2026-02-04T09:12:35","slug":"der-2026-u-s-inner-circle-leitfaden-fuer-omnichannel-wfo-calabrio","status":"publish","type":"page","link":"https:\/\/www.calabrio.com\/de\/der-2026-u-s-inner-circle-leitfaden-fuer-omnichannel-wfo-calabrio\/","title":{"rendered":"Der 2026 U.S. Inner Circle Leitfaden f\u00fcr Omnichannel WFO | Calabrio"},"content":{"rendered":"<div class=\"container wysiwyg\" data-aos=\"fade-up\">\n<div class=\"wp-block-columns hero_sec is-layout-flex wp-container-core-columns-is-layout-9d6595d7 wp-block-columns-is-layout-flex\"><div class=\"container wysiwyg\" data-aos=\"fade-up\">\n<div class=\"wp-block-column is-layout-flow wp-block-column-is-layout-flow\">\n<div style=\"color:#ddd\" class=\"wp-block-genesis-blocks-gb-spacer gb-block-spacer gb-divider-solid gb-divider-size-1\"><hr style=\"height:30px\"><\/div>\n\n\n<div class=\"container wysiwyg\" data-aos=\"fade-up\">\n<h1 class=\"wp-block-heading\" id=\"h-the-nbsp-2026-nbsp-inner-circle-guide-to-omnichannel-workforce-optimization\">Der 2026 Inner Circle Leitfaden f\u00fcr die Optimierung von Arbeitskr\u00e4ften \u00fcber alle Kan\u00e4le<\/h1>\n<\/div>\n\n<div class=\"container wysiwyg\" data-aos=\"fade-up\">\n<div style=\"height:16px\" aria-hidden=\"true\" class=\"wp-block-spacer\"><\/div>\n<\/div>\n\n<div class=\"container wysiwyg\" data-aos=\"fade-up\">\n<p><\/p>\n<\/div>\n\n<div class=\"container wysiwyg\" data-aos=\"fade-up\">\n<div class=\"wp-block-buttons two_button_container is-layout-flex wp-block-buttons-is-layout-flex\"><div class=\"container wysiwyg\" data-aos=\"fade-up\">\n<div class=\"wp-block-button has-custom-width wp-block-button__width-25 btn-primary is-style-fill\"><a class=\"wp-block-button__link has-background wp-element-button\" href=\"#GetTheReport\" style=\"border-radius:30px;background-color:#e3120a\">BERICHT HERUNTERLADEN<\/a><\/div>\n<\/div><\/div>\n<\/div><\/div>\n<\/div>\n\n<div class=\"container wysiwyg\" data-aos=\"fade-up\">\n<div class=\"wp-block-column is-layout-flow wp-block-column-is-layout-flow\"><div class=\"container wysiwyg\" data-aos=\"fade-up\">\n<figure class=\"wp-block-image size-full\"><img loading=\"lazy\" decoding=\"async\" width=\"732\" height=\"1024\" src=\"https:\/\/www.calabrio.com\/wp-content\/uploads\/2026\/02\/Inner-Cirlce-Guide-WFO-U.S_-1-732x1024-1.webp\" alt=\"\" class=\"wp-image-40566\" style=\"aspect-ratio:4\/3;object-fit:contain\" srcset=\"https:\/\/www.calabrio.com\/wp-content\/uploads\/2026\/02\/Inner-Cirlce-Guide-WFO-U.S_-1-732x1024-1.webp 732w, https:\/\/www.calabrio.com\/wp-content\/uploads\/2026\/02\/Inner-Cirlce-Guide-WFO-U.S_-1-732x1024-1-214x300.webp 214w\" sizes=\"auto, (max-width: 732px) 100vw, 732px\" \/><\/figure>\n<\/div><\/div>\n<\/div><\/div>\n<\/div><div class=\"container wysiwyg\" data-aos=\"fade-up\">\n<div class=\"wp-block-columns py80 webninar icon_bx_sec is-layout-flex wp-container-core-columns-is-layout-9d6595d7 wp-block-columns-is-layout-flex\" id=\"webninar\"><div class=\"container wysiwyg\" data-aos=\"fade-up\">\n<div class=\"wp-block-column left_slide is-layout-flow wp-block-column-is-layout-flow\" style=\"flex-basis:66.66%\"><div class=\"container wysiwyg\" data-aos=\"fade-up\">\n<p>Contact Center stehen von allen Seiten unter Druck: steigende Komplexit\u00e4t der Interaktionen, Burnout der Mitarbeiter und h\u00f6here Kundenerwartungen. Traditionelle Personalkennzahlen k\u00f6nnen da nicht mithalten.  <\/p>\n<\/div>\n\n<div class=\"container wysiwyg\" data-aos=\"fade-up\">\n<p>Dieser kostenlose Analystenbericht von ContactBabel zeigt auf, wie f\u00fchrende Unternehmen die Personaloptimierung weiterentwickeln, um den Anforderungen des Omnichannel-Betriebs gerecht zu werden, ohne dabei das Wohlbefinden der Agenten oder das Kundenerlebnis zu beeintr\u00e4chtigen.<\/p>\n<\/div>\n\n<div class=\"container wysiwyg\" data-aos=\"fade-up\">\n<div style=\"height:10px\" aria-hidden=\"true\" class=\"wp-block-spacer\"><\/div>\n<\/div>\n\n<div class=\"container wysiwyg\" data-aos=\"fade-up\">\n<p><strong>Was Sie lernen werden:  <\/strong><\/p>\n<\/div>\n\n<div class=\"container wysiwyg\" data-aos=\"fade-up\">\n<ul class=\"wp-block-list\"><div class=\"container wysiwyg\" data-aos=\"fade-up\">\n<li>Wie die Komplexit\u00e4t von Omnichannel das Workforce Management und die Personaleinsatzplanung ver\u00e4ndert  <\/li>\n<\/div>\n\n<div class=\"container wysiwyg\" data-aos=\"fade-up\">\n<li>Welche WFO- und WEM-Funktionen im Jahr 2026 den gr\u00f6\u00dften Einfluss haben  <\/li>\n<\/div>\n\n<div class=\"container wysiwyg\" data-aos=\"fade-up\">\n<li>Wo KI und Analytik heute echten Wert schaffen  <\/li>\n<\/div>\n\n<div class=\"container wysiwyg\" data-aos=\"fade-up\">\n<li>Wie Top-Kontaktzentren Burnout, Abwesenheit und Fluktuation als betriebliche Risiken angehen  <\/li>\n<\/div><\/ul>\n<\/div>\n\n<div class=\"container wysiwyg\" data-aos=\"fade-up\">\n<p>Dieser Leitfaden basiert auf unabh\u00e4ngigen US-Forschungsergebnissen und liefert praktische Erkenntnisse, die Sie sofort umsetzen k\u00f6nnen.  <\/p>\n<\/div>\n\n<div class=\"container wysiwyg\" data-aos=\"fade-up\">\n<p><strong>Laden Sie den kostenlosen Bericht herunter  <\/strong><\/p>\n<\/div>\n\n<div class=\"container wysiwyg\" data-aos=\"fade-up\">\n<p>Holen Sie sich die Daten, Benchmarks und Expertenanalysen, die Sie ben\u00f6tigen, um Ihre Belegschaft f\u00fcr die Zukunft zu optimieren.  <\/p>\n<\/div>\n\n<div class=\"container wysiwyg\" data-aos=\"fade-up\">\n<div style=\"height:10px\" aria-hidden=\"true\" class=\"wp-block-spacer\"><\/div>\n<\/div><\/div>\n<\/div>\n\n<div class=\"container wysiwyg\" data-aos=\"fade-up\">\n<div class=\"wp-block-column form_side is-layout-flow wp-block-column-is-layout-flow\" style=\"flex-basis:33.33%\" id=\"GetTheReport\"><div class=\"container wysiwyg\" data-aos=\"fade-up\">\n<iframe src=\"https:\/\/marketing.calabrio.com\/l\/1043281\/2026-02-03\/5bm286\" width=\"100%\" height=\"520\" type=\"text\/html\" frameborder=\"0\" allowtransparency=\"true\" style=\"border: 0\"><\/iframe>\n<\/div><\/div>\n<\/div><\/div>\n<\/div>","protected":false},"excerpt":{"rendered":"<p>KI und Omnichannel-Trends definieren die Zukunft des Workforce Managements neu. Der neu ver\u00f6ffentlichte Gartner Market Guide for Contact Center Workforce Management Solutions zeigt, wie f\u00fchrende Unternehmen ihre WFM-Strategien weiterentwickeln, um die Erwartungen moderner Kunden und Mitarbeiter zu erf\u00fcllen.<\/p>\n","protected":false},"author":231,"featured_media":40553,"parent":0,"menu_order":0,"comment_status":"closed","ping_status":"closed","template":"","meta":{"_acf_changed":false,"om_disable_all_campaigns":false,"footnotes":""},"class_list":["post-40559","page","type-page","status-publish","has-post-thumbnail","hentry"],"acf":[],"yoast_head":"<!-- This site is optimized with the Yoast SEO Premium plugin v27.4 (Yoast SEO v27.4) - https:\/\/yoast.com\/product\/yoast-seo-premium-wordpress\/ -->\n<title>Der 2026 U.S. Inner Circle Leitfaden f\u00fcr Omnichannel WFO | Calabrio<\/title>\n<meta name=\"description\" content=\"Laden Sie den 2026 Inner Circle Guide to Omnichannel Workforce Optimization herunter. Unabh\u00e4ngige ContactBabel-Studie \u00fcber WFO, KI, Analytik und den Umgang mit Burnout in Contact Centern.\" \/>\n<meta name=\"robots\" content=\"index, follow, max-snippet:-1, max-image-preview:large, max-video-preview:-1\" \/>\n<link rel=\"canonical\" href=\"https:\/\/www.calabrio.com\/de\/der-2026-u-s-inner-circle-leitfaden-fuer-omnichannel-wfo-calabrio\/\" \/>\n<meta property=\"og:locale\" content=\"de_DE\" \/>\n<meta property=\"og:type\" content=\"article\" \/>\n<meta property=\"og:title\" content=\"Der 2026 U.S. Inner Circle Leitfaden f\u00fcr Omnichannel WFO | Calabrio\" \/>\n<meta property=\"og:description\" content=\"Laden Sie den 2026 Inner Circle Guide to Omnichannel Workforce Optimization herunter. Unabh\u00e4ngige ContactBabel-Studie \u00fcber WFO, KI, Analytik und den Umgang mit Burnout in Contact Centern.\" \/>\n<meta property=\"og:url\" content=\"https:\/\/www.calabrio.com\/de\/der-2026-u-s-inner-circle-leitfaden-fuer-omnichannel-wfo-calabrio\/\" \/>\n<meta property=\"og:site_name\" content=\"Calabrio\" \/>\n<meta property=\"article:publisher\" content=\"https:\/\/www.facebook.com\/pages\/Calabrio\/312159772174664\" \/>\n<meta property=\"article:modified_time\" content=\"2026-02-04T09:12:35+00:00\" \/>\n<meta property=\"og:image\" content=\"https:\/\/www.calabrio.com\/wp-content\/uploads\/2026\/02\/2.webp\" \/>\n\t<meta property=\"og:image:width\" content=\"1200\" \/>\n\t<meta property=\"og:image:height\" content=\"627\" \/>\n\t<meta property=\"og:image:type\" content=\"image\/webp\" \/>\n<meta name=\"twitter:card\" content=\"summary_large_image\" \/>\n<meta name=\"twitter:title\" content=\"Der 2026 U.S. Inner Circle Leitfaden f\u00fcr Omnichannel WFO | Calabrio\" \/>\n<meta name=\"twitter:description\" content=\"KI und Omnichannel-Trends definieren die Zukunft des Workforce Managements neu. Der neu ver\u00f6ffentlichte Gartner Market Guide for Contact Center Workforce Management Solutions zeigt, wie f\u00fchrende Unternehmen ihre WFM-Strategien weiterentwickeln, um die Erwartungen moderner Kunden und Mitarbeiter zu erf\u00fcllen.\" \/>\n<meta name=\"twitter:site\" content=\"@calabrio\" \/>\n<meta name=\"twitter:label1\" content=\"Gesch\u00e4tzte Lesezeit\" \/>\n\t<meta name=\"twitter:data1\" content=\"1 Minute\" \/>\n<script type=\"application\/ld+json\" class=\"yoast-schema-graph\">{\"@context\":\"https:\\\/\\\/schema.org\",\"@graph\":[{\"@type\":\"WebPage\",\"@id\":\"https:\\\/\\\/www.calabrio.com\\\/de\\\/der-2026-u-s-inner-circle-leitfaden-fuer-omnichannel-wfo-calabrio\\\/\",\"url\":\"https:\\\/\\\/www.calabrio.com\\\/de\\\/der-2026-u-s-inner-circle-leitfaden-fuer-omnichannel-wfo-calabrio\\\/\",\"name\":\"Der 2026 U.S. Inner Circle Leitfaden f\u00fcr Omnichannel WFO | Calabrio\",\"isPartOf\":{\"@id\":\"https:\\\/\\\/www.calabrio.com\\\/fr\\\/#website\"},\"primaryImageOfPage\":{\"@id\":\"https:\\\/\\\/www.calabrio.com\\\/de\\\/der-2026-u-s-inner-circle-leitfaden-fuer-omnichannel-wfo-calabrio\\\/#primaryimage\"},\"image\":{\"@id\":\"https:\\\/\\\/www.calabrio.com\\\/de\\\/der-2026-u-s-inner-circle-leitfaden-fuer-omnichannel-wfo-calabrio\\\/#primaryimage\"},\"thumbnailUrl\":\"https:\\\/\\\/www.calabrio.com\\\/wp-content\\\/uploads\\\/2026\\\/02\\\/2.webp\",\"datePublished\":\"2026-02-03T16:04:01+00:00\",\"dateModified\":\"2026-02-04T09:12:35+00:00\",\"description\":\"Laden Sie den 2026 Inner Circle Guide to Omnichannel Workforce Optimization herunter. Unabh\u00e4ngige ContactBabel-Studie \u00fcber WFO, KI, Analytik und den Umgang mit Burnout in Contact Centern.\",\"breadcrumb\":{\"@id\":\"https:\\\/\\\/www.calabrio.com\\\/de\\\/der-2026-u-s-inner-circle-leitfaden-fuer-omnichannel-wfo-calabrio\\\/#breadcrumb\"},\"inLanguage\":\"de\",\"potentialAction\":[{\"@type\":\"ReadAction\",\"target\":[\"https:\\\/\\\/www.calabrio.com\\\/de\\\/der-2026-u-s-inner-circle-leitfaden-fuer-omnichannel-wfo-calabrio\\\/\"]}]},{\"@type\":\"ImageObject\",\"inLanguage\":\"de\",\"@id\":\"https:\\\/\\\/www.calabrio.com\\\/de\\\/der-2026-u-s-inner-circle-leitfaden-fuer-omnichannel-wfo-calabrio\\\/#primaryimage\",\"url\":\"https:\\\/\\\/www.calabrio.com\\\/wp-content\\\/uploads\\\/2026\\\/02\\\/2.webp\",\"contentUrl\":\"https:\\\/\\\/www.calabrio.com\\\/wp-content\\\/uploads\\\/2026\\\/02\\\/2.webp\",\"width\":1200,\"height\":627},{\"@type\":\"BreadcrumbList\",\"@id\":\"https:\\\/\\\/www.calabrio.com\\\/de\\\/der-2026-u-s-inner-circle-leitfaden-fuer-omnichannel-wfo-calabrio\\\/#breadcrumb\",\"itemListElement\":[{\"@type\":\"ListItem\",\"position\":1,\"name\":\"Home\",\"item\":\"https:\\\/\\\/www.calabrio.com\\\/de\\\/\"},{\"@type\":\"ListItem\",\"position\":2,\"name\":\"Der 2026 U.S. Inner Circle Leitfaden f\u00fcr Omnichannel WFO | Calabrio\"}]},{\"@type\":\"WebSite\",\"@id\":\"https:\\\/\\\/www.calabrio.com\\\/fr\\\/#website\",\"url\":\"https:\\\/\\\/www.calabrio.com\\\/fr\\\/\",\"name\":\"Calabrio\",\"description\":\"Workforce Engagement Management Software\",\"publisher\":{\"@id\":\"https:\\\/\\\/www.calabrio.com\\\/fr\\\/#organization\"},\"potentialAction\":[{\"@type\":\"SearchAction\",\"target\":{\"@type\":\"EntryPoint\",\"urlTemplate\":\"https:\\\/\\\/www.calabrio.com\\\/fr\\\/?s={search_term_string}\"},\"query-input\":{\"@type\":\"PropertyValueSpecification\",\"valueRequired\":true,\"valueName\":\"search_term_string\"}}],\"inLanguage\":\"de\"},{\"@type\":\"Organization\",\"@id\":\"https:\\\/\\\/www.calabrio.com\\\/fr\\\/#organization\",\"name\":\"Calabrio\",\"url\":\"https:\\\/\\\/www.calabrio.com\\\/fr\\\/\",\"logo\":{\"@type\":\"ImageObject\",\"inLanguage\":\"de\",\"@id\":\"https:\\\/\\\/www.calabrio.com\\\/fr\\\/#\\\/schema\\\/logo\\\/image\\\/\",\"url\":\"https:\\\/\\\/www.calabrio.com\\\/wp-content\\\/uploads\\\/2025\\\/01\\\/Group-1707478765.png\",\"contentUrl\":\"https:\\\/\\\/www.calabrio.com\\\/wp-content\\\/uploads\\\/2025\\\/01\\\/Group-1707478765.png\",\"width\":1360,\"height\":984,\"caption\":\"Calabrio\"},\"image\":{\"@id\":\"https:\\\/\\\/www.calabrio.com\\\/fr\\\/#\\\/schema\\\/logo\\\/image\\\/\"},\"sameAs\":[\"https:\\\/\\\/www.facebook.com\\\/pages\\\/Calabrio\\\/312159772174664\",\"https:\\\/\\\/x.com\\\/calabrio\",\"https:\\\/\\\/www.linkedin.com\\\/company\\\/calabrio\"]}]}<\/script>\n<!-- \/ Yoast SEO Premium plugin. -->","yoast_head_json":{"title":"Der 2026 U.S. Inner Circle Leitfaden f\u00fcr Omnichannel WFO | Calabrio","description":"Laden Sie den 2026 Inner Circle Guide to Omnichannel Workforce Optimization herunter. Unabh\u00e4ngige ContactBabel-Studie \u00fcber WFO, KI, Analytik und den Umgang mit Burnout in Contact Centern.","robots":{"index":"index","follow":"follow","max-snippet":"max-snippet:-1","max-image-preview":"max-image-preview:large","max-video-preview":"max-video-preview:-1"},"canonical":"https:\/\/www.calabrio.com\/de\/der-2026-u-s-inner-circle-leitfaden-fuer-omnichannel-wfo-calabrio\/","og_locale":"de_DE","og_type":"article","og_title":"Der 2026 U.S. Inner Circle Leitfaden f\u00fcr Omnichannel WFO | Calabrio","og_description":"Laden Sie den 2026 Inner Circle Guide to Omnichannel Workforce Optimization herunter. Unabh\u00e4ngige ContactBabel-Studie \u00fcber WFO, KI, Analytik und den Umgang mit Burnout in Contact Centern.","og_url":"https:\/\/www.calabrio.com\/de\/der-2026-u-s-inner-circle-leitfaden-fuer-omnichannel-wfo-calabrio\/","og_site_name":"Calabrio","article_publisher":"https:\/\/www.facebook.com\/pages\/Calabrio\/312159772174664","article_modified_time":"2026-02-04T09:12:35+00:00","og_image":[{"width":1200,"height":627,"url":"https:\/\/www.calabrio.com\/wp-content\/uploads\/2026\/02\/2.webp","type":"image\/webp"}],"twitter_card":"summary_large_image","twitter_title":"Der 2026 U.S. Inner Circle Leitfaden f\u00fcr Omnichannel WFO | Calabrio","twitter_description":"KI und Omnichannel-Trends definieren die Zukunft des Workforce Managements neu. Der neu ver\u00f6ffentlichte Gartner Market Guide for Contact Center Workforce Management Solutions zeigt, wie f\u00fchrende Unternehmen ihre WFM-Strategien weiterentwickeln, um die Erwartungen moderner Kunden und Mitarbeiter zu erf\u00fcllen.","twitter_site":"@calabrio","twitter_misc":{"Gesch\u00e4tzte Lesezeit":"1 Minute"},"schema":{"@context":"https:\/\/schema.org","@graph":[{"@type":"WebPage","@id":"https:\/\/www.calabrio.com\/de\/der-2026-u-s-inner-circle-leitfaden-fuer-omnichannel-wfo-calabrio\/","url":"https:\/\/www.calabrio.com\/de\/der-2026-u-s-inner-circle-leitfaden-fuer-omnichannel-wfo-calabrio\/","name":"Der 2026 U.S. Inner Circle Leitfaden f\u00fcr Omnichannel WFO | Calabrio","isPartOf":{"@id":"https:\/\/www.calabrio.com\/fr\/#website"},"primaryImageOfPage":{"@id":"https:\/\/www.calabrio.com\/de\/der-2026-u-s-inner-circle-leitfaden-fuer-omnichannel-wfo-calabrio\/#primaryimage"},"image":{"@id":"https:\/\/www.calabrio.com\/de\/der-2026-u-s-inner-circle-leitfaden-fuer-omnichannel-wfo-calabrio\/#primaryimage"},"thumbnailUrl":"https:\/\/www.calabrio.com\/wp-content\/uploads\/2026\/02\/2.webp","datePublished":"2026-02-03T16:04:01+00:00","dateModified":"2026-02-04T09:12:35+00:00","description":"Laden Sie den 2026 Inner Circle Guide to Omnichannel Workforce Optimization herunter. Unabh\u00e4ngige ContactBabel-Studie \u00fcber WFO, KI, Analytik und den Umgang mit Burnout in Contact Centern.","breadcrumb":{"@id":"https:\/\/www.calabrio.com\/de\/der-2026-u-s-inner-circle-leitfaden-fuer-omnichannel-wfo-calabrio\/#breadcrumb"},"inLanguage":"de","potentialAction":[{"@type":"ReadAction","target":["https:\/\/www.calabrio.com\/de\/der-2026-u-s-inner-circle-leitfaden-fuer-omnichannel-wfo-calabrio\/"]}]},{"@type":"ImageObject","inLanguage":"de","@id":"https:\/\/www.calabrio.com\/de\/der-2026-u-s-inner-circle-leitfaden-fuer-omnichannel-wfo-calabrio\/#primaryimage","url":"https:\/\/www.calabrio.com\/wp-content\/uploads\/2026\/02\/2.webp","contentUrl":"https:\/\/www.calabrio.com\/wp-content\/uploads\/2026\/02\/2.webp","width":1200,"height":627},{"@type":"BreadcrumbList","@id":"https:\/\/www.calabrio.com\/de\/der-2026-u-s-inner-circle-leitfaden-fuer-omnichannel-wfo-calabrio\/#breadcrumb","itemListElement":[{"@type":"ListItem","position":1,"name":"Home","item":"https:\/\/www.calabrio.com\/de\/"},{"@type":"ListItem","position":2,"name":"Der 2026 U.S. Inner Circle Leitfaden f\u00fcr Omnichannel WFO | Calabrio"}]},{"@type":"WebSite","@id":"https:\/\/www.calabrio.com\/fr\/#website","url":"https:\/\/www.calabrio.com\/fr\/","name":"Calabrio","description":"Workforce Engagement Management Software","publisher":{"@id":"https:\/\/www.calabrio.com\/fr\/#organization"},"potentialAction":[{"@type":"SearchAction","target":{"@type":"EntryPoint","urlTemplate":"https:\/\/www.calabrio.com\/fr\/?s={search_term_string}"},"query-input":{"@type":"PropertyValueSpecification","valueRequired":true,"valueName":"search_term_string"}}],"inLanguage":"de"},{"@type":"Organization","@id":"https:\/\/www.calabrio.com\/fr\/#organization","name":"Calabrio","url":"https:\/\/www.calabrio.com\/fr\/","logo":{"@type":"ImageObject","inLanguage":"de","@id":"https:\/\/www.calabrio.com\/fr\/#\/schema\/logo\/image\/","url":"https:\/\/www.calabrio.com\/wp-content\/uploads\/2025\/01\/Group-1707478765.png","contentUrl":"https:\/\/www.calabrio.com\/wp-content\/uploads\/2025\/01\/Group-1707478765.png","width":1360,"height":984,"caption":"Calabrio"},"image":{"@id":"https:\/\/www.calabrio.com\/fr\/#\/schema\/logo\/image\/"},"sameAs":["https:\/\/www.facebook.com\/pages\/Calabrio\/312159772174664","https:\/\/x.com\/calabrio","https:\/\/www.linkedin.com\/company\/calabrio"]}]}},"featured_image_src":"https:\/\/www.calabrio.com\/wp-content\/uploads\/2026\/02\/2-600x400.webp","featured_image_src_square":"https:\/\/www.calabrio.com\/wp-content\/uploads\/2026\/02\/2-600x600.webp","_links":{"self":[{"href":"https:\/\/www.calabrio.com\/de\/wp-json\/wp\/v2\/pages\/40559","targetHints":{"allow":["GET"]}}],"collection":[{"href":"https:\/\/www.calabrio.com\/de\/wp-json\/wp\/v2\/pages"}],"about":[{"href":"https:\/\/www.calabrio.com\/de\/wp-json\/wp\/v2\/types\/page"}],"author":[{"embeddable":true,"href":"https:\/\/www.calabrio.com\/de\/wp-json\/wp\/v2\/users\/231"}],"replies":[{"embeddable":true,"href":"https:\/\/www.calabrio.com\/de\/wp-json\/wp\/v2\/comments?post=40559"}],"version-history":[{"count":0,"href":"https:\/\/www.calabrio.com\/de\/wp-json\/wp\/v2\/pages\/40559\/revisions"}],"wp:featuredmedia":[{"embeddable":true,"href":"https:\/\/www.calabrio.com\/de\/wp-json\/wp\/v2\/media\/40553"}],"wp:attachment":[{"href":"https:\/\/www.calabrio.com\/de\/wp-json\/wp\/v2\/media?parent=40559"}],"curies":[{"name":"wp","href":"https:\/\/api.w.org\/{rel}","templated":true}]}}