
{"id":23214,"date":"2025-02-10T21:26:58","date_gmt":"2025-02-10T21:26:58","guid":{"rendered":"https:\/\/www.calabrio.com\/2022-etat-du-centre-de-contact\/"},"modified":"2026-02-24T09:59:59","modified_gmt":"2026-02-24T09:59:59","slug":"2022-etat-du-centre-de-contact","status":"publish","type":"page","link":"https:\/\/www.calabrio.com\/fr\/2022-etat-du-centre-de-contact\/","title":{"rendered":"2022 \u00c9tat du centre de contact"},"content":{"rendered":"\n<section\n\tid=\"\"\n\tclass=\"flex flex-col lg:flex-row justify-center items-stretch\"\n\tdata-theme-block-id=\"block_d0eee1609fac33730e667c515c55b35e\"\n\tdata-aos=\"fade-up\"\n>\n\t\t<div\n\t\tclass=\"hero-with-form__left w-full lg:w-1\/2\"\n\t\tstyle=\"background-color: #D2F3FA\"\n\t>\n\t\t\t\t\t<div class=\"p-l\/xxl md:px-c\/xxl md:py-0 lg:p-c\/xxl lg:my-l\/m\">\n\t\t\t\t<div class=\"flex flex-col gap-c\/l md:py-l\/m\">\n\t\t\t\t\t\t\t\t\t\t\t<h1 >\n\t\t\t\t\t\t\t\n<p class=\"eyebrow lint-ignore flex items-center justify-center py-c\/s gap-c\/s subhead-small text-text-highlight-aaa\" >\n\t<span class=\"eyebrow__icon icon icon text-icon-highlight [&amp;_svg]:w-[var(--Base-Grid-Grid-24)] [&amp;_svg]:h-[var(--Base-Grid-Grid-24)] flex items-center rounded-full bg-background-secondary\"\n\taria-hidden=\"true\">\n\t<svg xmlns=\"http:\/\/www.w3.org\/2000\/svg\" fill=\"none\" viewBox=\"0 0 23 16\"><path fill=\"currentColor\" d=\"M19.951 7.816c-1.822-.208-4.275-.992-5.883-2.712C12.845 3.8 11.918 1.88 11.688 0h-.377c-.222 1.88-1.157 3.8-2.38 5.104-1.608 1.72-4.061 2.504-5.883 2.712-.902.104-2.215.128-2.215.128v.112s1.321.024 2.215.128c1.822.208 4.275.992 5.883 2.712 1.223 1.304 2.15 3.224 2.38 5.104h.377c.222-1.88 1.157-3.8 2.38-5.104 1.608-1.72 4.061-2.504 5.883-2.712.902-.104 2.215-.128 2.215-.128v-.112s-1.32-.024-2.215-.128Z\"\/><\/svg>\n\t<\/span>\n\n\t<span class=\"eyebrow__content\">Rapport de recherche<\/span>\n<\/p>\n\t\t\t\t\t\t<\/h1>\n\t\t\t\t\t\n\t\t\t\t\t\t\t\t\t\t<h2 style=\"color: #080F21\"\n\t\t\t\t\tclass=\"heading-medium text-center\">\n\t\t\t\t\t\t\u00c9tat du centre de contact 2022\t\t\t\t<\/h2>\n\t\t\t\t\n\t\t\t\t\t\t\t\t\t<div style=\"color: #344679\" class=\"wysiwyg text-center\">\n\t\t\t\t\t\t<p>Rapport annuel sur les tendances \u00e9mergentes, les d\u00e9fis et les attentes en mati\u00e8re de service \u00e0 la client\u00e8le<\/p>\n\t\t\t\t\t<\/div>\n\t\t\t\t\t\t\t<\/div>\n\t\t\t<\/div>\n\t\t\n\t\t\t\t<\/div>\n\t\n\t\t\t<div\n\t\t\tclass=\"w-full lg:w-1\/2 flex items-center hero-with-form__right\"\n\t\t\tstyle=\"\"\n\t\t>\n\t\t\t<iframe id=\"hero_form\" src=\"https:\/\/info.calabrio.com\/l\/134381\/2021-06-03\/63b3wq\" width=\"100%\" height=\"600px\" frameborder=\"0\"><\/iframe>\t\t<\/div>\n\t<\/section>\n\n\t<style>\n\t[data-theme-block-id=\"block_d0eee1609fac33730e667c515c55b35e\"] {\n\t\t@media only screen and (max-width: 743px) {\n\t\t\t\t\t\t\t\t}\n\t\t@media only screen and (min-width: 744px) {\n\t\t\t\t\t\t\t\t}\n\t}\n\t<\/style>\n\n\n<section\n\tclass=\"container text-image-with-cards flex flex-col gap-l\/xxl md:gap-0\"\n\tid=\"\"\n\tdata-theme-block-id=\"block_350f2c3e2956e592c825975edded3859\"\n\tdata-aos=\"fade-up\"\n>\n\t<div style=\"background-color: #FFFFFF\" class=\"z-[1] flex flex-col-reverse gap-l\/m md:flex-row md:gap-0 py-c\/xxl\">\n\t\t\t\t\t<div class=\"flex items-center md:pt-l\/m md:pr-l\/m md:pb-l\/m w-full md:w-[51%]\">\n\t\t\t\t<div class=\"flex flex-col md:pb-l\/xs gap-c\/m\">\n\t\t\t\t\t\t\t\t\t\t\t\t\t\t\t\t<div style=\"color: #344679\" class=\"text-image-with-cards__description wysiwyg overflow-ellipsis md:line-clamp-none\"><p>Les centres de contact sont essentiels au succ\u00e8s de la marque et doivent offrir un service centr\u00e9 sur l&rsquo;humain et une technologie flexible pour fid\u00e9liser les clients.<\/p>\n<p>&nbsp;<\/p>\n<p>C&rsquo;est ce que nous avons constat\u00e9 en interrogeant 500 responsables de centres de contact et consommateurs du monde entier. Notre objectif \u00e9tait de d\u00e9couvrir les principales attentes, les perceptions erron\u00e9es et les strat\u00e9gies \u00e9mergentes en mati\u00e8re d&rsquo;exp\u00e9riences dans les centres de contact. Les r\u00e9sultats ont r\u00e9v\u00e9l\u00e9 une v\u00e9rit\u00e9 fondamentale : sans l&rsquo;\u00e9l\u00e9ment humain, aucune technologie ne peut assurer la coh\u00e9sion de l&rsquo;exp\u00e9rience d&rsquo;une marque.<\/p>\n<p>&nbsp;<\/p>\n<p>Dans ce rapport, vous trouverez des r\u00e9ponses \u00e0 des questions cl\u00e9s telles que<\/p>\n<ul>\n<li>Vos hypoth\u00e8ses correspondent-elles \u00e0 ce que pensent vos pairs et \u00e0 ce \u00e0 quoi ils sont pr\u00e9par\u00e9s ?<\/li>\n<li>Vos priorit\u00e9s sont-elles align\u00e9es sur les demandes r\u00e9elles des consommateurs, y compris les attentes concernant les performances des agents et les canaux de communication ?<\/li>\n<li>Savez-vous quels sont les facteurs de service qui incitent les consommateurs \u00e0 changer de marque ?<\/li>\n<\/ul>\n<p>D\u00e9couvrez de l&rsquo;int\u00e9rieur la tendance critique qui fa\u00e7onnera le succ\u00e8s des centres de contact en 2022 et au-del\u00e0. T\u00e9l\u00e9chargez le rapport complet maintenant.<\/p>\n<p>&nbsp;<\/p>\n<p><a class=\"btn-primary\" href=\"#hero_form\">T\u00e9l\u00e9charger maintenant<\/a><\/p>\n<\/div>\n\t\t\t\t\t\t\t\t\t<\/div>\n\t\t\t<\/div>\n\t\t\n\t\t\t\t\t<div class=\"relative w-full md:w-[49%] aspect-square\">\n\t\t\t\t<div class=\"js-wrap image lint-ignore\n\tz-[2] w-full h-full image--cover\t\" data-module=\"image\" >\n\t<img decoding=\"async\" class=\"image__img \" src=\"data:image\/gif;base64,R0lGODlhAQABAIAAAAAAAP\/\/\/yH5BAEAAAAALAAAAAABAAEAAAIBRAA7\" data-normal=\"https:\/\/www.calabrio.com\/wp-content\/uploads\/2026\/02\/AdobeStock_403058894-1-scaled.webp\" data-retina=\"https:\/\/www.calabrio.com\/wp-content\/uploads\/2026\/02\/AdobeStock_403058894-1-scaled.webp\" data-srcset=\"https:\/\/www.calabrio.com\/wp-content\/uploads\/2026\/02\/AdobeStock_403058894-1-scaled.webp 2560w, https:\/\/www.calabrio.com\/wp-content\/uploads\/2026\/02\/AdobeStock_403058894-1-300x200.webp 300w, https:\/\/www.calabrio.com\/wp-content\/uploads\/2026\/02\/AdobeStock_403058894-1-1024x683.webp 1024w, https:\/\/www.calabrio.com\/wp-content\/uploads\/2026\/02\/AdobeStock_403058894-1-768x512.webp 768w, https:\/\/www.calabrio.com\/wp-content\/uploads\/2026\/02\/AdobeStock_403058894-1-1536x1024.webp 1536w, https:\/\/www.calabrio.com\/wp-content\/uploads\/2026\/02\/AdobeStock_403058894-1-2048x1366.webp 2048w, https:\/\/www.calabrio.com\/wp-content\/uploads\/2026\/02\/AdobeStock_403058894-1-600x400.webp 600w\" alt=\"\" ><\/div>\n\t\t\t\t<div class=\"z-[3] hidden xl:block absolute w-[calc(100%\/588*257)] aspect-[257\/664] -top-[calc(100%\/49*3)] left-[calc(100%\/49*18)]\" aria-hidden=\"true\">\n\t\t\t\t\t<svg class=\"w-full h-full\" viewBox=\"0 0 257 664\" fill=\"none\" xmlns=\"http:\/\/www.w3.org\/2000\/svg\">\n<rect x=\"193\" y=\"664\" width=\"32\" height=\"168\" rx=\"4.27443\" transform=\"rotate(-180 193 664)\" fill=\"#D2F3FA\"\/>\n<rect x=\"257\" y=\"632\" width=\"32\" height=\"55\" rx=\"4.27443\" transform=\"rotate(-180 257 632)\" fill=\"#3A7683\"\/>\n<rect width=\"32\" height=\"108.669\" rx=\"4.27443\" transform=\"matrix(-1 4.26491e-08 -4.37114e-08 1 32.0001 0)\" fill=\"#6D92FE\"\/>\n<\/svg>\n\t\t\t\t<\/div>\n\t\t\t\t<div class=\"hidden xl:block absolute w-[calc(100%\/588*102)] aspect-[102\/743] -top-[calc(100%\/6)] right-[calc(100%\/294*31)]\" aria-hidden=\"true\">\n\t\t\t\t\t<svg class=\"w-full h-full\" viewBox=\"0 0 103 744\" fill=\"none\" xmlns=\"http:\/\/www.w3.org\/2000\/svg\">\n<rect width=\"32\" height=\"189\" rx=\"4.27443\" transform=\"matrix(-1 4.26491e-08 -4.37114e-08 1 78.5898 554.328)\" fill=\"#B8CAF9\"\/>\n<rect x=\"102.5\" y=\"287.777\" width=\"32\" height=\"287.448\" rx=\"4.27443\" transform=\"rotate(-180 102.5 287.777)\" fill=\"#6D92FE\"\/>\n<rect x=\"32.5\" y=\"234.33\" width=\"32\" height=\"194\" rx=\"4.27443\" transform=\"rotate(-180 32.5 234.33)\" fill=\"#8DDAEB\"\/>\n<\/svg>\n\t\t\t\t<\/div>\n\t\t\t<\/div>\n\t\t\t<\/div>\n\n\t\t\t<div class='z-0 block w-[calc(100vw)] md:py-l\/m lg:w-full -ml-page-margin lg:-ml-0'>\n\t\t\t\n\t<section\n\tclass=\"swiper  swiper--navigation-rounded swiper--lg-hide-navigation swiper--margin-left\"\n\tdata-module=\"carousel-grid\"\n\tdata-swiper-options='{\"slidesPerView\":1.246,\"spaceBetween\":16,\"breakpoints\":{\"744\":{\"slidesPerView\":2,\"spaceBetween\":16},\"1024\":{\"enabled\":false}},\"navigation\":{\"nextEl\":\".swiper-button-next\",\"prevEl\":\".swiper-button-prev\"},\"navCenteredImage\":true}'\n\tdata-aos=\"\"\n\tdata-aos-duration=\"\"\n\t>\n\t<div class=\"swiper-wrapper w-full lg:!grid lg:gap-l\/xs lg:grid-cols-3\">\n\t\n<div\n\tclass=\"card-image flex flex-col gap-c\/m swiper-slide !h-auto border-b-thin border-stroke-secondary lint-ignore\"\n\tstyle=\"background-color: #FFFFFF\"\n\t>\n\t<div class=\"js-wrap image lint-ignore\n\tcard-image__image absolute  aspect-[10\/9] md:aspect-[184\/143] image--cover\t\" data-module=\"image\" loading=lazy >\n\t<img decoding=\"async\" class=\"image__img \" src=\"data:image\/gif;base64,R0lGODlhAQABAIAAAAAAAP\/\/\/yH5BAEAAAAALAAAAAABAAEAAAIBRAA7\" data-normal=\"https:\/\/www.calabrio.com\/wp-content\/uploads\/2025\/01\/Group-1707478765.png\" data-retina=\"https:\/\/www.calabrio.com\/wp-content\/uploads\/2025\/01\/Group-1707478765.png\" data-srcset=\"https:\/\/www.calabrio.com\/wp-content\/uploads\/2025\/01\/Group-1707478765.png 1360w, https:\/\/www.calabrio.com\/wp-content\/uploads\/2025\/01\/Group-1707478765-300x217.png 300w, https:\/\/www.calabrio.com\/wp-content\/uploads\/2025\/01\/Group-1707478765-1024x741.png 1024w, https:\/\/www.calabrio.com\/wp-content\/uploads\/2025\/01\/Group-1707478765-768x556.png 768w\" alt=\"\" ><\/div>\n\n\t<\/div>\n\n<div\n\tclass=\"card-image flex flex-col gap-c\/m swiper-slide !h-auto border-b-thin border-stroke-secondary lint-ignore\"\n\tstyle=\"background-color: #FFFFFF\"\n\t>\n\t<div class=\"js-wrap image lint-ignore\n\tcard-image__image absolute  aspect-[10\/9] md:aspect-[184\/143] image--cover\t\" data-module=\"image\" loading=lazy >\n\t<img decoding=\"async\" class=\"image__img \" src=\"data:image\/gif;base64,R0lGODlhAQABAIAAAAAAAP\/\/\/yH5BAEAAAAALAAAAAABAAEAAAIBRAA7\" data-normal=\"https:\/\/www.calabrio.com\/wp-content\/uploads\/2025\/01\/Group-1707478765.png\" data-retina=\"https:\/\/www.calabrio.com\/wp-content\/uploads\/2025\/01\/Group-1707478765.png\" data-srcset=\"https:\/\/www.calabrio.com\/wp-content\/uploads\/2025\/01\/Group-1707478765.png 1360w, https:\/\/www.calabrio.com\/wp-content\/uploads\/2025\/01\/Group-1707478765-300x217.png 300w, https:\/\/www.calabrio.com\/wp-content\/uploads\/2025\/01\/Group-1707478765-1024x741.png 1024w, https:\/\/www.calabrio.com\/wp-content\/uploads\/2025\/01\/Group-1707478765-768x556.png 768w\" alt=\"\" ><\/div>\n\n\t<\/div>\n\n<div\n\tclass=\"card-image flex flex-col gap-c\/m swiper-slide !h-auto border-b-thin border-stroke-secondary lint-ignore\"\n\tstyle=\"background-color: #FFFFFF\"\n\t>\n\t<div class=\"js-wrap image lint-ignore\n\tcard-image__image absolute  aspect-[10\/9] md:aspect-[184\/143] image--cover\t\" data-module=\"image\" loading=lazy >\n\t<img decoding=\"async\" class=\"image__img \" src=\"data:image\/gif;base64,R0lGODlhAQABAIAAAAAAAP\/\/\/yH5BAEAAAAALAAAAAABAAEAAAIBRAA7\" data-normal=\"https:\/\/www.calabrio.com\/wp-content\/uploads\/2025\/01\/Group-1707478765.png\" data-retina=\"https:\/\/www.calabrio.com\/wp-content\/uploads\/2025\/01\/Group-1707478765.png\" data-srcset=\"https:\/\/www.calabrio.com\/wp-content\/uploads\/2025\/01\/Group-1707478765.png 1360w, https:\/\/www.calabrio.com\/wp-content\/uploads\/2025\/01\/Group-1707478765-300x217.png 300w, https:\/\/www.calabrio.com\/wp-content\/uploads\/2025\/01\/Group-1707478765-1024x741.png 1024w, https:\/\/www.calabrio.com\/wp-content\/uploads\/2025\/01\/Group-1707478765-768x556.png 768w\" alt=\"\" ><\/div>\n\n\t<\/div>\n\t<\/div>\n\t\n\t\t\t\t\t<button\n\t\t\t\tclass=\"swiper-button-prev\"\n\t\t\t\taria-label=\"\"\n\t\t\t>\n\t\t\t\t<span class=\"sr-only\">Passer \u00e0 la diapositive pr\u00e9c\u00e9dente du carrousel<\/span>\n\t\t\t<\/button>\n\t\t\t<button\n\t\t\t\tclass=\"swiper-button-next\"\n\t\t\t\taria-label=\"\"\n\t\t\t>\n\t\t\t\t<span class=\"sr-only\">Passer \u00e0 la diapositive suivante du carrousel<\/span>\n\t\t\t<\/button>\n\t\t\n\t\n\t\t<\/section>\n\t\t<\/div>\n\t<\/section>\n\n\t<style>\n\t[data-theme-block-id=\"block_350f2c3e2956e592c825975edded3859\"] {\n\t\t@media only screen and (max-width: 743px) {\n\t\t\t\t\t\t\tpadding-top: 0px !important;\n\t\t\t\t\t\t\t\t\t\tpadding-bottom: 0px !important;\n\t\t\t\t\t}\n\t\t@media only screen and (min-width: 744px) {\n\t\t\t\t\t\t\tpadding-top: 0px !important;\n\t\t\t\t\t\t\t\t\t\tpadding-bottom: 96px !important;\n\t\t\t\t\t}\n\t}\n\t<\/style>\n","protected":false},"excerpt":{"rendered":"","protected":false},"author":231,"featured_media":24411,"parent":0,"menu_order":0,"comment_status":"closed","ping_status":"closed","template":"","meta":{"_acf_changed":false,"om_disable_all_campaigns":false,"footnotes":""},"class_list":["post-23214","page","type-page","status-publish","has-post-thumbnail","hentry"],"acf":[],"yoast_head":"<!-- This site is optimized with the Yoast SEO Premium plugin v27.4 (Yoast SEO v27.4) - https:\/\/yoast.com\/product\/yoast-seo-premium-wordpress\/ -->\n<title>2022 \u00c9tat du centre de contact<\/title>\n<meta name=\"description\" content=\"97 % des consommateurs affirment que les interactions avec les centres de contact ont un impact sur la fid\u00e9lit\u00e9 \u00e0 la marque et sur le chiffre d&#039;affaires. D\u00e9couvrez d&#039;autres r\u00e9sultats cl\u00e9s dans notre rapport annuel.\" \/>\n<meta name=\"robots\" content=\"index, follow, max-snippet:-1, max-image-preview:large, max-video-preview:-1\" \/>\n<link rel=\"canonical\" href=\"https:\/\/www.calabrio.com\/fr\/2022-etat-du-centre-de-contact\/\" \/>\n<meta property=\"og:locale\" content=\"fr_FR\" \/>\n<meta property=\"og:type\" content=\"article\" \/>\n<meta property=\"og:title\" content=\"2022 \u00c9tat du centre de contact\" \/>\n<meta property=\"og:url\" content=\"https:\/\/www.calabrio.com\/fr\/2022-etat-du-centre-de-contact\/\" \/>\n<meta property=\"og:site_name\" content=\"Calabrio\" \/>\n<meta property=\"article:publisher\" content=\"https:\/\/www.facebook.com\/pages\/Calabrio\/312159772174664\" \/>\n<meta property=\"article:modified_time\" content=\"2026-02-24T09:59:59+00:00\" \/>\n<meta property=\"og:image\" content=\"https:\/\/www.calabrio.com\/wp-content\/uploads\/2025\/03\/Image.webp\" \/>\n\t<meta property=\"og:image:width\" content=\"758\" \/>\n\t<meta property=\"og:image:height\" content=\"480\" \/>\n\t<meta property=\"og:image:type\" content=\"image\/webp\" \/>\n<meta name=\"twitter:card\" content=\"summary_large_image\" \/>\n<meta name=\"twitter:site\" content=\"@calabrio\" \/>\n<script type=\"application\/ld+json\" class=\"yoast-schema-graph\">{\"@context\":\"https:\\\/\\\/schema.org\",\"@graph\":[{\"@type\":\"WebPage\",\"@id\":\"https:\\\/\\\/www.calabrio.com\\\/fr\\\/2022-etat-du-centre-de-contact\\\/\",\"url\":\"https:\\\/\\\/www.calabrio.com\\\/fr\\\/2022-etat-du-centre-de-contact\\\/\",\"name\":\"2022 \u00c9tat du centre de contact\",\"isPartOf\":{\"@id\":\"https:\\\/\\\/www.calabrio.com\\\/fr\\\/#website\"},\"primaryImageOfPage\":{\"@id\":\"https:\\\/\\\/www.calabrio.com\\\/fr\\\/2022-etat-du-centre-de-contact\\\/#primaryimage\"},\"image\":{\"@id\":\"https:\\\/\\\/www.calabrio.com\\\/fr\\\/2022-etat-du-centre-de-contact\\\/#primaryimage\"},\"thumbnailUrl\":\"https:\\\/\\\/www.calabrio.com\\\/wp-content\\\/uploads\\\/2025\\\/03\\\/Image.webp\",\"datePublished\":\"2025-02-10T21:26:58+00:00\",\"dateModified\":\"2026-02-24T09:59:59+00:00\",\"description\":\"97 % des consommateurs affirment que les interactions avec les centres de contact ont un impact sur la fid\u00e9lit\u00e9 \u00e0 la marque et sur le chiffre d'affaires. D\u00e9couvrez d'autres r\u00e9sultats cl\u00e9s dans notre rapport annuel.\",\"breadcrumb\":{\"@id\":\"https:\\\/\\\/www.calabrio.com\\\/fr\\\/2022-etat-du-centre-de-contact\\\/#breadcrumb\"},\"inLanguage\":\"fr-FR\",\"potentialAction\":[{\"@type\":\"ReadAction\",\"target\":[\"https:\\\/\\\/www.calabrio.com\\\/fr\\\/2022-etat-du-centre-de-contact\\\/\"]}]},{\"@type\":\"ImageObject\",\"inLanguage\":\"fr-FR\",\"@id\":\"https:\\\/\\\/www.calabrio.com\\\/fr\\\/2022-etat-du-centre-de-contact\\\/#primaryimage\",\"url\":\"https:\\\/\\\/www.calabrio.com\\\/wp-content\\\/uploads\\\/2025\\\/03\\\/Image.webp\",\"contentUrl\":\"https:\\\/\\\/www.calabrio.com\\\/wp-content\\\/uploads\\\/2025\\\/03\\\/Image.webp\",\"width\":758,\"height\":480},{\"@type\":\"BreadcrumbList\",\"@id\":\"https:\\\/\\\/www.calabrio.com\\\/fr\\\/2022-etat-du-centre-de-contact\\\/#breadcrumb\",\"itemListElement\":[{\"@type\":\"ListItem\",\"position\":1,\"name\":\"Home\",\"item\":\"https:\\\/\\\/www.calabrio.com\\\/fr\\\/\"},{\"@type\":\"ListItem\",\"position\":2,\"name\":\"2022 \u00c9tat du centre de contact\"}]},{\"@type\":\"WebSite\",\"@id\":\"https:\\\/\\\/www.calabrio.com\\\/fr\\\/#website\",\"url\":\"https:\\\/\\\/www.calabrio.com\\\/fr\\\/\",\"name\":\"Calabrio\",\"description\":\"Workforce Engagement Management Software\",\"publisher\":{\"@id\":\"https:\\\/\\\/www.calabrio.com\\\/fr\\\/#organization\"},\"potentialAction\":[{\"@type\":\"SearchAction\",\"target\":{\"@type\":\"EntryPoint\",\"urlTemplate\":\"https:\\\/\\\/www.calabrio.com\\\/fr\\\/?s={search_term_string}\"},\"query-input\":{\"@type\":\"PropertyValueSpecification\",\"valueRequired\":true,\"valueName\":\"search_term_string\"}}],\"inLanguage\":\"fr-FR\"},{\"@type\":\"Organization\",\"@id\":\"https:\\\/\\\/www.calabrio.com\\\/fr\\\/#organization\",\"name\":\"Calabrio\",\"url\":\"https:\\\/\\\/www.calabrio.com\\\/fr\\\/\",\"logo\":{\"@type\":\"ImageObject\",\"inLanguage\":\"fr-FR\",\"@id\":\"https:\\\/\\\/www.calabrio.com\\\/fr\\\/#\\\/schema\\\/logo\\\/image\\\/\",\"url\":\"https:\\\/\\\/www.calabrio.com\\\/wp-content\\\/uploads\\\/2025\\\/01\\\/Group-1707478765.png\",\"contentUrl\":\"https:\\\/\\\/www.calabrio.com\\\/wp-content\\\/uploads\\\/2025\\\/01\\\/Group-1707478765.png\",\"width\":1360,\"height\":984,\"caption\":\"Calabrio\"},\"image\":{\"@id\":\"https:\\\/\\\/www.calabrio.com\\\/fr\\\/#\\\/schema\\\/logo\\\/image\\\/\"},\"sameAs\":[\"https:\\\/\\\/www.facebook.com\\\/pages\\\/Calabrio\\\/312159772174664\",\"https:\\\/\\\/x.com\\\/calabrio\",\"https:\\\/\\\/www.linkedin.com\\\/company\\\/calabrio\"]}]}<\/script>\n<!-- \/ Yoast SEO Premium plugin. -->","yoast_head_json":{"title":"2022 \u00c9tat du centre de contact","description":"97 % des consommateurs affirment que les interactions avec les centres de contact ont un impact sur la fid\u00e9lit\u00e9 \u00e0 la marque et sur le chiffre d'affaires. D\u00e9couvrez d'autres r\u00e9sultats cl\u00e9s dans notre rapport annuel.","robots":{"index":"index","follow":"follow","max-snippet":"max-snippet:-1","max-image-preview":"max-image-preview:large","max-video-preview":"max-video-preview:-1"},"canonical":"https:\/\/www.calabrio.com\/fr\/2022-etat-du-centre-de-contact\/","og_locale":"fr_FR","og_type":"article","og_title":"2022 \u00c9tat du centre de contact","og_url":"https:\/\/www.calabrio.com\/fr\/2022-etat-du-centre-de-contact\/","og_site_name":"Calabrio","article_publisher":"https:\/\/www.facebook.com\/pages\/Calabrio\/312159772174664","article_modified_time":"2026-02-24T09:59:59+00:00","og_image":[{"width":758,"height":480,"url":"https:\/\/www.calabrio.com\/wp-content\/uploads\/2025\/03\/Image.webp","type":"image\/webp"}],"twitter_card":"summary_large_image","twitter_site":"@calabrio","schema":{"@context":"https:\/\/schema.org","@graph":[{"@type":"WebPage","@id":"https:\/\/www.calabrio.com\/fr\/2022-etat-du-centre-de-contact\/","url":"https:\/\/www.calabrio.com\/fr\/2022-etat-du-centre-de-contact\/","name":"2022 \u00c9tat du centre de contact","isPartOf":{"@id":"https:\/\/www.calabrio.com\/fr\/#website"},"primaryImageOfPage":{"@id":"https:\/\/www.calabrio.com\/fr\/2022-etat-du-centre-de-contact\/#primaryimage"},"image":{"@id":"https:\/\/www.calabrio.com\/fr\/2022-etat-du-centre-de-contact\/#primaryimage"},"thumbnailUrl":"https:\/\/www.calabrio.com\/wp-content\/uploads\/2025\/03\/Image.webp","datePublished":"2025-02-10T21:26:58+00:00","dateModified":"2026-02-24T09:59:59+00:00","description":"97 % des consommateurs affirment que les interactions avec les centres de contact ont un impact sur la fid\u00e9lit\u00e9 \u00e0 la marque et sur le chiffre d'affaires. D\u00e9couvrez d'autres r\u00e9sultats cl\u00e9s dans notre rapport annuel.","breadcrumb":{"@id":"https:\/\/www.calabrio.com\/fr\/2022-etat-du-centre-de-contact\/#breadcrumb"},"inLanguage":"fr-FR","potentialAction":[{"@type":"ReadAction","target":["https:\/\/www.calabrio.com\/fr\/2022-etat-du-centre-de-contact\/"]}]},{"@type":"ImageObject","inLanguage":"fr-FR","@id":"https:\/\/www.calabrio.com\/fr\/2022-etat-du-centre-de-contact\/#primaryimage","url":"https:\/\/www.calabrio.com\/wp-content\/uploads\/2025\/03\/Image.webp","contentUrl":"https:\/\/www.calabrio.com\/wp-content\/uploads\/2025\/03\/Image.webp","width":758,"height":480},{"@type":"BreadcrumbList","@id":"https:\/\/www.calabrio.com\/fr\/2022-etat-du-centre-de-contact\/#breadcrumb","itemListElement":[{"@type":"ListItem","position":1,"name":"Home","item":"https:\/\/www.calabrio.com\/fr\/"},{"@type":"ListItem","position":2,"name":"2022 \u00c9tat du centre de contact"}]},{"@type":"WebSite","@id":"https:\/\/www.calabrio.com\/fr\/#website","url":"https:\/\/www.calabrio.com\/fr\/","name":"Calabrio","description":"Workforce Engagement Management Software","publisher":{"@id":"https:\/\/www.calabrio.com\/fr\/#organization"},"potentialAction":[{"@type":"SearchAction","target":{"@type":"EntryPoint","urlTemplate":"https:\/\/www.calabrio.com\/fr\/?s={search_term_string}"},"query-input":{"@type":"PropertyValueSpecification","valueRequired":true,"valueName":"search_term_string"}}],"inLanguage":"fr-FR"},{"@type":"Organization","@id":"https:\/\/www.calabrio.com\/fr\/#organization","name":"Calabrio","url":"https:\/\/www.calabrio.com\/fr\/","logo":{"@type":"ImageObject","inLanguage":"fr-FR","@id":"https:\/\/www.calabrio.com\/fr\/#\/schema\/logo\/image\/","url":"https:\/\/www.calabrio.com\/wp-content\/uploads\/2025\/01\/Group-1707478765.png","contentUrl":"https:\/\/www.calabrio.com\/wp-content\/uploads\/2025\/01\/Group-1707478765.png","width":1360,"height":984,"caption":"Calabrio"},"image":{"@id":"https:\/\/www.calabrio.com\/fr\/#\/schema\/logo\/image\/"},"sameAs":["https:\/\/www.facebook.com\/pages\/Calabrio\/312159772174664","https:\/\/x.com\/calabrio","https:\/\/www.linkedin.com\/company\/calabrio"]}]}},"featured_image_src":"https:\/\/www.calabrio.com\/wp-content\/uploads\/2025\/03\/Image-600x400.webp","featured_image_src_square":"https:\/\/www.calabrio.com\/wp-content\/uploads\/2025\/03\/Image-600x480.webp","_links":{"self":[{"href":"https:\/\/www.calabrio.com\/fr\/wp-json\/wp\/v2\/pages\/23214","targetHints":{"allow":["GET"]}}],"collection":[{"href":"https:\/\/www.calabrio.com\/fr\/wp-json\/wp\/v2\/pages"}],"about":[{"href":"https:\/\/www.calabrio.com\/fr\/wp-json\/wp\/v2\/types\/page"}],"author":[{"embeddable":true,"href":"https:\/\/www.calabrio.com\/fr\/wp-json\/wp\/v2\/users\/231"}],"replies":[{"embeddable":true,"href":"https:\/\/www.calabrio.com\/fr\/wp-json\/wp\/v2\/comments?post=23214"}],"version-history":[{"count":0,"href":"https:\/\/www.calabrio.com\/fr\/wp-json\/wp\/v2\/pages\/23214\/revisions"}],"wp:featuredmedia":[{"embeddable":true,"href":"https:\/\/www.calabrio.com\/fr\/wp-json\/wp\/v2\/media\/24411"}],"wp:attachment":[{"href":"https:\/\/www.calabrio.com\/fr\/wp-json\/wp\/v2\/media?parent=23214"}],"curies":[{"name":"wp","href":"https:\/\/api.w.org\/{rel}","templated":true}]}}