
{"id":30624,"date":"2025-05-06T10:25:58","date_gmt":"2025-05-06T10:25:58","guid":{"rendered":"https:\/\/www.calabrio.com\/devenir-partenaire\/"},"modified":"2025-09-02T06:06:26","modified_gmt":"2025-09-02T06:06:26","slug":"devenir-partenaire","status":"publish","type":"page","link":"https:\/\/www.calabrio.com\/fr\/devenir-partenaire\/","title":{"rendered":"Devenir partenaire"},"content":{"rendered":"\n<section\n\tid=\"\"\n\tclass=\"flex flex-col lg:flex-row justify-center items-stretch\"\n\tdata-theme-block-id=\"block_11d238ed1d93795ab94cb793482bf871\"\n\tdata-aos=\"fade-up\"\n>\n\t\t<div\n\t\tclass=\"hero-with-form__left w-full lg:w-1\/2\"\n\t\tstyle=\"background-color: #D2F3FA\"\n\t>\n\t\t\t\t\t<div class=\"p-l\/xxl md:px-c\/xxl md:py-0 lg:p-c\/xxl lg:my-l\/m\">\n\t\t\t\t<div class=\"flex flex-col gap-c\/l md:py-l\/m\">\n\t\t\t\t\t\n\t\t\t\t\t\t\t\t\t\t<h1 style=\"color: #080F21\"\n\t\t\t\t\tclass=\"heading-medium text-center\">\n\t\t\t\t\t\tQue vous soyez un fournisseur de plateforme, un revendeur ou une soci\u00e9t\u00e9 de services, le partenariat avec Calabrio est gagnant-gagnant.  \t\t\t\t<\/h1>\n\t\t\t\t\n\t\t\t\t\t\t\t\t\t<div style=\"color: #344679\" class=\"wysiwyg text-center\">\n\t\t\t\t\t\t<ul>\n<li style=\"list-style-type: none\">\n<ul>\n<li style=\"list-style-type: none\">\n<ul>\n<li style=\"text-align: left\">En tant que partenaire de Calabrio, vous pouvez vous attendre \u00e0.. :<\/li>\n<li style=\"text-align: left\">Embarquement et formation<\/li>\n<li style=\"text-align: left\">Facilitation des ventes et soutien<\/li>\n<li style=\"text-align: left\">Acc\u00e8s exclusif au portail s\u00e9curis\u00e9 des partenaires de Calabrio<\/li>\n<li style=\"text-align: left\">Une suite WFO unifi\u00e9e qui r\u00e9pond aux besoins du centre de contact num\u00e9rique et multicanal d&rsquo;aujourd&rsquo;hui<\/li>\n<\/ul>\n<\/li>\n<\/ul>\n<\/li>\n<\/ul>\n\t\t\t\t\t<\/div>\n\t\t\t\t\t\t\t<\/div>\n\t\t\t<\/div>\n\t\t\n\t\t\t\t<\/div>\n\t\n\t\t\t<div\n\t\t\tclass=\"w-full lg:w-1\/2 flex items-center hero-with-form__right\"\n\t\t\tstyle=\"\"\n\t\t>\n\t\t\t<iframe src=\"https:\/\/marketing.calabrio.com\/l\/1043281\/2025-05-21\/5b8zsr\" frameborder=\"0\" width=\"100%\" height=\"650\"><\/iframe><style>form#pardot-form .comments textarea {\n    width: 100%;\n    padding: 11px;\n    max-width: 100%;\n    border-radius: 12px;\n    background-color: #fff;\n    border: 1px solid #aaa;\n    font-weight: 400;\n    font-size: 16px;\n    box-sizing: border-box;\n    outline: none;\n}\n<\/style>\t\t<\/div>\n\t<\/section>\n\n\t<style>\n\t[data-theme-block-id=\"block_11d238ed1d93795ab94cb793482bf871\"] {\n\t\t@media only screen and (max-width: 743px) {\n\t\t\t\t\t\t\t\t}\n\t\t@media only screen and (min-width: 744px) {\n\t\t\t\t\t\t\t\t}\n\t}\n\t<\/style>\n","protected":false},"excerpt":{"rendered":"","protected":false},"author":231,"featured_media":0,"parent":0,"menu_order":0,"comment_status":"closed","ping_status":"closed","template":"","meta":{"_acf_changed":false,"om_disable_all_campaigns":false,"footnotes":""},"class_list":["post-30624","page","type-page","status-publish","hentry"],"acf":[],"yoast_head":"<!-- This site is optimized with the Yoast SEO Premium plugin v27.4 (Yoast SEO v27.4) - https:\/\/yoast.com\/product\/yoast-seo-premium-wordpress\/ -->\n<title>Solutions d&#039;optimisation de la main-d&#039;\u0153uvre pour les revendeurs et les fournisseurs de Calabrio<\/title>\n<meta name=\"description\" content=\"Rejoignez le programme de partenariat de Calabrio et acc\u00e9dez \u00e0 des outils exclusifs, \u00e0 des formations et \u00e0 un soutien pour r\u00e9ussir. Donnez \u00e0 vos clients les moyens d&#039;agir gr\u00e2ce \u00e0 une suite WFO unifi\u00e9e con\u00e7ue pour le centre de contact moderne et num\u00e9rique.\" \/>\n<meta name=\"robots\" content=\"index, follow, max-snippet:-1, max-image-preview:large, max-video-preview:-1\" \/>\n<link rel=\"canonical\" href=\"https:\/\/www.calabrio.com\/fr\/devenir-partenaire\/\" \/>\n<meta property=\"og:locale\" content=\"fr_FR\" \/>\n<meta property=\"og:type\" content=\"article\" \/>\n<meta property=\"og:title\" content=\"Devenir partenaire\" \/>\n<meta property=\"og:url\" content=\"https:\/\/www.calabrio.com\/fr\/devenir-partenaire\/\" \/>\n<meta property=\"og:site_name\" content=\"Calabrio\" \/>\n<meta property=\"article:publisher\" content=\"https:\/\/www.facebook.com\/pages\/Calabrio\/312159772174664\" \/>\n<meta property=\"article:modified_time\" content=\"2025-09-02T06:06:26+00:00\" \/>\n<meta property=\"og:image\" content=\"https:\/\/www.calabrio.com\/wp-content\/uploads\/2025\/01\/Group-1707478745.png\" \/>\n\t<meta property=\"og:image:width\" content=\"2040\" \/>\n\t<meta property=\"og:image:height\" content=\"1476\" \/>\n\t<meta property=\"og:image:type\" content=\"image\/png\" \/>\n<meta name=\"twitter:card\" content=\"summary_large_image\" \/>\n<meta name=\"twitter:site\" content=\"@calabrio\" \/>\n<script type=\"application\/ld+json\" class=\"yoast-schema-graph\">{\"@context\":\"https:\\\/\\\/schema.org\",\"@graph\":[{\"@type\":\"WebPage\",\"@id\":\"https:\\\/\\\/www.calabrio.com\\\/fr\\\/devenir-partenaire\\\/\",\"url\":\"https:\\\/\\\/www.calabrio.com\\\/fr\\\/devenir-partenaire\\\/\",\"name\":\"Solutions d'optimisation de la main-d'\u0153uvre pour les revendeurs et les fournisseurs de Calabrio\",\"isPartOf\":{\"@id\":\"https:\\\/\\\/www.calabrio.com\\\/fr\\\/#website\"},\"datePublished\":\"2025-05-06T10:25:58+00:00\",\"dateModified\":\"2025-09-02T06:06:26+00:00\",\"description\":\"Rejoignez le programme de partenariat de Calabrio et acc\u00e9dez \u00e0 des outils exclusifs, \u00e0 des formations et \u00e0 un soutien pour r\u00e9ussir. Donnez \u00e0 vos clients les moyens d'agir gr\u00e2ce \u00e0 une suite WFO unifi\u00e9e con\u00e7ue pour le centre de contact moderne et num\u00e9rique.\",\"breadcrumb\":{\"@id\":\"https:\\\/\\\/www.calabrio.com\\\/fr\\\/devenir-partenaire\\\/#breadcrumb\"},\"inLanguage\":\"fr-FR\",\"potentialAction\":[{\"@type\":\"ReadAction\",\"target\":[\"https:\\\/\\\/www.calabrio.com\\\/fr\\\/devenir-partenaire\\\/\"]}]},{\"@type\":\"BreadcrumbList\",\"@id\":\"https:\\\/\\\/www.calabrio.com\\\/fr\\\/devenir-partenaire\\\/#breadcrumb\",\"itemListElement\":[{\"@type\":\"ListItem\",\"position\":1,\"name\":\"Home\",\"item\":\"https:\\\/\\\/www.calabrio.com\\\/fr\\\/\"},{\"@type\":\"ListItem\",\"position\":2,\"name\":\"Devenir partenaire\"}]},{\"@type\":\"WebSite\",\"@id\":\"https:\\\/\\\/www.calabrio.com\\\/fr\\\/#website\",\"url\":\"https:\\\/\\\/www.calabrio.com\\\/fr\\\/\",\"name\":\"Calabrio\",\"description\":\"Workforce Engagement Management Software\",\"publisher\":{\"@id\":\"https:\\\/\\\/www.calabrio.com\\\/fr\\\/#organization\"},\"potentialAction\":[{\"@type\":\"SearchAction\",\"target\":{\"@type\":\"EntryPoint\",\"urlTemplate\":\"https:\\\/\\\/www.calabrio.com\\\/fr\\\/?s={search_term_string}\"},\"query-input\":{\"@type\":\"PropertyValueSpecification\",\"valueRequired\":true,\"valueName\":\"search_term_string\"}}],\"inLanguage\":\"fr-FR\"},{\"@type\":\"Organization\",\"@id\":\"https:\\\/\\\/www.calabrio.com\\\/fr\\\/#organization\",\"name\":\"Calabrio\",\"url\":\"https:\\\/\\\/www.calabrio.com\\\/fr\\\/\",\"logo\":{\"@type\":\"ImageObject\",\"inLanguage\":\"fr-FR\",\"@id\":\"https:\\\/\\\/www.calabrio.com\\\/fr\\\/#\\\/schema\\\/logo\\\/image\\\/\",\"url\":\"https:\\\/\\\/www.calabrio.com\\\/wp-content\\\/uploads\\\/2025\\\/01\\\/Group-1707478765.png\",\"contentUrl\":\"https:\\\/\\\/www.calabrio.com\\\/wp-content\\\/uploads\\\/2025\\\/01\\\/Group-1707478765.png\",\"width\":1360,\"height\":984,\"caption\":\"Calabrio\"},\"image\":{\"@id\":\"https:\\\/\\\/www.calabrio.com\\\/fr\\\/#\\\/schema\\\/logo\\\/image\\\/\"},\"sameAs\":[\"https:\\\/\\\/www.facebook.com\\\/pages\\\/Calabrio\\\/312159772174664\",\"https:\\\/\\\/x.com\\\/calabrio\",\"https:\\\/\\\/www.linkedin.com\\\/company\\\/calabrio\"]}]}<\/script>\n<!-- \/ Yoast SEO Premium plugin. -->","yoast_head_json":{"title":"Solutions d'optimisation de la main-d'\u0153uvre pour les revendeurs et les fournisseurs de Calabrio","description":"Rejoignez le programme de partenariat de Calabrio et acc\u00e9dez \u00e0 des outils exclusifs, \u00e0 des formations et \u00e0 un soutien pour r\u00e9ussir. Donnez \u00e0 vos clients les moyens d'agir gr\u00e2ce \u00e0 une suite WFO unifi\u00e9e con\u00e7ue pour le centre de contact moderne et num\u00e9rique.","robots":{"index":"index","follow":"follow","max-snippet":"max-snippet:-1","max-image-preview":"max-image-preview:large","max-video-preview":"max-video-preview:-1"},"canonical":"https:\/\/www.calabrio.com\/fr\/devenir-partenaire\/","og_locale":"fr_FR","og_type":"article","og_title":"Devenir partenaire","og_url":"https:\/\/www.calabrio.com\/fr\/devenir-partenaire\/","og_site_name":"Calabrio","article_publisher":"https:\/\/www.facebook.com\/pages\/Calabrio\/312159772174664","article_modified_time":"2025-09-02T06:06:26+00:00","og_image":[{"width":2040,"height":1476,"url":"https:\/\/www.calabrio.com\/wp-content\/uploads\/2025\/01\/Group-1707478745.png","type":"image\/png"}],"twitter_card":"summary_large_image","twitter_site":"@calabrio","schema":{"@context":"https:\/\/schema.org","@graph":[{"@type":"WebPage","@id":"https:\/\/www.calabrio.com\/fr\/devenir-partenaire\/","url":"https:\/\/www.calabrio.com\/fr\/devenir-partenaire\/","name":"Solutions d'optimisation de la main-d'\u0153uvre pour les revendeurs et les fournisseurs de Calabrio","isPartOf":{"@id":"https:\/\/www.calabrio.com\/fr\/#website"},"datePublished":"2025-05-06T10:25:58+00:00","dateModified":"2025-09-02T06:06:26+00:00","description":"Rejoignez le programme de partenariat de Calabrio et acc\u00e9dez \u00e0 des outils exclusifs, \u00e0 des formations et \u00e0 un soutien pour r\u00e9ussir. Donnez \u00e0 vos clients les moyens d'agir gr\u00e2ce \u00e0 une suite WFO unifi\u00e9e con\u00e7ue pour le centre de contact moderne et num\u00e9rique.","breadcrumb":{"@id":"https:\/\/www.calabrio.com\/fr\/devenir-partenaire\/#breadcrumb"},"inLanguage":"fr-FR","potentialAction":[{"@type":"ReadAction","target":["https:\/\/www.calabrio.com\/fr\/devenir-partenaire\/"]}]},{"@type":"BreadcrumbList","@id":"https:\/\/www.calabrio.com\/fr\/devenir-partenaire\/#breadcrumb","itemListElement":[{"@type":"ListItem","position":1,"name":"Home","item":"https:\/\/www.calabrio.com\/fr\/"},{"@type":"ListItem","position":2,"name":"Devenir partenaire"}]},{"@type":"WebSite","@id":"https:\/\/www.calabrio.com\/fr\/#website","url":"https:\/\/www.calabrio.com\/fr\/","name":"Calabrio","description":"Workforce Engagement Management Software","publisher":{"@id":"https:\/\/www.calabrio.com\/fr\/#organization"},"potentialAction":[{"@type":"SearchAction","target":{"@type":"EntryPoint","urlTemplate":"https:\/\/www.calabrio.com\/fr\/?s={search_term_string}"},"query-input":{"@type":"PropertyValueSpecification","valueRequired":true,"valueName":"search_term_string"}}],"inLanguage":"fr-FR"},{"@type":"Organization","@id":"https:\/\/www.calabrio.com\/fr\/#organization","name":"Calabrio","url":"https:\/\/www.calabrio.com\/fr\/","logo":{"@type":"ImageObject","inLanguage":"fr-FR","@id":"https:\/\/www.calabrio.com\/fr\/#\/schema\/logo\/image\/","url":"https:\/\/www.calabrio.com\/wp-content\/uploads\/2025\/01\/Group-1707478765.png","contentUrl":"https:\/\/www.calabrio.com\/wp-content\/uploads\/2025\/01\/Group-1707478765.png","width":1360,"height":984,"caption":"Calabrio"},"image":{"@id":"https:\/\/www.calabrio.com\/fr\/#\/schema\/logo\/image\/"},"sameAs":["https:\/\/www.facebook.com\/pages\/Calabrio\/312159772174664","https:\/\/x.com\/calabrio","https:\/\/www.linkedin.com\/company\/calabrio"]}]}},"featured_image_src":null,"featured_image_src_square":null,"_links":{"self":[{"href":"https:\/\/www.calabrio.com\/fr\/wp-json\/wp\/v2\/pages\/30624","targetHints":{"allow":["GET"]}}],"collection":[{"href":"https:\/\/www.calabrio.com\/fr\/wp-json\/wp\/v2\/pages"}],"about":[{"href":"https:\/\/www.calabrio.com\/fr\/wp-json\/wp\/v2\/types\/page"}],"author":[{"embeddable":true,"href":"https:\/\/www.calabrio.com\/fr\/wp-json\/wp\/v2\/users\/231"}],"replies":[{"embeddable":true,"href":"https:\/\/www.calabrio.com\/fr\/wp-json\/wp\/v2\/comments?post=30624"}],"version-history":[{"count":0,"href":"https:\/\/www.calabrio.com\/fr\/wp-json\/wp\/v2\/pages\/30624\/revisions"}],"wp:attachment":[{"href":"https:\/\/www.calabrio.com\/fr\/wp-json\/wp\/v2\/media?parent=30624"}],"curies":[{"name":"wp","href":"https:\/\/api.w.org\/{rel}","templated":true}]}}