
{"id":33439,"date":"2025-06-26T13:54:12","date_gmt":"2025-06-26T13:54:12","guid":{"rendered":"https:\/\/www.calabrio.com\/declaration-sur-lesclavage-moderne\/"},"modified":"2025-11-10T10:51:23","modified_gmt":"2025-11-10T10:51:23","slug":"declaration-sur-lesclavage-moderne","status":"publish","type":"page","link":"https:\/\/www.calabrio.com\/fr\/declaration-sur-lesclavage-moderne\/","title":{"rendered":"D\u00e9claration sur l&rsquo;esclavage moderne"},"content":{"rendered":"\n<section\n\tid=\"\"\n\tdata-theme-block-id=\"block_197a114d09cbdf9d82181d8deaeac4b5\"\n\tstyle=\"\"\n\t>\n\t<\/section>\n\n\t<style>\n\t[data-theme-block-id=\"block_197a114d09cbdf9d82181d8deaeac4b5\"] {\n\t\t@media only screen and (max-width: 743px) {\n\t\t\t\t\t\t\t\t}\n\t\t@media only screen and (min-width: 744px) {\n\t\t\t\t\t\t\t\t}\n\t}\n\t<\/style>\n\n\n\n<section\n\tid=\"\"\n\tdata-theme-block-id=\"block_1426c64bfac4ca3646420606bb3907c3\"\n\tstyle=\"background-color: #080f21\"\n\t>\n\t\t<div class=\"section-header lint-ignore\" style=\"background-color: #080f21\">\n\t\t<div class=\"container\">\n\t\t\t<div class=\"w-full xl:px-page-margin py-l\/m md:pt-0 lg:py-l\/m mx-auto text-center flex flex-col gap-c\/l\">\n\t\t\t\t\n\t\t\t\t\t\t<h1\t\t\tstyle=\"color: #ffffff\"\n\t\t\tclass=\"en-t\u00eate-xl text-primary\"\n\t\t\tdata-aos=\"fade-up\"\n\t\t\t>\n\t\t\t\tD\u00e9claration sur l&rsquo;esclavage moderne\t\t<\/h1 >\n\t\t\n\t\t\n\t\t\t\t<\/div>\n\t\t<\/div>\n\t<\/div>\n\n\t\t<style>\n\t[data-theme-block-id=\"block_1426c64bfac4ca3646420606bb3907c3\"] {\n\t\t@media only screen and (max-width: 743px) {\n\t\t\t\t\t\t\t\t}\n\t\t@media only screen and (min-width: 744px) {\n\t\t\t\t\t\t\tpadding-top: 96px !important;\n\t\t\t\t\t\t\t\t\t\tpadding-bottom: 96px !important;\n\t\t\t\t\t}\n\t}\n\t<\/style>\n<\/section>\n\n\t<style>\n\t[data-theme-block-id=\"block_1426c64bfac4ca3646420606bb3907c3\"] {\n\t\t@media only screen and (max-width: 743px) {\n\t\t\t\t\t\t\t\t}\n\t\t@media only screen and (min-width: 744px) {\n\t\t\t\t\t\t\tpadding-top: 96px !important;\n\t\t\t\t\t\t\t\t\t\tpadding-bottom: 96px !important;\n\t\t\t\t\t}\n\t}\n\t<\/style>\n\n\n\n<div class=\"container group page-layout flex flex-col flex-wrap lg:flex-row gap-l\/xxl lg:gap-gutter py-l\/xxl lg:py-l\/xs blg_inner_container\" data-module=\"page-layout\">\n\t\t\t\n\t\t\t<div class=\"flex flex-col flex-1 lg:basis-0 lg:py-c\/m  js-page-content overflow-hidden\">\n\t\t\t<div\n\tstyle=\"background-color: #FFFFFF\"\n\tclass=\" wysiwyg wysiwyg--inline flex flex-col py-c\/l gap-c\/m\"\n\tid=\"\"\n\tdata-aos=\"fade-up\"\n>\n\t\t\t\n\t\t\t\t\t<span style=\"color: #080F21\"><p>Cette d\u00e9claration est faite par Calabrio, Inc. (\u00ab\u00a0<strong>Calabrio<\/strong>\u00ab\u00a0) conform\u00e9ment \u00e0 l&rsquo;article 54(1) du Modern Slavery Act 2015 du Royaume-Uni et \u00e0 l&rsquo;article 13 du Modern Slavery Act 2018 de l&rsquo;Australie (les \u00ab\u00a0<strong>Modern Slavery Acts<\/strong>\u00ab\u00a0), et pr\u00e9sente les mesures prises par Calabrio et ses filiales consolid\u00e9es (le \u00ab\u00a0<strong>Groupe Calabrio<\/strong>\u00ab\u00a0) au cours de l&rsquo;exercice financier se terminant le 31 d\u00e9cembre 2024 pour pr\u00e9venir l&rsquo;esclavage moderne et la traite des \u00eatres humains dans nos op\u00e9rations et notre cha\u00eene d&rsquo;approvisionnement. Bien que toutes les entreprises du groupe Calabrio ne soient pas soumises aux lois sur l&rsquo;esclavage moderne, Calabrio a adopt\u00e9 une approche \u00e0 l&rsquo;\u00e9chelle du groupe pour traiter les risques li\u00e9s \u00e0 l&rsquo;esclavage moderne, \u00e9tant donn\u00e9 que les entreprises du groupe Calabrio op\u00e8rent dans le m\u00eame secteur, ont de nombreux fournisseurs communs et utilisent les m\u00eames politiques et processus identifi\u00e9s dans la pr\u00e9sente d\u00e9claration. Cette d\u00e9claration est une d\u00e9claration commune faite par Calabrio en son nom et au nom de toutes les soci\u00e9t\u00e9s du groupe Calabrio.<\/p>\n<\/span>\n\t\t\t<\/div>\n\t<section\n\t\tclass=\"container py-l\/m overflow-hidden\"\n\t\tdata-theme-block-id=\"block_70a6d8c32d440baa936c62dacb062b8f\"\n\t\tid=\"\"\n\t\tdata-aos=\"fade-up\"\n\t>\n\t\t<div class=\"block w-[calc(100vw)] lg:w-full -ml-page-margin lg:-ml-0\">\n\t\t\t\n\t<section\n\tclass=\"swiper  swiper--navigation-rounded swiper--margin-two-sides swiper--md-hide-navigation\"\n\tdata-module=\"carousel-grid\"\n\tdata-swiper-options='{\"slidesPerView\":1.11,\"spaceBetween\":16,\"breakpoints\":{\"680\":{\"slidesPerView\":2.24},\"744\":{\"enabled\":false},\"1024\":{\"enabled\":false}},\"navigation\":{\"nextEl\":\".swiper-button-next\",\"prevEl\":\".swiper-button-prev\"},\"navCenteredImage\":true}'\n\tdata-aos=\"\"\n\tdata-aos-duration=\"\"\n\t>\n\t<div class=\"swiper-wrapper md:flex-col md:gap-0 md:pl-0 lg:flex-col lg:pl-0\">\n\t\n<div class=\"w-full h-full relative py-c\/xxl  swiper-slide !h-auto\">\n\t<div\n\t\tclass=\"w-full h-full flex flex-col-reverse justify-end md:flex-row md:justify-between md:items-center gap-l\/m md:gap-0 \">\n\t\t<div class=\"w-full h-full md:w-[50%] lg:w-[65%] xl:w-[51%] md:gap-l\/xxl md:px-page-margin lg:px-l\/m lg:p-l\/mxl:p-l\/m flex items-center\">\n\t\t\t<div class=\"flex flex-col flex-grow gap-c\/s md:gap-0 lg:gap-c\/xxl h-full justify-between\">\n\t\t\t\t<div class=\"w-full mx-auto flex flex-col gap-c\/m md:gap-c\/m\">\n\t\t\t\t\t\n\t\t\t\t\t\t\t\t<h3\t\t\t\tstyle=\"color: #080F21\"\n\t\t\t\tclass=\"heading-small\"\n\t\t\t\tdata-aos=\"fade-up\">\n\t\t\t\t\tStructure organisationnelle, entreprise et cha\u00eene d&#039;approvisionnement\t\t\t<\/h3>\n\t\t\t\n\t\t\t\t\t\t\t<div\n\t\t\t\t\tclass=\"wysiwyg text-navy-40 pb-l\/xs\"\n\t\t\t\t\tdata-aos=\"fade-up\"\n\t\t\t\t\tstyle=\"color: #080f21\">\n\t\t\t\t\t<p>Calabrio, dont le si\u00e8ge est situ\u00e9 dans le Minnesota (\u00c9tats-Unis), fournit des logiciels de gestion de l&rsquo;engagement de la main-d&rsquo;\u0153uvre et des services connexes aux centres de contact. Le groupe Calabrio emploie plus de 700 personnes dans le monde et op\u00e8re dans les r\u00e9gions Am\u00e9riques, EMEA et APAC, au service de clients issus de divers secteurs et march\u00e9s dans le monde entier. Nos principaux fournisseurs op\u00e8rent dans le secteur des logiciels et des technologies. Bien que Calabrio et ses principaux fournisseurs op\u00e8rent dans un secteur o\u00f9 le risque d&rsquo;esclavage moderne et de traite des \u00eatres humains est relativement faible, nous nous engageons \u00e0 agir avec int\u00e9grit\u00e9 et \u00e0 travailler \u00e0 la pr\u00e9vention de ces pratiques au sein de notre organisation et de notre cha\u00eene d&rsquo;approvisionnement.<\/p>\n\t\t\t\t<\/div>\n\t\t\t\t\t<\/div>\n\n\t\t\t<\/div>\n<\/div>\n<div class=\"relative w-full md:w-[50%] lg:w-[49%]\">\n\t\t\t<div class=\"js-wrap image lint-ignore\n\t aspect-[280\/313] md:aspect-[372\/588] lg:aspect-square max-w-[588px] image--cover\t\" data-module=\"image\" data-aos=fade-up data-aos-delay=100>\n\t<img decoding=\"async\" class=\"image__img \" src=\"data:image\/gif;base64,R0lGODlhAQABAIAAAAAAAP\/\/\/yH5BAEAAAAALAAAAAABAAEAAAIBRAA7\" data-normal=\"https:\/\/www.calabrio.com\/wp-content\/uploads\/2025\/06\/12-1.webp\" data-retina=\"https:\/\/www.calabrio.com\/wp-content\/uploads\/2025\/06\/12-1.webp\" data-srcset=\"https:\/\/www.calabrio.com\/wp-content\/uploads\/2025\/06\/12-1.webp 588w, https:\/\/www.calabrio.com\/wp-content\/uploads\/2025\/06\/12-1-300x300.webp 300w, https:\/\/www.calabrio.com\/wp-content\/uploads\/2025\/06\/12-1-150x150.webp 150w\" alt=\"\" ><\/div>\n\t\n\t<\/div>\n<\/div>\n<\/div>\n\n<div class=\"w-full h-full relative py-c\/xxl  swiper-slide !h-auto\">\n\t<div\n\t\tclass=\"w-full h-full flex flex-col-reverse justify-end md:flex-row md:justify-between md:items-center gap-l\/m md:gap-0 md:flex-row-reverse\">\n\t\t<div class=\"w-full h-full md:w-[50%] lg:w-[65%] xl:w-[51%] md:gap-l\/xxl md:px-page-margin lg:px-l\/m lg:p-l\/mxl:py-l\/m xl:pr-l\/m flex items-center\">\n\t\t\t<div class=\"flex flex-col flex-grow gap-c\/s md:gap-0 lg:gap-c\/xxl h-full justify-between\">\n\t\t\t\t<div class=\"w-full mx-auto flex flex-col gap-c\/m md:gap-c\/m\">\n\t\t\t\t\t\n\t\t\t\t\t\t\t\t<h3\t\t\t\tstyle=\"color: #080F21\"\n\t\t\t\tclass=\"heading-small\"\n\t\t\t\tdata-aos=\"fade-up\">\n\t\t\t\t\tPolitiques\t\t\t<\/h3>\n\t\t\t\n\t\t\t\t\t\t\t<div\n\t\t\t\t\tclass=\"wysiwyg text-navy-40 pb-l\/xs\"\n\t\t\t\t\tdata-aos=\"fade-up\"\n\t\t\t\t\tstyle=\"color: #080f21\">\n\t\t\t\t\t<p>Calabrio attend de ses employ\u00e9s, partenaires et fournisseurs qu&rsquo;ils agissent de mani\u00e8re \u00e9thique et dans le respect des lois applicables, y compris les lois sur l&#8217;emploi, les lois anti-corruption et toute autre loi r\u00e9gissant la mani\u00e8re dont les gens travaillent. Nous avons mis en place des politiques, des processus et des exigences contractuelles qui sous-tendent notre engagement \u00e0 pr\u00e9venir l&rsquo;esclavage moderne et la traite des \u00eatres humains dans notre entreprise et notre cha\u00eene d&rsquo;approvisionnement. Les dispositions pertinentes sont incluses, par exemple, dans notre Guide mondial de l&#8217;emploi (qui pr\u00e9sente notre code de conduite et notre politique de d\u00e9nonciation) et dans nos contrats avec les fournisseurs.<\/p>\n\t\t\t\t<\/div>\n\t\t\t\t\t<\/div>\n\n\t\t\t<\/div>\n<\/div>\n<div class=\"relative w-full md:w-[50%] lg:w-[49%]\">\n\t\t\t<div class=\"js-wrap image lint-ignore\n\t aspect-[280\/313] md:aspect-[372\/588] lg:aspect-square max-w-[588px] image--cover\t\" data-module=\"image\" data-aos=fade-up data-aos-delay=100>\n\t<img decoding=\"async\" class=\"image__img \" src=\"data:image\/gif;base64,R0lGODlhAQABAIAAAAAAAP\/\/\/yH5BAEAAAAALAAAAAABAAEAAAIBRAA7\" data-normal=\"https:\/\/www.calabrio.com\/wp-content\/uploads\/2025\/06\/33.webp\" data-retina=\"https:\/\/www.calabrio.com\/wp-content\/uploads\/2025\/06\/33.webp\" data-srcset=\"https:\/\/www.calabrio.com\/wp-content\/uploads\/2025\/06\/33.webp 588w, https:\/\/www.calabrio.com\/wp-content\/uploads\/2025\/06\/33-300x300.webp 300w, https:\/\/www.calabrio.com\/wp-content\/uploads\/2025\/06\/33-150x150.webp 150w\" alt=\"\" ><\/div>\n\t\n\t<\/div>\n<\/div>\n<\/div>\n\n<div class=\"w-full h-full relative py-c\/xxl  swiper-slide !h-auto\">\n\t<div\n\t\tclass=\"w-full h-full flex flex-col-reverse justify-end md:flex-row md:justify-between md:items-center gap-l\/m md:gap-0 \">\n\t\t<div class=\"w-full h-full md:w-[50%] lg:w-[65%] xl:w-[51%] md:gap-l\/xxl md:px-page-margin lg:px-l\/m lg:p-l\/mxl:p-l\/m flex items-center\">\n\t\t\t<div class=\"flex flex-col flex-grow gap-c\/s md:gap-0 lg:gap-c\/xxl h-full justify-between\">\n\t\t\t\t<div class=\"w-full mx-auto flex flex-col gap-c\/m md:gap-c\/m\">\n\t\t\t\t\t\n\t\t\t\t\t\t\t\t<h3\t\t\t\tstyle=\"color: #080F21\"\n\t\t\t\tclass=\"heading-small\"\n\t\t\t\tdata-aos=\"fade-up\">\n\t\t\t\t\tDiligence raisonnable\t\t\t<\/h3>\n\t\t\t\n\t\t\t\t\t\t\t<div\n\t\t\t\t\tclass=\"wysiwyg text-navy-40 pb-l\/xs\"\n\t\t\t\t\tdata-aos=\"fade-up\"\n\t\t\t\t\tstyle=\"color: #080f21\">\n\t\t\t\t\t<p>Calabrio emploie une main-d&rsquo;\u0153uvre techniquement qualifi\u00e9e et professionnelle, dont la majorit\u00e9 est obtenue sans l&rsquo;aide de courtiers en main-d&rsquo;\u0153uvre ou d&rsquo;autres tiers. Pour soutenir les op\u00e9rations dans certaines r\u00e9gions, Calabrio s&rsquo;associe \u00e0 un tiers de confiance et de bonne r\u00e9putation pour obtenir des travailleurs professionnels techniquement qualifi\u00e9s. Cette tierce partie a \u00e9t\u00e9 soigneusement examin\u00e9e avant d&rsquo;\u00eatre engag\u00e9e par Calabrio et fait l&rsquo;objet d&rsquo;un examen permanent.<br \/>\n<br \/>Calabrio vend des logiciels et des services, et notre cha\u00eene d&rsquo;approvisionnement n&rsquo;implique pas l&rsquo;acquisition de grandes quantit\u00e9s de biens physiques. Par cons\u00e9quent, la nature de nos activit\u00e9s r\u00e9duit la probabilit\u00e9 que l&rsquo;esclavage moderne ou la traite des \u00eatres humains se produisent dans nos op\u00e9rations ou notre cha\u00eene d&rsquo;approvisionnement. Malgr\u00e9 notre profil de risque plus faible, nous surveillons les risques d&rsquo;esclavage moderne et de traite des \u00eatres humains, notamment en mettant en place des syst\u00e8mes de protection des d\u00e9nonciateurs et en menant une proc\u00e9dure de diligence raisonnable pour les fournisseurs potentiels.<\/p>\n\t\t\t\t<\/div>\n\t\t\t\t\t<\/div>\n\n\t\t\t<\/div>\n<\/div>\n<div class=\"relative w-full md:w-[50%] lg:w-[49%]\">\n\t\t\t<div class=\"js-wrap image lint-ignore\n\t aspect-[280\/313] md:aspect-[372\/588] lg:aspect-square max-w-[588px] image--cover\t\" data-module=\"image\" data-aos=fade-up data-aos-delay=100>\n\t<img decoding=\"async\" class=\"image__img \" src=\"data:image\/gif;base64,R0lGODlhAQABAIAAAAAAAP\/\/\/yH5BAEAAAAALAAAAAABAAEAAAIBRAA7\" data-normal=\"https:\/\/www.calabrio.com\/wp-content\/uploads\/2025\/06\/22.webp\" data-retina=\"https:\/\/www.calabrio.com\/wp-content\/uploads\/2025\/06\/22.webp\" data-srcset=\"https:\/\/www.calabrio.com\/wp-content\/uploads\/2025\/06\/22.webp 588w, https:\/\/www.calabrio.com\/wp-content\/uploads\/2025\/06\/22-300x300.webp 300w, https:\/\/www.calabrio.com\/wp-content\/uploads\/2025\/06\/22-150x150.webp 150w\" alt=\"\" ><\/div>\n\t\n\t<\/div>\n<\/div>\n<\/div>\n\t<\/div>\n\t\n\t\t\t\t\t<button\n\t\t\t\tclass=\"swiper-button-prev\"\n\t\t\t\taria-label=\"\"\n\t\t\t>\n\t\t\t\t<span class=\"sr-only\">Passer \u00e0 la diapositive pr\u00e9c\u00e9dente du carrousel<\/span>\n\t\t\t<\/button>\n\t\t\t<button\n\t\t\t\tclass=\"swiper-button-next\"\n\t\t\t\taria-label=\"\"\n\t\t\t>\n\t\t\t\t<span class=\"sr-only\">Passer \u00e0 la diapositive suivante du carrousel<\/span>\n\t\t\t<\/button>\n\t\t\n\t\n\t\t<\/section>\n\t\t<\/div>\n\t<\/section>\n\t<style>\n\t[data-theme-block-id=\"block_70a6d8c32d440baa936c62dacb062b8f\"] {\n\t\t@media only screen and (max-width: 743px) {\n\t\t\t\t\t\t\t\t}\n\t\t@media only screen and (min-width: 744px) {\n\t\t\t\t\t\t\tpadding-top: 0px !important;\n\t\t\t\t\t\t\t\t\t\tpadding-bottom: 0px !important;\n\t\t\t\t\t}\n\t}\n\t<\/style>\n<div class=\"container wysiwyg\" data-aos=\"fade-up\">\n<p>Nous examinons la r\u00e9putation et les ant\u00e9c\u00e9dents d&rsquo;un fournisseur potentiel et proc\u00e9dons \u00e0 une \u00e9valuation bas\u00e9e sur les risques, \u00e0 la fois de la localisation du fournisseur et de l&rsquo;\u00e9tendue des travaux propos\u00e9s. Nous exigeons \u00e9galement de nos partenaires et fournisseurs qu&rsquo;ils acceptent de se conformer aux lois et r\u00e9glementations en vigueur. Les fournisseurs qui pr\u00e9sentent des risques potentiellement plus \u00e9lev\u00e9s font l&rsquo;objet d&rsquo;une \u00e9valuation des risques plus d\u00e9taill\u00e9e et d&rsquo;une surveillance suppl\u00e9mentaire, si n\u00e9cessaire, afin de garantir le respect de nos contr\u00f4les internes et de la l\u00e9gislation applicable.<\/p>\n<\/div><div class=\"container wysiwyg\" data-aos=\"fade-up\">\n<div style=\"height:27px\" aria-hidden=\"true\" class=\"wp-block-spacer\"><\/div>\n<\/div><div class=\"container wysiwyg\" data-aos=\"fade-up\">\n<p>Calabrio continue d&rsquo;examiner et d&rsquo;\u00e9valuer l&rsquo;efficacit\u00e9 de ses processus de diligence raisonnable.<\/p>\n<\/div><div\n\tstyle=\"background-color: #FFFFFF\"\n\tclass=\" wysiwyg wysiwyg--inline flex flex-col py-c\/l gap-c\/m\"\n\tid=\"\"\n\tdata-aos=\"fade-up\"\n>\n\t\t\t\n\t\t\t\t\t<span style=\"color: #080F21\"><h2>Formation<\/h2>\n<p>Pour que nos employ\u00e9s comprennent les risques li\u00e9s \u00e0 l&rsquo;esclavage moderne et \u00e0 la traite des \u00eatres humains dans notre entreprise et notre cha\u00eene d&rsquo;approvisionnement, nous leur proposons une formation par le biais de cours en ligne. Tous les employ\u00e9s sont tenus de suivre une formation sur notre code de conduite dans le cadre de leur int\u00e9gration et chaque ann\u00e9e par la suite.<\/p>\n<h2>Approbation<\/h2>\n<p>Le contenu de cette d\u00e9claration a \u00e9t\u00e9 revu par la direction des soci\u00e9t\u00e9s du groupe Calabrio en consultation avec Calabrio.<\/p>\n<div style=\"width: 360px\" class=\"wp-caption alignnone\"><img loading=\"lazy\" decoding=\"async\" src=\"https:\/\/www.calabrio.com\/wp-content\/uploads\/2025\/06\/Screenshot_7.webp\" alt=\"Calabrio Modern Slavery Statement document screenshot\" width=\"350\" height=\"213\" \/><p class=\"wp-caption-text\">Calabrio Modern Slavery Statement document screenshot<\/p><\/div>\n<p>Cette d\u00e9claration a \u00e9t\u00e9 approuv\u00e9e par le conseil d&rsquo;administration de Calabrio le 21 mai 2025.<\/p>\n<p>Joshua Geller<br \/>\nDirecteur, secr\u00e9taire et juriste en chef<br \/>\n<strong>Calabrio, Inc.<\/strong><\/p>\n<p>28 mai 2025<\/p>\n<\/span>\n\t\t\t<\/div>\n\t\t<\/div>\n\t\n\n\n\t<\/div> ","protected":false},"excerpt":{"rendered":"","protected":false},"author":231,"featured_media":0,"parent":0,"menu_order":0,"comment_status":"closed","ping_status":"closed","template":"","meta":{"_acf_changed":true,"om_disable_all_campaigns":false,"footnotes":""},"class_list":["post-33439","page","type-page","status-publish","hentry"],"acf":[],"yoast_head":"<!-- This site is optimized with the Yoast SEO Premium plugin v27.5 (Yoast SEO v27.5) - https:\/\/yoast.com\/product\/yoast-seo-premium-wordpress\/ -->\n<title>D\u00e9claration sur l&#039;esclavage moderne | Calabrio<\/title>\n<meta name=\"description\" content=\"Lisez la d\u00e9claration de Calabrio sur l&#039;esclavage moderne qui d\u00e9crit nos actions pour lutter contre l&#039;esclavage moderne et la traite des \u00eatres humains dans nos op\u00e9rations et notre cha\u00eene d&#039;approvisionnement, conform\u00e9ment \u00e0 la l\u00e9gislation britannique et australienne.\" \/>\n<meta name=\"robots\" content=\"index, follow, max-snippet:-1, max-image-preview:large, max-video-preview:-1\" \/>\n<link rel=\"canonical\" href=\"https:\/\/www.calabrio.com\/fr\/declaration-sur-lesclavage-moderne\/\" \/>\n<meta property=\"og:locale\" content=\"fr_FR\" \/>\n<meta property=\"og:type\" content=\"article\" \/>\n<meta property=\"og:title\" content=\"D\u00e9claration sur l&#039;esclavage moderne\" \/>\n<meta property=\"og:description\" content=\"Nous examinons la r\u00e9putation et les ant\u00e9c\u00e9dents d&#039;un fournisseur potentiel et proc\u00e9dons \u00e0 une \u00e9valuation bas\u00e9e sur les risques, \u00e0 la fois de la\" \/>\n<meta property=\"og:url\" content=\"https:\/\/www.calabrio.com\/fr\/declaration-sur-lesclavage-moderne\/\" \/>\n<meta property=\"og:site_name\" content=\"Calabrio\" \/>\n<meta property=\"article:publisher\" content=\"https:\/\/www.facebook.com\/pages\/Calabrio\/312159772174664\" \/>\n<meta property=\"article:modified_time\" content=\"2025-11-10T10:51:23+00:00\" \/>\n<meta property=\"og:image\" content=\"https:\/\/www.calabrio.com\/wp-content\/uploads\/2025\/01\/Group-1707478745.png\" \/>\n\t<meta property=\"og:image:width\" content=\"2040\" \/>\n\t<meta property=\"og:image:height\" content=\"1476\" \/>\n\t<meta property=\"og:image:type\" content=\"image\/png\" \/>\n<meta name=\"twitter:card\" content=\"summary_large_image\" \/>\n<meta name=\"twitter:site\" content=\"@calabrio\" \/>\n<meta name=\"twitter:label1\" content=\"Est. reading time\" \/>\n\t<meta name=\"twitter:data1\" content=\"1 minute\" \/>\n<script type=\"application\/ld+json\" class=\"yoast-schema-graph\">{\"@context\":\"https:\\\/\\\/schema.org\",\"@graph\":[{\"@type\":\"WebPage\",\"@id\":\"https:\\\/\\\/www.calabrio.com\\\/fr\\\/declaration-sur-lesclavage-moderne\\\/\",\"url\":\"https:\\\/\\\/www.calabrio.com\\\/fr\\\/declaration-sur-lesclavage-moderne\\\/\",\"name\":\"D\u00e9claration sur l'esclavage moderne | Calabrio\",\"isPartOf\":{\"@id\":\"https:\\\/\\\/www.calabrio.com\\\/fr\\\/#website\"},\"datePublished\":\"2025-06-26T13:54:12+00:00\",\"dateModified\":\"2025-11-10T10:51:23+00:00\",\"description\":\"Lisez la d\u00e9claration de Calabrio sur l'esclavage moderne qui d\u00e9crit nos actions pour lutter contre l'esclavage moderne et la traite des \u00eatres humains dans nos op\u00e9rations et notre cha\u00eene d'approvisionnement, conform\u00e9ment \u00e0 la l\u00e9gislation britannique et australienne.\",\"breadcrumb\":{\"@id\":\"https:\\\/\\\/www.calabrio.com\\\/fr\\\/declaration-sur-lesclavage-moderne\\\/#breadcrumb\"},\"inLanguage\":\"fr-FR\",\"potentialAction\":[{\"@type\":\"ReadAction\",\"target\":[\"https:\\\/\\\/www.calabrio.com\\\/fr\\\/declaration-sur-lesclavage-moderne\\\/\"]}]},{\"@type\":\"BreadcrumbList\",\"@id\":\"https:\\\/\\\/www.calabrio.com\\\/fr\\\/declaration-sur-lesclavage-moderne\\\/#breadcrumb\",\"itemListElement\":[{\"@type\":\"ListItem\",\"position\":1,\"name\":\"Home\",\"item\":\"https:\\\/\\\/www.calabrio.com\\\/fr\\\/\"},{\"@type\":\"ListItem\",\"position\":2,\"name\":\"D\u00e9claration sur l&#8217;esclavage moderne\"}]},{\"@type\":\"WebSite\",\"@id\":\"https:\\\/\\\/www.calabrio.com\\\/fr\\\/#website\",\"url\":\"https:\\\/\\\/www.calabrio.com\\\/fr\\\/\",\"name\":\"Calabrio\",\"description\":\"Workforce Engagement Management Software\",\"publisher\":{\"@id\":\"https:\\\/\\\/www.calabrio.com\\\/fr\\\/#organization\"},\"potentialAction\":[{\"@type\":\"SearchAction\",\"target\":{\"@type\":\"EntryPoint\",\"urlTemplate\":\"https:\\\/\\\/www.calabrio.com\\\/fr\\\/?s={search_term_string}\"},\"query-input\":{\"@type\":\"PropertyValueSpecification\",\"valueRequired\":true,\"valueName\":\"search_term_string\"}}],\"inLanguage\":\"fr-FR\"},{\"@type\":\"Organization\",\"@id\":\"https:\\\/\\\/www.calabrio.com\\\/fr\\\/#organization\",\"name\":\"Calabrio\",\"url\":\"https:\\\/\\\/www.calabrio.com\\\/fr\\\/\",\"logo\":{\"@type\":\"ImageObject\",\"inLanguage\":\"fr-FR\",\"@id\":\"https:\\\/\\\/www.calabrio.com\\\/fr\\\/#\\\/schema\\\/logo\\\/image\\\/\",\"url\":\"https:\\\/\\\/www.calabrio.com\\\/wp-content\\\/uploads\\\/2025\\\/01\\\/Group-1707478765.png\",\"contentUrl\":\"https:\\\/\\\/www.calabrio.com\\\/wp-content\\\/uploads\\\/2025\\\/01\\\/Group-1707478765.png\",\"width\":1360,\"height\":984,\"caption\":\"Calabrio\"},\"image\":{\"@id\":\"https:\\\/\\\/www.calabrio.com\\\/fr\\\/#\\\/schema\\\/logo\\\/image\\\/\"},\"sameAs\":[\"https:\\\/\\\/www.facebook.com\\\/pages\\\/Calabrio\\\/312159772174664\",\"https:\\\/\\\/x.com\\\/calabrio\",\"https:\\\/\\\/www.linkedin.com\\\/company\\\/calabrio\"]}]}<\/script>\n<!-- \/ Yoast SEO Premium plugin. -->","yoast_head_json":{"title":"D\u00e9claration sur l'esclavage moderne | Calabrio","description":"Lisez la d\u00e9claration de Calabrio sur l'esclavage moderne qui d\u00e9crit nos actions pour lutter contre l'esclavage moderne et la traite des \u00eatres humains dans nos op\u00e9rations et notre cha\u00eene d'approvisionnement, conform\u00e9ment \u00e0 la l\u00e9gislation britannique et australienne.","robots":{"index":"index","follow":"follow","max-snippet":"max-snippet:-1","max-image-preview":"max-image-preview:large","max-video-preview":"max-video-preview:-1"},"canonical":"https:\/\/www.calabrio.com\/fr\/declaration-sur-lesclavage-moderne\/","og_locale":"fr_FR","og_type":"article","og_title":"D\u00e9claration sur l'esclavage moderne","og_description":"Nous examinons la r\u00e9putation et les ant\u00e9c\u00e9dents d'un fournisseur potentiel et proc\u00e9dons \u00e0 une \u00e9valuation bas\u00e9e sur les risques, \u00e0 la fois de la","og_url":"https:\/\/www.calabrio.com\/fr\/declaration-sur-lesclavage-moderne\/","og_site_name":"Calabrio","article_publisher":"https:\/\/www.facebook.com\/pages\/Calabrio\/312159772174664","article_modified_time":"2025-11-10T10:51:23+00:00","og_image":[{"width":2040,"height":1476,"url":"https:\/\/www.calabrio.com\/wp-content\/uploads\/2025\/01\/Group-1707478745.png","type":"image\/png"}],"twitter_card":"summary_large_image","twitter_site":"@calabrio","twitter_misc":{"Est. reading time":"1 minute"},"schema":{"@context":"https:\/\/schema.org","@graph":[{"@type":"WebPage","@id":"https:\/\/www.calabrio.com\/fr\/declaration-sur-lesclavage-moderne\/","url":"https:\/\/www.calabrio.com\/fr\/declaration-sur-lesclavage-moderne\/","name":"D\u00e9claration sur l'esclavage moderne | Calabrio","isPartOf":{"@id":"https:\/\/www.calabrio.com\/fr\/#website"},"datePublished":"2025-06-26T13:54:12+00:00","dateModified":"2025-11-10T10:51:23+00:00","description":"Lisez la d\u00e9claration de Calabrio sur l'esclavage moderne qui d\u00e9crit nos actions pour lutter contre l'esclavage moderne et la traite des \u00eatres humains dans nos op\u00e9rations et notre cha\u00eene d'approvisionnement, conform\u00e9ment \u00e0 la l\u00e9gislation britannique et australienne.","breadcrumb":{"@id":"https:\/\/www.calabrio.com\/fr\/declaration-sur-lesclavage-moderne\/#breadcrumb"},"inLanguage":"fr-FR","potentialAction":[{"@type":"ReadAction","target":["https:\/\/www.calabrio.com\/fr\/declaration-sur-lesclavage-moderne\/"]}]},{"@type":"BreadcrumbList","@id":"https:\/\/www.calabrio.com\/fr\/declaration-sur-lesclavage-moderne\/#breadcrumb","itemListElement":[{"@type":"ListItem","position":1,"name":"Home","item":"https:\/\/www.calabrio.com\/fr\/"},{"@type":"ListItem","position":2,"name":"D\u00e9claration sur l&#8217;esclavage moderne"}]},{"@type":"WebSite","@id":"https:\/\/www.calabrio.com\/fr\/#website","url":"https:\/\/www.calabrio.com\/fr\/","name":"Calabrio","description":"Workforce Engagement Management Software","publisher":{"@id":"https:\/\/www.calabrio.com\/fr\/#organization"},"potentialAction":[{"@type":"SearchAction","target":{"@type":"EntryPoint","urlTemplate":"https:\/\/www.calabrio.com\/fr\/?s={search_term_string}"},"query-input":{"@type":"PropertyValueSpecification","valueRequired":true,"valueName":"search_term_string"}}],"inLanguage":"fr-FR"},{"@type":"Organization","@id":"https:\/\/www.calabrio.com\/fr\/#organization","name":"Calabrio","url":"https:\/\/www.calabrio.com\/fr\/","logo":{"@type":"ImageObject","inLanguage":"fr-FR","@id":"https:\/\/www.calabrio.com\/fr\/#\/schema\/logo\/image\/","url":"https:\/\/www.calabrio.com\/wp-content\/uploads\/2025\/01\/Group-1707478765.png","contentUrl":"https:\/\/www.calabrio.com\/wp-content\/uploads\/2025\/01\/Group-1707478765.png","width":1360,"height":984,"caption":"Calabrio"},"image":{"@id":"https:\/\/www.calabrio.com\/fr\/#\/schema\/logo\/image\/"},"sameAs":["https:\/\/www.facebook.com\/pages\/Calabrio\/312159772174664","https:\/\/x.com\/calabrio","https:\/\/www.linkedin.com\/company\/calabrio"]}]}},"featured_image_src":null,"featured_image_src_square":null,"_links":{"self":[{"href":"https:\/\/www.calabrio.com\/fr\/wp-json\/wp\/v2\/pages\/33439","targetHints":{"allow":["GET"]}}],"collection":[{"href":"https:\/\/www.calabrio.com\/fr\/wp-json\/wp\/v2\/pages"}],"about":[{"href":"https:\/\/www.calabrio.com\/fr\/wp-json\/wp\/v2\/types\/page"}],"author":[{"embeddable":true,"href":"https:\/\/www.calabrio.com\/fr\/wp-json\/wp\/v2\/users\/231"}],"replies":[{"embeddable":true,"href":"https:\/\/www.calabrio.com\/fr\/wp-json\/wp\/v2\/comments?post=33439"}],"version-history":[{"count":0,"href":"https:\/\/www.calabrio.com\/fr\/wp-json\/wp\/v2\/pages\/33439\/revisions"}],"wp:attachment":[{"href":"https:\/\/www.calabrio.com\/fr\/wp-json\/wp\/v2\/media?parent=33439"}],"curies":[{"name":"wp","href":"https:\/\/api.w.org\/{rel}","templated":true}]}}