
{"id":33477,"date":"2024-11-07T16:09:13","date_gmt":"2024-11-07T16:09:13","guid":{"rendered":"https:\/\/www.calabrio.com\/centre-de-ressources-2\/etudes-de-cas-2\/"},"modified":"2025-06-30T11:17:22","modified_gmt":"2025-06-30T11:17:22","slug":"etudes-de-cas-2","status":"publish","type":"page","link":"https:\/\/www.calabrio.com\/fr\/centre-de-ressources-2\/etudes-de-cas-2\/","title":{"rendered":"\u00c9tudes de cas"},"content":{"rendered":"\n\t<section\n\t\tclass=\"secondary-hero-card relative overflow-hidden\"\n\t\tid=\"\"\n\t\tstyle=\"background-color: #080F21\"\n\t\tdata-theme-block-id=\"block_7c09de45f904eac026008c79533445a6\"\n\t\tdata-aos=\"fade-up\"\n\t>\n\t\t\t\t\t<div class=\"container overflow-hidden pt-l\/m container lg:pt-l\/xxl\">\n\n\t\t\t\t\n\t\t\t\t<div class=\"relative z-10 flex flex-col py-l\/m text-center md:px-c\/xxl lg:px-0 md:py-l\/m md:mb-l\/m gap-c\/l lg:max-w-[960px] mx-auto\">\n\t\t\t\t\t\n\t\t\t\t<div class=\"flex flex-col gap-c\/l dark-mode text-text-primary-aaa\">\n\t\t\t\t\t\t\t\t\t\t<h1\t\t\t\t\tstyle=\"color: #FFFFFF\"\n\t\t\t\t\tclass=\"heading-large\"\n\t\t\t\t\t>\n\t\t\t\t\t\t\u00c9tudes de cas\t\t\t\t<\/h1 >\n\t\t\t\n\t\t\t\t\t\t\t\t\t<div\n\t\t\t\t\t\tclass=\"wysiwyg\"\n\t\t\t\t\t\tstyle=\"color: #C4CDE3\"\n\t\t\t\t\t><p><span style=\"font-weight: 400\">D\u00e9couvrez comment des organisations de tous les secteurs tirent parti des technologies Calabrio pour transformer leur activit\u00e9.  <\/span><\/p>\n<\/div>\n\t\t\t\t\t\t\t<\/div>\n\n\t\t\t\t\t\t<\/div>\n\n\t\t\t\n\t\t\t<div class=\"absolute z-0 inset-0 -top-[36%] left-0\">\n\t\t\t\t<svg width=\"512\" height=\"630\" viewBox=\"0 0 512 630\" fill=\"none\" xmlns=\"http:\/\/www.w3.org\/2000\/svg\">\n<ellipse opacity=\"0.5\" cx=\"-153.5\" cy=\"225.5\" rx=\"665.5\" ry=\"404.5\" fill=\"url(#paint0_radial_1_959)\"\/>\n<defs>\n<radialGradient id=\"paint0_radial_1_959\" cx=\"0\" cy=\"0\" r=\"1\" gradientUnits=\"userSpaceOnUse\" gradientTransform=\"translate(-153.5 225.5) rotate(90) scale(404.5 665.5)\">\n<stop stop-color=\"#355FD4\"\/>\n<stop offset=\"1\" stop-color=\"#355FD4\" stop-opacity=\"0\"\/>\n<\/radialGradient>\n<\/defs>\n<\/svg>\n\t\t\t<\/div>\n\n\t\t\t<div class=\"absolute bottom-[94%] md:bottom-[33%] lg:bottom-[37%] left-0\">\n\t\t\t\t\t\t\t<\/div>\n\n\t\t\t<div class=\"absolute top-[65%] md:top-[53%] lg:top-[100%] transform lg:-translate-y-full right-0\">\n\t\t\t\t\t\t\t<\/div>\n\t\t\t<\/div>\n\t\t\t<\/section>\n\n\t<style>\n\t[data-theme-block-id=\"block_7c09de45f904eac026008c79533445a6\"] {\n\t\t@media only screen and (max-width: 743px) {\n\t\t\t\t\t\t\t\t}\n\t\t@media only screen and (min-width: 744px) {\n\t\t\t\t\t\t\tpadding-top: 0px !important;\n\t\t\t\t\t\t\t\t\t\tpadding-bottom: 0px !important;\n\t\t\t\t\t}\n\t}\n\t<\/style>\n\t<section\n\t\tclass=\"w-full py-l\/xxl overflow-x-hidden\"\n\t\tdata-module=\"listing-with-filter\"\n\t\tdata-theme-block-id=\"block_c9c577b5912fd7307252cd9fe7bddd69\">\n\t\t<div class=\"container\">\n\t\t\t<div class=\"flex flex-wrap gap-l\/m lg:gap-0\">\n\t\t\t\t<div class=\"w-full lg:w-[23.5%]\">\n\t\t\t\t\t<aside class=\"py-c\/l\" data-aos=\"fade-up\">\n\t\t\t\t\t\t<div class=\"mb-c\/m text-text-secondary-aa\"> Filters &amp; Sorts<\/div>\n\n\t\t\t\t\t\t<form class=\"js-filter-form flex gap-c\/m flex-col\">\n\t\t\t\t\t\t\t<input type=\"hidden\" class=\"js-filter-ipt\" name=\"post_type\" value=\"\u00e9tude de cas\">\n\t\t\t\t\t\t\t<input type=\"hidden\" class=\"js-filter-ipt\" name=\"posts_per_page\"\n\t\t\t\t\t\t\t\t\tvalue=\"14\">\n\t\t\t\t\t\t\t\t\t\t\t\t\t\t\t<div class=\"custom-select border border-stroke-tertiary rounded-xs h-c\/m flex item-center px-[1px]\">\n\t\t\t\t\t\t\t\t\t<select\n\t\t\t\t\t\t\t\t\t\tclass=\"js-filter-slc bg-white w-full px-4\"\n\t\t\t\t\t\t\t\t\t\tname=\"order\"\n\t\t\t\t\t\t\t\t\t\tid=\"block_c9c577b5912fd7307252cd9fe7bddd69_order\">\n\t\t\t\t\t\t\t\t\t\t\t\t\t\t\t\t\t\t\t\t\t<option\n\t\t\t\t\t\t\t\t\t\t\t\tclass=\"lint-ignore\"\n\t\t\t\t\t\t\t\t\t\t\t\tvalue=\"DESC\"\n\t\t\t\t\t\t\t\t\t\t\t\t\t\t\t\t\t\t\t\t\t\t\t>\n\t\t\t\t\t\t\t\t\t\t\t\tLe plus r\u00e9cent\n\t\t\t\t\t\t\t\t\t\t\t<\/option>\n\t\t\t\t\t\t\t\t\t\t\t\t\t\t\t\t\t\t\t\t\t<option\n\t\t\t\t\t\t\t\t\t\t\t\tclass=\"lint-ignore\"\n\t\t\t\t\t\t\t\t\t\t\t\tvalue=\"ASC\"\n\t\t\t\t\t\t\t\t\t\t\t\t\t\t\t\t\t\t\t\t\t\t\t>\n\t\t\t\t\t\t\t\t\t\t\t\tLe plus ancien\n\t\t\t\t\t\t\t\t\t\t\t<\/option>\n\t\t\t\t\t\t\t\t\t\t\t\t\t\t\t\t\t\t\t<\/select>\n\t\t\t\t\t\t\t\t<\/div>\n\t\t\t\t\t\t\t\t\t\t\t\t\t\t<div class=\"relative\">\n\t\t\t\t\t\t\t\t<label\n\t\t\t\t\t\t\t\t\tfor=\"search-listing-filter-69f355c0a793a\"\n\t\t\t\t\t\t\t\t\tclass=\"sr-only\"\n\t\t\t\t\t\t\t\t>\n\t\t\t\t\t\t\t\t\tSaisissez des mots-cl\u00e9s dans le champ de recherche\t\t\t\t\t\t\t\t<\/label>\n\t\t\t\t\t\t\t\t<input\n\t\t\t\t\t\t\t\t\tid=\"search-listing-filter-69f355c0a793a\"\n\t\t\t\t\t\t\t\t\tname=\"search\"\n\t\t\t\t\t\t\t\t\tclass=\"js-filter-ipt !min-w-full max-w-full\"\n\t\t\t\t\t\t\t\t\ttype=\"text\"\n\t\t\t\t\t\t\t\t\tvalue=\"\"\n\t\t\t\t\t\t\t\t\tplaceholder=\"Recherche\">\n\t\t\t\t\t\t\t\t<input type=\"hidden\" value=\"1\" class=\"js-filter-paged\">\n\t\t\t\t\t\t\t\t<button type=\"button\" class=\"absolute right-4 top-1\/2 -translate-y-1\/2 w-6 h-6 text-black\">\n\t\t\t\t\t\t\t\t\t<svg xmlns=\"http:\/\/www.w3.org\/2000\/svg\" fill=\"none\" viewBox=\"0 0 48 32\"><path stroke=\"currentColor\" stroke-linecap=\"round\" stroke-linejoin=\"round\" d=\"m36 28-8-8m2.667-6.667a9.333 9.333 0 1 1-18.667 0 9.333 9.333 0 0 1 18.667 0Z\"\/><\/svg>\n\t\t\t\t\t\t\t\t\t<span class=\"sr-only\">Recherche<\/span>\n\t\t\t\t\t\t\t\t<\/button>\n\t\t\t\t\t\t\t<\/div>\n\t\t\t\t\t\t<\/form>\n\t\t\t\t\t<\/aside>\n\t\t\t\t<\/div>\n\t\t\t\t<div class=\"w-full lg:w-[76.5%] lg:pl-gutter\">\n\t\t\t\t\t\t\t\t\t\t<div class=\"flex flex-wrap lg:pl-0 \">\n\t\t\t\t\t\t<div>No Resource found.<\/div>\t\t\t\t\t<\/div>\n\t\t\t\t<\/div>\n\t\t\t<\/div>\n\t\t<\/div>\n\t<\/section>\n\t\t<style>\n\t[data-theme-block-id=\"block_c9c577b5912fd7307252cd9fe7bddd69\"] {\n\t\t@media only screen and (max-width: 743px) {\n\t\t\t\t\t\t\t\t}\n\t\t@media only screen and (min-width: 744px) {\n\t\t\t\t\t\t\tpadding-top: 75px !important;\n\t\t\t\t\t\t\t\t\t\tpadding-bottom: 21px !important;\n\t\t\t\t\t}\n\t}\n\t<\/style>\n<section\n\tclass=\"pre-footer-cta\"\n\tdata-theme-block-id=\"block_8e894960cac8704a761cda1df1f0c34b\"\n\tid=\"\"\n\tstyle=\"\n\t--main-title-color: #080F21;\n\t--main-description-color: #344679;\n\t--sub-title-color: #080F21;\n\t--sub-description-color: #344679;\n\t--link-color: #080F21;\n\t\"\n\tdata-aos=\"fade-up\"\n>\n\t<div class=\"container flex flex-col xl:flex-row overflow-hidden !px-0 border-t-thin border-stroke-primary\">\n\t\t<div class=\"relative flex flex-col-reverse justify-between md:flex-row w-full pre-footer-cta__content px-page-margin md:pr-0\">\n\t\t\t<div class=\"flex flex-col md:justify-center gap-c\/xxl md:pr-l\/m md:gap-c\/l pb-l\/xxl pt-c\/xxl md:pt-l\/xxl\">\n\t\t\t\t<div class=\"min-h-[140px] lg:min-h-[268px]\">\n\t\t\t\t\t<h2 class=\"heading-large mb-c\/m w-full text-[var(--main-title-color)]\">Vous \u00eates pr\u00eat \u00e0 commencer ?<\/h2>\t\t\t\t\t\t\t\t\t\t\t<div class=\"wysiwyg w-[90%] text-[var(--main-description-color)]\"><p>D\u00e9couvrez Calabrio ONE en action gr\u00e2ce \u00e0 une d\u00e9monstration gratuite.<\/p>\n<\/div>\n\t\t\t\t\t\t\t\t\t<\/div>\n\t\t\t\t<div class=\"flex flex-col xl:flex-row gap-c\/m\" data-aos=\"fade-up\">\n\t\t\t\t\t\t<a\t\tclass=\"btn-primary pl-c\/l pr-c\/l\"\n\t\t href=\"https:\/\/www.calabrio.com\/fr\/reservez-une-demonstration\/\" title=\"R\u00e9servez une d\u00e9monstration\" aria-label=\"R\u00e9servez une d\u00e9monstration\" target=\"_self\" \t>\n\t\t<span class=\"button__icon button__icon--left lint-ignore \"  aria-hidden=\"true\">\n\t\t<svg xmlns=\"http:\/\/www.w3.org\/2000\/svg\" fill=\"none\" viewBox=\"0 0 23 16\"><path fill=\"currentColor\" d=\"M19.951 7.816c-1.822-.208-4.275-.992-5.883-2.712C12.845 3.8 11.918 1.88 11.688 0h-.377c-.222 1.88-1.157 3.8-2.38 5.104-1.608 1.72-4.061 2.504-5.883 2.712-.902.104-2.215.128-2.215.128v.112s1.321.024 2.215.128c1.822.208 4.275.992 5.883 2.712 1.223 1.304 2.15 3.224 2.38 5.104h.377c.222-1.88 1.157-3.8 2.38-5.104 1.608-1.72 4.061-2.504 5.883-2.712.902-.104 2.215-.128 2.215-.128v-.112s-1.32-.024-2.215-.128Z\"\/><\/svg>\n\t<\/span>\n\t\t\t\t\t<span class=\"button__text\">R\u00e9servez une d\u00e9monstration<\/span>\n\t<\/a>\n\t<a\t\tclass=\"btn-secondary pl-c\/l pr-c\/l\"\n\t\t href=\"https:\/\/www.calabrio.com\/fr\/obtenir-un-devis\/\" title=\"Obtenir un devis\" aria-label=\"Obtenir un devis\" target=\"_self\" \t>\n\t\t<span class=\"button__icon button__icon--left lint-ignore \"  aria-hidden=\"true\">\n\t\t<svg xmlns=\"http:\/\/www.w3.org\/2000\/svg\" fill=\"none\" viewBox=\"0 0 23 16\"><path fill=\"currentColor\" d=\"M19.951 7.816c-1.822-.208-4.275-.992-5.883-2.712C12.845 3.8 11.918 1.88 11.688 0h-.377c-.222 1.88-1.157 3.8-2.38 5.104-1.608 1.72-4.061 2.504-5.883 2.712-.902.104-2.215.128-2.215.128v.112s1.321.024 2.215.128c1.822.208 4.275.992 5.883 2.712 1.223 1.304 2.15 3.224 2.38 5.104h.377c.222-1.88 1.157-3.8 2.38-5.104 1.608-1.72 4.061-2.504 5.883-2.712.902-.104 2.215-.128 2.215-.128v-.112s-1.32-.024-2.215-.128Z\"\/><\/svg>\n\t<\/span>\n\t\t\t\t\t<span class=\"button__text\">Obtenir un devis<\/span>\n\t<\/a>\n\t\t\t\t<\/div>\n\t\t\t<\/div>\n\t\t\t<div class=\"w-[127%] md:w-[72%] relative\">\n\t\t\t\t\t<div class=\"js-wrap image lint-ignore\n\thidden md:block h-full image--cover\t\" data-module=\"image\" >\n\t<img decoding=\"async\" class=\"image__img md:aspect-[340\/502] lg:aspect-[492\/540] md:h-full\" src=\"data:image\/gif;base64,R0lGODlhAQABAIAAAAAAAP\/\/\/yH5BAEAAAAALAAAAAABAAEAAAIBRAA7\" data-normal=\"https:\/\/www.calabrio.com\/wp-content\/uploads\/2026\/01\/pre-footer-image-e1743758755165-1-19-01-2026-15_39_42_818.webp\" data-retina=\"https:\/\/www.calabrio.com\/wp-content\/uploads\/2026\/01\/pre-footer-image-e1743758755165-1-19-01-2026-15_39_42_818.webp\" data-srcset=\"https:\/\/www.calabrio.com\/wp-content\/uploads\/2026\/01\/pre-footer-image-e1743758755165-1-19-01-2026-15_39_42_818.webp 1673w, https:\/\/www.calabrio.com\/wp-content\/uploads\/2026\/01\/pre-footer-image-e1743758755165-1-19-01-2026-15_39_42_818-248x300.webp 248w, https:\/\/www.calabrio.com\/wp-content\/uploads\/2026\/01\/pre-footer-image-e1743758755165-1-19-01-2026-15_39_42_818-848x1024.webp 848w, https:\/\/www.calabrio.com\/wp-content\/uploads\/2026\/01\/pre-footer-image-e1743758755165-1-19-01-2026-15_39_42_818-768x927.webp 768w, https:\/\/www.calabrio.com\/wp-content\/uploads\/2026\/01\/pre-footer-image-e1743758755165-1-19-01-2026-15_39_42_818-1272x1536.webp 1272w\" alt=\"pre-footer-image\" ><\/div>\n\t\t\t\t\t<div class=\"js-wrap image lint-ignore\n\tblock md:hidden image--cover\t\" data-module=\"image\" >\n\t<img decoding=\"async\" class=\"image__img [&#038;&#038;]:relative w-full aspect-[353\/381] sm:aspect-[3\/2]\" src=\"data:image\/gif;base64,R0lGODlhAQABAIAAAAAAAP\/\/\/yH5BAEAAAAALAAAAAABAAEAAAIBRAA7\" data-normal=\"https:\/\/www.calabrio.com\/wp-content\/uploads\/2026\/01\/pre-footer-image-e1743758755165-1.webp\" data-retina=\"https:\/\/www.calabrio.com\/wp-content\/uploads\/2026\/01\/pre-footer-image-e1743758755165-1.webp\" data-srcset=\"https:\/\/www.calabrio.com\/wp-content\/uploads\/2026\/01\/pre-footer-image-e1743758755165-1.webp 1673w, https:\/\/www.calabrio.com\/wp-content\/uploads\/2026\/01\/pre-footer-image-e1743758755165-1-248x300.webp 248w, https:\/\/www.calabrio.com\/wp-content\/uploads\/2026\/01\/pre-footer-image-e1743758755165-1-848x1024.webp 848w, https:\/\/www.calabrio.com\/wp-content\/uploads\/2026\/01\/pre-footer-image-e1743758755165-1-768x927.webp 768w, https:\/\/www.calabrio.com\/wp-content\/uploads\/2026\/01\/pre-footer-image-e1743758755165-1-1272x1536.webp 1272w\" alt=\"pre-footer-image\" ><\/div>\n\n\t\t\t\t\t\n\t<div class=\"absolute w-full h-full top-0 left-0 lottie\" data-url=\"https:\/\/www.calabrio.com\/wp-content\/uploads\/2025\/04\/CTA.json\" data-loop=\"1\" data-module=\"lottie\"\n\tdata-tab-toggle-id=><\/div>\n\t\t\t\t\t<\/div>\n\t\t<\/div>\n\t\t<div class=\"w-full xl:w-[41%] flex flex-col bg-background-accent px-c\/xxl py-l\/xxl gap-c\/l\">\n\t\t\t<div>\n\t\t\t\t\t\t\t<p class=\"subhead-medium mb-c\/m md:mb-c\/s text-[var(--sub-title-color)]\">Vous voulez en savoir plus ?<\/p>\n\t\t\t\t\t\t\t\t\t\t<div class=\"wysiwyg text-[var(--sub-description-color)]\"><p>D\u00e9couvrez comment nous pouvons vous aider<\/p>\n<\/div>\n\t\t\t\t\t\t<\/div>\n\t\t\t<div class=\"flex flex-col\">\n\t\t\t\t\t\t\t\t\t\t\t\t\t<div class=\"pre-footer-cta__navigation border-b first:border-t border-stroke-tertiary\">\n\t\t\t\t\t\t\t<a\t\tclass=\"btn-text-link !w-full h-full justify-between min-h-16 text-[var(--link-color)] group hover:text-text-highlight-aaa\"\n\t\t href=\"https:\/\/www.calabrio.com\/fr\/devenez-un-partenaire-de-calabrio\/\" title=\"Devenez un partenaire de Calabrio\" aria-label=\"Devenez un partenaire de Calabrio\" target=\"_self\" \t>\n\t\t\t\t<span class=\"button__icon button__icon--right lint-ignore w-[var(--Base-Grid-Grid-24)] h-[var(--Base-Grid-Grid-24)] !text-[var(--link-color)] group-hover:!text-text-highlight-aaa\"  aria-hidden=\"true\">\n\t\t<svg xmlns=\"http:\/\/www.w3.org\/2000\/svg\" fill=\"none\" viewBox=\"0 0 25 24\"><path stroke=\"currentColor\" stroke-linecap=\"round\" stroke-linejoin=\"round\" d=\"M4.5 12h16m0 0-6-6m6 6-6 6\"\/><\/svg>\n\t<\/span>\n\t\t\t<span class=\"button__text\">Devenez un partenaire de Calabrio<\/span>\n\t<\/a>\n\t\t\t\t\t<\/div>\n\t\t\t\t\t\t\t\t\t\t\t\t\t\t\t\t\t\t\t<div class=\"pre-footer-cta__navigation border-b first:border-t border-stroke-tertiary\">\n\t\t\t\t\t\t\t<a\t\tclass=\"btn-text-link !w-full h-full justify-between min-h-16 text-[var(--link-color)] group hover:text-text-highlight-aaa\"\n\t\t href=\"https:\/\/www.calabrio.com\/fr\/pourquoi-calabrio\/\" title=\"Pourquoi Calabrio\" aria-label=\"Pourquoi Calabrio\" target=\"_self\" \t>\n\t\t\t\t<span class=\"button__icon button__icon--right lint-ignore w-[var(--Base-Grid-Grid-24)] h-[var(--Base-Grid-Grid-24)] !text-[var(--link-color)] group-hover:!text-text-highlight-aaa\"  aria-hidden=\"true\">\n\t\t<svg xmlns=\"http:\/\/www.w3.org\/2000\/svg\" fill=\"none\" viewBox=\"0 0 25 24\"><path stroke=\"currentColor\" stroke-linecap=\"round\" stroke-linejoin=\"round\" d=\"M4.5 12h16m0 0-6-6m6 6-6 6\"\/><\/svg>\n\t<\/span>\n\t\t\t<span class=\"button__text\">Pourquoi Calabrio<\/span>\n\t<\/a>\n\t\t\t\t\t<\/div>\n\t\t\t\t\t\t\t\t\t\t\t\t\t\t\t\t\t\t\t<div class=\"pre-footer-cta__navigation border-b first:border-t border-stroke-tertiary\">\n\t\t\t\t\t\t\t<a\t\tclass=\"btn-text-link !w-full h-full justify-between min-h-16 text-[var(--link-color)] group hover:text-text-highlight-aaa\"\n\t\t href=\"https:\/\/www.calabrio.com\/fr\/produits\/calabrio-one\/\" title=\"Calabrio One\" aria-label=\"Calabrio One\" target=\"_self\" \t>\n\t\t\t\t<span class=\"button__icon button__icon--right lint-ignore w-[var(--Base-Grid-Grid-24)] h-[var(--Base-Grid-Grid-24)] !text-[var(--link-color)] group-hover:!text-text-highlight-aaa\"  aria-hidden=\"true\">\n\t\t<svg xmlns=\"http:\/\/www.w3.org\/2000\/svg\" fill=\"none\" viewBox=\"0 0 25 24\"><path stroke=\"currentColor\" stroke-linecap=\"round\" stroke-linejoin=\"round\" d=\"M4.5 12h16m0 0-6-6m6 6-6 6\"\/><\/svg>\n\t<\/span>\n\t\t\t<span class=\"button__text\">Calabrio One<\/span>\n\t<\/a>\n\t\t\t\t\t<\/div>\n\t\t\t\t\t\t\t\t\t\t\t\t\t\t\t\t\t\t\t<div class=\"pre-footer-cta__navigation border-b first:border-t border-stroke-tertiary\">\n\t\t\t\t\t\t\t<a\t\tclass=\"btn-text-link !w-full h-full justify-between min-h-16 text-[var(--link-color)] group hover:text-text-highlight-aaa\"\n\t\t href=\"https:\/\/www.calabrio.com\/fr\/centre-de-ressources-2\/centre-de-demonstration\/\" title=\"Centre de d\u00e9monstration\" aria-label=\"Centre de d\u00e9monstration\" target=\"_self\" \t>\n\t\t\t\t<span class=\"button__icon button__icon--right lint-ignore w-[var(--Base-Grid-Grid-24)] h-[var(--Base-Grid-Grid-24)] !text-[var(--link-color)] group-hover:!text-text-highlight-aaa\"  aria-hidden=\"true\">\n\t\t<svg xmlns=\"http:\/\/www.w3.org\/2000\/svg\" fill=\"none\" viewBox=\"0 0 25 24\"><path stroke=\"currentColor\" stroke-linecap=\"round\" stroke-linejoin=\"round\" d=\"M4.5 12h16m0 0-6-6m6 6-6 6\"\/><\/svg>\n\t<\/span>\n\t\t\t<span class=\"button__text\">Centre de d\u00e9monstration<\/span>\n\t<\/a>\n\t\t\t\t\t<\/div>\n\t\t\t\t\t\t\t\t\t\t\t\t<\/div>\n\t\t<\/div>\n\t<\/div>\n<\/section>\n\t<style>\n\t[data-theme-block-id=\"block_8e894960cac8704a761cda1df1f0c34b\"] {\n\t\t@media only screen and (max-width: 743px) {\n\t\t\t\t\t\t\t\t}\n\t\t@media only screen and (min-width: 744px) {\n\t\t\t\t\t\t\t\t}\n\t}\n\t<\/style>\n","protected":false},"excerpt":{"rendered":"","protected":false},"author":237,"featured_media":0,"parent":6423,"menu_order":0,"comment_status":"closed","ping_status":"closed","template":"","meta":{"_acf_changed":false,"om_disable_all_campaigns":false,"footnotes":""},"class_list":["post-33477","page","type-page","status-publish","hentry"],"acf":[],"yoast_head":"<!-- This site is optimized with the Yoast SEO Premium plugin v27.4 (Yoast SEO v27.4) - https:\/\/yoast.com\/product\/yoast-seo-premium-wordpress\/ -->\n<title>Contact Center WFM &amp; WEM Case Studies | Calabrio<\/title>\n<meta name=\"description\" content=\"D\u00e9couvrez comment les technologies Calabrio aident les entreprises de tous secteurs \u00e0 atteindre une croissance sup\u00e9rieure gr\u00e2ce au centre de contact dans ces \u00e9tudes de cas WFM.\" \/>\n<meta name=\"robots\" content=\"index, follow, max-snippet:-1, max-image-preview:large, max-video-preview:-1\" \/>\n<link rel=\"canonical\" href=\"https:\/\/www.calabrio.com\/fr\/centre-de-ressources-2\/etudes-de-cas-2\/\" \/>\n<meta property=\"og:locale\" content=\"fr_FR\" \/>\n<meta property=\"og:type\" content=\"article\" \/>\n<meta property=\"og:title\" content=\"\u00c9tudes de cas\" \/>\n<meta property=\"og:url\" content=\"https:\/\/www.calabrio.com\/fr\/centre-de-ressources-2\/etudes-de-cas-2\/\" \/>\n<meta property=\"og:site_name\" content=\"Calabrio\" \/>\n<meta property=\"article:publisher\" content=\"https:\/\/www.facebook.com\/pages\/Calabrio\/312159772174664\" \/>\n<meta property=\"article:modified_time\" content=\"2025-06-30T11:17:22+00:00\" \/>\n<meta property=\"og:image\" content=\"https:\/\/www.calabrio.com\/wp-content\/uploads\/2025\/01\/Group-1707478745.png\" \/>\n\t<meta property=\"og:image:width\" content=\"2040\" \/>\n\t<meta property=\"og:image:height\" content=\"1476\" \/>\n\t<meta property=\"og:image:type\" content=\"image\/png\" \/>\n<meta name=\"twitter:card\" content=\"summary_large_image\" \/>\n<meta name=\"twitter:site\" content=\"@calabrio\" \/>\n<script type=\"application\/ld+json\" class=\"yoast-schema-graph\">{\"@context\":\"https:\\\/\\\/schema.org\",\"@graph\":[{\"@type\":\"WebPage\",\"@id\":\"https:\\\/\\\/www.calabrio.com\\\/fr\\\/centre-de-ressources-2\\\/etudes-de-cas-2\\\/\",\"url\":\"https:\\\/\\\/www.calabrio.com\\\/fr\\\/centre-de-ressources-2\\\/etudes-de-cas-2\\\/\",\"name\":\"Contact Center WFM & WEM Case Studies | Calabrio\",\"isPartOf\":{\"@id\":\"https:\\\/\\\/www.calabrio.com\\\/fr\\\/#website\"},\"datePublished\":\"2024-11-07T16:09:13+00:00\",\"dateModified\":\"2025-06-30T11:17:22+00:00\",\"description\":\"D\u00e9couvrez comment les technologies Calabrio aident les entreprises de tous secteurs \u00e0 atteindre une croissance sup\u00e9rieure gr\u00e2ce au centre de contact dans ces \u00e9tudes de cas WFM.\",\"breadcrumb\":{\"@id\":\"https:\\\/\\\/www.calabrio.com\\\/fr\\\/centre-de-ressources-2\\\/etudes-de-cas-2\\\/#breadcrumb\"},\"inLanguage\":\"fr-FR\",\"potentialAction\":[{\"@type\":\"ReadAction\",\"target\":[\"https:\\\/\\\/www.calabrio.com\\\/fr\\\/centre-de-ressources-2\\\/etudes-de-cas-2\\\/\"]}]},{\"@type\":\"BreadcrumbList\",\"@id\":\"https:\\\/\\\/www.calabrio.com\\\/fr\\\/centre-de-ressources-2\\\/etudes-de-cas-2\\\/#breadcrumb\",\"itemListElement\":[{\"@type\":\"ListItem\",\"position\":1,\"name\":\"Home\",\"item\":\"https:\\\/\\\/www.calabrio.com\\\/fr\\\/\"},{\"@type\":\"ListItem\",\"position\":2,\"name\":\"Centre de ressources\",\"item\":\"https:\\\/\\\/www.calabrio.com\\\/fr\\\/centre-de-ressources-2\\\/\"},{\"@type\":\"ListItem\",\"position\":3,\"name\":\"\u00c9tudes de cas\"}]},{\"@type\":\"WebSite\",\"@id\":\"https:\\\/\\\/www.calabrio.com\\\/fr\\\/#website\",\"url\":\"https:\\\/\\\/www.calabrio.com\\\/fr\\\/\",\"name\":\"Calabrio\",\"description\":\"Workforce Engagement Management Software\",\"publisher\":{\"@id\":\"https:\\\/\\\/www.calabrio.com\\\/fr\\\/#organization\"},\"potentialAction\":[{\"@type\":\"SearchAction\",\"target\":{\"@type\":\"EntryPoint\",\"urlTemplate\":\"https:\\\/\\\/www.calabrio.com\\\/fr\\\/?s={search_term_string}\"},\"query-input\":{\"@type\":\"PropertyValueSpecification\",\"valueRequired\":true,\"valueName\":\"search_term_string\"}}],\"inLanguage\":\"fr-FR\"},{\"@type\":\"Organization\",\"@id\":\"https:\\\/\\\/www.calabrio.com\\\/fr\\\/#organization\",\"name\":\"Calabrio\",\"url\":\"https:\\\/\\\/www.calabrio.com\\\/fr\\\/\",\"logo\":{\"@type\":\"ImageObject\",\"inLanguage\":\"fr-FR\",\"@id\":\"https:\\\/\\\/www.calabrio.com\\\/fr\\\/#\\\/schema\\\/logo\\\/image\\\/\",\"url\":\"https:\\\/\\\/www.calabrio.com\\\/wp-content\\\/uploads\\\/2025\\\/01\\\/Group-1707478765.png\",\"contentUrl\":\"https:\\\/\\\/www.calabrio.com\\\/wp-content\\\/uploads\\\/2025\\\/01\\\/Group-1707478765.png\",\"width\":1360,\"height\":984,\"caption\":\"Calabrio\"},\"image\":{\"@id\":\"https:\\\/\\\/www.calabrio.com\\\/fr\\\/#\\\/schema\\\/logo\\\/image\\\/\"},\"sameAs\":[\"https:\\\/\\\/www.facebook.com\\\/pages\\\/Calabrio\\\/312159772174664\",\"https:\\\/\\\/x.com\\\/calabrio\",\"https:\\\/\\\/www.linkedin.com\\\/company\\\/calabrio\"]}]}<\/script>\n<!-- \/ Yoast SEO Premium plugin. -->","yoast_head_json":{"title":"Contact Center WFM & WEM Case Studies | Calabrio","description":"D\u00e9couvrez comment les technologies Calabrio aident les entreprises de tous secteurs \u00e0 atteindre une croissance sup\u00e9rieure gr\u00e2ce au centre de contact dans ces \u00e9tudes de cas WFM.","robots":{"index":"index","follow":"follow","max-snippet":"max-snippet:-1","max-image-preview":"max-image-preview:large","max-video-preview":"max-video-preview:-1"},"canonical":"https:\/\/www.calabrio.com\/fr\/centre-de-ressources-2\/etudes-de-cas-2\/","og_locale":"fr_FR","og_type":"article","og_title":"\u00c9tudes de cas","og_url":"https:\/\/www.calabrio.com\/fr\/centre-de-ressources-2\/etudes-de-cas-2\/","og_site_name":"Calabrio","article_publisher":"https:\/\/www.facebook.com\/pages\/Calabrio\/312159772174664","article_modified_time":"2025-06-30T11:17:22+00:00","og_image":[{"width":2040,"height":1476,"url":"https:\/\/www.calabrio.com\/wp-content\/uploads\/2025\/01\/Group-1707478745.png","type":"image\/png"}],"twitter_card":"summary_large_image","twitter_site":"@calabrio","schema":{"@context":"https:\/\/schema.org","@graph":[{"@type":"WebPage","@id":"https:\/\/www.calabrio.com\/fr\/centre-de-ressources-2\/etudes-de-cas-2\/","url":"https:\/\/www.calabrio.com\/fr\/centre-de-ressources-2\/etudes-de-cas-2\/","name":"Contact Center WFM & WEM Case Studies | Calabrio","isPartOf":{"@id":"https:\/\/www.calabrio.com\/fr\/#website"},"datePublished":"2024-11-07T16:09:13+00:00","dateModified":"2025-06-30T11:17:22+00:00","description":"D\u00e9couvrez comment les technologies Calabrio aident les entreprises de tous secteurs \u00e0 atteindre une croissance sup\u00e9rieure gr\u00e2ce au centre de contact dans ces \u00e9tudes de cas WFM.","breadcrumb":{"@id":"https:\/\/www.calabrio.com\/fr\/centre-de-ressources-2\/etudes-de-cas-2\/#breadcrumb"},"inLanguage":"fr-FR","potentialAction":[{"@type":"ReadAction","target":["https:\/\/www.calabrio.com\/fr\/centre-de-ressources-2\/etudes-de-cas-2\/"]}]},{"@type":"BreadcrumbList","@id":"https:\/\/www.calabrio.com\/fr\/centre-de-ressources-2\/etudes-de-cas-2\/#breadcrumb","itemListElement":[{"@type":"ListItem","position":1,"name":"Home","item":"https:\/\/www.calabrio.com\/fr\/"},{"@type":"ListItem","position":2,"name":"Centre de ressources","item":"https:\/\/www.calabrio.com\/fr\/centre-de-ressources-2\/"},{"@type":"ListItem","position":3,"name":"\u00c9tudes de cas"}]},{"@type":"WebSite","@id":"https:\/\/www.calabrio.com\/fr\/#website","url":"https:\/\/www.calabrio.com\/fr\/","name":"Calabrio","description":"Workforce Engagement Management Software","publisher":{"@id":"https:\/\/www.calabrio.com\/fr\/#organization"},"potentialAction":[{"@type":"SearchAction","target":{"@type":"EntryPoint","urlTemplate":"https:\/\/www.calabrio.com\/fr\/?s={search_term_string}"},"query-input":{"@type":"PropertyValueSpecification","valueRequired":true,"valueName":"search_term_string"}}],"inLanguage":"fr-FR"},{"@type":"Organization","@id":"https:\/\/www.calabrio.com\/fr\/#organization","name":"Calabrio","url":"https:\/\/www.calabrio.com\/fr\/","logo":{"@type":"ImageObject","inLanguage":"fr-FR","@id":"https:\/\/www.calabrio.com\/fr\/#\/schema\/logo\/image\/","url":"https:\/\/www.calabrio.com\/wp-content\/uploads\/2025\/01\/Group-1707478765.png","contentUrl":"https:\/\/www.calabrio.com\/wp-content\/uploads\/2025\/01\/Group-1707478765.png","width":1360,"height":984,"caption":"Calabrio"},"image":{"@id":"https:\/\/www.calabrio.com\/fr\/#\/schema\/logo\/image\/"},"sameAs":["https:\/\/www.facebook.com\/pages\/Calabrio\/312159772174664","https:\/\/x.com\/calabrio","https:\/\/www.linkedin.com\/company\/calabrio"]}]}},"featured_image_src":null,"featured_image_src_square":null,"_links":{"self":[{"href":"https:\/\/www.calabrio.com\/fr\/wp-json\/wp\/v2\/pages\/33477","targetHints":{"allow":["GET"]}}],"collection":[{"href":"https:\/\/www.calabrio.com\/fr\/wp-json\/wp\/v2\/pages"}],"about":[{"href":"https:\/\/www.calabrio.com\/fr\/wp-json\/wp\/v2\/types\/page"}],"author":[{"embeddable":true,"href":"https:\/\/www.calabrio.com\/fr\/wp-json\/wp\/v2\/users\/237"}],"replies":[{"embeddable":true,"href":"https:\/\/www.calabrio.com\/fr\/wp-json\/wp\/v2\/comments?post=33477"}],"version-history":[{"count":0,"href":"https:\/\/www.calabrio.com\/fr\/wp-json\/wp\/v2\/pages\/33477\/revisions"}],"up":[{"embeddable":true,"href":"https:\/\/www.calabrio.com\/fr\/wp-json\/wp\/v2\/pages\/6423"}],"wp:attachment":[{"href":"https:\/\/www.calabrio.com\/fr\/wp-json\/wp\/v2\/media?parent=33477"}],"curies":[{"name":"wp","href":"https:\/\/api.w.org\/{rel}","templated":true}]}}