
{"id":33838,"date":"2025-07-04T06:49:16","date_gmt":"2025-07-04T06:49:16","guid":{"rendered":"https:\/\/www.calabrio.com\/code-de-conduite-des-fournisseurs-et-partenaires-de-calabrio\/"},"modified":"2025-07-04T06:57:58","modified_gmt":"2025-07-04T06:57:58","slug":"code-de-conduite-des-fournisseurs-et-partenaires-de-calabrio","status":"publish","type":"page","link":"https:\/\/www.calabrio.com\/fr\/code-de-conduite-des-fournisseurs-et-partenaires-de-calabrio\/","title":{"rendered":"Code de conduite des fournisseurs et partenaires de Calabrio"},"content":{"rendered":"\n<div style=\"color:#ddd\" class=\"wp-block-genesis-blocks-gb-spacer gb-block-spacer gb-divider-solid gb-divider-size-1\"><hr style=\"height:60px\"><\/div>\n<div class=\"container wysiwyg\" data-aos=\"fade-up\">\n<h1 class=\"wp-block-heading has-text-align-center\"><strong>FOURNISSEUR ET PARTENAIRE DE CALABRIO<br\/>CODE DE CONDUITE<\/strong><\/h1>\n<\/div>\n<div style=\"color:#ddd\" class=\"wp-block-genesis-blocks-gb-spacer gb-block-spacer gb-divider-solid gb-divider-size-1\"><hr style=\"height:40px\"><\/div>\n<div class=\"container wysiwyg\" data-aos=\"fade-up\">\n<h2 class=\"wp-block-heading\">Conformit\u00e9 juridique et r\u00e9glementaire<\/h2>\n<\/div><div class=\"container wysiwyg\" data-aos=\"fade-up\">\n<p>Le succ\u00e8s et la r\u00e9putation de Calabrio reposent sur des principes d&rsquo;\u00e9quit\u00e9 et d&rsquo;\u00e9thique. Nous d\u00e9pendons de la confiance de nos clients et de notre communaut\u00e9 d&rsquo;affaires et, \u00e0 ce titre, tous les fournisseurs, vendeurs et partenaires commerciaux qui travaillent avec Calabrio (collectivement, les \u00ab\u00a0partenaires\u00a0\u00bb) sont tenus d&rsquo;agir d&rsquo;une mani\u00e8re qui d\u00e9montre un engagement envers des pratiques commerciales \u00e9thiques et conformes. Nous attendons de tous les partenaires qu&rsquo;ils maintiennent un code de conduite contraignant qui int\u00e8gre chacun des principes d\u00e9crits ci-dessous.<\/p>\n<\/div><div class=\"container wysiwyg\" data-aos=\"fade-up\">\n<h2 class=\"wp-block-heading\">Respect des lois, des r\u00e8glements et des accords<\/h2>\n<\/div><div class=\"container wysiwyg\" data-aos=\"fade-up\">\n<p>Tous les partenaires doivent agir en pleine conformit\u00e9 avec les lois, les cadres r\u00e9glementaires et les obligations contractuelles applicables. Il s&rsquo;agit notamment de satisfaire \u00e0 toutes les licences et \u00e0 tous les enregistrements requis dans les juridictions o\u00f9 ils exercent leurs activit\u00e9s.<\/p>\n<\/div><div class=\"container wysiwyg\" data-aos=\"fade-up\">\n<h2 class=\"wp-block-heading\">Conformit\u00e9 commerciale<\/h2>\n<\/div><div class=\"container wysiwyg\" data-aos=\"fade-up\">\n<p>Tous les \u00e9changes internationaux de produits, de services et de donn\u00e9es doivent s&rsquo;aligner sur la l\u00e9gislation commerciale mondiale. Les partenaires sont tenus de respecter toutes les sanctions en mati\u00e8re d&rsquo;exportation et de commerce, y compris celles \u00e9mises par les organismes de r\u00e9glementation am\u00e9ricains tels que les d\u00e9partements d&rsquo;\u00c9tat, du Commerce, du Tr\u00e9sor, de la D\u00e9fense et de l&rsquo;\u00c9nergie.<\/p>\n<\/div><div class=\"container wysiwyg\" data-aos=\"fade-up\">\n<h2 class=\"wp-block-heading\">Lutte contre la corruption<\/h2>\n<\/div><div class=\"container wysiwyg\" data-aos=\"fade-up\">\n<p>Calabrio s&rsquo;engage \u00e0 mener toutes ses activit\u00e9s avec int\u00e9grit\u00e9 et en totale conformit\u00e9 avec les lois anti-corruption, y compris la loi am\u00e9ricaine sur les pratiques de corruption \u00e0 l&rsquo;\u00e9tranger (FCPA) et la loi britannique sur la corruption (UK Bribery Act) de 2010. Nous interdisons strictement toute forme de corruption et attendons de nos partenaires qu&rsquo;ils fassent de m\u00eame. Les partenaires peuvent \u00eatre tenus de r\u00e9aliser des \u00e9valuations de diligence raisonnable dans le cadre de notre processus d&rsquo;approbation. Aucun cadeau ne peut \u00eatre offert ou sollicit\u00e9 aupr\u00e8s du personnel de Calabrio, sauf si cela est conforme au Code d&rsquo;\u00e9thique et de conduite des affaires de Calabrio.<\/p>\n<\/div><div class=\"container wysiwyg\" data-aos=\"fade-up\">\n<h2 class=\"wp-block-heading\">Protection de l&rsquo;information et confidentialit\u00e9 des donn\u00e9es<\/h2>\n<\/div><div class=\"container wysiwyg\" data-aos=\"fade-up\">\n<h4 class=\"wp-block-heading\">Confidentialit\u00e9 et propri\u00e9t\u00e9 intellectuelle<\/h4>\n<\/div><div class=\"container wysiwyg\" data-aos=\"fade-up\">\n<p>Les partenaires doivent prot\u00e9ger toutes les informations confidentielles et exclusives obtenues dans le cadre de leur relation avec Calabrio, conform\u00e9ment aux accords applicables. Le respect des droits de propri\u00e9t\u00e9 intellectuelle est essentiel et doit s&rsquo;aligner sur les conditions contractuelles.<\/p>\n<\/div><div class=\"container wysiwyg\" data-aos=\"fade-up\">\n<h4 class=\"wp-block-heading\">S\u00e9curit\u00e9 des donn\u00e9es<\/h4>\n<\/div><div class=\"container wysiwyg\" data-aos=\"fade-up\">\n<p class=\"underline\">Les partenaires doivent maintenir des contr\u00f4les de s\u00e9curit\u00e9 des donn\u00e9es appropri\u00e9s, conformes aux normes et aux meilleures pratiques du secteur, et veiller \u00e0 ce que toutes les informations soient s\u00e9curis\u00e9es. Les partenaires peuvent \u00eatre invit\u00e9s \u00e0 r\u00e9pondre \u00e0 des \u00e9valuations annuelles de la s\u00e9curit\u00e9. Les partenaires sont tenus d&rsquo;informer Calabrio de toute violation connue ou suspect\u00e9e de la s\u00e9curit\u00e9 des donn\u00e9es de Calabrio dans les plus brefs d\u00e9lais.<\/p>\n<\/div><div class=\"container wysiwyg\" data-aos=\"fade-up\">\n<h4 class=\"wp-block-heading\">Protection des donn\u00e9es<\/h4>\n<\/div><div class=\"container wysiwyg\" data-aos=\"fade-up\">\n<p>Dans les cas o\u00f9 les donn\u00e9es personnelles des clients ou du personnel de Calabrio sont consult\u00e9es, elles doivent \u00eatre trait\u00e9es dans le strict respect des lois sur la protection des donn\u00e9es. Les partenaires doivent confirmer que les informations personnelles ne seront utilis\u00e9es qu&rsquo;\u00e0 des fins contractuelles convenues et qu&rsquo;elles ne seront ni vendues ni utilis\u00e9es \u00e0 mauvais escient.<\/p>\n<\/div><div class=\"container wysiwyg\" data-aos=\"fade-up\">\n<h2 class=\"wp-block-heading\">Int\u00e9grit\u00e9 des affaires<\/h2>\n<\/div><div class=\"container wysiwyg\" data-aos=\"fade-up\">\n<h4 class=\"wp-block-heading\">Conflit d&rsquo;int\u00e9r\u00eats<\/h4>\n<\/div><div class=\"container wysiwyg\" data-aos=\"fade-up\">\n<p>Il est attendu des partenaires qu&rsquo;ils \u00e9vitent les situations susceptibles de cr\u00e9er des conflits d&rsquo;int\u00e9r\u00eats r\u00e9els ou per\u00e7us en ce qui concerne les obligations entre le partenaire et Calabrio. Tout probl\u00e8me potentiel de ce type doit \u00eatre rapidement signal\u00e9 \u00e0 la personne de contact appropri\u00e9e de Calabrio.<\/p>\n<\/div><div class=\"container wysiwyg\" data-aos=\"fade-up\">\n<h4 class=\"wp-block-heading\">Pr\u00e9cision financi\u00e8re<\/h4>\n<\/div><div class=\"container wysiwyg\" data-aos=\"fade-up\">\n<p>Tous les documents financiers doivent \u00eatre tenus avec pr\u00e9cision, dans le respect des normes l\u00e9gales et r\u00e9glementaires et des principes comptables g\u00e9n\u00e9ralement admis. Ces dossiers doivent \u00eatre conserv\u00e9s conform\u00e9ment aux lois applicables.<\/p>\n<\/div><div class=\"container wysiwyg\" data-aos=\"fade-up\">\n<h2 class=\"wp-block-heading\">Des lieux de travail \u00e9quitables et s\u00fbrs<\/h2>\n<\/div><div class=\"container wysiwyg\" data-aos=\"fade-up\">\n<h4 class=\"wp-block-heading\">Normes sur le lieu de travail<\/h4>\n<\/div><div class=\"container wysiwyg\" data-aos=\"fade-up\">\n<p>Les partenaires sont tenus de respecter toutes les lois relatives au lieu de travail, de soutenir la diversit\u00e9 et de garantir un environnement professionnel exempt de harc\u00e8lement et de discrimination. Les employ\u00e9s doivent \u00eatre trait\u00e9s \u00e9quitablement en ce qui concerne les salaires, les heures de travail et les conditions de travail.<\/p>\n<\/div><div class=\"container wysiwyg\" data-aos=\"fade-up\">\n<h4 class=\"wp-block-heading\">Droits de l&rsquo;homme, lutte contre la traite des \u00eatres humains et l&rsquo;esclavage moderne<\/h4>\n<\/div><div class=\"container wysiwyg\" data-aos=\"fade-up\">\n<p>Calabrio ne tol\u00e8re pas le travail forc\u00e9, le travail des enfants ou la traite des \u00eatres humains. Tous les partenaires doivent respecter les droits de l&rsquo;homme fondamentaux et adh\u00e9rer au droit du travail. Nous ne nous associerons pas sciemment \u00e0 une organisation qui ne respecte pas ces normes.<\/p>\n<\/div><div class=\"container wysiwyg\" data-aos=\"fade-up\">\n<div style=\"height:15px\" aria-hidden=\"true\" class=\"wp-block-spacer\"><\/div>\n<\/div><div class=\"container wysiwyg\" data-aos=\"fade-up\">\n<p>En outre, Calabrio attend de tous les partenaires qu&rsquo;ils respectent les lois applicables en mati\u00e8re de lutte contre l&rsquo;esclavage et le trafic d&rsquo;\u00eatres humains, y compris, mais sans s&rsquo;y limiter, le Modern Slavery Act 2025 du Royaume-Uni, et qu&rsquo;ils maintiennent et respectent leur propre politique en mati\u00e8re d&rsquo;esclavage moderne qui incorpore les principes d\u00e9crits ci-dessus.<\/p>\n<\/div><div class=\"container wysiwyg\" data-aos=\"fade-up\">\n<h4 class=\"wp-block-heading\">Sant\u00e9, s\u00e9curit\u00e9, environnement et qualit\u00e9<\/h4>\n<\/div><div class=\"container wysiwyg\" data-aos=\"fade-up\">\n<p>Les partenaires sont responsables du maintien de lieux de travail s\u00fbrs, sains et respectueux de l&rsquo;environnement. Le respect de toutes les lois applicables et des obligations contractuelles en mati\u00e8re de s\u00e9curit\u00e9 et d&rsquo;environnement est obligatoire. Tous les services et biens doivent atteindre ou d\u00e9passer les niveaux de qualit\u00e9 attendus.<\/p>\n<\/div><div class=\"container wysiwyg\" data-aos=\"fade-up\">\n<h2 class=\"wp-block-heading\">Questions, pr\u00e9occupations et signalement d&rsquo;une mauvaise conduite<\/h2>\n<\/div><div class=\"container wysiwyg\" data-aos=\"fade-up\">\n<p>Les partenaires sont encourag\u00e9s \u00e0 signaler tout probl\u00e8me d&rsquo;\u00e9thique ou d&rsquo;int\u00e9grit\u00e9 impliquant Calabrio. Lorsque les lois locales le permettent, ils doivent coop\u00e9rer avec Calabrio dans le cadre de toute enqu\u00eate. Les repr\u00e9sailles contre les d\u00e9nonciateurs ne seront pas tol\u00e9r\u00e9es.<\/p>\n<\/div><div class=\"container wysiwyg\" data-aos=\"fade-up\">\n<div style=\"height:15px\" aria-hidden=\"true\" class=\"wp-block-spacer\"><\/div>\n<\/div><div class=\"container wysiwyg\" data-aos=\"fade-up\">\n<p>Pour soumettre un rapport, utilisez l&rsquo;une des options suivantes :<\/p>\n<\/div><div class=\"container wysiwyg\" data-aos=\"fade-up\">\n<ul class=\"wp-block-list\"><div class=\"container wysiwyg\" data-aos=\"fade-up\">\n<li>Contactez votre contact Calabrio<\/li>\n<\/div>\n\n<div class=\"container wysiwyg\" data-aos=\"fade-up\">\n<li>E-mail <a href=\"mailto:legal@calabrio.com\">: legal@calabrio.com<\/a><\/li>\n<\/div>\n\n<div class=\"container wysiwyg\" data-aos=\"fade-up\">\n<li>Soumettez votre candidature de mani\u00e8re anonyme par le biais du <a href=\"https:\/\/secure.ethicspoint.com\/domain\/media\/en\/gui\/55875\/index.html\" target=\"_blank\" rel=\"noreferrer noopener\">NAVEX EthicsPoint de<\/a> Calabrio<\/li>\n<\/div><\/ul>\n<\/div><div class=\"container wysiwyg\" data-aos=\"fade-up\">\n<h2 class=\"wp-block-heading\">Informations sur les documents<\/h2>\n<\/div><div class=\"container wysiwyg\" data-aos=\"fade-up\">\n<ul class=\"wp-block-list\"><div class=\"container wysiwyg\" data-aos=\"fade-up\">\n<li><strong>Version :<\/strong> 1.0<\/li>\n<\/div>\n\n<div class=\"container wysiwyg\" data-aos=\"fade-up\">\n<li><strong>Publi\u00e9 :<\/strong> 18 juin 2025<\/li>\n<\/div>\n\n<div class=\"container wysiwyg\" data-aos=\"fade-up\">\n<li><strong>Classification :<\/strong> Public<\/li>\n<\/div>\n\n<div class=\"container wysiwyg\" data-aos=\"fade-up\">\n<li><strong>Propri\u00e9taire du document :<\/strong> Calabrio Legal<\/li>\n<\/div><\/ul>\n<\/div>\n<div style=\"color:#ddd\" class=\"wp-block-genesis-blocks-gb-spacer gb-block-spacer gb-divider-solid gb-divider-size-1\"><hr style=\"height:60px\"><\/div>\n","protected":false},"excerpt":{"rendered":"<p>FOURNISSEUR ET PARTENAIRE DE CALABRIOCODE DE CONDUITE Conformit\u00e9 juridique et r\u00e9glementaire Le succ\u00e8s et la r\u00e9putation de Calabrio reposent sur des principes d&rsquo;\u00e9quit\u00e9 et d&rsquo;\u00e9thique. Nous d\u00e9pendons de la confiance de nos clients et de notre communaut\u00e9 d&rsquo;affaires et, \u00e0 ce titre, tous les fournisseurs, vendeurs et partenaires commerciaux qui travaillent avec Calabrio (collectivement, les [&hellip;]<\/p>\n","protected":false},"author":231,"featured_media":0,"parent":0,"menu_order":0,"comment_status":"closed","ping_status":"closed","template":"","meta":{"_acf_changed":false,"om_disable_all_campaigns":false,"footnotes":""},"class_list":["post-33838","page","type-page","status-publish","hentry"],"acf":[],"yoast_head":"<!-- This site is optimized with the Yoast SEO Premium plugin v27.4 (Yoast SEO v27.4) - https:\/\/yoast.com\/product\/yoast-seo-premium-wordpress\/ -->\n<title>Code de conduite des fournisseurs et partenaires de Calabrio - \u00c9thique, conformit\u00e9 et int\u00e9grit\u00e9<\/title>\n<meta name=\"description\" content=\"D\u00e9couvrez le code de conduite des fournisseurs et partenaires de Calabrio, qui d\u00e9finit les normes en mati\u00e8re de conformit\u00e9 juridique, de lutte contre la corruption, de protection des donn\u00e9es, de droits de l&#039;homme et de pratiques commerciales \u00e9thiques.\" \/>\n<meta name=\"robots\" content=\"index, follow, max-snippet:-1, max-image-preview:large, max-video-preview:-1\" \/>\n<link rel=\"canonical\" href=\"https:\/\/www.calabrio.com\/fr\/code-de-conduite-des-fournisseurs-et-partenaires-de-calabrio\/\" \/>\n<meta property=\"og:locale\" content=\"fr_FR\" \/>\n<meta property=\"og:type\" content=\"article\" \/>\n<meta property=\"og:title\" content=\"Code de conduite des fournisseurs et partenaires de Calabrio\" \/>\n<meta property=\"og:description\" content=\"FOURNISSEUR ET PARTENAIRE DE CALABRIOCODE DE CONDUITE Conformit\u00e9 juridique et r\u00e9glementaire Le succ\u00e8s et la r\u00e9putation de Calabrio reposent sur des\" \/>\n<meta property=\"og:url\" content=\"https:\/\/www.calabrio.com\/fr\/code-de-conduite-des-fournisseurs-et-partenaires-de-calabrio\/\" \/>\n<meta property=\"og:site_name\" content=\"Calabrio\" \/>\n<meta property=\"article:publisher\" content=\"https:\/\/www.facebook.com\/pages\/Calabrio\/312159772174664\" \/>\n<meta property=\"article:modified_time\" content=\"2025-07-04T06:57:58+00:00\" \/>\n<meta property=\"og:image\" content=\"https:\/\/www.calabrio.com\/wp-content\/uploads\/2025\/01\/Group-1707478745.png\" \/>\n\t<meta property=\"og:image:width\" content=\"2040\" \/>\n\t<meta property=\"og:image:height\" content=\"1476\" \/>\n\t<meta property=\"og:image:type\" content=\"image\/png\" \/>\n<meta name=\"twitter:card\" content=\"summary_large_image\" \/>\n<meta name=\"twitter:site\" content=\"@calabrio\" \/>\n<meta name=\"twitter:label1\" content=\"Est. reading time\" \/>\n\t<meta name=\"twitter:data1\" content=\"5 minutes\" \/>\n<script type=\"application\/ld+json\" class=\"yoast-schema-graph\">{\"@context\":\"https:\\\/\\\/schema.org\",\"@graph\":[{\"@type\":\"WebPage\",\"@id\":\"https:\\\/\\\/www.calabrio.com\\\/fr\\\/code-de-conduite-des-fournisseurs-et-partenaires-de-calabrio\\\/\",\"url\":\"https:\\\/\\\/www.calabrio.com\\\/fr\\\/code-de-conduite-des-fournisseurs-et-partenaires-de-calabrio\\\/\",\"name\":\"Code de conduite des fournisseurs et partenaires de Calabrio - \u00c9thique, conformit\u00e9 et int\u00e9grit\u00e9\",\"isPartOf\":{\"@id\":\"https:\\\/\\\/www.calabrio.com\\\/fr\\\/#website\"},\"datePublished\":\"2025-07-04T06:49:16+00:00\",\"dateModified\":\"2025-07-04T06:57:58+00:00\",\"description\":\"D\u00e9couvrez le code de conduite des fournisseurs et partenaires de Calabrio, qui d\u00e9finit les normes en mati\u00e8re de conformit\u00e9 juridique, de lutte contre la corruption, de protection des donn\u00e9es, de droits de l'homme et de pratiques commerciales \u00e9thiques.\",\"breadcrumb\":{\"@id\":\"https:\\\/\\\/www.calabrio.com\\\/fr\\\/code-de-conduite-des-fournisseurs-et-partenaires-de-calabrio\\\/#breadcrumb\"},\"inLanguage\":\"fr-FR\",\"potentialAction\":[{\"@type\":\"ReadAction\",\"target\":[\"https:\\\/\\\/www.calabrio.com\\\/fr\\\/code-de-conduite-des-fournisseurs-et-partenaires-de-calabrio\\\/\"]}]},{\"@type\":\"BreadcrumbList\",\"@id\":\"https:\\\/\\\/www.calabrio.com\\\/fr\\\/code-de-conduite-des-fournisseurs-et-partenaires-de-calabrio\\\/#breadcrumb\",\"itemListElement\":[{\"@type\":\"ListItem\",\"position\":1,\"name\":\"Home\",\"item\":\"https:\\\/\\\/www.calabrio.com\\\/fr\\\/\"},{\"@type\":\"ListItem\",\"position\":2,\"name\":\"Code de conduite des fournisseurs et partenaires de Calabrio\"}]},{\"@type\":\"WebSite\",\"@id\":\"https:\\\/\\\/www.calabrio.com\\\/fr\\\/#website\",\"url\":\"https:\\\/\\\/www.calabrio.com\\\/fr\\\/\",\"name\":\"Calabrio\",\"description\":\"Workforce Engagement Management Software\",\"publisher\":{\"@id\":\"https:\\\/\\\/www.calabrio.com\\\/fr\\\/#organization\"},\"potentialAction\":[{\"@type\":\"SearchAction\",\"target\":{\"@type\":\"EntryPoint\",\"urlTemplate\":\"https:\\\/\\\/www.calabrio.com\\\/fr\\\/?s={search_term_string}\"},\"query-input\":{\"@type\":\"PropertyValueSpecification\",\"valueRequired\":true,\"valueName\":\"search_term_string\"}}],\"inLanguage\":\"fr-FR\"},{\"@type\":\"Organization\",\"@id\":\"https:\\\/\\\/www.calabrio.com\\\/fr\\\/#organization\",\"name\":\"Calabrio\",\"url\":\"https:\\\/\\\/www.calabrio.com\\\/fr\\\/\",\"logo\":{\"@type\":\"ImageObject\",\"inLanguage\":\"fr-FR\",\"@id\":\"https:\\\/\\\/www.calabrio.com\\\/fr\\\/#\\\/schema\\\/logo\\\/image\\\/\",\"url\":\"https:\\\/\\\/www.calabrio.com\\\/wp-content\\\/uploads\\\/2025\\\/01\\\/Group-1707478765.png\",\"contentUrl\":\"https:\\\/\\\/www.calabrio.com\\\/wp-content\\\/uploads\\\/2025\\\/01\\\/Group-1707478765.png\",\"width\":1360,\"height\":984,\"caption\":\"Calabrio\"},\"image\":{\"@id\":\"https:\\\/\\\/www.calabrio.com\\\/fr\\\/#\\\/schema\\\/logo\\\/image\\\/\"},\"sameAs\":[\"https:\\\/\\\/www.facebook.com\\\/pages\\\/Calabrio\\\/312159772174664\",\"https:\\\/\\\/x.com\\\/calabrio\",\"https:\\\/\\\/www.linkedin.com\\\/company\\\/calabrio\"]}]}<\/script>\n<!-- \/ Yoast SEO Premium plugin. -->","yoast_head_json":{"title":"Code de conduite des fournisseurs et partenaires de Calabrio - \u00c9thique, conformit\u00e9 et int\u00e9grit\u00e9","description":"D\u00e9couvrez le code de conduite des fournisseurs et partenaires de Calabrio, qui d\u00e9finit les normes en mati\u00e8re de conformit\u00e9 juridique, de lutte contre la corruption, de protection des donn\u00e9es, de droits de l'homme et de pratiques commerciales \u00e9thiques.","robots":{"index":"index","follow":"follow","max-snippet":"max-snippet:-1","max-image-preview":"max-image-preview:large","max-video-preview":"max-video-preview:-1"},"canonical":"https:\/\/www.calabrio.com\/fr\/code-de-conduite-des-fournisseurs-et-partenaires-de-calabrio\/","og_locale":"fr_FR","og_type":"article","og_title":"Code de conduite des fournisseurs et partenaires de Calabrio","og_description":"FOURNISSEUR ET PARTENAIRE DE CALABRIOCODE DE CONDUITE Conformit\u00e9 juridique et r\u00e9glementaire Le succ\u00e8s et la r\u00e9putation de Calabrio reposent sur des","og_url":"https:\/\/www.calabrio.com\/fr\/code-de-conduite-des-fournisseurs-et-partenaires-de-calabrio\/","og_site_name":"Calabrio","article_publisher":"https:\/\/www.facebook.com\/pages\/Calabrio\/312159772174664","article_modified_time":"2025-07-04T06:57:58+00:00","og_image":[{"width":2040,"height":1476,"url":"https:\/\/www.calabrio.com\/wp-content\/uploads\/2025\/01\/Group-1707478745.png","type":"image\/png"}],"twitter_card":"summary_large_image","twitter_site":"@calabrio","twitter_misc":{"Est. reading time":"5 minutes"},"schema":{"@context":"https:\/\/schema.org","@graph":[{"@type":"WebPage","@id":"https:\/\/www.calabrio.com\/fr\/code-de-conduite-des-fournisseurs-et-partenaires-de-calabrio\/","url":"https:\/\/www.calabrio.com\/fr\/code-de-conduite-des-fournisseurs-et-partenaires-de-calabrio\/","name":"Code de conduite des fournisseurs et partenaires de Calabrio - \u00c9thique, conformit\u00e9 et int\u00e9grit\u00e9","isPartOf":{"@id":"https:\/\/www.calabrio.com\/fr\/#website"},"datePublished":"2025-07-04T06:49:16+00:00","dateModified":"2025-07-04T06:57:58+00:00","description":"D\u00e9couvrez le code de conduite des fournisseurs et partenaires de Calabrio, qui d\u00e9finit les normes en mati\u00e8re de conformit\u00e9 juridique, de lutte contre la corruption, de protection des donn\u00e9es, de droits de l'homme et de pratiques commerciales \u00e9thiques.","breadcrumb":{"@id":"https:\/\/www.calabrio.com\/fr\/code-de-conduite-des-fournisseurs-et-partenaires-de-calabrio\/#breadcrumb"},"inLanguage":"fr-FR","potentialAction":[{"@type":"ReadAction","target":["https:\/\/www.calabrio.com\/fr\/code-de-conduite-des-fournisseurs-et-partenaires-de-calabrio\/"]}]},{"@type":"BreadcrumbList","@id":"https:\/\/www.calabrio.com\/fr\/code-de-conduite-des-fournisseurs-et-partenaires-de-calabrio\/#breadcrumb","itemListElement":[{"@type":"ListItem","position":1,"name":"Home","item":"https:\/\/www.calabrio.com\/fr\/"},{"@type":"ListItem","position":2,"name":"Code de conduite des fournisseurs et partenaires de Calabrio"}]},{"@type":"WebSite","@id":"https:\/\/www.calabrio.com\/fr\/#website","url":"https:\/\/www.calabrio.com\/fr\/","name":"Calabrio","description":"Workforce Engagement Management Software","publisher":{"@id":"https:\/\/www.calabrio.com\/fr\/#organization"},"potentialAction":[{"@type":"SearchAction","target":{"@type":"EntryPoint","urlTemplate":"https:\/\/www.calabrio.com\/fr\/?s={search_term_string}"},"query-input":{"@type":"PropertyValueSpecification","valueRequired":true,"valueName":"search_term_string"}}],"inLanguage":"fr-FR"},{"@type":"Organization","@id":"https:\/\/www.calabrio.com\/fr\/#organization","name":"Calabrio","url":"https:\/\/www.calabrio.com\/fr\/","logo":{"@type":"ImageObject","inLanguage":"fr-FR","@id":"https:\/\/www.calabrio.com\/fr\/#\/schema\/logo\/image\/","url":"https:\/\/www.calabrio.com\/wp-content\/uploads\/2025\/01\/Group-1707478765.png","contentUrl":"https:\/\/www.calabrio.com\/wp-content\/uploads\/2025\/01\/Group-1707478765.png","width":1360,"height":984,"caption":"Calabrio"},"image":{"@id":"https:\/\/www.calabrio.com\/fr\/#\/schema\/logo\/image\/"},"sameAs":["https:\/\/www.facebook.com\/pages\/Calabrio\/312159772174664","https:\/\/x.com\/calabrio","https:\/\/www.linkedin.com\/company\/calabrio"]}]}},"featured_image_src":null,"featured_image_src_square":null,"_links":{"self":[{"href":"https:\/\/www.calabrio.com\/fr\/wp-json\/wp\/v2\/pages\/33838","targetHints":{"allow":["GET"]}}],"collection":[{"href":"https:\/\/www.calabrio.com\/fr\/wp-json\/wp\/v2\/pages"}],"about":[{"href":"https:\/\/www.calabrio.com\/fr\/wp-json\/wp\/v2\/types\/page"}],"author":[{"embeddable":true,"href":"https:\/\/www.calabrio.com\/fr\/wp-json\/wp\/v2\/users\/231"}],"replies":[{"embeddable":true,"href":"https:\/\/www.calabrio.com\/fr\/wp-json\/wp\/v2\/comments?post=33838"}],"version-history":[{"count":0,"href":"https:\/\/www.calabrio.com\/fr\/wp-json\/wp\/v2\/pages\/33838\/revisions"}],"wp:attachment":[{"href":"https:\/\/www.calabrio.com\/fr\/wp-json\/wp\/v2\/media?parent=33838"}],"curies":[{"name":"wp","href":"https:\/\/api.w.org\/{rel}","templated":true}]}}