
{"id":34901,"date":"2025-07-23T23:01:22","date_gmt":"2025-07-23T23:01:22","guid":{"rendered":"https:\/\/www.calabrio.com\/glossaire-des-centres-de-contact\/"},"modified":"2025-11-13T12:21:38","modified_gmt":"2025-11-13T12:21:38","slug":"glossaire-des-centres-de-contact","status":"publish","type":"page","link":"https:\/\/www.calabrio.com\/fr\/glossaire-des-centres-de-contact\/","title":{"rendered":"Glossaire des centres de contact"},"content":{"rendered":"<div class=\"container wysiwyg\" data-aos=\"fade-up\">\n<p><\/p>\n<\/div><div class=\"container wysiwyg\" data-aos=\"fade-up\">\n<p><\/p>\n<\/div><div class=\"container wysiwyg\" data-aos=\"fade-up\">\n<p>Les centres de contact op\u00e8rent dans un environnement complexe, avec une terminologie sp\u00e9cialis\u00e9e, des mesures et des expressions sp\u00e9cifiques \u00e0 l&rsquo;industrie. Que vous soyez un nouveau venu dans le domaine ou un professionnel exp\u00e9riment\u00e9 qui approfondit ses connaissances, la compr\u00e9hension de ce vocabulaire est essentielle pour une communication efficace et un succ\u00e8s op\u00e9rationnel.<\/p>\n<\/div><div class=\"container wysiwyg\" data-aos=\"fade-up\">\n<p><\/p>\n<\/div><div class=\"container wysiwyg\" data-aos=\"fade-up\">\n<p><\/p>\n<\/div><div class=\"container wysiwyg\" data-aos=\"fade-up\">\n<p>Notre glossaire complet des centres de contact rassemble les termes les plus importants de la gestion des effectifs, de la gestion de la qualit\u00e9, de l&rsquo;analyse et de l&rsquo;exp\u00e9rience client. Chaque d\u00e9finition va au-del\u00e0 des simples explications et fournit un contexte sur la fa\u00e7on dont ces concepts s&rsquo;appliquent aux op\u00e9rations des centres de contact modernes.<\/p>\n<\/div><div class=\"container wysiwyg\" data-aos=\"fade-up\">\n<p><\/p>\n<\/div><div class=\"container wysiwyg\" data-aos=\"fade-up\">\n<p><\/p>\n<\/div><div class=\"container wysiwyg\" data-aos=\"fade-up\">\n<p><strong>Ce que vous trouverez dans ce guide :<\/strong><\/p>\n<\/div><div class=\"container wysiwyg\" data-aos=\"fade-up\">\n<p><\/p>\n<\/div><div class=\"container wysiwyg\" data-aos=\"fade-up\">\n<p><\/p>\n<\/div><div class=\"container wysiwyg\" data-aos=\"fade-up\">\n<ul class=\"wp-block-list\"><div class=\"container wysiwyg\" data-aos=\"fade-up\">\n<li><strong>Termes relatifs \u00e0 la gestion de la main-d&rsquo;\u0153uvre (WFM) :<\/strong> Terminologie de la pr\u00e9vision, de l&rsquo;ordonnancement, de l&rsquo;adh\u00e9rence et de l&rsquo;optimisation des agents.<\/li>\n<\/div>\n\n<div class=\"container wysiwyg\" data-aos=\"fade-up\">\n<li><strong>Vocabulaire de la gestion de la qualit\u00e9 (QM) :<\/strong> Crit\u00e8res d&rsquo;\u00e9valuation, cadres de coaching et mesures de performance<\/li>\n<\/div>\n\n<div class=\"container wysiwyg\" data-aos=\"fade-up\">\n<li><strong>D\u00e9finitions d&rsquo;Analytics &amp; Insights : <\/strong>Termes relatifs \u00e0 l&rsquo;analyse des donn\u00e9es, aux mesures de reporting et aux concepts de veille strat\u00e9gique.<\/li>\n<\/div>\n\n<div class=\"container wysiwyg\" data-aos=\"fade-up\">\n<li><strong>Langue de l&rsquo;exp\u00e9rience client (CX) :<\/strong> Cartographie du parcours, analyse des sentiments et mesures de la satisfaction<\/li>\n<\/div>\n\n<div class=\"container wysiwyg\" data-aos=\"fade-up\">\n<li><strong>Termes relatifs \u00e0 la technologie et \u00e0 l&rsquo;int\u00e9gration :<\/strong> Infrastructure en nuage, connexions API et capacit\u00e9s des plateformes<\/li>\n<\/div><\/ul>\n<\/div><div class=\"container wysiwyg\" data-aos=\"fade-up\">\n<p><\/p>\n<\/div><div class=\"container wysiwyg\" data-aos=\"fade-up\">\n<p><\/p>\n<\/div><div class=\"container wysiwyg\" data-aos=\"fade-up\">\n<p>Ce glossaire vous servira de point de r\u00e9f\u00e9rence pour vos conversations avec vos coll\u00e8gues, pour comprendre la documentation des fournisseurs et pour mettre en \u0153uvre les meilleures pratiques dans l&rsquo;ensemble des op\u00e9rations de votre centre de contact.<\/p>\n<\/div><div class=\"container wysiwyg\" data-aos=\"fade-up\">\n<p><\/p>\n<\/div>","protected":false},"excerpt":{"rendered":"<p>Les centres de contact op\u00e8rent dans un environnement complexe, avec une terminologie sp\u00e9cialis\u00e9e, des mesures et des expressions sp\u00e9cifiques \u00e0 l&rsquo;industrie. Que vous soyez un nouveau venu dans le domaine ou un professionnel exp\u00e9riment\u00e9 qui approfondit ses connaissances, la compr\u00e9hension de ce vocabulaire est essentielle pour une communication efficace et un succ\u00e8s op\u00e9rationnel. Notre glossaire [&hellip;]<\/p>\n","protected":false},"author":366,"featured_media":0,"parent":0,"menu_order":0,"comment_status":"closed","ping_status":"closed","template":"","meta":{"_acf_changed":false,"om_disable_all_campaigns":false,"footnotes":""},"class_list":["post-34901","page","type-page","status-publish","hentry"],"acf":[],"yoast_head":"<!-- This site is optimized with the Yoast SEO Premium plugin v27.3 (Yoast SEO v27.3) - https:\/\/yoast.com\/product\/yoast-seo-premium-wordpress\/ -->\n<title>Glossaire du centre de contact | Calabrio<\/title>\n<meta name=\"description\" content=\"Les centres de contact op\u00e8rent dans un environnement complexe, avec une terminologie sp\u00e9cialis\u00e9e, des mesures et des expressions sp\u00e9cifiques \u00e0\" \/>\n<meta name=\"robots\" content=\"index, follow, max-snippet:-1, max-image-preview:large, max-video-preview:-1\" \/>\n<link rel=\"canonical\" href=\"https:\/\/www.calabrio.com\/fr\/glossaire-des-centres-de-contact\/\" \/>\n<meta property=\"og:locale\" content=\"fr_FR\" \/>\n<meta property=\"og:type\" content=\"article\" \/>\n<meta property=\"og:title\" content=\"Glossaire des centres de contact\" \/>\n<meta property=\"og:description\" content=\"Les centres de contact op\u00e8rent dans un environnement complexe, avec une terminologie sp\u00e9cialis\u00e9e, des mesures et des expressions sp\u00e9cifiques \u00e0\" \/>\n<meta property=\"og:url\" content=\"https:\/\/www.calabrio.com\/fr\/glossaire-des-centres-de-contact\/\" \/>\n<meta property=\"og:site_name\" content=\"Calabrio\" \/>\n<meta property=\"article:publisher\" content=\"https:\/\/www.facebook.com\/pages\/Calabrio\/312159772174664\" \/>\n<meta property=\"article:modified_time\" content=\"2025-11-13T12:21:38+00:00\" \/>\n<meta property=\"og:image\" content=\"https:\/\/www.calabrio.com\/wp-content\/uploads\/2025\/01\/Group-1707478745.png\" \/>\n\t<meta property=\"og:image:width\" content=\"2040\" \/>\n\t<meta property=\"og:image:height\" content=\"1476\" \/>\n\t<meta property=\"og:image:type\" content=\"image\/png\" \/>\n<meta name=\"twitter:card\" content=\"summary_large_image\" \/>\n<meta name=\"twitter:site\" content=\"@calabrio\" \/>\n<meta name=\"twitter:label1\" content=\"Est. reading time\" \/>\n\t<meta name=\"twitter:data1\" content=\"1 minute\" \/>\n<script type=\"application\/ld+json\" class=\"yoast-schema-graph\">{\"@context\":\"https:\\\/\\\/schema.org\",\"@graph\":[{\"@type\":\"WebPage\",\"@id\":\"https:\\\/\\\/www.calabrio.com\\\/fr\\\/glossaire-des-centres-de-contact\\\/\",\"url\":\"https:\\\/\\\/www.calabrio.com\\\/fr\\\/glossaire-des-centres-de-contact\\\/\",\"name\":\"Glossaire du centre de contact | Calabrio\",\"isPartOf\":{\"@id\":\"https:\\\/\\\/www.calabrio.com\\\/fr\\\/#website\"},\"datePublished\":\"2025-07-23T23:01:22+00:00\",\"dateModified\":\"2025-11-13T12:21:38+00:00\",\"description\":\"Les centres de contact op\u00e8rent dans un environnement complexe, avec une terminologie sp\u00e9cialis\u00e9e, des mesures et des expressions sp\u00e9cifiques \u00e0\",\"breadcrumb\":{\"@id\":\"https:\\\/\\\/www.calabrio.com\\\/fr\\\/glossaire-des-centres-de-contact\\\/#breadcrumb\"},\"inLanguage\":\"fr-FR\",\"potentialAction\":[{\"@type\":\"ReadAction\",\"target\":[\"https:\\\/\\\/www.calabrio.com\\\/fr\\\/glossaire-des-centres-de-contact\\\/\"]}]},{\"@type\":\"BreadcrumbList\",\"@id\":\"https:\\\/\\\/www.calabrio.com\\\/fr\\\/glossaire-des-centres-de-contact\\\/#breadcrumb\",\"itemListElement\":[{\"@type\":\"ListItem\",\"position\":1,\"name\":\"Home\",\"item\":\"https:\\\/\\\/www.calabrio.com\\\/fr\\\/\"},{\"@type\":\"ListItem\",\"position\":2,\"name\":\"Glossaire des centres de contact\"}]},{\"@type\":\"WebSite\",\"@id\":\"https:\\\/\\\/www.calabrio.com\\\/fr\\\/#website\",\"url\":\"https:\\\/\\\/www.calabrio.com\\\/fr\\\/\",\"name\":\"Calabrio\",\"description\":\"Workforce Engagement Management Software\",\"publisher\":{\"@id\":\"https:\\\/\\\/www.calabrio.com\\\/fr\\\/#organization\"},\"potentialAction\":[{\"@type\":\"SearchAction\",\"target\":{\"@type\":\"EntryPoint\",\"urlTemplate\":\"https:\\\/\\\/www.calabrio.com\\\/fr\\\/?s={search_term_string}\"},\"query-input\":{\"@type\":\"PropertyValueSpecification\",\"valueRequired\":true,\"valueName\":\"search_term_string\"}}],\"inLanguage\":\"fr-FR\"},{\"@type\":\"Organization\",\"@id\":\"https:\\\/\\\/www.calabrio.com\\\/fr\\\/#organization\",\"name\":\"Calabrio\",\"url\":\"https:\\\/\\\/www.calabrio.com\\\/fr\\\/\",\"logo\":{\"@type\":\"ImageObject\",\"inLanguage\":\"fr-FR\",\"@id\":\"https:\\\/\\\/www.calabrio.com\\\/fr\\\/#\\\/schema\\\/logo\\\/image\\\/\",\"url\":\"https:\\\/\\\/www.calabrio.com\\\/wp-content\\\/uploads\\\/2025\\\/01\\\/Group-1707478765.png\",\"contentUrl\":\"https:\\\/\\\/www.calabrio.com\\\/wp-content\\\/uploads\\\/2025\\\/01\\\/Group-1707478765.png\",\"width\":1360,\"height\":984,\"caption\":\"Calabrio\"},\"image\":{\"@id\":\"https:\\\/\\\/www.calabrio.com\\\/fr\\\/#\\\/schema\\\/logo\\\/image\\\/\"},\"sameAs\":[\"https:\\\/\\\/www.facebook.com\\\/pages\\\/Calabrio\\\/312159772174664\",\"https:\\\/\\\/x.com\\\/calabrio\",\"https:\\\/\\\/www.linkedin.com\\\/company\\\/calabrio\"]}]}<\/script>\n<!-- \/ Yoast SEO Premium plugin. -->","yoast_head_json":{"title":"Glossaire du centre de contact | Calabrio","description":"Les centres de contact op\u00e8rent dans un environnement complexe, avec une terminologie sp\u00e9cialis\u00e9e, des mesures et des expressions sp\u00e9cifiques \u00e0","robots":{"index":"index","follow":"follow","max-snippet":"max-snippet:-1","max-image-preview":"max-image-preview:large","max-video-preview":"max-video-preview:-1"},"canonical":"https:\/\/www.calabrio.com\/fr\/glossaire-des-centres-de-contact\/","og_locale":"fr_FR","og_type":"article","og_title":"Glossaire des centres de contact","og_description":"Les centres de contact op\u00e8rent dans un environnement complexe, avec une terminologie sp\u00e9cialis\u00e9e, des mesures et des expressions sp\u00e9cifiques \u00e0","og_url":"https:\/\/www.calabrio.com\/fr\/glossaire-des-centres-de-contact\/","og_site_name":"Calabrio","article_publisher":"https:\/\/www.facebook.com\/pages\/Calabrio\/312159772174664","article_modified_time":"2025-11-13T12:21:38+00:00","og_image":[{"width":2040,"height":1476,"url":"https:\/\/www.calabrio.com\/wp-content\/uploads\/2025\/01\/Group-1707478745.png","type":"image\/png"}],"twitter_card":"summary_large_image","twitter_site":"@calabrio","twitter_misc":{"Est. reading time":"1 minute"},"schema":{"@context":"https:\/\/schema.org","@graph":[{"@type":"WebPage","@id":"https:\/\/www.calabrio.com\/fr\/glossaire-des-centres-de-contact\/","url":"https:\/\/www.calabrio.com\/fr\/glossaire-des-centres-de-contact\/","name":"Glossaire du centre de contact | Calabrio","isPartOf":{"@id":"https:\/\/www.calabrio.com\/fr\/#website"},"datePublished":"2025-07-23T23:01:22+00:00","dateModified":"2025-11-13T12:21:38+00:00","description":"Les centres de contact op\u00e8rent dans un environnement complexe, avec une terminologie sp\u00e9cialis\u00e9e, des mesures et des expressions sp\u00e9cifiques \u00e0","breadcrumb":{"@id":"https:\/\/www.calabrio.com\/fr\/glossaire-des-centres-de-contact\/#breadcrumb"},"inLanguage":"fr-FR","potentialAction":[{"@type":"ReadAction","target":["https:\/\/www.calabrio.com\/fr\/glossaire-des-centres-de-contact\/"]}]},{"@type":"BreadcrumbList","@id":"https:\/\/www.calabrio.com\/fr\/glossaire-des-centres-de-contact\/#breadcrumb","itemListElement":[{"@type":"ListItem","position":1,"name":"Home","item":"https:\/\/www.calabrio.com\/fr\/"},{"@type":"ListItem","position":2,"name":"Glossaire des centres de contact"}]},{"@type":"WebSite","@id":"https:\/\/www.calabrio.com\/fr\/#website","url":"https:\/\/www.calabrio.com\/fr\/","name":"Calabrio","description":"Workforce Engagement Management Software","publisher":{"@id":"https:\/\/www.calabrio.com\/fr\/#organization"},"potentialAction":[{"@type":"SearchAction","target":{"@type":"EntryPoint","urlTemplate":"https:\/\/www.calabrio.com\/fr\/?s={search_term_string}"},"query-input":{"@type":"PropertyValueSpecification","valueRequired":true,"valueName":"search_term_string"}}],"inLanguage":"fr-FR"},{"@type":"Organization","@id":"https:\/\/www.calabrio.com\/fr\/#organization","name":"Calabrio","url":"https:\/\/www.calabrio.com\/fr\/","logo":{"@type":"ImageObject","inLanguage":"fr-FR","@id":"https:\/\/www.calabrio.com\/fr\/#\/schema\/logo\/image\/","url":"https:\/\/www.calabrio.com\/wp-content\/uploads\/2025\/01\/Group-1707478765.png","contentUrl":"https:\/\/www.calabrio.com\/wp-content\/uploads\/2025\/01\/Group-1707478765.png","width":1360,"height":984,"caption":"Calabrio"},"image":{"@id":"https:\/\/www.calabrio.com\/fr\/#\/schema\/logo\/image\/"},"sameAs":["https:\/\/www.facebook.com\/pages\/Calabrio\/312159772174664","https:\/\/x.com\/calabrio","https:\/\/www.linkedin.com\/company\/calabrio"]}]}},"featured_image_src":null,"featured_image_src_square":null,"_links":{"self":[{"href":"https:\/\/www.calabrio.com\/fr\/wp-json\/wp\/v2\/pages\/34901","targetHints":{"allow":["GET"]}}],"collection":[{"href":"https:\/\/www.calabrio.com\/fr\/wp-json\/wp\/v2\/pages"}],"about":[{"href":"https:\/\/www.calabrio.com\/fr\/wp-json\/wp\/v2\/types\/page"}],"author":[{"embeddable":true,"href":"https:\/\/www.calabrio.com\/fr\/wp-json\/wp\/v2\/users\/366"}],"replies":[{"embeddable":true,"href":"https:\/\/www.calabrio.com\/fr\/wp-json\/wp\/v2\/comments?post=34901"}],"version-history":[{"count":0,"href":"https:\/\/www.calabrio.com\/fr\/wp-json\/wp\/v2\/pages\/34901\/revisions"}],"wp:attachment":[{"href":"https:\/\/www.calabrio.com\/fr\/wp-json\/wp\/v2\/media?parent=34901"}],"curies":[{"name":"wp","href":"https:\/\/api.w.org\/{rel}","templated":true}]}}