
{"id":37310,"date":"2025-09-17T05:37:57","date_gmt":"2025-09-17T05:37:57","guid":{"rendered":"https:\/\/www.calabrio.com\/clients-de-calabrio-optin-pour-des-mises-a-jour-marketing\/"},"modified":"2025-10-28T12:53:37","modified_gmt":"2025-10-28T12:53:37","slug":"clients-de-calabrio-optin-pour-des-mises-a-jour-marketing","status":"publish","type":"page","link":"https:\/\/www.calabrio.com\/fr\/clients-de-calabrio-optin-pour-des-mises-a-jour-marketing\/","title":{"rendered":"Clients de Calabrio &#8211; Optin pour des mises \u00e0 jour marketing"},"content":{"rendered":"\n<section\n\tid=\"\"\n\tclass=\"flex flex-col lg:flex-row justify-center items-stretch\"\n\tdata-theme-block-id=\"block_78c68c3d54f3ee8e60e5107bff33431e\"\n\tdata-aos=\"fade-up\"\n>\n\t\t<div\n\t\tclass=\"hero-with-form__left w-full lg:w-1\/2\"\n\t\tstyle=\"background-color: #D2F3FA\"\n\t>\n\t\t\t\t\t<div class=\"p-l\/xxl md:px-c\/xxl md:py-0 lg:p-c\/xxl lg:my-l\/m\">\n\t\t\t\t<div class=\"flex flex-col gap-c\/l md:py-l\/m\">\n\t\t\t\t\t\n\t\t\t\t\t\t\t\t\t\t<h1 style=\"color: #080F21\"\n\t\t\t\t\tclass=\"heading-medium text-center\">\n\t\t\t\t\t\tRestez en contact avec Calabrio\t\t\t\t<\/h1>\n\t\t\t\t\n\t\t\t\t\t\t\t\t\t<div style=\"color: #344679\" class=\"wysiwyg text-center\">\n\t\t\t\t\t\t<p>Connectez-vous pour recevoir les derni\u00e8res mises \u00e0 jour de Calabrio, des informations sur les produits et des contenus exclusifs pour les clients. Reconnectez-vous aujourd&rsquo;hui et continuez \u00e0 recevoir les informations et les ressources qui vous aideront \u00e0 tirer le meilleur parti de votre exp\u00e9rience \u00e0 Calabrio.<\/p>\n\t\t\t\t\t<\/div>\n\t\t\t\t\t\t\t<\/div>\n\t\t\t<\/div>\n\t\t\n\t\t\t\t<\/div>\n\t\n\t\t\t<div\n\t\t\tclass=\"w-full lg:w-1\/2 flex items-center hero-with-form__right\"\n\t\t\tstyle=\"\"\n\t\t>\n\t\t\t<!-- <iframe src=\"https:\/\/info.calabrio.com\/l\/134381\/2024-04-05\/8tvw2g\" width=\"100%\" height=\"750\" class=\"book_frm\" type=\"text\/html\" frameborder=\"0\" allowTransparency=\"true\" style=\"border: 0\"><\/iframe> -->\n \n<!-- <script src=\"https:\/\/js.chilipiper.com\/marketing.js\" type=\"text\/javascript\" async><\/script> -->\n \n<script>\n  var leadObj = {};\n \n  \/\/Below is the event listener that will listen for the Pardot Events\n \n  window.addEventListener(\"message\", receiveMessage, false);\n \n  function receiveMessage(event) {\n    \/\/ Form data ready, update leadObj\n \n    if (\n      event.data &&\n      event.data.message === \"PARDOT_DATA_READY\" &&\n      event.data.data\n    ) {\n      leadObj = event.data.data; \/\/ Update leadObj\n    }\n \n    \/\/ Form was submitted and validated, call ChiliPiper\n \n    \/\/ if (event.data && event.data.message === \"PARDOT_FORM_SUCCESS\") {\n    \/\/   \/\/ Account domain and router name are from Step #1 - no need to change it here\n \n    \/\/   ChiliPiper.submit(leadObj[\"CPTenantDomain\"], leadObj[\"CPTenantRouter\"], {\n    \/\/     map: true,\n \n    \/\/     lead: leadObj,\n    \/\/   });\n    \/\/ }\n  }\n<\/script>\n \n \n \n<!-- New Iframe -->\n<iframe src=\"https:\/\/marketing.calabrio.com\/l\/1043281\/2025-08-07\/5bcy2v\" width=\"100%\" height=\"700\" type=\"text\/html\" frameborder=\"0\" allowtransparency=\"true\" style=\"border: 0\"><\/iframe>\n\t\t<\/div>\n\t<\/section>\n\n\t<style>\n\t[data-theme-block-id=\"block_78c68c3d54f3ee8e60e5107bff33431e\"] {\n\t\t@media only screen and (max-width: 743px) {\n\t\t\t\t\t\t\t\t}\n\t\t@media only screen and (min-width: 744px) {\n\t\t\t\t\t\t\t\t}\n\t}\n\t<\/style>\n","protected":false},"excerpt":{"rendered":"","protected":false},"author":231,"featured_media":0,"parent":0,"menu_order":0,"comment_status":"closed","ping_status":"closed","template":"","meta":{"_acf_changed":false,"om_disable_all_campaigns":false,"footnotes":""},"class_list":["post-37310","page","type-page","status-publish","hentry"],"acf":[],"yoast_head":"<!-- This site is optimized with the Yoast SEO Premium plugin v27.5 (Yoast SEO v27.5) - https:\/\/yoast.com\/product\/yoast-seo-premium-wordpress\/ -->\n<title>Clients de Calabrio - Accepter les mises \u00e0 jour marketing<\/title>\n<meta name=\"description\" content=\"Restez en contact avec Calabrio ! Inscrivez-vous \u00e0 nouveau pour recevoir des mises \u00e0 jour exclusives et du contenu de qualit\u00e9. Rejoignez notre communaut\u00e9 et am\u00e9liorez votre exp\u00e9rience de Calabrio d\u00e8s aujourd&#039;hui.\" \/>\n<meta name=\"robots\" content=\"index, follow, max-snippet:-1, max-image-preview:large, max-video-preview:-1\" \/>\n<link rel=\"canonical\" href=\"https:\/\/www.calabrio.com\/fr\/clients-de-calabrio-optin-pour-des-mises-a-jour-marketing\/\" \/>\n<meta property=\"og:locale\" content=\"fr_FR\" \/>\n<meta property=\"og:type\" content=\"article\" \/>\n<meta property=\"og:title\" content=\"Clients de Calabrio - Optin pour des mises \u00e0 jour marketing\" \/>\n<meta property=\"og:url\" content=\"https:\/\/www.calabrio.com\/fr\/clients-de-calabrio-optin-pour-des-mises-a-jour-marketing\/\" \/>\n<meta property=\"og:site_name\" content=\"Calabrio\" \/>\n<meta property=\"article:publisher\" content=\"https:\/\/www.facebook.com\/pages\/Calabrio\/312159772174664\" \/>\n<meta property=\"article:modified_time\" content=\"2025-10-28T12:53:37+00:00\" \/>\n<meta property=\"og:image\" content=\"https:\/\/www.calabrio.com\/wp-content\/uploads\/2025\/01\/Group-1707478745.png\" \/>\n\t<meta property=\"og:image:width\" content=\"2040\" \/>\n\t<meta property=\"og:image:height\" content=\"1476\" \/>\n\t<meta property=\"og:image:type\" content=\"image\/png\" \/>\n<meta name=\"twitter:card\" content=\"summary_large_image\" \/>\n<meta name=\"twitter:site\" content=\"@calabrio\" \/>\n<script type=\"application\/ld+json\" class=\"yoast-schema-graph\">{\"@context\":\"https:\\\/\\\/schema.org\",\"@graph\":[{\"@type\":\"WebPage\",\"@id\":\"https:\\\/\\\/www.calabrio.com\\\/fr\\\/clients-de-calabrio-optin-pour-des-mises-a-jour-marketing\\\/\",\"url\":\"https:\\\/\\\/www.calabrio.com\\\/fr\\\/clients-de-calabrio-optin-pour-des-mises-a-jour-marketing\\\/\",\"name\":\"Clients de Calabrio - Accepter les mises \u00e0 jour marketing\",\"isPartOf\":{\"@id\":\"https:\\\/\\\/www.calabrio.com\\\/fr\\\/#website\"},\"datePublished\":\"2025-09-17T05:37:57+00:00\",\"dateModified\":\"2025-10-28T12:53:37+00:00\",\"description\":\"Restez en contact avec Calabrio ! Inscrivez-vous \u00e0 nouveau pour recevoir des mises \u00e0 jour exclusives et du contenu de qualit\u00e9. Rejoignez notre communaut\u00e9 et am\u00e9liorez votre exp\u00e9rience de Calabrio d\u00e8s aujourd'hui.\",\"breadcrumb\":{\"@id\":\"https:\\\/\\\/www.calabrio.com\\\/fr\\\/clients-de-calabrio-optin-pour-des-mises-a-jour-marketing\\\/#breadcrumb\"},\"inLanguage\":\"fr-FR\",\"potentialAction\":[{\"@type\":\"ReadAction\",\"target\":[\"https:\\\/\\\/www.calabrio.com\\\/fr\\\/clients-de-calabrio-optin-pour-des-mises-a-jour-marketing\\\/\"]}]},{\"@type\":\"BreadcrumbList\",\"@id\":\"https:\\\/\\\/www.calabrio.com\\\/fr\\\/clients-de-calabrio-optin-pour-des-mises-a-jour-marketing\\\/#breadcrumb\",\"itemListElement\":[{\"@type\":\"ListItem\",\"position\":1,\"name\":\"Home\",\"item\":\"https:\\\/\\\/www.calabrio.com\\\/fr\\\/\"},{\"@type\":\"ListItem\",\"position\":2,\"name\":\"Clients de Calabrio &#8211; Optin pour des mises \u00e0 jour marketing\"}]},{\"@type\":\"WebSite\",\"@id\":\"https:\\\/\\\/www.calabrio.com\\\/fr\\\/#website\",\"url\":\"https:\\\/\\\/www.calabrio.com\\\/fr\\\/\",\"name\":\"Calabrio\",\"description\":\"Workforce Engagement Management Software\",\"publisher\":{\"@id\":\"https:\\\/\\\/www.calabrio.com\\\/fr\\\/#organization\"},\"potentialAction\":[{\"@type\":\"SearchAction\",\"target\":{\"@type\":\"EntryPoint\",\"urlTemplate\":\"https:\\\/\\\/www.calabrio.com\\\/fr\\\/?s={search_term_string}\"},\"query-input\":{\"@type\":\"PropertyValueSpecification\",\"valueRequired\":true,\"valueName\":\"search_term_string\"}}],\"inLanguage\":\"fr-FR\"},{\"@type\":\"Organization\",\"@id\":\"https:\\\/\\\/www.calabrio.com\\\/fr\\\/#organization\",\"name\":\"Calabrio\",\"url\":\"https:\\\/\\\/www.calabrio.com\\\/fr\\\/\",\"logo\":{\"@type\":\"ImageObject\",\"inLanguage\":\"fr-FR\",\"@id\":\"https:\\\/\\\/www.calabrio.com\\\/fr\\\/#\\\/schema\\\/logo\\\/image\\\/\",\"url\":\"https:\\\/\\\/www.calabrio.com\\\/wp-content\\\/uploads\\\/2025\\\/01\\\/Group-1707478765.png\",\"contentUrl\":\"https:\\\/\\\/www.calabrio.com\\\/wp-content\\\/uploads\\\/2025\\\/01\\\/Group-1707478765.png\",\"width\":1360,\"height\":984,\"caption\":\"Calabrio\"},\"image\":{\"@id\":\"https:\\\/\\\/www.calabrio.com\\\/fr\\\/#\\\/schema\\\/logo\\\/image\\\/\"},\"sameAs\":[\"https:\\\/\\\/www.facebook.com\\\/pages\\\/Calabrio\\\/312159772174664\",\"https:\\\/\\\/x.com\\\/calabrio\",\"https:\\\/\\\/www.linkedin.com\\\/company\\\/calabrio\"]}]}<\/script>\n<!-- \/ Yoast SEO Premium plugin. -->","yoast_head_json":{"title":"Clients de Calabrio - Accepter les mises \u00e0 jour marketing","description":"Restez en contact avec Calabrio ! Inscrivez-vous \u00e0 nouveau pour recevoir des mises \u00e0 jour exclusives et du contenu de qualit\u00e9. Rejoignez notre communaut\u00e9 et am\u00e9liorez votre exp\u00e9rience de Calabrio d\u00e8s aujourd'hui.","robots":{"index":"index","follow":"follow","max-snippet":"max-snippet:-1","max-image-preview":"max-image-preview:large","max-video-preview":"max-video-preview:-1"},"canonical":"https:\/\/www.calabrio.com\/fr\/clients-de-calabrio-optin-pour-des-mises-a-jour-marketing\/","og_locale":"fr_FR","og_type":"article","og_title":"Clients de Calabrio - Optin pour des mises \u00e0 jour marketing","og_url":"https:\/\/www.calabrio.com\/fr\/clients-de-calabrio-optin-pour-des-mises-a-jour-marketing\/","og_site_name":"Calabrio","article_publisher":"https:\/\/www.facebook.com\/pages\/Calabrio\/312159772174664","article_modified_time":"2025-10-28T12:53:37+00:00","og_image":[{"width":2040,"height":1476,"url":"https:\/\/www.calabrio.com\/wp-content\/uploads\/2025\/01\/Group-1707478745.png","type":"image\/png"}],"twitter_card":"summary_large_image","twitter_site":"@calabrio","schema":{"@context":"https:\/\/schema.org","@graph":[{"@type":"WebPage","@id":"https:\/\/www.calabrio.com\/fr\/clients-de-calabrio-optin-pour-des-mises-a-jour-marketing\/","url":"https:\/\/www.calabrio.com\/fr\/clients-de-calabrio-optin-pour-des-mises-a-jour-marketing\/","name":"Clients de Calabrio - Accepter les mises \u00e0 jour marketing","isPartOf":{"@id":"https:\/\/www.calabrio.com\/fr\/#website"},"datePublished":"2025-09-17T05:37:57+00:00","dateModified":"2025-10-28T12:53:37+00:00","description":"Restez en contact avec Calabrio ! Inscrivez-vous \u00e0 nouveau pour recevoir des mises \u00e0 jour exclusives et du contenu de qualit\u00e9. Rejoignez notre communaut\u00e9 et am\u00e9liorez votre exp\u00e9rience de Calabrio d\u00e8s aujourd'hui.","breadcrumb":{"@id":"https:\/\/www.calabrio.com\/fr\/clients-de-calabrio-optin-pour-des-mises-a-jour-marketing\/#breadcrumb"},"inLanguage":"fr-FR","potentialAction":[{"@type":"ReadAction","target":["https:\/\/www.calabrio.com\/fr\/clients-de-calabrio-optin-pour-des-mises-a-jour-marketing\/"]}]},{"@type":"BreadcrumbList","@id":"https:\/\/www.calabrio.com\/fr\/clients-de-calabrio-optin-pour-des-mises-a-jour-marketing\/#breadcrumb","itemListElement":[{"@type":"ListItem","position":1,"name":"Home","item":"https:\/\/www.calabrio.com\/fr\/"},{"@type":"ListItem","position":2,"name":"Clients de Calabrio &#8211; Optin pour des mises \u00e0 jour marketing"}]},{"@type":"WebSite","@id":"https:\/\/www.calabrio.com\/fr\/#website","url":"https:\/\/www.calabrio.com\/fr\/","name":"Calabrio","description":"Workforce Engagement Management Software","publisher":{"@id":"https:\/\/www.calabrio.com\/fr\/#organization"},"potentialAction":[{"@type":"SearchAction","target":{"@type":"EntryPoint","urlTemplate":"https:\/\/www.calabrio.com\/fr\/?s={search_term_string}"},"query-input":{"@type":"PropertyValueSpecification","valueRequired":true,"valueName":"search_term_string"}}],"inLanguage":"fr-FR"},{"@type":"Organization","@id":"https:\/\/www.calabrio.com\/fr\/#organization","name":"Calabrio","url":"https:\/\/www.calabrio.com\/fr\/","logo":{"@type":"ImageObject","inLanguage":"fr-FR","@id":"https:\/\/www.calabrio.com\/fr\/#\/schema\/logo\/image\/","url":"https:\/\/www.calabrio.com\/wp-content\/uploads\/2025\/01\/Group-1707478765.png","contentUrl":"https:\/\/www.calabrio.com\/wp-content\/uploads\/2025\/01\/Group-1707478765.png","width":1360,"height":984,"caption":"Calabrio"},"image":{"@id":"https:\/\/www.calabrio.com\/fr\/#\/schema\/logo\/image\/"},"sameAs":["https:\/\/www.facebook.com\/pages\/Calabrio\/312159772174664","https:\/\/x.com\/calabrio","https:\/\/www.linkedin.com\/company\/calabrio"]}]}},"featured_image_src":null,"featured_image_src_square":null,"_links":{"self":[{"href":"https:\/\/www.calabrio.com\/fr\/wp-json\/wp\/v2\/pages\/37310","targetHints":{"allow":["GET"]}}],"collection":[{"href":"https:\/\/www.calabrio.com\/fr\/wp-json\/wp\/v2\/pages"}],"about":[{"href":"https:\/\/www.calabrio.com\/fr\/wp-json\/wp\/v2\/types\/page"}],"author":[{"embeddable":true,"href":"https:\/\/www.calabrio.com\/fr\/wp-json\/wp\/v2\/users\/231"}],"replies":[{"embeddable":true,"href":"https:\/\/www.calabrio.com\/fr\/wp-json\/wp\/v2\/comments?post=37310"}],"version-history":[{"count":0,"href":"https:\/\/www.calabrio.com\/fr\/wp-json\/wp\/v2\/pages\/37310\/revisions"}],"wp:attachment":[{"href":"https:\/\/www.calabrio.com\/fr\/wp-json\/wp\/v2\/media?parent=37310"}],"curies":[{"name":"wp","href":"https:\/\/api.w.org\/{rel}","templated":true}]}}