
{"id":39285,"date":"2025-12-18T11:14:36","date_gmt":"2025-12-18T11:14:36","guid":{"rendered":"https:\/\/www.calabrio.com\/la-main-doeuvre-hybride-en-2026-gestion-des-agents-humains-et-de-lia\/"},"modified":"2025-12-22T06:59:51","modified_gmt":"2025-12-22T06:59:51","slug":"la-main-doeuvre-hybride-en-2026-gestion-des-agents-humains-et-de-lia","status":"publish","type":"page","link":"https:\/\/www.calabrio.com\/fr\/la-main-doeuvre-hybride-en-2026-gestion-des-agents-humains-et-de-lia\/","title":{"rendered":"La main-d&rsquo;\u0153uvre hybride en 2026 : gestion des agents humains et de l&rsquo;IA"},"content":{"rendered":"<div class=\"container wysiwyg\" data-aos=\"fade-up\">\n<div class=\"wp-block-columns hero_sec is-layout-flex wp-container-core-columns-is-layout-9d6595d7 wp-block-columns-is-layout-flex\"><div class=\"container wysiwyg\" data-aos=\"fade-up\">\n<div class=\"wp-block-column is-layout-flow wp-block-column-is-layout-flow\">\n<div style=\"color:#ddd\" class=\"wp-block-genesis-blocks-gb-spacer gb-block-spacer gb-divider-solid gb-divider-size-1\"><hr style=\"height:30px\"\/><\/div>\n\n\n<div class=\"container wysiwyg\" data-aos=\"fade-up\">\n<h1 class=\"wp-block-heading\" id=\"h-the-hybrid-workforce-ebook-human-ai-agents-in-2026\">The Hybrid Workforce eBook \u2013 Human + AI Agents in 2026<\/h1>\n<\/div>\n\n<div class=\"container wysiwyg\" data-aos=\"fade-up\">\n<div style=\"height:16px\" aria-hidden=\"true\" class=\"wp-block-spacer\"><\/div>\n<\/div>\n\n<div class=\"container wysiwyg\" data-aos=\"fade-up\">\n<p><\/p>\n<\/div>\n\n<div class=\"container wysiwyg\" data-aos=\"fade-up\">\n<div class=\"wp-block-buttons two_button_container is-layout-flex wp-block-buttons-is-layout-flex\"><div class=\"container wysiwyg\" data-aos=\"fade-up\">\n<div class=\"wp-block-button has-custom-width wp-block-button__width-25 btn-primary is-style-fill\"><a class=\"wp-block-button__link has-background wp-element-button\" href=\"#GetTheReport\" style=\"border-radius:30px;background-color:#e3120a\">DOWNLOAD THE REPORT<\/a><\/div>\n<\/div><\/div>\n<\/div><\/div>\n<\/div>\n\n<div class=\"container wysiwyg\" data-aos=\"fade-up\">\n<div class=\"wp-block-column is-layout-flow wp-block-column-is-layout-flow\"><div class=\"container wysiwyg\" data-aos=\"fade-up\">\n<figure class=\"wp-block-image size-large\"><img decoding=\"async\" src=\"https:\/\/calsandbox.wpengine.com\/wp-content\/uploads\/2025\/12\/Hybrid-workfroce-cover--731x1024.webp\" alt=\"\" class=\"wp-image-38961\" style=\"aspect-ratio:4\/3;object-fit:contain\"\/><\/figure>\n<\/div><\/div>\n<\/div><\/div>\n<\/div><div class=\"container wysiwyg\" data-aos=\"fade-up\">\n<div class=\"wp-block-columns py80 webninar icon_bx_sec is-layout-flex wp-container-core-columns-is-layout-9d6595d7 wp-block-columns-is-layout-flex\" id=\"webninar\"><div class=\"container wysiwyg\" data-aos=\"fade-up\">\n<div class=\"wp-block-column left_slide is-layout-flow wp-block-column-is-layout-flow\" style=\"flex-basis:66.66%\"><div class=\"container wysiwyg\" data-aos=\"fade-up\">\n<p><strong>Pourquoi les entreprises ont-elles d\u00e9sormais besoin d&rsquo;une intelligence inter-agents ?<\/strong><\/p>\n<\/div>\n\n<div class=\"container wysiwyg\" data-aos=\"fade-up\">\n<p>L&rsquo;IA et les agents humains travaillent aujourd&rsquo;hui c\u00f4te \u00e0 c\u00f4te dans les centres de contact, et d&rsquo;ici 2027, ils seront ins\u00e9parables. En fait, 98 % des centres de contact utilisent d\u00e9j\u00e0 l&rsquo;IA, et 85,6 % font travailler ensemble les humains et l&rsquo;IA pour servir les clients.<\/p>\n<\/div>\n\n<div class=\"container wysiwyg\" data-aos=\"fade-up\">\n<p>Mais alors que l&rsquo;adoption de l&rsquo;IA a bondi, la gestion de la performance n&rsquo;a pas suivi le m\u00eame rythme.<\/p>\n<\/div>\n\n<div class=\"container wysiwyg\" data-aos=\"fade-up\">\n<p>Les agents humains sont \u00e9valu\u00e9s pour chaque interaction, chaque minute et chaque co\u00fbt. Les agents d&rsquo;IA, quant \u00e0 eux, g\u00e8rent des volumes croissants d&rsquo;interactions avec les clients, avec une visibilit\u00e9 limit\u00e9e et une \u00e9valuation incoh\u00e9rente. Ce d\u00e9s\u00e9quilibre cr\u00e9e un d\u00e9ficit d&rsquo;\u00e9quit\u00e9 et de confiance.<\/p>\n<\/div>\n\n<div class=\"container wysiwyg\" data-aos=\"fade-up\">\n<p>Les agents ne r\u00e9sistent pas \u00e0 l&rsquo;IA, ils naviguent dans l&rsquo;incertitude. Seuls 35 % peuvent identifier les outils qui utilisent l&rsquo;IA et 55 % s&rsquo;inqui\u00e8tent de son impact. Le probl\u00e8me n&rsquo;est pas la technologie. C&rsquo;est le manque de transparence, d&rsquo;\u00e9ducation et de gouvernance.<\/p>\n<\/div>\n\n<div class=\"container wysiwyg\" data-aos=\"fade-up\">\n<div style=\"height:10px\" aria-hidden=\"true\" class=\"wp-block-spacer\"><\/div>\n<\/div>\n\n<div class=\"container wysiwyg\" data-aos=\"fade-up\">\n<p><strong>Ce que vous apprendrez dans ce livre \u00e9lectronique<\/strong><\/p>\n<\/div>\n\n<div class=\"container wysiwyg\" data-aos=\"fade-up\">\n<ul class=\"wp-block-list\"><div class=\"container wysiwyg\" data-aos=\"fade-up\">\n<li>Pourquoi l&rsquo;\u00e9valuation in\u00e9gale des performances sape la confiance.<\/li>\n<\/div>\n\n<div class=\"container wysiwyg\" data-aos=\"fade-up\">\n<li>Comment \u00e9valuer \u00e9quitablement les agents humains et les agents d&rsquo;intelligence artificielle.<\/li>\n<\/div>\n\n<div class=\"container wysiwyg\" data-aos=\"fade-up\">\n<li>Ce qu&rsquo;est l&rsquo;\u00e9quit\u00e9 op\u00e9rationnelle dans une main-d&rsquo;\u0153uvre hybride.<\/li>\n<\/div>\n\n<div class=\"container wysiwyg\" data-aos=\"fade-up\">\n<li>Comment l&rsquo;intelligence unifi\u00e9e comble le manque de visibilit\u00e9.<\/li>\n<\/div><\/ul>\n<\/div>\n\n<div class=\"container wysiwyg\" data-aos=\"fade-up\">\n<p>Nous explorons \u00e9galement Calabrio Omni-Agent Intelligence &#8211; une couche de qualit\u00e9 et d&rsquo;observabilit\u00e9 agnostique qui relie les performances des humains et de l&rsquo;IA, quelle que soit la plateforme.<\/p>\n<\/div>\n\n<div class=\"container wysiwyg\" data-aos=\"fade-up\">\n<p>Parce que lorsque presque toutes les interactions commencent par l&rsquo;automatisation et se terminent par une personne, une gestion \u00e9quitable et unifi\u00e9e des performances n&rsquo;est pas facultative, elle est essentielle.<\/p>\n<\/div>\n\n<div class=\"container wysiwyg\" data-aos=\"fade-up\">\n<div style=\"height:10px\" aria-hidden=\"true\" class=\"wp-block-spacer\"><\/div>\n<\/div><\/div>\n<\/div>\n\n<div class=\"container wysiwyg\" data-aos=\"fade-up\">\n<div class=\"wp-block-column form_side is-layout-flow wp-block-column-is-layout-flow\" style=\"flex-basis:33.33%\" id=\"GetTheReport\"><div class=\"container wysiwyg\" data-aos=\"fade-up\">\n<!-- <iframe\n  src=\"https:\/\/marketing.calabrio.com\/l\/1043281\/2025-12-19\/5bksdc\"\n  width=\"100%\"\n  height=\"750\"\n  class=\"book_frm\"\n  type=\"text\/html\"\n  frameborder=\"0\"\n  allowTransparency=\"true\"\n  style=\"border: 0\"\n><\/iframe> -->\n\n<!-- <script\n  src=\"https:\/\/js.chilipiper.com\/marketing.js\"\n  type=\"text\/javascript\"\n  async\n><\/script> -->\n\n<script>\n  var leadObj = {};\n\n  \/\/Below is the event listener that will listen for the Pardot Events\n\n  window.addEventListener(\"message\", receiveMessage, false);\n\n  function receiveMessage(event) {\n    \/\/ Form data ready, update leadObj\n\n    if (\n      event.data &&\n      event.data.message === \"PARDOT_DATA_READY\" &&\n      event.data.data\n    ) {\n      leadObj = event.data.data; \/\/ Update leadObj\n    }\n\n    \/\/ Form was submitted and validated, call ChiliPiper\n\n    \/\/ if (event.data && event.data.message === \"PARDOT_FORM_SUCCESS\") {\n    \/\/   \/\/ Account domain and router name are from Step #1 - no need to change it here\n\n    \/\/   ChiliPiper.submit(leadObj[\"CPTenantDomain\"], leadObj[\"CPTenantRouter\"], {\n    \/\/     map: true,\n\n    \/\/     lead: leadObj,\n    \/\/   });\n    \/\/ }\n  }\n<\/script>\n\n\n\n<!-- New Iframe  -->\n<iframe src=\"https:\/\/marketing.calabrio.com\/l\/1043281\/2025-11-04\/5bhpl6\" width=\"100%\" height=\"600\" id=\"DownloadTheReport\" type=\"text\/html\" frameborder=\"0\" allowtransparency=\"true\" style=\"border: 0\"><\/iframe>\n<\/div><\/div>\n<\/div><\/div>\n<\/div>","protected":false},"excerpt":{"rendered":"<p>L&rsquo;IA et les tendances omnicanales red\u00e9finissent l&rsquo;avenir de la gestion des effectifs. La nouvelle \u00e9dition du Gartner Market Guide for Contact Center Workforce Management Solutions r\u00e9v\u00e8le comment les entreprises leaders font \u00e9voluer leurs strat\u00e9gies WFM pour r\u00e9pondre aux attentes modernes des clients et des employ\u00e9s.<\/p>\n","protected":false},"author":231,"featured_media":39488,"parent":0,"menu_order":0,"comment_status":"closed","ping_status":"closed","template":"","meta":{"_acf_changed":false,"om_disable_all_campaigns":false,"footnotes":""},"class_list":["post-39285","page","type-page","status-publish","has-post-thumbnail","hentry"],"acf":[],"yoast_head":"<!-- This site is optimized with the Yoast SEO Premium plugin v27.4 (Yoast SEO v27.4) - https:\/\/yoast.com\/product\/yoast-seo-premium-wordpress\/ -->\n<title>La main-d&#039;\u0153uvre hybride en 2026 : gestion des agents humains et de l&#039;IA | Calabrio<\/title>\n<meta name=\"description\" content=\"L&#039;IA et les humains travaillent d\u00e9sormais c\u00f4te \u00e0 c\u00f4te dans le centre de contact. Comprenez les d\u00e9fis \u00e9mergents de la gestion des performances de la main-d&#039;\u0153uvre hybride et d\u00e9couvrez les nouvelles technologies qui peuvent vous aider.\" \/>\n<meta name=\"robots\" content=\"index, follow, max-snippet:-1, max-image-preview:large, max-video-preview:-1\" \/>\n<link rel=\"canonical\" href=\"https:\/\/www.calabrio.com\/fr\/la-main-doeuvre-hybride-en-2026-gestion-des-agents-humains-et-de-lia\/\" \/>\n<meta property=\"og:locale\" content=\"fr_FR\" \/>\n<meta property=\"og:type\" content=\"article\" \/>\n<meta property=\"og:title\" content=\"Gartner Market Guide for Contact Center Workforce Management Solutions - Calabrio\" \/>\n<meta property=\"og:description\" content=\"T\u00e9l\u00e9chargez le 2025 Gartner Market Guide for Contact Center Workforce Management Solutions et d\u00e9couvrez les tendances cl\u00e9s qui fa\u00e7onnent l&#039;avenir du WFM.\" \/>\n<meta property=\"og:url\" content=\"https:\/\/www.calabrio.com\/fr\/la-main-doeuvre-hybride-en-2026-gestion-des-agents-humains-et-de-lia\/\" \/>\n<meta property=\"og:site_name\" content=\"Calabrio\" \/>\n<meta property=\"article:publisher\" content=\"https:\/\/www.facebook.com\/pages\/Calabrio\/312159772174664\" \/>\n<meta property=\"article:modified_time\" content=\"2025-12-22T06:59:51+00:00\" \/>\n<meta property=\"og:image\" content=\"https:\/\/www.calabrio.com\/wp-content\/uploads\/2025\/12\/Hybrid-workfroce-cover-.webp\" \/>\n\t<meta property=\"og:image:width\" content=\"1746\" \/>\n\t<meta property=\"og:image:height\" content=\"2445\" \/>\n\t<meta property=\"og:image:type\" content=\"image\/webp\" \/>\n<meta name=\"twitter:card\" content=\"summary_large_image\" \/>\n<meta name=\"twitter:title\" content=\"La main-d&#039;\u0153uvre hybride en 2026 : gestion des agents humains et de l&#039;IA\" \/>\n<meta name=\"twitter:description\" content=\"L&#039;IA et les tendances omnicanales red\u00e9finissent l&#039;avenir de la gestion des effectifs. La nouvelle \u00e9dition du Gartner Market Guide for Contact Center Workforce Management Solutions r\u00e9v\u00e8le comment les entreprises leaders font \u00e9voluer leurs strat\u00e9gies WFM pour r\u00e9pondre aux attentes modernes des clients et des employ\u00e9s.\" \/>\n<meta name=\"twitter:site\" content=\"@calabrio\" \/>\n<meta name=\"twitter:label1\" content=\"Est. reading time\" \/>\n\t<meta name=\"twitter:data1\" content=\"1 minute\" \/>\n<script type=\"application\/ld+json\" class=\"yoast-schema-graph\">{\"@context\":\"https:\\\/\\\/schema.org\",\"@graph\":[{\"@type\":\"WebPage\",\"@id\":\"https:\\\/\\\/www.calabrio.com\\\/fr\\\/la-main-doeuvre-hybride-en-2026-gestion-des-agents-humains-et-de-lia\\\/\",\"url\":\"https:\\\/\\\/www.calabrio.com\\\/fr\\\/la-main-doeuvre-hybride-en-2026-gestion-des-agents-humains-et-de-lia\\\/\",\"name\":\"La main-d'\u0153uvre hybride en 2026 : gestion des agents humains et de l'IA | Calabrio\",\"isPartOf\":{\"@id\":\"https:\\\/\\\/www.calabrio.com\\\/fr\\\/#website\"},\"primaryImageOfPage\":{\"@id\":\"https:\\\/\\\/www.calabrio.com\\\/fr\\\/la-main-doeuvre-hybride-en-2026-gestion-des-agents-humains-et-de-lia\\\/#primaryimage\"},\"image\":{\"@id\":\"https:\\\/\\\/www.calabrio.com\\\/fr\\\/la-main-doeuvre-hybride-en-2026-gestion-des-agents-humains-et-de-lia\\\/#primaryimage\"},\"thumbnailUrl\":\"https:\\\/\\\/www.calabrio.com\\\/wp-content\\\/uploads\\\/2026\\\/01\\\/omni_agent_ebook_cover-1.webp\",\"datePublished\":\"2025-12-18T11:14:36+00:00\",\"dateModified\":\"2025-12-22T06:59:51+00:00\",\"description\":\"L'IA et les humains travaillent d\u00e9sormais c\u00f4te \u00e0 c\u00f4te dans le centre de contact. Comprenez les d\u00e9fis \u00e9mergents de la gestion des performances de la main-d'\u0153uvre hybride et d\u00e9couvrez les nouvelles technologies qui peuvent vous aider.\",\"breadcrumb\":{\"@id\":\"https:\\\/\\\/www.calabrio.com\\\/fr\\\/la-main-doeuvre-hybride-en-2026-gestion-des-agents-humains-et-de-lia\\\/#breadcrumb\"},\"inLanguage\":\"fr-FR\",\"potentialAction\":[{\"@type\":\"ReadAction\",\"target\":[\"https:\\\/\\\/www.calabrio.com\\\/fr\\\/la-main-doeuvre-hybride-en-2026-gestion-des-agents-humains-et-de-lia\\\/\"]}]},{\"@type\":\"ImageObject\",\"inLanguage\":\"fr-FR\",\"@id\":\"https:\\\/\\\/www.calabrio.com\\\/fr\\\/la-main-doeuvre-hybride-en-2026-gestion-des-agents-humains-et-de-lia\\\/#primaryimage\",\"url\":\"https:\\\/\\\/www.calabrio.com\\\/wp-content\\\/uploads\\\/2026\\\/01\\\/omni_agent_ebook_cover-1.webp\",\"contentUrl\":\"https:\\\/\\\/www.calabrio.com\\\/wp-content\\\/uploads\\\/2026\\\/01\\\/omni_agent_ebook_cover-1.webp\",\"width\":1707,\"height\":2419},{\"@type\":\"BreadcrumbList\",\"@id\":\"https:\\\/\\\/www.calabrio.com\\\/fr\\\/la-main-doeuvre-hybride-en-2026-gestion-des-agents-humains-et-de-lia\\\/#breadcrumb\",\"itemListElement\":[{\"@type\":\"ListItem\",\"position\":1,\"name\":\"Home\",\"item\":\"https:\\\/\\\/www.calabrio.com\\\/fr\\\/\"},{\"@type\":\"ListItem\",\"position\":2,\"name\":\"La main-d&#8217;\u0153uvre hybride en 2026 : gestion des agents humains et de l&#8217;IA\"}]},{\"@type\":\"WebSite\",\"@id\":\"https:\\\/\\\/www.calabrio.com\\\/fr\\\/#website\",\"url\":\"https:\\\/\\\/www.calabrio.com\\\/fr\\\/\",\"name\":\"Calabrio\",\"description\":\"Workforce Engagement Management Software\",\"publisher\":{\"@id\":\"https:\\\/\\\/www.calabrio.com\\\/fr\\\/#organization\"},\"potentialAction\":[{\"@type\":\"SearchAction\",\"target\":{\"@type\":\"EntryPoint\",\"urlTemplate\":\"https:\\\/\\\/www.calabrio.com\\\/fr\\\/?s={search_term_string}\"},\"query-input\":{\"@type\":\"PropertyValueSpecification\",\"valueRequired\":true,\"valueName\":\"search_term_string\"}}],\"inLanguage\":\"fr-FR\"},{\"@type\":\"Organization\",\"@id\":\"https:\\\/\\\/www.calabrio.com\\\/fr\\\/#organization\",\"name\":\"Calabrio\",\"url\":\"https:\\\/\\\/www.calabrio.com\\\/fr\\\/\",\"logo\":{\"@type\":\"ImageObject\",\"inLanguage\":\"fr-FR\",\"@id\":\"https:\\\/\\\/www.calabrio.com\\\/fr\\\/#\\\/schema\\\/logo\\\/image\\\/\",\"url\":\"https:\\\/\\\/www.calabrio.com\\\/wp-content\\\/uploads\\\/2025\\\/01\\\/Group-1707478765.png\",\"contentUrl\":\"https:\\\/\\\/www.calabrio.com\\\/wp-content\\\/uploads\\\/2025\\\/01\\\/Group-1707478765.png\",\"width\":1360,\"height\":984,\"caption\":\"Calabrio\"},\"image\":{\"@id\":\"https:\\\/\\\/www.calabrio.com\\\/fr\\\/#\\\/schema\\\/logo\\\/image\\\/\"},\"sameAs\":[\"https:\\\/\\\/www.facebook.com\\\/pages\\\/Calabrio\\\/312159772174664\",\"https:\\\/\\\/x.com\\\/calabrio\",\"https:\\\/\\\/www.linkedin.com\\\/company\\\/calabrio\"]}]}<\/script>\n<!-- \/ Yoast SEO Premium plugin. -->","yoast_head_json":{"title":"La main-d'\u0153uvre hybride en 2026 : gestion des agents humains et de l'IA | Calabrio","description":"L'IA et les humains travaillent d\u00e9sormais c\u00f4te \u00e0 c\u00f4te dans le centre de contact. Comprenez les d\u00e9fis \u00e9mergents de la gestion des performances de la main-d'\u0153uvre hybride et d\u00e9couvrez les nouvelles technologies qui peuvent vous aider.","robots":{"index":"index","follow":"follow","max-snippet":"max-snippet:-1","max-image-preview":"max-image-preview:large","max-video-preview":"max-video-preview:-1"},"canonical":"https:\/\/www.calabrio.com\/fr\/la-main-doeuvre-hybride-en-2026-gestion-des-agents-humains-et-de-lia\/","og_locale":"fr_FR","og_type":"article","og_title":"Gartner Market Guide for Contact Center Workforce Management Solutions - Calabrio","og_description":"T\u00e9l\u00e9chargez le 2025 Gartner Market Guide for Contact Center Workforce Management Solutions et d\u00e9couvrez les tendances cl\u00e9s qui fa\u00e7onnent l'avenir du WFM.","og_url":"https:\/\/www.calabrio.com\/fr\/la-main-doeuvre-hybride-en-2026-gestion-des-agents-humains-et-de-lia\/","og_site_name":"Calabrio","article_publisher":"https:\/\/www.facebook.com\/pages\/Calabrio\/312159772174664","article_modified_time":"2025-12-22T06:59:51+00:00","og_image":[{"width":1746,"height":2445,"url":"https:\/\/www.calabrio.com\/wp-content\/uploads\/2025\/12\/Hybrid-workfroce-cover-.webp","type":"image\/webp"}],"twitter_card":"summary_large_image","twitter_title":"La main-d'\u0153uvre hybride en 2026 : gestion des agents humains et de l'IA","twitter_description":"L'IA et les tendances omnicanales red\u00e9finissent l'avenir de la gestion des effectifs. La nouvelle \u00e9dition du Gartner Market Guide for Contact Center Workforce Management Solutions r\u00e9v\u00e8le comment les entreprises leaders font \u00e9voluer leurs strat\u00e9gies WFM pour r\u00e9pondre aux attentes modernes des clients et des employ\u00e9s.","twitter_site":"@calabrio","twitter_misc":{"Est. reading time":"1 minute"},"schema":{"@context":"https:\/\/schema.org","@graph":[{"@type":"WebPage","@id":"https:\/\/www.calabrio.com\/fr\/la-main-doeuvre-hybride-en-2026-gestion-des-agents-humains-et-de-lia\/","url":"https:\/\/www.calabrio.com\/fr\/la-main-doeuvre-hybride-en-2026-gestion-des-agents-humains-et-de-lia\/","name":"La main-d'\u0153uvre hybride en 2026 : gestion des agents humains et de l'IA | Calabrio","isPartOf":{"@id":"https:\/\/www.calabrio.com\/fr\/#website"},"primaryImageOfPage":{"@id":"https:\/\/www.calabrio.com\/fr\/la-main-doeuvre-hybride-en-2026-gestion-des-agents-humains-et-de-lia\/#primaryimage"},"image":{"@id":"https:\/\/www.calabrio.com\/fr\/la-main-doeuvre-hybride-en-2026-gestion-des-agents-humains-et-de-lia\/#primaryimage"},"thumbnailUrl":"https:\/\/www.calabrio.com\/wp-content\/uploads\/2026\/01\/omni_agent_ebook_cover-1.webp","datePublished":"2025-12-18T11:14:36+00:00","dateModified":"2025-12-22T06:59:51+00:00","description":"L'IA et les humains travaillent d\u00e9sormais c\u00f4te \u00e0 c\u00f4te dans le centre de contact. Comprenez les d\u00e9fis \u00e9mergents de la gestion des performances de la main-d'\u0153uvre hybride et d\u00e9couvrez les nouvelles technologies qui peuvent vous aider.","breadcrumb":{"@id":"https:\/\/www.calabrio.com\/fr\/la-main-doeuvre-hybride-en-2026-gestion-des-agents-humains-et-de-lia\/#breadcrumb"},"inLanguage":"fr-FR","potentialAction":[{"@type":"ReadAction","target":["https:\/\/www.calabrio.com\/fr\/la-main-doeuvre-hybride-en-2026-gestion-des-agents-humains-et-de-lia\/"]}]},{"@type":"ImageObject","inLanguage":"fr-FR","@id":"https:\/\/www.calabrio.com\/fr\/la-main-doeuvre-hybride-en-2026-gestion-des-agents-humains-et-de-lia\/#primaryimage","url":"https:\/\/www.calabrio.com\/wp-content\/uploads\/2026\/01\/omni_agent_ebook_cover-1.webp","contentUrl":"https:\/\/www.calabrio.com\/wp-content\/uploads\/2026\/01\/omni_agent_ebook_cover-1.webp","width":1707,"height":2419},{"@type":"BreadcrumbList","@id":"https:\/\/www.calabrio.com\/fr\/la-main-doeuvre-hybride-en-2026-gestion-des-agents-humains-et-de-lia\/#breadcrumb","itemListElement":[{"@type":"ListItem","position":1,"name":"Home","item":"https:\/\/www.calabrio.com\/fr\/"},{"@type":"ListItem","position":2,"name":"La main-d&#8217;\u0153uvre hybride en 2026 : gestion des agents humains et de l&#8217;IA"}]},{"@type":"WebSite","@id":"https:\/\/www.calabrio.com\/fr\/#website","url":"https:\/\/www.calabrio.com\/fr\/","name":"Calabrio","description":"Workforce Engagement Management Software","publisher":{"@id":"https:\/\/www.calabrio.com\/fr\/#organization"},"potentialAction":[{"@type":"SearchAction","target":{"@type":"EntryPoint","urlTemplate":"https:\/\/www.calabrio.com\/fr\/?s={search_term_string}"},"query-input":{"@type":"PropertyValueSpecification","valueRequired":true,"valueName":"search_term_string"}}],"inLanguage":"fr-FR"},{"@type":"Organization","@id":"https:\/\/www.calabrio.com\/fr\/#organization","name":"Calabrio","url":"https:\/\/www.calabrio.com\/fr\/","logo":{"@type":"ImageObject","inLanguage":"fr-FR","@id":"https:\/\/www.calabrio.com\/fr\/#\/schema\/logo\/image\/","url":"https:\/\/www.calabrio.com\/wp-content\/uploads\/2025\/01\/Group-1707478765.png","contentUrl":"https:\/\/www.calabrio.com\/wp-content\/uploads\/2025\/01\/Group-1707478765.png","width":1360,"height":984,"caption":"Calabrio"},"image":{"@id":"https:\/\/www.calabrio.com\/fr\/#\/schema\/logo\/image\/"},"sameAs":["https:\/\/www.facebook.com\/pages\/Calabrio\/312159772174664","https:\/\/x.com\/calabrio","https:\/\/www.linkedin.com\/company\/calabrio"]}]}},"featured_image_src":"https:\/\/www.calabrio.com\/wp-content\/uploads\/2026\/01\/omni_agent_ebook_cover-1-600x400.webp","featured_image_src_square":"https:\/\/www.calabrio.com\/wp-content\/uploads\/2026\/01\/omni_agent_ebook_cover-1-600x600.webp","_links":{"self":[{"href":"https:\/\/www.calabrio.com\/fr\/wp-json\/wp\/v2\/pages\/39285","targetHints":{"allow":["GET"]}}],"collection":[{"href":"https:\/\/www.calabrio.com\/fr\/wp-json\/wp\/v2\/pages"}],"about":[{"href":"https:\/\/www.calabrio.com\/fr\/wp-json\/wp\/v2\/types\/page"}],"author":[{"embeddable":true,"href":"https:\/\/www.calabrio.com\/fr\/wp-json\/wp\/v2\/users\/231"}],"replies":[{"embeddable":true,"href":"https:\/\/www.calabrio.com\/fr\/wp-json\/wp\/v2\/comments?post=39285"}],"version-history":[{"count":0,"href":"https:\/\/www.calabrio.com\/fr\/wp-json\/wp\/v2\/pages\/39285\/revisions"}],"wp:featuredmedia":[{"embeddable":true,"href":"https:\/\/www.calabrio.com\/fr\/wp-json\/wp\/v2\/media\/39488"}],"wp:attachment":[{"href":"https:\/\/www.calabrio.com\/fr\/wp-json\/wp\/v2\/media?parent=39285"}],"curies":[{"name":"wp","href":"https:\/\/api.w.org\/{rel}","templated":true}]}}