
{"id":40560,"date":"2026-02-03T16:04:01","date_gmt":"2026-02-03T16:04:01","guid":{"rendered":"https:\/\/www.calabrio.com\/the-2026-u-s-inner-circle-guide-to-omnichannel-wfo-calabrio\/"},"modified":"2026-02-04T09:12:36","modified_gmt":"2026-02-04T09:12:36","slug":"the-2026-u-s-inner-circle-guide-to-omnichannel-wfo-calabrio","status":"publish","type":"page","link":"https:\/\/www.calabrio.com\/fr\/the-2026-u-s-inner-circle-guide-to-omnichannel-wfo-calabrio\/","title":{"rendered":"The 2026 U.S. Inner Circle Guide to Omnichannel WFO | Calabrio"},"content":{"rendered":"<div class=\"container wysiwyg\" data-aos=\"fade-up\">\n<div class=\"wp-block-columns hero_sec is-layout-flex wp-container-core-columns-is-layout-9d6595d7 wp-block-columns-is-layout-flex\"><div class=\"container wysiwyg\" data-aos=\"fade-up\">\n<div class=\"wp-block-column is-layout-flow wp-block-column-is-layout-flow\">\n<div style=\"color:#ddd\" class=\"wp-block-genesis-blocks-gb-spacer gb-block-spacer gb-divider-solid gb-divider-size-1\"><hr style=\"height:30px\"><\/div>\n\n\n<div class=\"container wysiwyg\" data-aos=\"fade-up\">\n<h1 class=\"wp-block-heading\" id=\"h-the-nbsp-2026-nbsp-inner-circle-guide-to-omnichannel-workforce-optimization\">Le guide 2026 de l&rsquo;Inner Circle sur l&rsquo;optimisation de la main-d&rsquo;\u0153uvre omnicanale<\/h1>\n<\/div>\n\n<div class=\"container wysiwyg\" data-aos=\"fade-up\">\n<div style=\"height:16px\" aria-hidden=\"true\" class=\"wp-block-spacer\"><\/div>\n<\/div>\n\n<div class=\"container wysiwyg\" data-aos=\"fade-up\">\n<p><\/p>\n<\/div>\n\n<div class=\"container wysiwyg\" data-aos=\"fade-up\">\n<div class=\"wp-block-buttons two_button_container is-layout-flex wp-block-buttons-is-layout-flex\"><div class=\"container wysiwyg\" data-aos=\"fade-up\">\n<div class=\"wp-block-button has-custom-width wp-block-button__width-25 btn-primary is-style-fill\"><a class=\"wp-block-button__link has-background wp-element-button\" href=\"#GetTheReport\" style=\"border-radius:30px;background-color:#e3120a\">T\u00c9L\u00c9CHARGER LE RAPPORT<\/a><\/div>\n<\/div><\/div>\n<\/div><\/div>\n<\/div>\n\n<div class=\"container wysiwyg\" data-aos=\"fade-up\">\n<div class=\"wp-block-column is-layout-flow wp-block-column-is-layout-flow\"><div class=\"container wysiwyg\" data-aos=\"fade-up\">\n<figure class=\"wp-block-image size-full\"><img loading=\"lazy\" decoding=\"async\" width=\"732\" height=\"1024\" src=\"https:\/\/www.calabrio.com\/wp-content\/uploads\/2026\/02\/Inner-Cirlce-Guide-WFO-U.S_-1-732x1024-1.webp\" alt=\"\" class=\"wp-image-40566\" style=\"aspect-ratio:4\/3;object-fit:contain\" srcset=\"https:\/\/www.calabrio.com\/wp-content\/uploads\/2026\/02\/Inner-Cirlce-Guide-WFO-U.S_-1-732x1024-1.webp 732w, https:\/\/www.calabrio.com\/wp-content\/uploads\/2026\/02\/Inner-Cirlce-Guide-WFO-U.S_-1-732x1024-1-214x300.webp 214w\" sizes=\"auto, (max-width: 732px) 100vw, 732px\" \/><\/figure>\n<\/div><\/div>\n<\/div><\/div>\n<\/div><div class=\"container wysiwyg\" data-aos=\"fade-up\">\n<div class=\"wp-block-columns py80 webninar icon_bx_sec is-layout-flex wp-container-core-columns-is-layout-9d6595d7 wp-block-columns-is-layout-flex\" id=\"webninar\"><div class=\"container wysiwyg\" data-aos=\"fade-up\">\n<div class=\"wp-block-column left_slide is-layout-flow wp-block-column-is-layout-flow\" style=\"flex-basis:66.66%\"><div class=\"container wysiwyg\" data-aos=\"fade-up\">\n<p>Les centres de contact subissent des pressions de toutes parts : complexit\u00e9 croissante des interactions, \u00e9puisement des agents et attentes plus \u00e9lev\u00e9es des clients. Les mesures traditionnelles de la main-d&rsquo;\u0153uvre ne peuvent pas suivre.  <\/p>\n<\/div>\n\n<div class=\"container wysiwyg\" data-aos=\"fade-up\">\n<p>Ce rapport d&rsquo;analyse gratuit de ContactBabel r\u00e9v\u00e8le comment les principales organisations font \u00e9voluer l&rsquo;optimisation des effectifs pour r\u00e9pondre aux exigences des op\u00e9rations omnicanales, sans sacrifier le bien-\u00eatre des agents ou l&rsquo;exp\u00e9rience des clients.<\/p>\n<\/div>\n\n<div class=\"container wysiwyg\" data-aos=\"fade-up\">\n<div style=\"height:10px\" aria-hidden=\"true\" class=\"wp-block-spacer\"><\/div>\n<\/div>\n\n<div class=\"container wysiwyg\" data-aos=\"fade-up\">\n<p><strong>Ce que vous apprendrez :  <\/strong><\/p>\n<\/div>\n\n<div class=\"container wysiwyg\" data-aos=\"fade-up\">\n<ul class=\"wp-block-list\"><div class=\"container wysiwyg\" data-aos=\"fade-up\">\n<li>Comment la complexit\u00e9 de l&rsquo;omni-canal modifie la gestion et la planification de la main-d&rsquo;\u0153uvre  <\/li>\n<\/div>\n\n<div class=\"container wysiwyg\" data-aos=\"fade-up\">\n<li>Quelles sont les capacit\u00e9s WFO et WEM qui auront le plus d&rsquo;impact en 2026 ?  <\/li>\n<\/div>\n\n<div class=\"container wysiwyg\" data-aos=\"fade-up\">\n<li>Les domaines dans lesquels l&rsquo;IA et l&rsquo;analytique g\u00e9n\u00e8rent une r\u00e9elle valeur ajout\u00e9e aujourd&rsquo;hui  <\/li>\n<\/div>\n\n<div class=\"container wysiwyg\" data-aos=\"fade-up\">\n<li>Comment les meilleurs centres de contact traitent-ils le burnout, l&rsquo;absence et l&rsquo;attrition comme des risques op\u00e9rationnels ?  <\/li>\n<\/div><\/ul>\n<\/div>\n\n<div class=\"container wysiwyg\" data-aos=\"fade-up\">\n<p>Bas\u00e9 sur des \u00e9tudes am\u00e9ricaines ind\u00e9pendantes, ce guide fournit des informations pratiques sur lesquelles vous pouvez agir imm\u00e9diatement.  <\/p>\n<\/div>\n\n<div class=\"container wysiwyg\" data-aos=\"fade-up\">\n<p><strong>T\u00e9l\u00e9chargez le rapport gratuit  <\/strong><\/p>\n<\/div>\n\n<div class=\"container wysiwyg\" data-aos=\"fade-up\">\n<p>Obtenez les donn\u00e9es, les rep\u00e8res et les analyses d&rsquo;experts dont vous avez besoin pour optimiser votre main-d&rsquo;\u0153uvre en vue de l&rsquo;avenir.  <\/p>\n<\/div>\n\n<div class=\"container wysiwyg\" data-aos=\"fade-up\">\n<div style=\"height:10px\" aria-hidden=\"true\" class=\"wp-block-spacer\"><\/div>\n<\/div><\/div>\n<\/div>\n\n<div class=\"container wysiwyg\" data-aos=\"fade-up\">\n<div class=\"wp-block-column form_side is-layout-flow wp-block-column-is-layout-flow\" style=\"flex-basis:33.33%\" id=\"GetTheReport\"><div class=\"container wysiwyg\" data-aos=\"fade-up\">\n<iframe src=\"https:\/\/marketing.calabrio.com\/l\/1043281\/2026-02-03\/5bm286\" width=\"100%\" height=\"520\" type=\"text\/html\" frameborder=\"0\" allowtransparency=\"true\" style=\"border: 0\"><\/iframe>\n<\/div><\/div>\n<\/div><\/div>\n<\/div>","protected":false},"excerpt":{"rendered":"<p>L&rsquo;IA et les tendances omnicanales red\u00e9finissent l&rsquo;avenir de la gestion des effectifs. La nouvelle \u00e9dition du Gartner Market Guide for Contact Center Workforce Management Solutions r\u00e9v\u00e8le comment les entreprises leaders font \u00e9voluer leurs strat\u00e9gies WFM pour r\u00e9pondre aux attentes modernes des clients et des employ\u00e9s.<\/p>\n","protected":false},"author":231,"featured_media":40552,"parent":0,"menu_order":0,"comment_status":"closed","ping_status":"closed","template":"","meta":{"_acf_changed":false,"om_disable_all_campaigns":false,"footnotes":""},"class_list":["post-40560","page","type-page","status-publish","has-post-thumbnail","hentry"],"acf":[],"yoast_head":"<!-- This site is optimized with the Yoast SEO Premium plugin v27.4 (Yoast SEO v27.4) - https:\/\/yoast.com\/product\/yoast-seo-premium-wordpress\/ -->\n<title>The 2026 U.S. Inner Circle Guide to Omnichannel WFO | Calabrio<\/title>\n<meta name=\"description\" content=\"T\u00e9l\u00e9chargez le 2026 Inner Circle Guide to Omnichannel Workforce Optimization (Guide de l&#039;optimisation de la main-d&#039;\u0153uvre omnicanale). Recherche ind\u00e9pendante de ContactBabel sur le WFO, l&#039;IA, l&#039;analytique et la gestion de l&#039;\u00e9puisement professionnel dans les centres de contact.\" \/>\n<meta name=\"robots\" content=\"index, follow, max-snippet:-1, max-image-preview:large, max-video-preview:-1\" \/>\n<link rel=\"canonical\" href=\"https:\/\/www.calabrio.com\/fr\/the-2026-u-s-inner-circle-guide-to-omnichannel-wfo-calabrio\/\" \/>\n<meta property=\"og:locale\" content=\"fr_FR\" \/>\n<meta property=\"og:type\" content=\"article\" \/>\n<meta property=\"og:title\" content=\"The 2026 U.S. Inner Circle Guide to Omnichannel WFO | Calabrio\" \/>\n<meta property=\"og:description\" content=\"T\u00e9l\u00e9chargez le 2026 Inner Circle Guide to Omnichannel Workforce Optimization (Guide de l&#039;optimisation de la main-d&#039;\u0153uvre omnicanale). Recherche ind\u00e9pendante de ContactBabel sur le WFO, l&#039;IA, l&#039;analytique et la gestion de l&#039;\u00e9puisement professionnel dans les centres de contact.\" \/>\n<meta property=\"og:url\" content=\"https:\/\/www.calabrio.com\/fr\/the-2026-u-s-inner-circle-guide-to-omnichannel-wfo-calabrio\/\" \/>\n<meta property=\"og:site_name\" content=\"Calabrio\" \/>\n<meta property=\"article:publisher\" content=\"https:\/\/www.facebook.com\/pages\/Calabrio\/312159772174664\" \/>\n<meta property=\"article:modified_time\" content=\"2026-02-04T09:12:36+00:00\" \/>\n<meta property=\"og:image\" content=\"https:\/\/www.calabrio.com\/wp-content\/uploads\/2026\/02\/2.webp\" \/>\n\t<meta property=\"og:image:width\" content=\"1200\" \/>\n\t<meta property=\"og:image:height\" content=\"627\" \/>\n\t<meta property=\"og:image:type\" content=\"image\/webp\" \/>\n<meta name=\"twitter:card\" content=\"summary_large_image\" \/>\n<meta name=\"twitter:title\" content=\"The 2026 U.S. Inner Circle Guide to Omnichannel WFO | Calabrio\" \/>\n<meta name=\"twitter:description\" content=\"L&#039;IA et les tendances omnicanales red\u00e9finissent l&#039;avenir de la gestion des effectifs. La nouvelle \u00e9dition du Gartner Market Guide for Contact Center Workforce Management Solutions r\u00e9v\u00e8le comment les entreprises leaders font \u00e9voluer leurs strat\u00e9gies WFM pour r\u00e9pondre aux attentes modernes des clients et des employ\u00e9s.\" \/>\n<meta name=\"twitter:site\" content=\"@calabrio\" \/>\n<meta name=\"twitter:label1\" content=\"Est. reading time\" \/>\n\t<meta name=\"twitter:data1\" content=\"1 minute\" \/>\n<script type=\"application\/ld+json\" class=\"yoast-schema-graph\">{\"@context\":\"https:\\\/\\\/schema.org\",\"@graph\":[{\"@type\":\"WebPage\",\"@id\":\"https:\\\/\\\/www.calabrio.com\\\/fr\\\/the-2026-u-s-inner-circle-guide-to-omnichannel-wfo-calabrio\\\/\",\"url\":\"https:\\\/\\\/www.calabrio.com\\\/fr\\\/the-2026-u-s-inner-circle-guide-to-omnichannel-wfo-calabrio\\\/\",\"name\":\"The 2026 U.S. Inner Circle Guide to Omnichannel WFO | Calabrio\",\"isPartOf\":{\"@id\":\"https:\\\/\\\/www.calabrio.com\\\/fr\\\/#website\"},\"primaryImageOfPage\":{\"@id\":\"https:\\\/\\\/www.calabrio.com\\\/fr\\\/the-2026-u-s-inner-circle-guide-to-omnichannel-wfo-calabrio\\\/#primaryimage\"},\"image\":{\"@id\":\"https:\\\/\\\/www.calabrio.com\\\/fr\\\/the-2026-u-s-inner-circle-guide-to-omnichannel-wfo-calabrio\\\/#primaryimage\"},\"thumbnailUrl\":\"https:\\\/\\\/www.calabrio.com\\\/wp-content\\\/uploads\\\/2026\\\/02\\\/2.webp\",\"datePublished\":\"2026-02-03T16:04:01+00:00\",\"dateModified\":\"2026-02-04T09:12:36+00:00\",\"description\":\"T\u00e9l\u00e9chargez le 2026 Inner Circle Guide to Omnichannel Workforce Optimization (Guide de l'optimisation de la main-d'\u0153uvre omnicanale). Recherche ind\u00e9pendante de ContactBabel sur le WFO, l'IA, l'analytique et la gestion de l'\u00e9puisement professionnel dans les centres de contact.\",\"breadcrumb\":{\"@id\":\"https:\\\/\\\/www.calabrio.com\\\/fr\\\/the-2026-u-s-inner-circle-guide-to-omnichannel-wfo-calabrio\\\/#breadcrumb\"},\"inLanguage\":\"fr-FR\",\"potentialAction\":[{\"@type\":\"ReadAction\",\"target\":[\"https:\\\/\\\/www.calabrio.com\\\/fr\\\/the-2026-u-s-inner-circle-guide-to-omnichannel-wfo-calabrio\\\/\"]}]},{\"@type\":\"ImageObject\",\"inLanguage\":\"fr-FR\",\"@id\":\"https:\\\/\\\/www.calabrio.com\\\/fr\\\/the-2026-u-s-inner-circle-guide-to-omnichannel-wfo-calabrio\\\/#primaryimage\",\"url\":\"https:\\\/\\\/www.calabrio.com\\\/wp-content\\\/uploads\\\/2026\\\/02\\\/2.webp\",\"contentUrl\":\"https:\\\/\\\/www.calabrio.com\\\/wp-content\\\/uploads\\\/2026\\\/02\\\/2.webp\",\"width\":1200,\"height\":627},{\"@type\":\"BreadcrumbList\",\"@id\":\"https:\\\/\\\/www.calabrio.com\\\/fr\\\/the-2026-u-s-inner-circle-guide-to-omnichannel-wfo-calabrio\\\/#breadcrumb\",\"itemListElement\":[{\"@type\":\"ListItem\",\"position\":1,\"name\":\"Home\",\"item\":\"https:\\\/\\\/www.calabrio.com\\\/fr\\\/\"},{\"@type\":\"ListItem\",\"position\":2,\"name\":\"The 2026 U.S. Inner Circle Guide to Omnichannel WFO | Calabrio\"}]},{\"@type\":\"WebSite\",\"@id\":\"https:\\\/\\\/www.calabrio.com\\\/fr\\\/#website\",\"url\":\"https:\\\/\\\/www.calabrio.com\\\/fr\\\/\",\"name\":\"Calabrio\",\"description\":\"Workforce Engagement Management Software\",\"publisher\":{\"@id\":\"https:\\\/\\\/www.calabrio.com\\\/fr\\\/#organization\"},\"potentialAction\":[{\"@type\":\"SearchAction\",\"target\":{\"@type\":\"EntryPoint\",\"urlTemplate\":\"https:\\\/\\\/www.calabrio.com\\\/fr\\\/?s={search_term_string}\"},\"query-input\":{\"@type\":\"PropertyValueSpecification\",\"valueRequired\":true,\"valueName\":\"search_term_string\"}}],\"inLanguage\":\"fr-FR\"},{\"@type\":\"Organization\",\"@id\":\"https:\\\/\\\/www.calabrio.com\\\/fr\\\/#organization\",\"name\":\"Calabrio\",\"url\":\"https:\\\/\\\/www.calabrio.com\\\/fr\\\/\",\"logo\":{\"@type\":\"ImageObject\",\"inLanguage\":\"fr-FR\",\"@id\":\"https:\\\/\\\/www.calabrio.com\\\/fr\\\/#\\\/schema\\\/logo\\\/image\\\/\",\"url\":\"https:\\\/\\\/www.calabrio.com\\\/wp-content\\\/uploads\\\/2025\\\/01\\\/Group-1707478765.png\",\"contentUrl\":\"https:\\\/\\\/www.calabrio.com\\\/wp-content\\\/uploads\\\/2025\\\/01\\\/Group-1707478765.png\",\"width\":1360,\"height\":984,\"caption\":\"Calabrio\"},\"image\":{\"@id\":\"https:\\\/\\\/www.calabrio.com\\\/fr\\\/#\\\/schema\\\/logo\\\/image\\\/\"},\"sameAs\":[\"https:\\\/\\\/www.facebook.com\\\/pages\\\/Calabrio\\\/312159772174664\",\"https:\\\/\\\/x.com\\\/calabrio\",\"https:\\\/\\\/www.linkedin.com\\\/company\\\/calabrio\"]}]}<\/script>\n<!-- \/ Yoast SEO Premium plugin. -->","yoast_head_json":{"title":"The 2026 U.S. Inner Circle Guide to Omnichannel WFO | Calabrio","description":"T\u00e9l\u00e9chargez le 2026 Inner Circle Guide to Omnichannel Workforce Optimization (Guide de l'optimisation de la main-d'\u0153uvre omnicanale). Recherche ind\u00e9pendante de ContactBabel sur le WFO, l'IA, l'analytique et la gestion de l'\u00e9puisement professionnel dans les centres de contact.","robots":{"index":"index","follow":"follow","max-snippet":"max-snippet:-1","max-image-preview":"max-image-preview:large","max-video-preview":"max-video-preview:-1"},"canonical":"https:\/\/www.calabrio.com\/fr\/the-2026-u-s-inner-circle-guide-to-omnichannel-wfo-calabrio\/","og_locale":"fr_FR","og_type":"article","og_title":"The 2026 U.S. Inner Circle Guide to Omnichannel WFO | Calabrio","og_description":"T\u00e9l\u00e9chargez le 2026 Inner Circle Guide to Omnichannel Workforce Optimization (Guide de l'optimisation de la main-d'\u0153uvre omnicanale). Recherche ind\u00e9pendante de ContactBabel sur le WFO, l'IA, l'analytique et la gestion de l'\u00e9puisement professionnel dans les centres de contact.","og_url":"https:\/\/www.calabrio.com\/fr\/the-2026-u-s-inner-circle-guide-to-omnichannel-wfo-calabrio\/","og_site_name":"Calabrio","article_publisher":"https:\/\/www.facebook.com\/pages\/Calabrio\/312159772174664","article_modified_time":"2026-02-04T09:12:36+00:00","og_image":[{"width":1200,"height":627,"url":"https:\/\/www.calabrio.com\/wp-content\/uploads\/2026\/02\/2.webp","type":"image\/webp"}],"twitter_card":"summary_large_image","twitter_title":"The 2026 U.S. Inner Circle Guide to Omnichannel WFO | Calabrio","twitter_description":"L'IA et les tendances omnicanales red\u00e9finissent l'avenir de la gestion des effectifs. La nouvelle \u00e9dition du Gartner Market Guide for Contact Center Workforce Management Solutions r\u00e9v\u00e8le comment les entreprises leaders font \u00e9voluer leurs strat\u00e9gies WFM pour r\u00e9pondre aux attentes modernes des clients et des employ\u00e9s.","twitter_site":"@calabrio","twitter_misc":{"Est. reading time":"1 minute"},"schema":{"@context":"https:\/\/schema.org","@graph":[{"@type":"WebPage","@id":"https:\/\/www.calabrio.com\/fr\/the-2026-u-s-inner-circle-guide-to-omnichannel-wfo-calabrio\/","url":"https:\/\/www.calabrio.com\/fr\/the-2026-u-s-inner-circle-guide-to-omnichannel-wfo-calabrio\/","name":"The 2026 U.S. Inner Circle Guide to Omnichannel WFO | Calabrio","isPartOf":{"@id":"https:\/\/www.calabrio.com\/fr\/#website"},"primaryImageOfPage":{"@id":"https:\/\/www.calabrio.com\/fr\/the-2026-u-s-inner-circle-guide-to-omnichannel-wfo-calabrio\/#primaryimage"},"image":{"@id":"https:\/\/www.calabrio.com\/fr\/the-2026-u-s-inner-circle-guide-to-omnichannel-wfo-calabrio\/#primaryimage"},"thumbnailUrl":"https:\/\/www.calabrio.com\/wp-content\/uploads\/2026\/02\/2.webp","datePublished":"2026-02-03T16:04:01+00:00","dateModified":"2026-02-04T09:12:36+00:00","description":"T\u00e9l\u00e9chargez le 2026 Inner Circle Guide to Omnichannel Workforce Optimization (Guide de l'optimisation de la main-d'\u0153uvre omnicanale). Recherche ind\u00e9pendante de ContactBabel sur le WFO, l'IA, l'analytique et la gestion de l'\u00e9puisement professionnel dans les centres de contact.","breadcrumb":{"@id":"https:\/\/www.calabrio.com\/fr\/the-2026-u-s-inner-circle-guide-to-omnichannel-wfo-calabrio\/#breadcrumb"},"inLanguage":"fr-FR","potentialAction":[{"@type":"ReadAction","target":["https:\/\/www.calabrio.com\/fr\/the-2026-u-s-inner-circle-guide-to-omnichannel-wfo-calabrio\/"]}]},{"@type":"ImageObject","inLanguage":"fr-FR","@id":"https:\/\/www.calabrio.com\/fr\/the-2026-u-s-inner-circle-guide-to-omnichannel-wfo-calabrio\/#primaryimage","url":"https:\/\/www.calabrio.com\/wp-content\/uploads\/2026\/02\/2.webp","contentUrl":"https:\/\/www.calabrio.com\/wp-content\/uploads\/2026\/02\/2.webp","width":1200,"height":627},{"@type":"BreadcrumbList","@id":"https:\/\/www.calabrio.com\/fr\/the-2026-u-s-inner-circle-guide-to-omnichannel-wfo-calabrio\/#breadcrumb","itemListElement":[{"@type":"ListItem","position":1,"name":"Home","item":"https:\/\/www.calabrio.com\/fr\/"},{"@type":"ListItem","position":2,"name":"The 2026 U.S. Inner Circle Guide to Omnichannel WFO | Calabrio"}]},{"@type":"WebSite","@id":"https:\/\/www.calabrio.com\/fr\/#website","url":"https:\/\/www.calabrio.com\/fr\/","name":"Calabrio","description":"Workforce Engagement Management Software","publisher":{"@id":"https:\/\/www.calabrio.com\/fr\/#organization"},"potentialAction":[{"@type":"SearchAction","target":{"@type":"EntryPoint","urlTemplate":"https:\/\/www.calabrio.com\/fr\/?s={search_term_string}"},"query-input":{"@type":"PropertyValueSpecification","valueRequired":true,"valueName":"search_term_string"}}],"inLanguage":"fr-FR"},{"@type":"Organization","@id":"https:\/\/www.calabrio.com\/fr\/#organization","name":"Calabrio","url":"https:\/\/www.calabrio.com\/fr\/","logo":{"@type":"ImageObject","inLanguage":"fr-FR","@id":"https:\/\/www.calabrio.com\/fr\/#\/schema\/logo\/image\/","url":"https:\/\/www.calabrio.com\/wp-content\/uploads\/2025\/01\/Group-1707478765.png","contentUrl":"https:\/\/www.calabrio.com\/wp-content\/uploads\/2025\/01\/Group-1707478765.png","width":1360,"height":984,"caption":"Calabrio"},"image":{"@id":"https:\/\/www.calabrio.com\/fr\/#\/schema\/logo\/image\/"},"sameAs":["https:\/\/www.facebook.com\/pages\/Calabrio\/312159772174664","https:\/\/x.com\/calabrio","https:\/\/www.linkedin.com\/company\/calabrio"]}]}},"featured_image_src":"https:\/\/www.calabrio.com\/wp-content\/uploads\/2026\/02\/2-600x400.webp","featured_image_src_square":"https:\/\/www.calabrio.com\/wp-content\/uploads\/2026\/02\/2-600x600.webp","_links":{"self":[{"href":"https:\/\/www.calabrio.com\/fr\/wp-json\/wp\/v2\/pages\/40560","targetHints":{"allow":["GET"]}}],"collection":[{"href":"https:\/\/www.calabrio.com\/fr\/wp-json\/wp\/v2\/pages"}],"about":[{"href":"https:\/\/www.calabrio.com\/fr\/wp-json\/wp\/v2\/types\/page"}],"author":[{"embeddable":true,"href":"https:\/\/www.calabrio.com\/fr\/wp-json\/wp\/v2\/users\/231"}],"replies":[{"embeddable":true,"href":"https:\/\/www.calabrio.com\/fr\/wp-json\/wp\/v2\/comments?post=40560"}],"version-history":[{"count":0,"href":"https:\/\/www.calabrio.com\/fr\/wp-json\/wp\/v2\/pages\/40560\/revisions"}],"wp:featuredmedia":[{"embeddable":true,"href":"https:\/\/www.calabrio.com\/fr\/wp-json\/wp\/v2\/media\/40552"}],"wp:attachment":[{"href":"https:\/\/www.calabrio.com\/fr\/wp-json\/wp\/v2\/media?parent=40560"}],"curies":[{"name":"wp","href":"https:\/\/api.w.org\/{rel}","templated":true}]}}